{"id":86206,"date":"2026-03-30T10:59:56","date_gmt":"2026-03-30T08:59:56","guid":{"rendered":"https:\/\/www.bizzotto.com\/?post_type=product&#038;p=86206"},"modified":"2026-03-30T11:12:24","modified_gmt":"2026-03-30T09:12:24","slug":"table-basse-zacatecas-brown-60x45-copia","status":"publish","type":"product","link":"https:\/\/www.bizzotto.com\/fr\/produits\/mobilier-interieur\/salon\/tables-basses\/table-basse-zacatecas-brown-60x45-copia","title":{"rendered":"TABLE BASSE ARON D32"},"content":{"rendered":"<p>PLATEAU EN BOIS D&#8217;ACACIA AVEC BORDS IRR\u00c9GULIERS (EFFET BOIS VIVANT). FINITION \u00c0 BASE DE POLYUR\u00c9THANE. PIEDS EN ACIER. EN S&#8217;AGISSANT D&#8217;UN PLATEAU FA\u00c7ONN\u00c9 \u00c0 LA MAIN, LES FORMES ET LES DIMENSIONS DU BOIS SONT PUREMENT INDICATIVES. TOUS LES PRODUITS SERONT DIFF\u00c9RENTS LES UNS DES AUTRES.<\/p>\n","protected":false},"excerpt":{"rendered":"<p>Table Basse Aron diam\u00e8tre 32 cm<\/p>\n","protected":false},"featured_media":86211,"comment_status":"open","ping_status":"closed","template":"","meta":{"_acf_changed":false},"codifica-stile":[],"divisione":[538],"novita":[],"stile":[],"product_brand":[61],"product_cat":[2172,2176,2183],"product_tag":[1753],"class_list":{"0":"post-86206","1":"product","2":"type-product","3":"status-publish","4":"has-post-thumbnail","6":"divisione-bizzotto-arredo-interno-fr","7":"product_brand-bizzotto","8":"product_cat-mobilier-interieur","9":"product_cat-salon","10":"product_cat-tables-basses","11":"product_tag-ai-ac-ex","14":"first","15":"instock","16":"shipping-taxable","17":"purchasable","18":"product-type-simple"},"acf":[],"yoast_head":"<!-- This site is optimized with the Yoast SEO plugin v26.6 - https:\/\/yoast.com\/wordpress\/plugins\/seo\/ -->\n<title>TABLE BASSE ARON D32 - Bizzotto<\/title>\n<meta name=\"robots\" content=\"index, follow, max-snippet:-1, max-image-preview:large, max-video-preview:-1\" \/>\n<link rel=\"canonical\" href=\"https:\/\/www.bizzotto.com\/fr\/produits\/mobilier-interieur\/salon\/tables-basses\/table-basse-zacatecas-brown-60x45-copia\" \/>\n<meta property=\"og:locale\" content=\"fr_FR\" \/>\n<meta property=\"og:type\" content=\"article\" \/>\n<meta property=\"og:title\" content=\"TABLE BASSE ARON D32 - Bizzotto\" \/>\n<meta property=\"og:description\" content=\"Table Basse Aron diam\u00e8tre 32 cm\" \/>\n<meta property=\"og:url\" content=\"https:\/\/www.bizzotto.com\/fr\/produits\/mobilier-interieur\/salon\/tables-basses\/table-basse-zacatecas-brown-60x45-copia\" \/>\n<meta property=\"og:site_name\" content=\"Bizzotto\" \/>\n<meta property=\"article:modified_time\" content=\"2026-03-30T09:12:24+00:00\" \/>\n<meta property=\"og:image\" content=\"https:\/\/www.bizzotto.com\/wp-content\/uploads\/2026\/03\/0745482-AM61.jpg\" \/>\n\t<meta property=\"og:image:width\" content=\"1107\" \/>\n\t<meta property=\"og:image:height\" content=\"1080\" \/>\n\t<meta property=\"og:image:type\" content=\"image\/jpeg\" \/>\n<meta name=\"twitter:card\" content=\"summary_large_image\" \/>\n<meta name=\"twitter:label1\" content=\"Dur\u00e9e de lecture estim\u00e9e\" \/>\n\t<meta name=\"twitter:data1\" content=\"1 minute\" \/>\n<script type=\"application\/ld+json\" class=\"yoast-schema-graph\">{\"@context\":\"https:\/\/schema.org\",\"@graph\":[{\"@type\":\"WebPage\",\"@id\":\"https:\/\/www.bizzotto.com\/fr\/produits\/mobilier-interieur\/salon\/tables-basses\/table-basse-zacatecas-brown-60x45-copia\",\"url\":\"https:\/\/www.bizzotto.com\/fr\/produits\/mobilier-interieur\/salon\/tables-basses\/table-basse-zacatecas-brown-60x45-copia\",\"name\":\"TABLE BASSE ARON D32 - Bizzotto\",\"isPartOf\":{\"@id\":\"https:\/\/www.bizzotto.com\/fr#website\"},\"primaryImageOfPage\":{\"@id\":\"https:\/\/www.bizzotto.com\/fr\/produits\/mobilier-interieur\/salon\/tables-basses\/table-basse-zacatecas-brown-60x45-copia#primaryimage\"},\"image\":{\"@id\":\"https:\/\/www.bizzotto.com\/fr\/produits\/mobilier-interieur\/salon\/tables-basses\/table-basse-zacatecas-brown-60x45-copia#primaryimage\"},\"thumbnailUrl\":\"https:\/\/www.bizzotto.com\/wp-content\/uploads\/2026\/03\/0745482-AM61.jpg\",\"datePublished\":\"2026-03-30T08:59:56+00:00\",\"dateModified\":\"2026-03-30T09:12:24+00:00\",\"breadcrumb\":{\"@id\":\"https:\/\/www.bizzotto.com\/fr\/produits\/mobilier-interieur\/salon\/tables-basses\/table-basse-zacatecas-brown-60x45-copia#breadcrumb\"},\"inLanguage\":\"fr-FR\",\"potentialAction\":[{\"@type\":\"ReadAction\",\"target\":[\"https:\/\/www.bizzotto.com\/fr\/produits\/mobilier-interieur\/salon\/tables-basses\/table-basse-zacatecas-brown-60x45-copia\"]}]},{\"@type\":\"ImageObject\",\"inLanguage\":\"fr-FR\",\"@id\":\"https:\/\/www.bizzotto.com\/fr\/produits\/mobilier-interieur\/salon\/tables-basses\/table-basse-zacatecas-brown-60x45-copia#primaryimage\",\"url\":\"https:\/\/www.bizzotto.com\/wp-content\/uploads\/2026\/03\/0745482-AM61.jpg\",\"contentUrl\":\"https:\/\/www.bizzotto.com\/wp-content\/uploads\/2026\/03\/0745482-AM61.jpg\",\"width\":1107,\"height\":1080,\"caption\":\"Gray interior with dresser and decor. 3d render illustration mockup.; Shutterstock ID 1849580218; purchase_order: -; job: -; client: -; other: -\"},{\"@type\":\"BreadcrumbList\",\"@id\":\"https:\/\/www.bizzotto.com\/fr\/produits\/mobilier-interieur\/salon\/tables-basses\/table-basse-zacatecas-brown-60x45-copia#breadcrumb\",\"itemListElement\":[{\"@type\":\"ListItem\",\"position\":1,\"name\":\"Home\",\"item\":\"https:\/\/www.bizzotto.com\/fr\"},{\"@type\":\"ListItem\",\"position\":2,\"name\":\"Boutique\",\"item\":\"https:\/\/www.bizzotto.com\/fr\/boutique\"},{\"@type\":\"ListItem\",\"position\":3,\"name\":\"Mobilier int\u00e9rieur\",\"item\":\"https:\/\/www.bizzotto.com\/fr\/categorie-de-produit\/mobilier-interieur\"},{\"@type\":\"ListItem\",\"position\":4,\"name\":\"Salon\",\"item\":\"https:\/\/www.bizzotto.com\/fr\/categorie-de-produit\/mobilier-interieur\/salon\"},{\"@type\":\"ListItem\",\"position\":5,\"name\":\"Tables basses\",\"item\":\"https:\/\/www.bizzotto.com\/fr\/categorie-de-produit\/mobilier-interieur\/salon\/tables-basses\"},{\"@type\":\"ListItem\",\"position\":6,\"name\":\"TABLE BASSE ARON D32\"}]},{\"@type\":\"WebSite\",\"@id\":\"https:\/\/www.bizzotto.com\/fr#website\",\"url\":\"https:\/\/www.bizzotto.com\/fr\",\"name\":\"Bizzotto\",\"description\":\"\",\"potentialAction\":[{\"@type\":\"SearchAction\",\"target\":{\"@type\":\"EntryPoint\",\"urlTemplate\":\"https:\/\/www.bizzotto.com\/fr?s={search_term_string}\"},\"query-input\":{\"@type\":\"PropertyValueSpecification\",\"valueRequired\":true,\"valueName\":\"search_term_string\"}}],\"inLanguage\":\"fr-FR\"}]}<\/script>\n<!-- \/ Yoast SEO plugin. -->","yoast_head_json":{"title":"TABLE BASSE ARON D32 - Bizzotto","robots":{"index":"index","follow":"follow","max-snippet":"max-snippet:-1","max-image-preview":"max-image-preview:large","max-video-preview":"max-video-preview:-1"},"canonical":"https:\/\/www.bizzotto.com\/fr\/produits\/mobilier-interieur\/salon\/tables-basses\/table-basse-zacatecas-brown-60x45-copia","og_locale":"fr_FR","og_type":"article","og_title":"TABLE BASSE ARON D32 - Bizzotto","og_description":"Table Basse Aron diam\u00e8tre 32 cm","og_url":"https:\/\/www.bizzotto.com\/fr\/produits\/mobilier-interieur\/salon\/tables-basses\/table-basse-zacatecas-brown-60x45-copia","og_site_name":"Bizzotto","article_modified_time":"2026-03-30T09:12:24+00:00","og_image":[{"width":1107,"height":1080,"url":"https:\/\/www.bizzotto.com\/wp-content\/uploads\/2026\/03\/0745482-AM61.jpg","type":"image\/jpeg"}],"twitter_card":"summary_large_image","twitter_misc":{"Dur\u00e9e de lecture estim\u00e9e":"1 minute"},"schema":{"@context":"https:\/\/schema.org","@graph":[{"@type":"WebPage","@id":"https:\/\/www.bizzotto.com\/fr\/produits\/mobilier-interieur\/salon\/tables-basses\/table-basse-zacatecas-brown-60x45-copia","url":"https:\/\/www.bizzotto.com\/fr\/produits\/mobilier-interieur\/salon\/tables-basses\/table-basse-zacatecas-brown-60x45-copia","name":"TABLE BASSE ARON D32 - Bizzotto","isPartOf":{"@id":"https:\/\/www.bizzotto.com\/fr#website"},"primaryImageOfPage":{"@id":"https:\/\/www.bizzotto.com\/fr\/produits\/mobilier-interieur\/salon\/tables-basses\/table-basse-zacatecas-brown-60x45-copia#primaryimage"},"image":{"@id":"https:\/\/www.bizzotto.com\/fr\/produits\/mobilier-interieur\/salon\/tables-basses\/table-basse-zacatecas-brown-60x45-copia#primaryimage"},"thumbnailUrl":"https:\/\/www.bizzotto.com\/wp-content\/uploads\/2026\/03\/0745482-AM61.jpg","datePublished":"2026-03-30T08:59:56+00:00","dateModified":"2026-03-30T09:12:24+00:00","breadcrumb":{"@id":"https:\/\/www.bizzotto.com\/fr\/produits\/mobilier-interieur\/salon\/tables-basses\/table-basse-zacatecas-brown-60x45-copia#breadcrumb"},"inLanguage":"fr-FR","potentialAction":[{"@type":"ReadAction","target":["https:\/\/www.bizzotto.com\/fr\/produits\/mobilier-interieur\/salon\/tables-basses\/table-basse-zacatecas-brown-60x45-copia"]}]},{"@type":"ImageObject","inLanguage":"fr-FR","@id":"https:\/\/www.bizzotto.com\/fr\/produits\/mobilier-interieur\/salon\/tables-basses\/table-basse-zacatecas-brown-60x45-copia#primaryimage","url":"https:\/\/www.bizzotto.com\/wp-content\/uploads\/2026\/03\/0745482-AM61.jpg","contentUrl":"https:\/\/www.bizzotto.com\/wp-content\/uploads\/2026\/03\/0745482-AM61.jpg","width":1107,"height":1080,"caption":"Gray interior with dresser and decor. 3d render illustration mockup.; Shutterstock ID 1849580218; purchase_order: -; job: -; client: -; other: -"},{"@type":"BreadcrumbList","@id":"https:\/\/www.bizzotto.com\/fr\/produits\/mobilier-interieur\/salon\/tables-basses\/table-basse-zacatecas-brown-60x45-copia#breadcrumb","itemListElement":[{"@type":"ListItem","position":1,"name":"Home","item":"https:\/\/www.bizzotto.com\/fr"},{"@type":"ListItem","position":2,"name":"Boutique","item":"https:\/\/www.bizzotto.com\/fr\/boutique"},{"@type":"ListItem","position":3,"name":"Mobilier int\u00e9rieur","item":"https:\/\/www.bizzotto.com\/fr\/categorie-de-produit\/mobilier-interieur"},{"@type":"ListItem","position":4,"name":"Salon","item":"https:\/\/www.bizzotto.com\/fr\/categorie-de-produit\/mobilier-interieur\/salon"},{"@type":"ListItem","position":5,"name":"Tables basses","item":"https:\/\/www.bizzotto.com\/fr\/categorie-de-produit\/mobilier-interieur\/salon\/tables-basses"},{"@type":"ListItem","position":6,"name":"TABLE BASSE ARON D32"}]},{"@type":"WebSite","@id":"https:\/\/www.bizzotto.com\/fr#website","url":"https:\/\/www.bizzotto.com\/fr","name":"Bizzotto","description":"","potentialAction":[{"@type":"SearchAction","target":{"@type":"EntryPoint","urlTemplate":"https:\/\/www.bizzotto.com\/fr?s={search_term_string}"},"query-input":{"@type":"PropertyValueSpecification","valueRequired":true,"valueName":"search_term_string"}}],"inLanguage":"fr-FR"}]}},"_links":{"self":[{"href":"https:\/\/www.bizzotto.com\/fr\/wp-json\/wp\/v2\/product\/86206","targetHints":{"allow":["GET"]}}],"collection":[{"href":"https:\/\/www.bizzotto.com\/fr\/wp-json\/wp\/v2\/product"}],"about":[{"href":"https:\/\/www.bizzotto.com\/fr\/wp-json\/wp\/v2\/types\/product"}],"replies":[{"embeddable":true,"href":"https:\/\/www.bizzotto.com\/fr\/wp-json\/wp\/v2\/comments?post=86206"}],"wp:featuredmedia":[{"embeddable":true,"href":"https:\/\/www.bizzotto.com\/fr\/wp-json\/wp\/v2\/media\/86211"}],"wp:attachment":[{"href":"https:\/\/www.bizzotto.com\/fr\/wp-json\/wp\/v2\/media?parent=86206"}],"wp:term":[{"taxonomy":"codifica-stile","embeddable":true,"href":"https:\/\/www.bizzotto.com\/fr\/wp-json\/wp\/v2\/codifica-stile?post=86206"},{"taxonomy":"divisione","embeddable":true,"href":"https:\/\/www.bizzotto.com\/fr\/wp-json\/wp\/v2\/divisione?post=86206"},{"taxonomy":"novita","embeddable":true,"href":"https:\/\/www.bizzotto.com\/fr\/wp-json\/wp\/v2\/novita?post=86206"},{"taxonomy":"stile","embeddable":true,"href":"https:\/\/www.bizzotto.com\/fr\/wp-json\/wp\/v2\/stile?post=86206"},{"taxonomy":"product_brand","embeddable":true,"href":"https:\/\/www.bizzotto.com\/fr\/wp-json\/wp\/v2\/product_brand?post=86206"},{"taxonomy":"product_cat","embeddable":true,"href":"https:\/\/www.bizzotto.com\/fr\/wp-json\/wp\/v2\/product_cat?post=86206"},{"taxonomy":"product_tag","embeddable":true,"href":"https:\/\/www.bizzotto.com\/fr\/wp-json\/wp\/v2\/product_tag?post=86206"}],"curies":[{"name":"wp","href":"https:\/\/api.w.org\/{rel}","templated":true}]}}