{"id":85983,"date":"2026-03-27T11:18:16","date_gmt":"2026-03-27T10:18:16","guid":{"rendered":"https:\/\/www.bizzotto.com\/?post_type=product&#038;p=85983"},"modified":"2026-04-09T08:54:19","modified_gmt":"2026-04-09T06:54:19","slug":"table-elswick-220x100","status":"publish","type":"product","link":"https:\/\/www.bizzotto.com\/fr\/produits\/mobilier-interieur\/salle-a-manger\/tables\/table-elswick-220x100","title":{"rendered":"TABLE ELSWICK 220X100"},"content":{"rendered":"<p>BOIS DE MANGUIER AVEC PEINTURE \u00c0 BASE D&#8217;EAU ET FINITION FINALE A BASE DE NITROCELLULOSE EFFET DE MATI\u00c8RE. BASE EN ACIER PEINT \u00c0 POUDRE \u00c9POXY. \u00c0 ASSEMBLER.<\/p>\n","protected":false},"excerpt":{"rendered":"<p>Table Elswick 220&#215;100 cm<\/p>\n","protected":false},"featured_media":85988,"comment_status":"open","ping_status":"closed","template":"","meta":{"_acf_changed":false},"codifica-stile":[],"divisione":[538],"novita":[494],"stile":[],"product_brand":[61],"product_cat":[2172,2184,2189],"product_tag":[1747],"class_list":{"0":"post-85983","1":"product","2":"type-product","3":"status-publish","4":"has-post-thumbnail","6":"divisione-bizzotto-arredo-interno-fr","7":"novita-new","8":"product_brand-bizzotto","9":"product_cat-mobilier-interieur","10":"product_cat-salle-a-manger","11":"product_cat-tables","12":"product_tag-ai-ac-ev","15":"first","16":"instock","17":"shipping-taxable","18":"purchasable","19":"product-type-simple"},"acf":[],"yoast_head":"<!-- This site is optimized with the Yoast SEO plugin v26.6 - https:\/\/yoast.com\/wordpress\/plugins\/seo\/ -->\n<title>TABLE ELSWICK 220X100 - Bizzotto<\/title>\n<meta name=\"robots\" content=\"index, follow, max-snippet:-1, max-image-preview:large, max-video-preview:-1\" \/>\n<link rel=\"canonical\" href=\"https:\/\/www.bizzotto.com\/fr\/produits\/mobilier-interieur\/salle-a-manger\/tables\/table-elswick-220x100\" \/>\n<meta property=\"og:locale\" content=\"fr_FR\" \/>\n<meta property=\"og:type\" content=\"article\" \/>\n<meta property=\"og:title\" content=\"TABLE ELSWICK 220X100 - Bizzotto\" \/>\n<meta property=\"og:description\" content=\"Table Elswick 220x100 cm\" \/>\n<meta property=\"og:url\" content=\"https:\/\/www.bizzotto.com\/fr\/produits\/mobilier-interieur\/salle-a-manger\/tables\/table-elswick-220x100\" \/>\n<meta property=\"og:site_name\" content=\"Bizzotto\" \/>\n<meta property=\"article:modified_time\" content=\"2026-04-09T06:54:19+00:00\" \/>\n<meta property=\"og:image\" content=\"https:\/\/www.bizzotto.com\/wp-content\/uploads\/2026\/03\/0747499-AM51.jpg\" \/>\n\t<meta property=\"og:image:width\" content=\"1620\" \/>\n\t<meta property=\"og:image:height\" content=\"1080\" \/>\n\t<meta property=\"og:image:type\" content=\"image\/jpeg\" \/>\n<meta name=\"twitter:card\" content=\"summary_large_image\" \/>\n<meta name=\"twitter:label1\" content=\"Dur\u00e9e de lecture estim\u00e9e\" \/>\n\t<meta name=\"twitter:data1\" content=\"1 minute\" \/>\n<script type=\"application\/ld+json\" class=\"yoast-schema-graph\">{\"@context\":\"https:\/\/schema.org\",\"@graph\":[{\"@type\":\"WebPage\",\"@id\":\"https:\/\/www.bizzotto.com\/fr\/produits\/mobilier-interieur\/salle-a-manger\/tables\/table-elswick-220x100\",\"url\":\"https:\/\/www.bizzotto.com\/fr\/produits\/mobilier-interieur\/salle-a-manger\/tables\/table-elswick-220x100\",\"name\":\"TABLE ELSWICK 220X100 - Bizzotto\",\"isPartOf\":{\"@id\":\"https:\/\/www.bizzotto.com\/fr#website\"},\"primaryImageOfPage\":{\"@id\":\"https:\/\/www.bizzotto.com\/fr\/produits\/mobilier-interieur\/salle-a-manger\/tables\/table-elswick-220x100#primaryimage\"},\"image\":{\"@id\":\"https:\/\/www.bizzotto.com\/fr\/produits\/mobilier-interieur\/salle-a-manger\/tables\/table-elswick-220x100#primaryimage\"},\"thumbnailUrl\":\"https:\/\/www.bizzotto.com\/wp-content\/uploads\/2026\/03\/0747499-AM51.jpg\",\"datePublished\":\"2026-03-27T10:18:16+00:00\",\"dateModified\":\"2026-04-09T06:54:19+00:00\",\"breadcrumb\":{\"@id\":\"https:\/\/www.bizzotto.com\/fr\/produits\/mobilier-interieur\/salle-a-manger\/tables\/table-elswick-220x100#breadcrumb\"},\"inLanguage\":\"fr-FR\",\"potentialAction\":[{\"@type\":\"ReadAction\",\"target\":[\"https:\/\/www.bizzotto.com\/fr\/produits\/mobilier-interieur\/salle-a-manger\/tables\/table-elswick-220x100\"]}]},{\"@type\":\"ImageObject\",\"inLanguage\":\"fr-FR\",\"@id\":\"https:\/\/www.bizzotto.com\/fr\/produits\/mobilier-interieur\/salle-a-manger\/tables\/table-elswick-220x100#primaryimage\",\"url\":\"https:\/\/www.bizzotto.com\/wp-content\/uploads\/2026\/03\/0747499-AM51.jpg\",\"contentUrl\":\"https:\/\/www.bizzotto.com\/wp-content\/uploads\/2026\/03\/0747499-AM51.jpg\",\"width\":1620,\"height\":1080},{\"@type\":\"BreadcrumbList\",\"@id\":\"https:\/\/www.bizzotto.com\/fr\/produits\/mobilier-interieur\/salle-a-manger\/tables\/table-elswick-220x100#breadcrumb\",\"itemListElement\":[{\"@type\":\"ListItem\",\"position\":1,\"name\":\"Home\",\"item\":\"https:\/\/www.bizzotto.com\/fr\"},{\"@type\":\"ListItem\",\"position\":2,\"name\":\"Boutique\",\"item\":\"https:\/\/www.bizzotto.com\/fr\/boutique\"},{\"@type\":\"ListItem\",\"position\":3,\"name\":\"Mobilier int\u00e9rieur\",\"item\":\"https:\/\/www.bizzotto.com\/fr\/categorie-de-produit\/mobilier-interieur\"},{\"@type\":\"ListItem\",\"position\":4,\"name\":\"Salle \u00e0 manger\",\"item\":\"https:\/\/www.bizzotto.com\/fr\/categorie-de-produit\/mobilier-interieur\/salle-a-manger\"},{\"@type\":\"ListItem\",\"position\":5,\"name\":\"Tables\",\"item\":\"https:\/\/www.bizzotto.com\/fr\/categorie-de-produit\/mobilier-interieur\/salle-a-manger\/tables\"},{\"@type\":\"ListItem\",\"position\":6,\"name\":\"TABLE ELSWICK 220X100\"}]},{\"@type\":\"WebSite\",\"@id\":\"https:\/\/www.bizzotto.com\/fr#website\",\"url\":\"https:\/\/www.bizzotto.com\/fr\",\"name\":\"Bizzotto\",\"description\":\"\",\"potentialAction\":[{\"@type\":\"SearchAction\",\"target\":{\"@type\":\"EntryPoint\",\"urlTemplate\":\"https:\/\/www.bizzotto.com\/fr?s={search_term_string}\"},\"query-input\":{\"@type\":\"PropertyValueSpecification\",\"valueRequired\":true,\"valueName\":\"search_term_string\"}}],\"inLanguage\":\"fr-FR\"}]}<\/script>\n<!-- \/ Yoast SEO plugin. -->","yoast_head_json":{"title":"TABLE ELSWICK 220X100 - Bizzotto","robots":{"index":"index","follow":"follow","max-snippet":"max-snippet:-1","max-image-preview":"max-image-preview:large","max-video-preview":"max-video-preview:-1"},"canonical":"https:\/\/www.bizzotto.com\/fr\/produits\/mobilier-interieur\/salle-a-manger\/tables\/table-elswick-220x100","og_locale":"fr_FR","og_type":"article","og_title":"TABLE ELSWICK 220X100 - Bizzotto","og_description":"Table Elswick 220x100 cm","og_url":"https:\/\/www.bizzotto.com\/fr\/produits\/mobilier-interieur\/salle-a-manger\/tables\/table-elswick-220x100","og_site_name":"Bizzotto","article_modified_time":"2026-04-09T06:54:19+00:00","og_image":[{"width":1620,"height":1080,"url":"https:\/\/www.bizzotto.com\/wp-content\/uploads\/2026\/03\/0747499-AM51.jpg","type":"image\/jpeg"}],"twitter_card":"summary_large_image","twitter_misc":{"Dur\u00e9e de lecture estim\u00e9e":"1 minute"},"schema":{"@context":"https:\/\/schema.org","@graph":[{"@type":"WebPage","@id":"https:\/\/www.bizzotto.com\/fr\/produits\/mobilier-interieur\/salle-a-manger\/tables\/table-elswick-220x100","url":"https:\/\/www.bizzotto.com\/fr\/produits\/mobilier-interieur\/salle-a-manger\/tables\/table-elswick-220x100","name":"TABLE ELSWICK 220X100 - Bizzotto","isPartOf":{"@id":"https:\/\/www.bizzotto.com\/fr#website"},"primaryImageOfPage":{"@id":"https:\/\/www.bizzotto.com\/fr\/produits\/mobilier-interieur\/salle-a-manger\/tables\/table-elswick-220x100#primaryimage"},"image":{"@id":"https:\/\/www.bizzotto.com\/fr\/produits\/mobilier-interieur\/salle-a-manger\/tables\/table-elswick-220x100#primaryimage"},"thumbnailUrl":"https:\/\/www.bizzotto.com\/wp-content\/uploads\/2026\/03\/0747499-AM51.jpg","datePublished":"2026-03-27T10:18:16+00:00","dateModified":"2026-04-09T06:54:19+00:00","breadcrumb":{"@id":"https:\/\/www.bizzotto.com\/fr\/produits\/mobilier-interieur\/salle-a-manger\/tables\/table-elswick-220x100#breadcrumb"},"inLanguage":"fr-FR","potentialAction":[{"@type":"ReadAction","target":["https:\/\/www.bizzotto.com\/fr\/produits\/mobilier-interieur\/salle-a-manger\/tables\/table-elswick-220x100"]}]},{"@type":"ImageObject","inLanguage":"fr-FR","@id":"https:\/\/www.bizzotto.com\/fr\/produits\/mobilier-interieur\/salle-a-manger\/tables\/table-elswick-220x100#primaryimage","url":"https:\/\/www.bizzotto.com\/wp-content\/uploads\/2026\/03\/0747499-AM51.jpg","contentUrl":"https:\/\/www.bizzotto.com\/wp-content\/uploads\/2026\/03\/0747499-AM51.jpg","width":1620,"height":1080},{"@type":"BreadcrumbList","@id":"https:\/\/www.bizzotto.com\/fr\/produits\/mobilier-interieur\/salle-a-manger\/tables\/table-elswick-220x100#breadcrumb","itemListElement":[{"@type":"ListItem","position":1,"name":"Home","item":"https:\/\/www.bizzotto.com\/fr"},{"@type":"ListItem","position":2,"name":"Boutique","item":"https:\/\/www.bizzotto.com\/fr\/boutique"},{"@type":"ListItem","position":3,"name":"Mobilier int\u00e9rieur","item":"https:\/\/www.bizzotto.com\/fr\/categorie-de-produit\/mobilier-interieur"},{"@type":"ListItem","position":4,"name":"Salle \u00e0 manger","item":"https:\/\/www.bizzotto.com\/fr\/categorie-de-produit\/mobilier-interieur\/salle-a-manger"},{"@type":"ListItem","position":5,"name":"Tables","item":"https:\/\/www.bizzotto.com\/fr\/categorie-de-produit\/mobilier-interieur\/salle-a-manger\/tables"},{"@type":"ListItem","position":6,"name":"TABLE ELSWICK 220X100"}]},{"@type":"WebSite","@id":"https:\/\/www.bizzotto.com\/fr#website","url":"https:\/\/www.bizzotto.com\/fr","name":"Bizzotto","description":"","potentialAction":[{"@type":"SearchAction","target":{"@type":"EntryPoint","urlTemplate":"https:\/\/www.bizzotto.com\/fr?s={search_term_string}"},"query-input":{"@type":"PropertyValueSpecification","valueRequired":true,"valueName":"search_term_string"}}],"inLanguage":"fr-FR"}]}},"_links":{"self":[{"href":"https:\/\/www.bizzotto.com\/fr\/wp-json\/wp\/v2\/product\/85983","targetHints":{"allow":["GET"]}}],"collection":[{"href":"https:\/\/www.bizzotto.com\/fr\/wp-json\/wp\/v2\/product"}],"about":[{"href":"https:\/\/www.bizzotto.com\/fr\/wp-json\/wp\/v2\/types\/product"}],"replies":[{"embeddable":true,"href":"https:\/\/www.bizzotto.com\/fr\/wp-json\/wp\/v2\/comments?post=85983"}],"wp:featuredmedia":[{"embeddable":true,"href":"https:\/\/www.bizzotto.com\/fr\/wp-json\/wp\/v2\/media\/85988"}],"wp:attachment":[{"href":"https:\/\/www.bizzotto.com\/fr\/wp-json\/wp\/v2\/media?parent=85983"}],"wp:term":[{"taxonomy":"codifica-stile","embeddable":true,"href":"https:\/\/www.bizzotto.com\/fr\/wp-json\/wp\/v2\/codifica-stile?post=85983"},{"taxonomy":"divisione","embeddable":true,"href":"https:\/\/www.bizzotto.com\/fr\/wp-json\/wp\/v2\/divisione?post=85983"},{"taxonomy":"novita","embeddable":true,"href":"https:\/\/www.bizzotto.com\/fr\/wp-json\/wp\/v2\/novita?post=85983"},{"taxonomy":"stile","embeddable":true,"href":"https:\/\/www.bizzotto.com\/fr\/wp-json\/wp\/v2\/stile?post=85983"},{"taxonomy":"product_brand","embeddable":true,"href":"https:\/\/www.bizzotto.com\/fr\/wp-json\/wp\/v2\/product_brand?post=85983"},{"taxonomy":"product_cat","embeddable":true,"href":"https:\/\/www.bizzotto.com\/fr\/wp-json\/wp\/v2\/product_cat?post=85983"},{"taxonomy":"product_tag","embeddable":true,"href":"https:\/\/www.bizzotto.com\/fr\/wp-json\/wp\/v2\/product_tag?post=85983"}],"curies":[{"name":"wp","href":"https:\/\/api.w.org\/{rel}","templated":true}]}}