{"id":85084,"date":"2026-03-19T12:16:57","date_gmt":"2026-03-19T11:16:57","guid":{"rendered":"https:\/\/www.bizzotto.com\/prodotti\/non%20class\u00e9\/bibliotheque-4niveaux-2-tiroirs-kenya"},"modified":"2026-03-30T09:37:42","modified_gmt":"2026-03-30T07:37:42","slug":"bibliotheque-4niveaux-2-tiroirs-kenya","status":"publish","type":"product","link":"https:\/\/www.bizzotto.com\/fr\/produits\/arredo-interno\/soggiorno\/librerie\/bibliotheque-4niveaux-2-tiroirs-kenya","title":{"rendered":"BIBLIOTH\u00c8QUE 4NIVEAUX-2 TIROIRS KENYA"},"content":{"rendered":"<p>\u00c9TAG\u00c8RES ET TIROIRS EN MDF REV\u00caTUS DE PAPIER M\u00c9LAMIN\u00c9 EFFET BOIS. C\u00d4T\u00c9S EN VERRE TREMP\u00c9 TRANSPARENT \u00c9PAISSEUR 12MM. CHARGE MAXIMALE \u00c9TAG\u00c8RE: 2KG. \u00c0 ASSEMBLER.<\/p>\n","protected":false},"excerpt":{"rendered":"<p>Biblioth\u00e8que Kenya 2 tiroirs e 4 \u00e9tag\u00e8res<\/p>\n","protected":false},"featured_media":85075,"comment_status":"open","ping_status":"closed","template":"","meta":{"_acf_changed":false},"codifica-stile":[458],"divisione":[538],"novita":[],"stile":[765],"product_brand":[61],"product_cat":[728,729,736],"product_tag":[1764],"class_list":{"0":"post-85084","1":"product","2":"type-product","3":"status-publish","4":"has-post-thumbnail","6":"codifica-stile-mo","7":"divisione-bizzotto-arredo-interno-fr","8":"stile-contemporaneo","9":"product_brand-bizzotto","10":"product_cat-arredo-interno","11":"product_cat-soggiorno","12":"product_cat-librerie","13":"product_tag-ai-am-cb","16":"first","17":"instock","18":"shipping-taxable","19":"purchasable","20":"product-type-simple"},"acf":[],"yoast_head":"<!-- This site is optimized with the Yoast SEO plugin v26.6 - https:\/\/yoast.com\/wordpress\/plugins\/seo\/ -->\n<title>BIBLIOTH\u00c8QUE 4NIVEAUX-2 TIROIRS KENYA - Bizzotto<\/title>\n<meta name=\"robots\" content=\"index, follow, max-snippet:-1, max-image-preview:large, max-video-preview:-1\" \/>\n<link rel=\"canonical\" href=\"https:\/\/www.bizzotto.com\/fr\/produits\/arredo-interno\/soggiorno\/librerie\/bibliotheque-4niveaux-2-tiroirs-kenya\" \/>\n<meta property=\"og:locale\" content=\"fr_FR\" \/>\n<meta property=\"og:type\" content=\"article\" \/>\n<meta property=\"og:title\" content=\"BIBLIOTH\u00c8QUE 4NIVEAUX-2 TIROIRS KENYA - Bizzotto\" \/>\n<meta property=\"og:description\" content=\"Biblioth\u00e8que Kenya 2 tiroirs e 4 \u00e9tag\u00e8res\" \/>\n<meta property=\"og:url\" content=\"https:\/\/www.bizzotto.com\/fr\/produits\/arredo-interno\/soggiorno\/librerie\/bibliotheque-4niveaux-2-tiroirs-kenya\" \/>\n<meta property=\"og:site_name\" content=\"Bizzotto\" \/>\n<meta property=\"article:modified_time\" content=\"2026-03-30T07:37:42+00:00\" \/>\n<meta property=\"og:image\" content=\"https:\/\/www.bizzotto.com\/wp-content\/uploads\/2026\/03\/5732011-PM2.jpg\" \/>\n\t<meta property=\"og:image:width\" content=\"720\" \/>\n\t<meta property=\"og:image:height\" content=\"1080\" \/>\n\t<meta property=\"og:image:type\" content=\"image\/jpeg\" \/>\n<meta name=\"twitter:card\" content=\"summary_large_image\" \/>\n<script type=\"application\/ld+json\" class=\"yoast-schema-graph\">{\"@context\":\"https:\/\/schema.org\",\"@graph\":[{\"@type\":\"WebPage\",\"@id\":\"https:\/\/www.bizzotto.com\/fr\/produits\/arredo-interno\/soggiorno\/librerie\/bibliotheque-4niveaux-2-tiroirs-kenya\",\"url\":\"https:\/\/www.bizzotto.com\/fr\/produits\/arredo-interno\/soggiorno\/librerie\/bibliotheque-4niveaux-2-tiroirs-kenya\",\"name\":\"BIBLIOTH\u00c8QUE 4NIVEAUX-2 TIROIRS KENYA - Bizzotto\",\"isPartOf\":{\"@id\":\"https:\/\/www.bizzotto.com\/fr#website\"},\"primaryImageOfPage\":{\"@id\":\"https:\/\/www.bizzotto.com\/fr\/produits\/arredo-interno\/soggiorno\/librerie\/bibliotheque-4niveaux-2-tiroirs-kenya#primaryimage\"},\"image\":{\"@id\":\"https:\/\/www.bizzotto.com\/fr\/produits\/arredo-interno\/soggiorno\/librerie\/bibliotheque-4niveaux-2-tiroirs-kenya#primaryimage\"},\"thumbnailUrl\":\"https:\/\/www.bizzotto.com\/wp-content\/uploads\/2026\/03\/5732011-PM2.jpg\",\"datePublished\":\"2026-03-19T11:16:57+00:00\",\"dateModified\":\"2026-03-30T07:37:42+00:00\",\"breadcrumb\":{\"@id\":\"https:\/\/www.bizzotto.com\/fr\/produits\/arredo-interno\/soggiorno\/librerie\/bibliotheque-4niveaux-2-tiroirs-kenya#breadcrumb\"},\"inLanguage\":\"fr-FR\",\"potentialAction\":[{\"@type\":\"ReadAction\",\"target\":[\"https:\/\/www.bizzotto.com\/fr\/produits\/arredo-interno\/soggiorno\/librerie\/bibliotheque-4niveaux-2-tiroirs-kenya\"]}]},{\"@type\":\"ImageObject\",\"inLanguage\":\"fr-FR\",\"@id\":\"https:\/\/www.bizzotto.com\/fr\/produits\/arredo-interno\/soggiorno\/librerie\/bibliotheque-4niveaux-2-tiroirs-kenya#primaryimage\",\"url\":\"https:\/\/www.bizzotto.com\/wp-content\/uploads\/2026\/03\/5732011-PM2.jpg\",\"contentUrl\":\"https:\/\/www.bizzotto.com\/wp-content\/uploads\/2026\/03\/5732011-PM2.jpg\",\"width\":720,\"height\":1080,\"caption\":\"Libreria kenya 2 cassetti e 4 ripiani\"},{\"@type\":\"BreadcrumbList\",\"@id\":\"https:\/\/www.bizzotto.com\/fr\/produits\/arredo-interno\/soggiorno\/librerie\/bibliotheque-4niveaux-2-tiroirs-kenya#breadcrumb\",\"itemListElement\":[{\"@type\":\"ListItem\",\"position\":1,\"name\":\"Home\",\"item\":\"https:\/\/www.bizzotto.com\/fr\"},{\"@type\":\"ListItem\",\"position\":2,\"name\":\"Boutique\",\"item\":\"https:\/\/www.bizzotto.com\/fr\/boutique\"},{\"@type\":\"ListItem\",\"position\":3,\"name\":\"Mobilier int\u00e9rieur\",\"item\":\"https:\/\/www.bizzotto.com\/fr\/categorie-de-produit\/mobilier-interieur\"},{\"@type\":\"ListItem\",\"position\":4,\"name\":\"Salon\",\"item\":\"https:\/\/www.bizzotto.com\/fr\/categorie-de-produit\/mobilier-interieur\/salon\"},{\"@type\":\"ListItem\",\"position\":5,\"name\":\"Biblioth\u00e8ques\",\"item\":\"https:\/\/www.bizzotto.com\/fr\/categorie-de-produit\/mobilier-interieur\/salon\/bibliotheques\"},{\"@type\":\"ListItem\",\"position\":6,\"name\":\"BIBLIOTH\u00c8QUE 4NIVEAUX-2 TIROIRS KENYA\"}]},{\"@type\":\"WebSite\",\"@id\":\"https:\/\/www.bizzotto.com\/fr#website\",\"url\":\"https:\/\/www.bizzotto.com\/fr\",\"name\":\"Bizzotto\",\"description\":\"\",\"potentialAction\":[{\"@type\":\"SearchAction\",\"target\":{\"@type\":\"EntryPoint\",\"urlTemplate\":\"https:\/\/www.bizzotto.com\/fr?s={search_term_string}\"},\"query-input\":{\"@type\":\"PropertyValueSpecification\",\"valueRequired\":true,\"valueName\":\"search_term_string\"}}],\"inLanguage\":\"fr-FR\"}]}<\/script>\n<!-- \/ Yoast SEO plugin. -->","yoast_head_json":{"title":"BIBLIOTH\u00c8QUE 4NIVEAUX-2 TIROIRS KENYA - Bizzotto","robots":{"index":"index","follow":"follow","max-snippet":"max-snippet:-1","max-image-preview":"max-image-preview:large","max-video-preview":"max-video-preview:-1"},"canonical":"https:\/\/www.bizzotto.com\/fr\/produits\/arredo-interno\/soggiorno\/librerie\/bibliotheque-4niveaux-2-tiroirs-kenya","og_locale":"fr_FR","og_type":"article","og_title":"BIBLIOTH\u00c8QUE 4NIVEAUX-2 TIROIRS KENYA - Bizzotto","og_description":"Biblioth\u00e8que Kenya 2 tiroirs e 4 \u00e9tag\u00e8res","og_url":"https:\/\/www.bizzotto.com\/fr\/produits\/arredo-interno\/soggiorno\/librerie\/bibliotheque-4niveaux-2-tiroirs-kenya","og_site_name":"Bizzotto","article_modified_time":"2026-03-30T07:37:42+00:00","og_image":[{"width":720,"height":1080,"url":"https:\/\/www.bizzotto.com\/wp-content\/uploads\/2026\/03\/5732011-PM2.jpg","type":"image\/jpeg"}],"twitter_card":"summary_large_image","schema":{"@context":"https:\/\/schema.org","@graph":[{"@type":"WebPage","@id":"https:\/\/www.bizzotto.com\/fr\/produits\/arredo-interno\/soggiorno\/librerie\/bibliotheque-4niveaux-2-tiroirs-kenya","url":"https:\/\/www.bizzotto.com\/fr\/produits\/arredo-interno\/soggiorno\/librerie\/bibliotheque-4niveaux-2-tiroirs-kenya","name":"BIBLIOTH\u00c8QUE 4NIVEAUX-2 TIROIRS KENYA - Bizzotto","isPartOf":{"@id":"https:\/\/www.bizzotto.com\/fr#website"},"primaryImageOfPage":{"@id":"https:\/\/www.bizzotto.com\/fr\/produits\/arredo-interno\/soggiorno\/librerie\/bibliotheque-4niveaux-2-tiroirs-kenya#primaryimage"},"image":{"@id":"https:\/\/www.bizzotto.com\/fr\/produits\/arredo-interno\/soggiorno\/librerie\/bibliotheque-4niveaux-2-tiroirs-kenya#primaryimage"},"thumbnailUrl":"https:\/\/www.bizzotto.com\/wp-content\/uploads\/2026\/03\/5732011-PM2.jpg","datePublished":"2026-03-19T11:16:57+00:00","dateModified":"2026-03-30T07:37:42+00:00","breadcrumb":{"@id":"https:\/\/www.bizzotto.com\/fr\/produits\/arredo-interno\/soggiorno\/librerie\/bibliotheque-4niveaux-2-tiroirs-kenya#breadcrumb"},"inLanguage":"fr-FR","potentialAction":[{"@type":"ReadAction","target":["https:\/\/www.bizzotto.com\/fr\/produits\/arredo-interno\/soggiorno\/librerie\/bibliotheque-4niveaux-2-tiroirs-kenya"]}]},{"@type":"ImageObject","inLanguage":"fr-FR","@id":"https:\/\/www.bizzotto.com\/fr\/produits\/arredo-interno\/soggiorno\/librerie\/bibliotheque-4niveaux-2-tiroirs-kenya#primaryimage","url":"https:\/\/www.bizzotto.com\/wp-content\/uploads\/2026\/03\/5732011-PM2.jpg","contentUrl":"https:\/\/www.bizzotto.com\/wp-content\/uploads\/2026\/03\/5732011-PM2.jpg","width":720,"height":1080,"caption":"Libreria kenya 2 cassetti e 4 ripiani"},{"@type":"BreadcrumbList","@id":"https:\/\/www.bizzotto.com\/fr\/produits\/arredo-interno\/soggiorno\/librerie\/bibliotheque-4niveaux-2-tiroirs-kenya#breadcrumb","itemListElement":[{"@type":"ListItem","position":1,"name":"Home","item":"https:\/\/www.bizzotto.com\/fr"},{"@type":"ListItem","position":2,"name":"Boutique","item":"https:\/\/www.bizzotto.com\/fr\/boutique"},{"@type":"ListItem","position":3,"name":"Mobilier int\u00e9rieur","item":"https:\/\/www.bizzotto.com\/fr\/categorie-de-produit\/mobilier-interieur"},{"@type":"ListItem","position":4,"name":"Salon","item":"https:\/\/www.bizzotto.com\/fr\/categorie-de-produit\/mobilier-interieur\/salon"},{"@type":"ListItem","position":5,"name":"Biblioth\u00e8ques","item":"https:\/\/www.bizzotto.com\/fr\/categorie-de-produit\/mobilier-interieur\/salon\/bibliotheques"},{"@type":"ListItem","position":6,"name":"BIBLIOTH\u00c8QUE 4NIVEAUX-2 TIROIRS KENYA"}]},{"@type":"WebSite","@id":"https:\/\/www.bizzotto.com\/fr#website","url":"https:\/\/www.bizzotto.com\/fr","name":"Bizzotto","description":"","potentialAction":[{"@type":"SearchAction","target":{"@type":"EntryPoint","urlTemplate":"https:\/\/www.bizzotto.com\/fr?s={search_term_string}"},"query-input":{"@type":"PropertyValueSpecification","valueRequired":true,"valueName":"search_term_string"}}],"inLanguage":"fr-FR"}]}},"_links":{"self":[{"href":"https:\/\/www.bizzotto.com\/fr\/wp-json\/wp\/v2\/product\/85084","targetHints":{"allow":["GET"]}}],"collection":[{"href":"https:\/\/www.bizzotto.com\/fr\/wp-json\/wp\/v2\/product"}],"about":[{"href":"https:\/\/www.bizzotto.com\/fr\/wp-json\/wp\/v2\/types\/product"}],"replies":[{"embeddable":true,"href":"https:\/\/www.bizzotto.com\/fr\/wp-json\/wp\/v2\/comments?post=85084"}],"wp:featuredmedia":[{"embeddable":true,"href":"https:\/\/www.bizzotto.com\/fr\/wp-json\/wp\/v2\/media\/85075"}],"wp:attachment":[{"href":"https:\/\/www.bizzotto.com\/fr\/wp-json\/wp\/v2\/media?parent=85084"}],"wp:term":[{"taxonomy":"codifica-stile","embeddable":true,"href":"https:\/\/www.bizzotto.com\/fr\/wp-json\/wp\/v2\/codifica-stile?post=85084"},{"taxonomy":"divisione","embeddable":true,"href":"https:\/\/www.bizzotto.com\/fr\/wp-json\/wp\/v2\/divisione?post=85084"},{"taxonomy":"novita","embeddable":true,"href":"https:\/\/www.bizzotto.com\/fr\/wp-json\/wp\/v2\/novita?post=85084"},{"taxonomy":"stile","embeddable":true,"href":"https:\/\/www.bizzotto.com\/fr\/wp-json\/wp\/v2\/stile?post=85084"},{"taxonomy":"product_brand","embeddable":true,"href":"https:\/\/www.bizzotto.com\/fr\/wp-json\/wp\/v2\/product_brand?post=85084"},{"taxonomy":"product_cat","embeddable":true,"href":"https:\/\/www.bizzotto.com\/fr\/wp-json\/wp\/v2\/product_cat?post=85084"},{"taxonomy":"product_tag","embeddable":true,"href":"https:\/\/www.bizzotto.com\/fr\/wp-json\/wp\/v2\/product_tag?post=85084"}],"curies":[{"name":"wp","href":"https:\/\/api.w.org\/{rel}","templated":true}]}}