{"id":84219,"date":"2026-03-19T12:12:14","date_gmt":"2026-03-19T11:12:14","guid":{"rendered":"https:\/\/www.bizzotto.com\/prodotti\/non%20class\u00e9\/abat-jour-irele-bei-kit-elect-sep-h40"},"modified":"2026-03-30T09:39:42","modified_gmt":"2026-03-30T07:39:42","slug":"abat-jour-irele-bei-kit-elect-sep-h40","status":"publish","type":"product","link":"https:\/\/www.bizzotto.com\/fr\/produits\/decorazione-tessili-illuminazione\/illuminazione\/lampade-da-tavolo\/abat-jour-irele-bei-kit-elect-sep-h40","title":{"rendered":"ABAT-JOUR IRELE BEI KIT ELECT S\u00c9P H40"},"content":{"rendered":"<p>ABAT-JOUR POUR SUSPENSION EN ROTIN ET M\u00c9TAL. KIT \u00c9LECTRIQUE INCLUS. PRODUIT FAIT \u00c0 LA MAIN. TOUTE VARIATION DE COULEUR, TEINTE OU IMPERFECTIONS SONT \u00c0 CONSID\u00c9RER COMME UNE CARACT\u00c9RISTIQUE D\u2019UNICITE. AMPOULE NON INCLUSE.<\/p>\n","protected":false},"excerpt":{"rendered":"<p>Lampe Irele beige 40 cm<\/p>\n","protected":false},"featured_media":84193,"comment_status":"open","ping_status":"closed","template":"","meta":{"_acf_changed":false},"codifica-stile":[459],"divisione":[2426],"novita":[],"stile":[766],"product_brand":[61],"product_cat":[746,749,764],"product_tag":[1787],"class_list":{"0":"post-84219","1":"product","2":"type-product","3":"status-publish","4":"has-post-thumbnail","6":"codifica-stile-es","7":"divisione-bizzotto-decorazione-fr","8":"stile-naturale","9":"product_brand-bizzotto","10":"product_cat-decorazione-tessili-illuminazione","11":"product_cat-illuminazione","12":"product_cat-lampade-da-tavolo","13":"product_tag-lu-li-kg","16":"first","17":"instock","18":"shipping-taxable","19":"purchasable","20":"product-type-simple"},"acf":[],"yoast_head":"<!-- This site is optimized with the Yoast SEO plugin v26.6 - https:\/\/yoast.com\/wordpress\/plugins\/seo\/ -->\n<title>ABAT-JOUR IRELE BEI KIT ELECT S\u00c9P H40 - Bizzotto<\/title>\n<meta name=\"robots\" content=\"index, follow, max-snippet:-1, max-image-preview:large, max-video-preview:-1\" \/>\n<link rel=\"canonical\" href=\"https:\/\/www.bizzotto.com\/fr\/produits\/decorazione-tessili-illuminazione\/illuminazione\/lampade-da-tavolo\/abat-jour-irele-bei-kit-elect-sep-h40\" \/>\n<meta property=\"og:locale\" content=\"fr_FR\" \/>\n<meta property=\"og:type\" content=\"article\" \/>\n<meta property=\"og:title\" content=\"ABAT-JOUR IRELE BEI KIT ELECT S\u00c9P H40 - Bizzotto\" \/>\n<meta property=\"og:description\" content=\"Lampe Irele beige 40 cm\" \/>\n<meta property=\"og:url\" content=\"https:\/\/www.bizzotto.com\/fr\/produits\/decorazione-tessili-illuminazione\/illuminazione\/lampade-da-tavolo\/abat-jour-irele-bei-kit-elect-sep-h40\" \/>\n<meta property=\"og:site_name\" content=\"Bizzotto\" \/>\n<meta property=\"article:modified_time\" content=\"2026-03-30T07:39:42+00:00\" \/>\n<meta property=\"og:image\" content=\"https:\/\/www.bizzotto.com\/wp-content\/uploads\/2026\/03\/0828236.jpg\" \/>\n\t<meta property=\"og:image:width\" content=\"1073\" \/>\n\t<meta property=\"og:image:height\" content=\"1080\" \/>\n\t<meta property=\"og:image:type\" content=\"image\/jpeg\" \/>\n<meta name=\"twitter:card\" content=\"summary_large_image\" \/>\n<script type=\"application\/ld+json\" class=\"yoast-schema-graph\">{\"@context\":\"https:\/\/schema.org\",\"@graph\":[{\"@type\":\"WebPage\",\"@id\":\"https:\/\/www.bizzotto.com\/fr\/produits\/decorazione-tessili-illuminazione\/illuminazione\/lampade-da-tavolo\/abat-jour-irele-bei-kit-elect-sep-h40\",\"url\":\"https:\/\/www.bizzotto.com\/fr\/produits\/decorazione-tessili-illuminazione\/illuminazione\/lampade-da-tavolo\/abat-jour-irele-bei-kit-elect-sep-h40\",\"name\":\"ABAT-JOUR IRELE BEI KIT ELECT S\u00c9P H40 - Bizzotto\",\"isPartOf\":{\"@id\":\"https:\/\/www.bizzotto.com\/fr#website\"},\"primaryImageOfPage\":{\"@id\":\"https:\/\/www.bizzotto.com\/fr\/produits\/decorazione-tessili-illuminazione\/illuminazione\/lampade-da-tavolo\/abat-jour-irele-bei-kit-elect-sep-h40#primaryimage\"},\"image\":{\"@id\":\"https:\/\/www.bizzotto.com\/fr\/produits\/decorazione-tessili-illuminazione\/illuminazione\/lampade-da-tavolo\/abat-jour-irele-bei-kit-elect-sep-h40#primaryimage\"},\"thumbnailUrl\":\"https:\/\/www.bizzotto.com\/wp-content\/uploads\/2026\/03\/0828236.jpg\",\"datePublished\":\"2026-03-19T11:12:14+00:00\",\"dateModified\":\"2026-03-30T07:39:42+00:00\",\"breadcrumb\":{\"@id\":\"https:\/\/www.bizzotto.com\/fr\/produits\/decorazione-tessili-illuminazione\/illuminazione\/lampade-da-tavolo\/abat-jour-irele-bei-kit-elect-sep-h40#breadcrumb\"},\"inLanguage\":\"fr-FR\",\"potentialAction\":[{\"@type\":\"ReadAction\",\"target\":[\"https:\/\/www.bizzotto.com\/fr\/produits\/decorazione-tessili-illuminazione\/illuminazione\/lampade-da-tavolo\/abat-jour-irele-bei-kit-elect-sep-h40\"]}]},{\"@type\":\"ImageObject\",\"inLanguage\":\"fr-FR\",\"@id\":\"https:\/\/www.bizzotto.com\/fr\/produits\/decorazione-tessili-illuminazione\/illuminazione\/lampade-da-tavolo\/abat-jour-irele-bei-kit-elect-sep-h40#primaryimage\",\"url\":\"https:\/\/www.bizzotto.com\/wp-content\/uploads\/2026\/03\/0828236.jpg\",\"contentUrl\":\"https:\/\/www.bizzotto.com\/wp-content\/uploads\/2026\/03\/0828236.jpg\",\"width\":1073,\"height\":1080},{\"@type\":\"BreadcrumbList\",\"@id\":\"https:\/\/www.bizzotto.com\/fr\/produits\/decorazione-tessili-illuminazione\/illuminazione\/lampade-da-tavolo\/abat-jour-irele-bei-kit-elect-sep-h40#breadcrumb\",\"itemListElement\":[{\"@type\":\"ListItem\",\"position\":1,\"name\":\"Home\",\"item\":\"https:\/\/www.bizzotto.com\/fr\"},{\"@type\":\"ListItem\",\"position\":2,\"name\":\"Boutique\",\"item\":\"https:\/\/www.bizzotto.com\/fr\/boutique\"},{\"@type\":\"ListItem\",\"position\":3,\"name\":\"D\u00e9coration, textiles &amp; \u00e9clairage\",\"item\":\"https:\/\/www.bizzotto.com\/fr\/categorie-de-produit\/decoration-textiles-eclairage\"},{\"@type\":\"ListItem\",\"position\":4,\"name\":\"\u00c9clairage\",\"item\":\"https:\/\/www.bizzotto.com\/fr\/categorie-de-produit\/decoration-textiles-eclairage\/eclairage\"},{\"@type\":\"ListItem\",\"position\":5,\"name\":\"Lampes de table\",\"item\":\"https:\/\/www.bizzotto.com\/fr\/categorie-de-produit\/decoration-textiles-eclairage\/eclairage\/lampes-de-table\"},{\"@type\":\"ListItem\",\"position\":6,\"name\":\"ABAT-JOUR IRELE BEI KIT ELECT S\u00c9P H40\"}]},{\"@type\":\"WebSite\",\"@id\":\"https:\/\/www.bizzotto.com\/fr#website\",\"url\":\"https:\/\/www.bizzotto.com\/fr\",\"name\":\"Bizzotto\",\"description\":\"\",\"potentialAction\":[{\"@type\":\"SearchAction\",\"target\":{\"@type\":\"EntryPoint\",\"urlTemplate\":\"https:\/\/www.bizzotto.com\/fr?s={search_term_string}\"},\"query-input\":{\"@type\":\"PropertyValueSpecification\",\"valueRequired\":true,\"valueName\":\"search_term_string\"}}],\"inLanguage\":\"fr-FR\"}]}<\/script>\n<!-- \/ Yoast SEO plugin. -->","yoast_head_json":{"title":"ABAT-JOUR IRELE BEI KIT ELECT S\u00c9P H40 - Bizzotto","robots":{"index":"index","follow":"follow","max-snippet":"max-snippet:-1","max-image-preview":"max-image-preview:large","max-video-preview":"max-video-preview:-1"},"canonical":"https:\/\/www.bizzotto.com\/fr\/produits\/decorazione-tessili-illuminazione\/illuminazione\/lampade-da-tavolo\/abat-jour-irele-bei-kit-elect-sep-h40","og_locale":"fr_FR","og_type":"article","og_title":"ABAT-JOUR IRELE BEI KIT ELECT S\u00c9P H40 - Bizzotto","og_description":"Lampe Irele beige 40 cm","og_url":"https:\/\/www.bizzotto.com\/fr\/produits\/decorazione-tessili-illuminazione\/illuminazione\/lampade-da-tavolo\/abat-jour-irele-bei-kit-elect-sep-h40","og_site_name":"Bizzotto","article_modified_time":"2026-03-30T07:39:42+00:00","og_image":[{"width":1073,"height":1080,"url":"https:\/\/www.bizzotto.com\/wp-content\/uploads\/2026\/03\/0828236.jpg","type":"image\/jpeg"}],"twitter_card":"summary_large_image","schema":{"@context":"https:\/\/schema.org","@graph":[{"@type":"WebPage","@id":"https:\/\/www.bizzotto.com\/fr\/produits\/decorazione-tessili-illuminazione\/illuminazione\/lampade-da-tavolo\/abat-jour-irele-bei-kit-elect-sep-h40","url":"https:\/\/www.bizzotto.com\/fr\/produits\/decorazione-tessili-illuminazione\/illuminazione\/lampade-da-tavolo\/abat-jour-irele-bei-kit-elect-sep-h40","name":"ABAT-JOUR IRELE BEI KIT ELECT S\u00c9P H40 - Bizzotto","isPartOf":{"@id":"https:\/\/www.bizzotto.com\/fr#website"},"primaryImageOfPage":{"@id":"https:\/\/www.bizzotto.com\/fr\/produits\/decorazione-tessili-illuminazione\/illuminazione\/lampade-da-tavolo\/abat-jour-irele-bei-kit-elect-sep-h40#primaryimage"},"image":{"@id":"https:\/\/www.bizzotto.com\/fr\/produits\/decorazione-tessili-illuminazione\/illuminazione\/lampade-da-tavolo\/abat-jour-irele-bei-kit-elect-sep-h40#primaryimage"},"thumbnailUrl":"https:\/\/www.bizzotto.com\/wp-content\/uploads\/2026\/03\/0828236.jpg","datePublished":"2026-03-19T11:12:14+00:00","dateModified":"2026-03-30T07:39:42+00:00","breadcrumb":{"@id":"https:\/\/www.bizzotto.com\/fr\/produits\/decorazione-tessili-illuminazione\/illuminazione\/lampade-da-tavolo\/abat-jour-irele-bei-kit-elect-sep-h40#breadcrumb"},"inLanguage":"fr-FR","potentialAction":[{"@type":"ReadAction","target":["https:\/\/www.bizzotto.com\/fr\/produits\/decorazione-tessili-illuminazione\/illuminazione\/lampade-da-tavolo\/abat-jour-irele-bei-kit-elect-sep-h40"]}]},{"@type":"ImageObject","inLanguage":"fr-FR","@id":"https:\/\/www.bizzotto.com\/fr\/produits\/decorazione-tessili-illuminazione\/illuminazione\/lampade-da-tavolo\/abat-jour-irele-bei-kit-elect-sep-h40#primaryimage","url":"https:\/\/www.bizzotto.com\/wp-content\/uploads\/2026\/03\/0828236.jpg","contentUrl":"https:\/\/www.bizzotto.com\/wp-content\/uploads\/2026\/03\/0828236.jpg","width":1073,"height":1080},{"@type":"BreadcrumbList","@id":"https:\/\/www.bizzotto.com\/fr\/produits\/decorazione-tessili-illuminazione\/illuminazione\/lampade-da-tavolo\/abat-jour-irele-bei-kit-elect-sep-h40#breadcrumb","itemListElement":[{"@type":"ListItem","position":1,"name":"Home","item":"https:\/\/www.bizzotto.com\/fr"},{"@type":"ListItem","position":2,"name":"Boutique","item":"https:\/\/www.bizzotto.com\/fr\/boutique"},{"@type":"ListItem","position":3,"name":"D\u00e9coration, textiles &amp; \u00e9clairage","item":"https:\/\/www.bizzotto.com\/fr\/categorie-de-produit\/decoration-textiles-eclairage"},{"@type":"ListItem","position":4,"name":"\u00c9clairage","item":"https:\/\/www.bizzotto.com\/fr\/categorie-de-produit\/decoration-textiles-eclairage\/eclairage"},{"@type":"ListItem","position":5,"name":"Lampes de table","item":"https:\/\/www.bizzotto.com\/fr\/categorie-de-produit\/decoration-textiles-eclairage\/eclairage\/lampes-de-table"},{"@type":"ListItem","position":6,"name":"ABAT-JOUR IRELE BEI KIT ELECT S\u00c9P H40"}]},{"@type":"WebSite","@id":"https:\/\/www.bizzotto.com\/fr#website","url":"https:\/\/www.bizzotto.com\/fr","name":"Bizzotto","description":"","potentialAction":[{"@type":"SearchAction","target":{"@type":"EntryPoint","urlTemplate":"https:\/\/www.bizzotto.com\/fr?s={search_term_string}"},"query-input":{"@type":"PropertyValueSpecification","valueRequired":true,"valueName":"search_term_string"}}],"inLanguage":"fr-FR"}]}},"_links":{"self":[{"href":"https:\/\/www.bizzotto.com\/fr\/wp-json\/wp\/v2\/product\/84219","targetHints":{"allow":["GET"]}}],"collection":[{"href":"https:\/\/www.bizzotto.com\/fr\/wp-json\/wp\/v2\/product"}],"about":[{"href":"https:\/\/www.bizzotto.com\/fr\/wp-json\/wp\/v2\/types\/product"}],"replies":[{"embeddable":true,"href":"https:\/\/www.bizzotto.com\/fr\/wp-json\/wp\/v2\/comments?post=84219"}],"wp:featuredmedia":[{"embeddable":true,"href":"https:\/\/www.bizzotto.com\/fr\/wp-json\/wp\/v2\/media\/84193"}],"wp:attachment":[{"href":"https:\/\/www.bizzotto.com\/fr\/wp-json\/wp\/v2\/media?parent=84219"}],"wp:term":[{"taxonomy":"codifica-stile","embeddable":true,"href":"https:\/\/www.bizzotto.com\/fr\/wp-json\/wp\/v2\/codifica-stile?post=84219"},{"taxonomy":"divisione","embeddable":true,"href":"https:\/\/www.bizzotto.com\/fr\/wp-json\/wp\/v2\/divisione?post=84219"},{"taxonomy":"novita","embeddable":true,"href":"https:\/\/www.bizzotto.com\/fr\/wp-json\/wp\/v2\/novita?post=84219"},{"taxonomy":"stile","embeddable":true,"href":"https:\/\/www.bizzotto.com\/fr\/wp-json\/wp\/v2\/stile?post=84219"},{"taxonomy":"product_brand","embeddable":true,"href":"https:\/\/www.bizzotto.com\/fr\/wp-json\/wp\/v2\/product_brand?post=84219"},{"taxonomy":"product_cat","embeddable":true,"href":"https:\/\/www.bizzotto.com\/fr\/wp-json\/wp\/v2\/product_cat?post=84219"},{"taxonomy":"product_tag","embeddable":true,"href":"https:\/\/www.bizzotto.com\/fr\/wp-json\/wp\/v2\/product_tag?post=84219"}],"curies":[{"name":"wp","href":"https:\/\/api.w.org\/{rel}","templated":true}]}}