{"id":81454,"date":"2026-03-19T11:55:30","date_gmt":"2026-03-19T10:55:30","guid":{"rendered":"https:\/\/www.bizzotto.com\/prodotti\/non%20class\u00e9\/lampe-de-table-kaiku-jaune-h54"},"modified":"2026-03-30T09:42:26","modified_gmt":"2026-03-30T07:42:26","slug":"lampe-de-table-kaiku-jaune-h54","status":"publish","type":"product","link":"https:\/\/www.bizzotto.com\/fr\/produits\/decorazione-tessili-illuminazione\/illuminazione\/lampade-da-tavolo\/lampe-de-table-kaiku-jaune-h54","title":{"rendered":"LAMPE DE TABLE KAIKU JAUNE H54"},"content":{"rendered":"<p>M\u00c9TAL. LAMPE: E27 15W LED. AMPOULE NON INCLUSE. LONGUEUR TOTALE DU C\u00c2BLE 2 M. DISTANCE ENTRE LA LAMPE ET L&#8217;INTERRUPTEUR : 1 M. IP20. \u00c0 ASSEMBLER.<\/p>\n","protected":false},"excerpt":{"rendered":"<p>Lampe Kaiku jaune 54 cm<\/p>\n","protected":false},"featured_media":85945,"comment_status":"open","ping_status":"closed","template":"","meta":{"_acf_changed":false},"codifica-stile":[457],"divisione":[2426],"novita":[],"stile":[765],"product_brand":[61],"product_cat":[746,749,764],"product_tag":[1787],"class_list":{"0":"post-81454","1":"product","2":"type-product","3":"status-publish","4":"has-post-thumbnail","6":"codifica-stile-cn","7":"divisione-bizzotto-decorazione-fr","8":"stile-contemporaneo","9":"product_brand-bizzotto","10":"product_cat-decorazione-tessili-illuminazione","11":"product_cat-illuminazione","12":"product_cat-lampade-da-tavolo","13":"product_tag-lu-li-kg","16":"first","17":"instock","18":"shipping-taxable","19":"purchasable","20":"product-type-simple"},"acf":[],"yoast_head":"<!-- This site is optimized with the Yoast SEO plugin v26.6 - https:\/\/yoast.com\/wordpress\/plugins\/seo\/ -->\n<title>LAMPE DE TABLE KAIKU JAUNE H54 - Bizzotto<\/title>\n<meta name=\"robots\" content=\"index, follow, max-snippet:-1, max-image-preview:large, max-video-preview:-1\" \/>\n<link rel=\"canonical\" href=\"https:\/\/www.bizzotto.com\/fr\/produits\/decorazione-tessili-illuminazione\/illuminazione\/lampade-da-tavolo\/lampe-de-table-kaiku-jaune-h54\" \/>\n<meta property=\"og:locale\" content=\"fr_FR\" \/>\n<meta property=\"og:type\" content=\"article\" \/>\n<meta property=\"og:title\" content=\"LAMPE DE TABLE KAIKU JAUNE H54 - Bizzotto\" \/>\n<meta property=\"og:description\" content=\"Lampe Kaiku jaune 54 cm\" \/>\n<meta property=\"og:url\" content=\"https:\/\/www.bizzotto.com\/fr\/produits\/decorazione-tessili-illuminazione\/illuminazione\/lampade-da-tavolo\/lampe-de-table-kaiku-jaune-h54\" \/>\n<meta property=\"og:site_name\" content=\"Bizzotto\" \/>\n<meta property=\"article:modified_time\" content=\"2026-03-30T07:42:26+00:00\" \/>\n<meta property=\"og:image\" content=\"https:\/\/www.bizzotto.com\/wp-content\/uploads\/2026\/03\/0826656-1-scaled.jpg\" \/>\n\t<meta property=\"og:image:width\" content=\"2143\" \/>\n\t<meta property=\"og:image:height\" content=\"2560\" \/>\n\t<meta property=\"og:image:type\" content=\"image\/jpeg\" \/>\n<meta name=\"twitter:card\" content=\"summary_large_image\" \/>\n<script type=\"application\/ld+json\" class=\"yoast-schema-graph\">{\"@context\":\"https:\/\/schema.org\",\"@graph\":[{\"@type\":\"WebPage\",\"@id\":\"https:\/\/www.bizzotto.com\/fr\/produits\/decorazione-tessili-illuminazione\/illuminazione\/lampade-da-tavolo\/lampe-de-table-kaiku-jaune-h54\",\"url\":\"https:\/\/www.bizzotto.com\/fr\/produits\/decorazione-tessili-illuminazione\/illuminazione\/lampade-da-tavolo\/lampe-de-table-kaiku-jaune-h54\",\"name\":\"LAMPE DE TABLE KAIKU JAUNE H54 - Bizzotto\",\"isPartOf\":{\"@id\":\"https:\/\/www.bizzotto.com\/fr#website\"},\"primaryImageOfPage\":{\"@id\":\"https:\/\/www.bizzotto.com\/fr\/produits\/decorazione-tessili-illuminazione\/illuminazione\/lampade-da-tavolo\/lampe-de-table-kaiku-jaune-h54#primaryimage\"},\"image\":{\"@id\":\"https:\/\/www.bizzotto.com\/fr\/produits\/decorazione-tessili-illuminazione\/illuminazione\/lampade-da-tavolo\/lampe-de-table-kaiku-jaune-h54#primaryimage\"},\"thumbnailUrl\":\"https:\/\/www.bizzotto.com\/wp-content\/uploads\/2026\/03\/0826656-1-scaled.jpg\",\"datePublished\":\"2026-03-19T10:55:30+00:00\",\"dateModified\":\"2026-03-30T07:42:26+00:00\",\"breadcrumb\":{\"@id\":\"https:\/\/www.bizzotto.com\/fr\/produits\/decorazione-tessili-illuminazione\/illuminazione\/lampade-da-tavolo\/lampe-de-table-kaiku-jaune-h54#breadcrumb\"},\"inLanguage\":\"fr-FR\",\"potentialAction\":[{\"@type\":\"ReadAction\",\"target\":[\"https:\/\/www.bizzotto.com\/fr\/produits\/decorazione-tessili-illuminazione\/illuminazione\/lampade-da-tavolo\/lampe-de-table-kaiku-jaune-h54\"]}]},{\"@type\":\"ImageObject\",\"inLanguage\":\"fr-FR\",\"@id\":\"https:\/\/www.bizzotto.com\/fr\/produits\/decorazione-tessili-illuminazione\/illuminazione\/lampade-da-tavolo\/lampe-de-table-kaiku-jaune-h54#primaryimage\",\"url\":\"https:\/\/www.bizzotto.com\/wp-content\/uploads\/2026\/03\/0826656-1-scaled.jpg\",\"contentUrl\":\"https:\/\/www.bizzotto.com\/wp-content\/uploads\/2026\/03\/0826656-1-scaled.jpg\",\"width\":2143,\"height\":2560,\"caption\":\"Lampada Kaiku giallo 54 cm\"},{\"@type\":\"BreadcrumbList\",\"@id\":\"https:\/\/www.bizzotto.com\/fr\/produits\/decorazione-tessili-illuminazione\/illuminazione\/lampade-da-tavolo\/lampe-de-table-kaiku-jaune-h54#breadcrumb\",\"itemListElement\":[{\"@type\":\"ListItem\",\"position\":1,\"name\":\"Home\",\"item\":\"https:\/\/www.bizzotto.com\/fr\"},{\"@type\":\"ListItem\",\"position\":2,\"name\":\"Boutique\",\"item\":\"https:\/\/www.bizzotto.com\/fr\/boutique\"},{\"@type\":\"ListItem\",\"position\":3,\"name\":\"D\u00e9coration, textiles &amp; \u00e9clairage\",\"item\":\"https:\/\/www.bizzotto.com\/fr\/categorie-de-produit\/decoration-textiles-eclairage\"},{\"@type\":\"ListItem\",\"position\":4,\"name\":\"\u00c9clairage\",\"item\":\"https:\/\/www.bizzotto.com\/fr\/categorie-de-produit\/decoration-textiles-eclairage\/eclairage\"},{\"@type\":\"ListItem\",\"position\":5,\"name\":\"Lampes de table\",\"item\":\"https:\/\/www.bizzotto.com\/fr\/categorie-de-produit\/decoration-textiles-eclairage\/eclairage\/lampes-de-table\"},{\"@type\":\"ListItem\",\"position\":6,\"name\":\"LAMPE DE TABLE KAIKU JAUNE H54\"}]},{\"@type\":\"WebSite\",\"@id\":\"https:\/\/www.bizzotto.com\/fr#website\",\"url\":\"https:\/\/www.bizzotto.com\/fr\",\"name\":\"Bizzotto\",\"description\":\"\",\"potentialAction\":[{\"@type\":\"SearchAction\",\"target\":{\"@type\":\"EntryPoint\",\"urlTemplate\":\"https:\/\/www.bizzotto.com\/fr?s={search_term_string}\"},\"query-input\":{\"@type\":\"PropertyValueSpecification\",\"valueRequired\":true,\"valueName\":\"search_term_string\"}}],\"inLanguage\":\"fr-FR\"}]}<\/script>\n<!-- \/ Yoast SEO plugin. -->","yoast_head_json":{"title":"LAMPE DE TABLE KAIKU JAUNE H54 - Bizzotto","robots":{"index":"index","follow":"follow","max-snippet":"max-snippet:-1","max-image-preview":"max-image-preview:large","max-video-preview":"max-video-preview:-1"},"canonical":"https:\/\/www.bizzotto.com\/fr\/produits\/decorazione-tessili-illuminazione\/illuminazione\/lampade-da-tavolo\/lampe-de-table-kaiku-jaune-h54","og_locale":"fr_FR","og_type":"article","og_title":"LAMPE DE TABLE KAIKU JAUNE H54 - Bizzotto","og_description":"Lampe Kaiku jaune 54 cm","og_url":"https:\/\/www.bizzotto.com\/fr\/produits\/decorazione-tessili-illuminazione\/illuminazione\/lampade-da-tavolo\/lampe-de-table-kaiku-jaune-h54","og_site_name":"Bizzotto","article_modified_time":"2026-03-30T07:42:26+00:00","og_image":[{"width":2143,"height":2560,"url":"https:\/\/www.bizzotto.com\/wp-content\/uploads\/2026\/03\/0826656-1-scaled.jpg","type":"image\/jpeg"}],"twitter_card":"summary_large_image","schema":{"@context":"https:\/\/schema.org","@graph":[{"@type":"WebPage","@id":"https:\/\/www.bizzotto.com\/fr\/produits\/decorazione-tessili-illuminazione\/illuminazione\/lampade-da-tavolo\/lampe-de-table-kaiku-jaune-h54","url":"https:\/\/www.bizzotto.com\/fr\/produits\/decorazione-tessili-illuminazione\/illuminazione\/lampade-da-tavolo\/lampe-de-table-kaiku-jaune-h54","name":"LAMPE DE TABLE KAIKU JAUNE H54 - Bizzotto","isPartOf":{"@id":"https:\/\/www.bizzotto.com\/fr#website"},"primaryImageOfPage":{"@id":"https:\/\/www.bizzotto.com\/fr\/produits\/decorazione-tessili-illuminazione\/illuminazione\/lampade-da-tavolo\/lampe-de-table-kaiku-jaune-h54#primaryimage"},"image":{"@id":"https:\/\/www.bizzotto.com\/fr\/produits\/decorazione-tessili-illuminazione\/illuminazione\/lampade-da-tavolo\/lampe-de-table-kaiku-jaune-h54#primaryimage"},"thumbnailUrl":"https:\/\/www.bizzotto.com\/wp-content\/uploads\/2026\/03\/0826656-1-scaled.jpg","datePublished":"2026-03-19T10:55:30+00:00","dateModified":"2026-03-30T07:42:26+00:00","breadcrumb":{"@id":"https:\/\/www.bizzotto.com\/fr\/produits\/decorazione-tessili-illuminazione\/illuminazione\/lampade-da-tavolo\/lampe-de-table-kaiku-jaune-h54#breadcrumb"},"inLanguage":"fr-FR","potentialAction":[{"@type":"ReadAction","target":["https:\/\/www.bizzotto.com\/fr\/produits\/decorazione-tessili-illuminazione\/illuminazione\/lampade-da-tavolo\/lampe-de-table-kaiku-jaune-h54"]}]},{"@type":"ImageObject","inLanguage":"fr-FR","@id":"https:\/\/www.bizzotto.com\/fr\/produits\/decorazione-tessili-illuminazione\/illuminazione\/lampade-da-tavolo\/lampe-de-table-kaiku-jaune-h54#primaryimage","url":"https:\/\/www.bizzotto.com\/wp-content\/uploads\/2026\/03\/0826656-1-scaled.jpg","contentUrl":"https:\/\/www.bizzotto.com\/wp-content\/uploads\/2026\/03\/0826656-1-scaled.jpg","width":2143,"height":2560,"caption":"Lampada Kaiku giallo 54 cm"},{"@type":"BreadcrumbList","@id":"https:\/\/www.bizzotto.com\/fr\/produits\/decorazione-tessili-illuminazione\/illuminazione\/lampade-da-tavolo\/lampe-de-table-kaiku-jaune-h54#breadcrumb","itemListElement":[{"@type":"ListItem","position":1,"name":"Home","item":"https:\/\/www.bizzotto.com\/fr"},{"@type":"ListItem","position":2,"name":"Boutique","item":"https:\/\/www.bizzotto.com\/fr\/boutique"},{"@type":"ListItem","position":3,"name":"D\u00e9coration, textiles &amp; \u00e9clairage","item":"https:\/\/www.bizzotto.com\/fr\/categorie-de-produit\/decoration-textiles-eclairage"},{"@type":"ListItem","position":4,"name":"\u00c9clairage","item":"https:\/\/www.bizzotto.com\/fr\/categorie-de-produit\/decoration-textiles-eclairage\/eclairage"},{"@type":"ListItem","position":5,"name":"Lampes de table","item":"https:\/\/www.bizzotto.com\/fr\/categorie-de-produit\/decoration-textiles-eclairage\/eclairage\/lampes-de-table"},{"@type":"ListItem","position":6,"name":"LAMPE DE TABLE KAIKU JAUNE H54"}]},{"@type":"WebSite","@id":"https:\/\/www.bizzotto.com\/fr#website","url":"https:\/\/www.bizzotto.com\/fr","name":"Bizzotto","description":"","potentialAction":[{"@type":"SearchAction","target":{"@type":"EntryPoint","urlTemplate":"https:\/\/www.bizzotto.com\/fr?s={search_term_string}"},"query-input":{"@type":"PropertyValueSpecification","valueRequired":true,"valueName":"search_term_string"}}],"inLanguage":"fr-FR"}]}},"_links":{"self":[{"href":"https:\/\/www.bizzotto.com\/fr\/wp-json\/wp\/v2\/product\/81454","targetHints":{"allow":["GET"]}}],"collection":[{"href":"https:\/\/www.bizzotto.com\/fr\/wp-json\/wp\/v2\/product"}],"about":[{"href":"https:\/\/www.bizzotto.com\/fr\/wp-json\/wp\/v2\/types\/product"}],"replies":[{"embeddable":true,"href":"https:\/\/www.bizzotto.com\/fr\/wp-json\/wp\/v2\/comments?post=81454"}],"wp:featuredmedia":[{"embeddable":true,"href":"https:\/\/www.bizzotto.com\/fr\/wp-json\/wp\/v2\/media\/85945"}],"wp:attachment":[{"href":"https:\/\/www.bizzotto.com\/fr\/wp-json\/wp\/v2\/media?parent=81454"}],"wp:term":[{"taxonomy":"codifica-stile","embeddable":true,"href":"https:\/\/www.bizzotto.com\/fr\/wp-json\/wp\/v2\/codifica-stile?post=81454"},{"taxonomy":"divisione","embeddable":true,"href":"https:\/\/www.bizzotto.com\/fr\/wp-json\/wp\/v2\/divisione?post=81454"},{"taxonomy":"novita","embeddable":true,"href":"https:\/\/www.bizzotto.com\/fr\/wp-json\/wp\/v2\/novita?post=81454"},{"taxonomy":"stile","embeddable":true,"href":"https:\/\/www.bizzotto.com\/fr\/wp-json\/wp\/v2\/stile?post=81454"},{"taxonomy":"product_brand","embeddable":true,"href":"https:\/\/www.bizzotto.com\/fr\/wp-json\/wp\/v2\/product_brand?post=81454"},{"taxonomy":"product_cat","embeddable":true,"href":"https:\/\/www.bizzotto.com\/fr\/wp-json\/wp\/v2\/product_cat?post=81454"},{"taxonomy":"product_tag","embeddable":true,"href":"https:\/\/www.bizzotto.com\/fr\/wp-json\/wp\/v2\/product_tag?post=81454"}],"curies":[{"name":"wp","href":"https:\/\/api.w.org\/{rel}","templated":true}]}}