{"id":80499,"date":"2026-03-19T11:50:19","date_gmt":"2026-03-19T10:50:19","guid":{"rendered":"https:\/\/www.bizzotto.com\/prodotti\/non%20class\u00e9\/bain-de-soleil-single-honolulu-fsc"},"modified":"2026-03-30T09:44:01","modified_gmt":"2026-03-30T07:44:01","slug":"bain-de-soleil-single-honolulu-fsc","status":"publish","type":"product","link":"https:\/\/www.bizzotto.com\/fr\/produits\/mobilier-de-jardin\/assises-dexterieur\/bains-de-soleil-chaises-longues\/bain-de-soleil-single-honolulu-fsc","title":{"rendered":"BAIN DE SOLEIL SINGLE HONOLULU  &#8211; FSC"},"content":{"rendered":"<p>BOIS TECK 100%, FINITION NATURELLE. DOSSIER INCLINABLE (5 POSITIONS). PI\u00c8CES M\u00c9TALLIQUES ET VISSERIE EN ACIER INOXYDABLE #304. PIEDS \u00c0 ASSEMBLER. IL EST RECOMMAND\u00c9 DE NE PAS EXPOSER L\u2019ARTICLE \u00c0 LA LUMI\u00c8RE DIRECTE DU SOLEIL ET AUX INTEMP\u00c9RIES. CE PRODUIT SE CARACT\u00c9RISE PAR LA PRESENCE DE CHEVILLES EN BOIS DE M\u00caME NATURE. LES FISSURES, FISSURES OU IMPERFECTIONS, QUI PEUVENT SE PRODUIRE AUSSI AU COURS DU TEMPS, SONT CARACT\u00c9RISTIQUES DE CE MAT\u00c9RIAU ET RENDENT CHAQUE PI\u00c8CE UNIQUE ET ORIGINALE. LE TECK EST UN BOIS RICHE EN HUILES. AU FIL DU TEMPS, CES HUILES, PAR UN PROCESSUS NATUREL, REMONTENT \u00c0 LA SURFACE ET PEUVENT TACHER LES COUSSINS EN CONTACT DIRECT AVEC LE BOIS.<\/p>\n","protected":false},"excerpt":{"rendered":"<p>Bain de Soleil Honolulu &#8211; FSC<\/p>\n","protected":false},"featured_media":80490,"comment_status":"open","ping_status":"closed","template":"","meta":{"_acf_changed":false},"codifica-stile":[459],"divisione":[2430],"novita":[494],"stile":[774],"product_brand":[62],"product_cat":[785,786,2219],"product_tag":[1732],"class_list":{"0":"post-80499","1":"product","2":"type-product","3":"status-publish","4":"has-post-thumbnail","6":"codifica-stile-es","7":"divisione-homemotion-arredo-esterno-fr","8":"novita-new","9":"stile-organique","10":"product_brand-homemotion","11":"product_cat-mobilier-de-jardin","12":"product_cat-assises-dexterieur","13":"product_cat-bains-de-soleil-chaises-longues","14":"product_tag-ag-gl-ca","17":"first","18":"instock","19":"shipping-taxable","20":"purchasable","21":"product-type-simple"},"acf":[],"yoast_head":"<!-- This site is optimized with the Yoast SEO plugin v26.6 - https:\/\/yoast.com\/wordpress\/plugins\/seo\/ -->\n<title>BAIN DE SOLEIL SINGLE HONOLULU - FSC - Bizzotto<\/title>\n<meta name=\"robots\" content=\"index, follow, max-snippet:-1, max-image-preview:large, max-video-preview:-1\" \/>\n<link rel=\"canonical\" href=\"https:\/\/www.bizzotto.com\/fr\/produits\/mobilier-de-jardin\/assises-dexterieur\/bains-de-soleil-chaises-longues\/bain-de-soleil-single-honolulu-fsc\" \/>\n<meta property=\"og:locale\" content=\"fr_FR\" \/>\n<meta property=\"og:type\" content=\"article\" \/>\n<meta property=\"og:title\" content=\"BAIN DE SOLEIL SINGLE HONOLULU - FSC - Bizzotto\" \/>\n<meta property=\"og:description\" content=\"Bain de Soleil Honolulu - FSC\" \/>\n<meta property=\"og:url\" content=\"https:\/\/www.bizzotto.com\/fr\/produits\/mobilier-de-jardin\/assises-dexterieur\/bains-de-soleil-chaises-longues\/bain-de-soleil-single-honolulu-fsc\" \/>\n<meta property=\"og:site_name\" content=\"Bizzotto\" \/>\n<meta property=\"article:modified_time\" content=\"2026-03-30T07:44:01+00:00\" \/>\n<meta property=\"og:image\" content=\"https:\/\/www.bizzotto.com\/wp-content\/uploads\/2026\/03\/0806970-PF2.jpg\" \/>\n\t<meta property=\"og:image:width\" content=\"1749\" \/>\n\t<meta property=\"og:image:height\" content=\"1080\" \/>\n\t<meta property=\"og:image:type\" content=\"image\/jpeg\" \/>\n<meta name=\"twitter:card\" content=\"summary_large_image\" \/>\n<meta name=\"twitter:label1\" content=\"Dur\u00e9e de lecture estim\u00e9e\" \/>\n\t<meta name=\"twitter:data1\" content=\"1 minute\" \/>\n<script type=\"application\/ld+json\" class=\"yoast-schema-graph\">{\"@context\":\"https:\/\/schema.org\",\"@graph\":[{\"@type\":\"WebPage\",\"@id\":\"https:\/\/www.bizzotto.com\/fr\/produits\/mobilier-de-jardin\/assises-dexterieur\/bains-de-soleil-chaises-longues\/bain-de-soleil-single-honolulu-fsc\",\"url\":\"https:\/\/www.bizzotto.com\/fr\/produits\/mobilier-de-jardin\/assises-dexterieur\/bains-de-soleil-chaises-longues\/bain-de-soleil-single-honolulu-fsc\",\"name\":\"BAIN DE SOLEIL SINGLE HONOLULU - FSC - Bizzotto\",\"isPartOf\":{\"@id\":\"https:\/\/www.bizzotto.com\/fr#website\"},\"primaryImageOfPage\":{\"@id\":\"https:\/\/www.bizzotto.com\/fr\/produits\/mobilier-de-jardin\/assises-dexterieur\/bains-de-soleil-chaises-longues\/bain-de-soleil-single-honolulu-fsc#primaryimage\"},\"image\":{\"@id\":\"https:\/\/www.bizzotto.com\/fr\/produits\/mobilier-de-jardin\/assises-dexterieur\/bains-de-soleil-chaises-longues\/bain-de-soleil-single-honolulu-fsc#primaryimage\"},\"thumbnailUrl\":\"https:\/\/www.bizzotto.com\/wp-content\/uploads\/2026\/03\/0806970-PF2.jpg\",\"datePublished\":\"2026-03-19T10:50:19+00:00\",\"dateModified\":\"2026-03-30T07:44:01+00:00\",\"breadcrumb\":{\"@id\":\"https:\/\/www.bizzotto.com\/fr\/produits\/mobilier-de-jardin\/assises-dexterieur\/bains-de-soleil-chaises-longues\/bain-de-soleil-single-honolulu-fsc#breadcrumb\"},\"inLanguage\":\"fr-FR\",\"potentialAction\":[{\"@type\":\"ReadAction\",\"target\":[\"https:\/\/www.bizzotto.com\/fr\/produits\/mobilier-de-jardin\/assises-dexterieur\/bains-de-soleil-chaises-longues\/bain-de-soleil-single-honolulu-fsc\"]}]},{\"@type\":\"ImageObject\",\"inLanguage\":\"fr-FR\",\"@id\":\"https:\/\/www.bizzotto.com\/fr\/produits\/mobilier-de-jardin\/assises-dexterieur\/bains-de-soleil-chaises-longues\/bain-de-soleil-single-honolulu-fsc#primaryimage\",\"url\":\"https:\/\/www.bizzotto.com\/wp-content\/uploads\/2026\/03\/0806970-PF2.jpg\",\"contentUrl\":\"https:\/\/www.bizzotto.com\/wp-content\/uploads\/2026\/03\/0806970-PF2.jpg\",\"width\":1749,\"height\":1080},{\"@type\":\"BreadcrumbList\",\"@id\":\"https:\/\/www.bizzotto.com\/fr\/produits\/mobilier-de-jardin\/assises-dexterieur\/bains-de-soleil-chaises-longues\/bain-de-soleil-single-honolulu-fsc#breadcrumb\",\"itemListElement\":[{\"@type\":\"ListItem\",\"position\":1,\"name\":\"Home\",\"item\":\"https:\/\/www.bizzotto.com\/fr\"},{\"@type\":\"ListItem\",\"position\":2,\"name\":\"Boutique\",\"item\":\"https:\/\/www.bizzotto.com\/fr\/boutique\"},{\"@type\":\"ListItem\",\"position\":3,\"name\":\"Mobilier de jardin\",\"item\":\"https:\/\/www.bizzotto.com\/fr\/categorie-de-produit\/mobilier-de-jardin\"},{\"@type\":\"ListItem\",\"position\":4,\"name\":\"Assises d\u2019ext\u00e9rieur\",\"item\":\"https:\/\/www.bizzotto.com\/fr\/categorie-de-produit\/mobilier-de-jardin\/assises-dexterieur\"},{\"@type\":\"ListItem\",\"position\":5,\"name\":\"Bains de soleil &amp; chaises longues\",\"item\":\"https:\/\/www.bizzotto.com\/fr\/categorie-de-produit\/mobilier-de-jardin\/assises-dexterieur\/bains-de-soleil-chaises-longues\"},{\"@type\":\"ListItem\",\"position\":6,\"name\":\"BAIN DE SOLEIL SINGLE HONOLULU &#8211; FSC\"}]},{\"@type\":\"WebSite\",\"@id\":\"https:\/\/www.bizzotto.com\/fr#website\",\"url\":\"https:\/\/www.bizzotto.com\/fr\",\"name\":\"Bizzotto\",\"description\":\"\",\"potentialAction\":[{\"@type\":\"SearchAction\",\"target\":{\"@type\":\"EntryPoint\",\"urlTemplate\":\"https:\/\/www.bizzotto.com\/fr?s={search_term_string}\"},\"query-input\":{\"@type\":\"PropertyValueSpecification\",\"valueRequired\":true,\"valueName\":\"search_term_string\"}}],\"inLanguage\":\"fr-FR\"}]}<\/script>\n<!-- \/ Yoast SEO plugin. -->","yoast_head_json":{"title":"BAIN DE SOLEIL SINGLE HONOLULU - FSC - Bizzotto","robots":{"index":"index","follow":"follow","max-snippet":"max-snippet:-1","max-image-preview":"max-image-preview:large","max-video-preview":"max-video-preview:-1"},"canonical":"https:\/\/www.bizzotto.com\/fr\/produits\/mobilier-de-jardin\/assises-dexterieur\/bains-de-soleil-chaises-longues\/bain-de-soleil-single-honolulu-fsc","og_locale":"fr_FR","og_type":"article","og_title":"BAIN DE SOLEIL SINGLE HONOLULU - FSC - Bizzotto","og_description":"Bain de Soleil Honolulu - FSC","og_url":"https:\/\/www.bizzotto.com\/fr\/produits\/mobilier-de-jardin\/assises-dexterieur\/bains-de-soleil-chaises-longues\/bain-de-soleil-single-honolulu-fsc","og_site_name":"Bizzotto","article_modified_time":"2026-03-30T07:44:01+00:00","og_image":[{"width":1749,"height":1080,"url":"https:\/\/www.bizzotto.com\/wp-content\/uploads\/2026\/03\/0806970-PF2.jpg","type":"image\/jpeg"}],"twitter_card":"summary_large_image","twitter_misc":{"Dur\u00e9e de lecture estim\u00e9e":"1 minute"},"schema":{"@context":"https:\/\/schema.org","@graph":[{"@type":"WebPage","@id":"https:\/\/www.bizzotto.com\/fr\/produits\/mobilier-de-jardin\/assises-dexterieur\/bains-de-soleil-chaises-longues\/bain-de-soleil-single-honolulu-fsc","url":"https:\/\/www.bizzotto.com\/fr\/produits\/mobilier-de-jardin\/assises-dexterieur\/bains-de-soleil-chaises-longues\/bain-de-soleil-single-honolulu-fsc","name":"BAIN DE SOLEIL SINGLE HONOLULU - FSC - Bizzotto","isPartOf":{"@id":"https:\/\/www.bizzotto.com\/fr#website"},"primaryImageOfPage":{"@id":"https:\/\/www.bizzotto.com\/fr\/produits\/mobilier-de-jardin\/assises-dexterieur\/bains-de-soleil-chaises-longues\/bain-de-soleil-single-honolulu-fsc#primaryimage"},"image":{"@id":"https:\/\/www.bizzotto.com\/fr\/produits\/mobilier-de-jardin\/assises-dexterieur\/bains-de-soleil-chaises-longues\/bain-de-soleil-single-honolulu-fsc#primaryimage"},"thumbnailUrl":"https:\/\/www.bizzotto.com\/wp-content\/uploads\/2026\/03\/0806970-PF2.jpg","datePublished":"2026-03-19T10:50:19+00:00","dateModified":"2026-03-30T07:44:01+00:00","breadcrumb":{"@id":"https:\/\/www.bizzotto.com\/fr\/produits\/mobilier-de-jardin\/assises-dexterieur\/bains-de-soleil-chaises-longues\/bain-de-soleil-single-honolulu-fsc#breadcrumb"},"inLanguage":"fr-FR","potentialAction":[{"@type":"ReadAction","target":["https:\/\/www.bizzotto.com\/fr\/produits\/mobilier-de-jardin\/assises-dexterieur\/bains-de-soleil-chaises-longues\/bain-de-soleil-single-honolulu-fsc"]}]},{"@type":"ImageObject","inLanguage":"fr-FR","@id":"https:\/\/www.bizzotto.com\/fr\/produits\/mobilier-de-jardin\/assises-dexterieur\/bains-de-soleil-chaises-longues\/bain-de-soleil-single-honolulu-fsc#primaryimage","url":"https:\/\/www.bizzotto.com\/wp-content\/uploads\/2026\/03\/0806970-PF2.jpg","contentUrl":"https:\/\/www.bizzotto.com\/wp-content\/uploads\/2026\/03\/0806970-PF2.jpg","width":1749,"height":1080},{"@type":"BreadcrumbList","@id":"https:\/\/www.bizzotto.com\/fr\/produits\/mobilier-de-jardin\/assises-dexterieur\/bains-de-soleil-chaises-longues\/bain-de-soleil-single-honolulu-fsc#breadcrumb","itemListElement":[{"@type":"ListItem","position":1,"name":"Home","item":"https:\/\/www.bizzotto.com\/fr"},{"@type":"ListItem","position":2,"name":"Boutique","item":"https:\/\/www.bizzotto.com\/fr\/boutique"},{"@type":"ListItem","position":3,"name":"Mobilier de jardin","item":"https:\/\/www.bizzotto.com\/fr\/categorie-de-produit\/mobilier-de-jardin"},{"@type":"ListItem","position":4,"name":"Assises d\u2019ext\u00e9rieur","item":"https:\/\/www.bizzotto.com\/fr\/categorie-de-produit\/mobilier-de-jardin\/assises-dexterieur"},{"@type":"ListItem","position":5,"name":"Bains de soleil &amp; chaises longues","item":"https:\/\/www.bizzotto.com\/fr\/categorie-de-produit\/mobilier-de-jardin\/assises-dexterieur\/bains-de-soleil-chaises-longues"},{"@type":"ListItem","position":6,"name":"BAIN DE SOLEIL SINGLE HONOLULU &#8211; FSC"}]},{"@type":"WebSite","@id":"https:\/\/www.bizzotto.com\/fr#website","url":"https:\/\/www.bizzotto.com\/fr","name":"Bizzotto","description":"","potentialAction":[{"@type":"SearchAction","target":{"@type":"EntryPoint","urlTemplate":"https:\/\/www.bizzotto.com\/fr?s={search_term_string}"},"query-input":{"@type":"PropertyValueSpecification","valueRequired":true,"valueName":"search_term_string"}}],"inLanguage":"fr-FR"}]}},"_links":{"self":[{"href":"https:\/\/www.bizzotto.com\/fr\/wp-json\/wp\/v2\/product\/80499","targetHints":{"allow":["GET"]}}],"collection":[{"href":"https:\/\/www.bizzotto.com\/fr\/wp-json\/wp\/v2\/product"}],"about":[{"href":"https:\/\/www.bizzotto.com\/fr\/wp-json\/wp\/v2\/types\/product"}],"replies":[{"embeddable":true,"href":"https:\/\/www.bizzotto.com\/fr\/wp-json\/wp\/v2\/comments?post=80499"}],"wp:featuredmedia":[{"embeddable":true,"href":"https:\/\/www.bizzotto.com\/fr\/wp-json\/wp\/v2\/media\/80490"}],"wp:attachment":[{"href":"https:\/\/www.bizzotto.com\/fr\/wp-json\/wp\/v2\/media?parent=80499"}],"wp:term":[{"taxonomy":"codifica-stile","embeddable":true,"href":"https:\/\/www.bizzotto.com\/fr\/wp-json\/wp\/v2\/codifica-stile?post=80499"},{"taxonomy":"divisione","embeddable":true,"href":"https:\/\/www.bizzotto.com\/fr\/wp-json\/wp\/v2\/divisione?post=80499"},{"taxonomy":"novita","embeddable":true,"href":"https:\/\/www.bizzotto.com\/fr\/wp-json\/wp\/v2\/novita?post=80499"},{"taxonomy":"stile","embeddable":true,"href":"https:\/\/www.bizzotto.com\/fr\/wp-json\/wp\/v2\/stile?post=80499"},{"taxonomy":"product_brand","embeddable":true,"href":"https:\/\/www.bizzotto.com\/fr\/wp-json\/wp\/v2\/product_brand?post=80499"},{"taxonomy":"product_cat","embeddable":true,"href":"https:\/\/www.bizzotto.com\/fr\/wp-json\/wp\/v2\/product_cat?post=80499"},{"taxonomy":"product_tag","embeddable":true,"href":"https:\/\/www.bizzotto.com\/fr\/wp-json\/wp\/v2\/product_tag?post=80499"}],"curies":[{"name":"wp","href":"https:\/\/api.w.org\/{rel}","templated":true}]}}