{"id":78604,"date":"2026-03-19T11:39:33","date_gmt":"2026-03-19T10:39:33","guid":{"rendered":"https:\/\/www.bizzotto.com\/prodotti\/non%20class\u00e9\/table-maverick-240x100"},"modified":"2026-03-30T09:46:43","modified_gmt":"2026-03-30T07:46:43","slug":"table-maverick-240x100","status":"publish","type":"product","link":"https:\/\/www.bizzotto.com\/fr\/produits\/mobilier-de-jardin\/tables-ensembles-dexterieur\/tables-de-jardin\/table-maverick-240x100","title":{"rendered":"TABLE MAVERICK 240X100"},"content":{"rendered":"<p>PLATEAU ET PIEDS EN TECK RECYCL\u00c9 &#8211; SVLK (BOIS CERTIFI\u00c9 PROVENANT DE FOR\u00caTS DURABLES). FINITION BROSS\u00c9E NATURELLE. VISSERIE EN ACIER INOXYDABLE. LE PRODUIT EN BOIS RECYCL\u00c9 EST CARACT\u00c9RIS\u00c9 PAR LA PR\u00c9SENCE DE CHEVILLES EN BOIS DE DIFF\u00c9RENTES ESP\u00c8CES ET COULEURS. TOUTES FISSURES OU IMPERFECTIONS, QUI PEUVENT SE PRODUIRE M\u00caME DANS LE TEMPS, SONT CARACT\u00c9RISTIQUES DE CE MAT\u00c9RIAU ET RENDENT CHAQUE PI\u00c8CE UNIQUE ET ORIGINALE. PIEDS \u00c0 ASSEMBLER.CODE EN COMBINAISON<\/p>\n","protected":false},"excerpt":{"rendered":"<p>Table de Jardin Maverick 240&#215;100 cm<\/p>\n","protected":false},"featured_media":78538,"comment_status":"open","ping_status":"closed","template":"","meta":{"_acf_changed":false},"codifica-stile":[459],"divisione":[2430],"novita":[],"stile":[766,774],"product_brand":[62],"product_cat":[705,785,2168,707,2170,716],"product_tag":[1710],"class_list":{"0":"post-78604","1":"product","2":"type-product","3":"status-publish","4":"has-post-thumbnail","6":"codifica-stile-es","7":"divisione-homemotion-arredo-esterno-fr","8":"stile-naturale","9":"stile-organique","10":"product_brand-homemotion","11":"product_cat-arredo-giardino","12":"product_cat-mobilier-de-jardin","13":"product_cat-tables-ensembles-dexterieur","14":"product_cat-tavoli-set-outdoor","15":"product_cat-tables-de-jardin","16":"product_cat-tavoli-da-giardino","17":"product_tag-ag-gl-ev","20":"first","21":"instock","22":"shipping-taxable","23":"purchasable","24":"product-type-simple"},"acf":[],"yoast_head":"<!-- This site is optimized with the Yoast SEO plugin v26.6 - https:\/\/yoast.com\/wordpress\/plugins\/seo\/ -->\n<title>TABLE MAVERICK 240X100 - Bizzotto<\/title>\n<meta name=\"robots\" content=\"index, follow, max-snippet:-1, max-image-preview:large, max-video-preview:-1\" \/>\n<link rel=\"canonical\" href=\"https:\/\/www.bizzotto.com\/fr\/produits\/mobilier-de-jardin\/tables-ensembles-dexterieur\/tables-de-jardin\/table-maverick-240x100\" \/>\n<meta property=\"og:locale\" content=\"fr_FR\" \/>\n<meta property=\"og:type\" content=\"article\" \/>\n<meta property=\"og:title\" content=\"TABLE MAVERICK 240X100 - Bizzotto\" \/>\n<meta property=\"og:description\" content=\"Table de Jardin Maverick 240x100 cm\" \/>\n<meta property=\"og:url\" content=\"https:\/\/www.bizzotto.com\/fr\/produits\/mobilier-de-jardin\/tables-ensembles-dexterieur\/tables-de-jardin\/table-maverick-240x100\" \/>\n<meta property=\"og:site_name\" content=\"Bizzotto\" \/>\n<meta property=\"article:modified_time\" content=\"2026-03-30T07:46:43+00:00\" \/>\n<meta property=\"og:image\" content=\"https:\/\/www.bizzotto.com\/wp-content\/uploads\/2026\/03\/0804478-AM71.jpg\" \/>\n\t<meta property=\"og:image:width\" content=\"1878\" \/>\n\t<meta property=\"og:image:height\" content=\"1080\" \/>\n\t<meta property=\"og:image:type\" content=\"image\/jpeg\" \/>\n<meta name=\"twitter:card\" content=\"summary_large_image\" \/>\n<script type=\"application\/ld+json\" class=\"yoast-schema-graph\">{\"@context\":\"https:\/\/schema.org\",\"@graph\":[{\"@type\":\"WebPage\",\"@id\":\"https:\/\/www.bizzotto.com\/fr\/produits\/mobilier-de-jardin\/tables-ensembles-dexterieur\/tables-de-jardin\/table-maverick-240x100\",\"url\":\"https:\/\/www.bizzotto.com\/fr\/produits\/mobilier-de-jardin\/tables-ensembles-dexterieur\/tables-de-jardin\/table-maverick-240x100\",\"name\":\"TABLE MAVERICK 240X100 - Bizzotto\",\"isPartOf\":{\"@id\":\"https:\/\/www.bizzotto.com\/fr#website\"},\"primaryImageOfPage\":{\"@id\":\"https:\/\/www.bizzotto.com\/fr\/produits\/mobilier-de-jardin\/tables-ensembles-dexterieur\/tables-de-jardin\/table-maverick-240x100#primaryimage\"},\"image\":{\"@id\":\"https:\/\/www.bizzotto.com\/fr\/produits\/mobilier-de-jardin\/tables-ensembles-dexterieur\/tables-de-jardin\/table-maverick-240x100#primaryimage\"},\"thumbnailUrl\":\"https:\/\/www.bizzotto.com\/wp-content\/uploads\/2026\/03\/0804478-AM71.jpg\",\"datePublished\":\"2026-03-19T10:39:33+00:00\",\"dateModified\":\"2026-03-30T07:46:43+00:00\",\"breadcrumb\":{\"@id\":\"https:\/\/www.bizzotto.com\/fr\/produits\/mobilier-de-jardin\/tables-ensembles-dexterieur\/tables-de-jardin\/table-maverick-240x100#breadcrumb\"},\"inLanguage\":\"fr-FR\",\"potentialAction\":[{\"@type\":\"ReadAction\",\"target\":[\"https:\/\/www.bizzotto.com\/fr\/produits\/mobilier-de-jardin\/tables-ensembles-dexterieur\/tables-de-jardin\/table-maverick-240x100\"]}]},{\"@type\":\"ImageObject\",\"inLanguage\":\"fr-FR\",\"@id\":\"https:\/\/www.bizzotto.com\/fr\/produits\/mobilier-de-jardin\/tables-ensembles-dexterieur\/tables-de-jardin\/table-maverick-240x100#primaryimage\",\"url\":\"https:\/\/www.bizzotto.com\/wp-content\/uploads\/2026\/03\/0804478-AM71.jpg\",\"contentUrl\":\"https:\/\/www.bizzotto.com\/wp-content\/uploads\/2026\/03\/0804478-AM71.jpg\",\"width\":1878,\"height\":1080},{\"@type\":\"BreadcrumbList\",\"@id\":\"https:\/\/www.bizzotto.com\/fr\/produits\/mobilier-de-jardin\/tables-ensembles-dexterieur\/tables-de-jardin\/table-maverick-240x100#breadcrumb\",\"itemListElement\":[{\"@type\":\"ListItem\",\"position\":1,\"name\":\"Home\",\"item\":\"https:\/\/www.bizzotto.com\/fr\"},{\"@type\":\"ListItem\",\"position\":2,\"name\":\"Boutique\",\"item\":\"https:\/\/www.bizzotto.com\/fr\/boutique\"},{\"@type\":\"ListItem\",\"position\":3,\"name\":\"Mobilier de jardin\",\"item\":\"https:\/\/www.bizzotto.com\/fr\/categorie-de-produit\/mobilier-de-jardin\"},{\"@type\":\"ListItem\",\"position\":4,\"name\":\"Tables &amp; ensembles d\u2019ext\u00e9rieur\",\"item\":\"https:\/\/www.bizzotto.com\/fr\/categorie-de-produit\/mobilier-de-jardin\/tables-ensembles-dexterieur\"},{\"@type\":\"ListItem\",\"position\":5,\"name\":\"Tables de jardin\",\"item\":\"https:\/\/www.bizzotto.com\/fr\/categorie-de-produit\/mobilier-de-jardin\/tables-ensembles-dexterieur\/tables-de-jardin\"},{\"@type\":\"ListItem\",\"position\":6,\"name\":\"TABLE MAVERICK 240X100\"}]},{\"@type\":\"WebSite\",\"@id\":\"https:\/\/www.bizzotto.com\/fr#website\",\"url\":\"https:\/\/www.bizzotto.com\/fr\",\"name\":\"Bizzotto\",\"description\":\"\",\"potentialAction\":[{\"@type\":\"SearchAction\",\"target\":{\"@type\":\"EntryPoint\",\"urlTemplate\":\"https:\/\/www.bizzotto.com\/fr?s={search_term_string}\"},\"query-input\":{\"@type\":\"PropertyValueSpecification\",\"valueRequired\":true,\"valueName\":\"search_term_string\"}}],\"inLanguage\":\"fr-FR\"}]}<\/script>\n<!-- \/ Yoast SEO plugin. -->","yoast_head_json":{"title":"TABLE MAVERICK 240X100 - Bizzotto","robots":{"index":"index","follow":"follow","max-snippet":"max-snippet:-1","max-image-preview":"max-image-preview:large","max-video-preview":"max-video-preview:-1"},"canonical":"https:\/\/www.bizzotto.com\/fr\/produits\/mobilier-de-jardin\/tables-ensembles-dexterieur\/tables-de-jardin\/table-maverick-240x100","og_locale":"fr_FR","og_type":"article","og_title":"TABLE MAVERICK 240X100 - Bizzotto","og_description":"Table de Jardin Maverick 240x100 cm","og_url":"https:\/\/www.bizzotto.com\/fr\/produits\/mobilier-de-jardin\/tables-ensembles-dexterieur\/tables-de-jardin\/table-maverick-240x100","og_site_name":"Bizzotto","article_modified_time":"2026-03-30T07:46:43+00:00","og_image":[{"width":1878,"height":1080,"url":"https:\/\/www.bizzotto.com\/wp-content\/uploads\/2026\/03\/0804478-AM71.jpg","type":"image\/jpeg"}],"twitter_card":"summary_large_image","schema":{"@context":"https:\/\/schema.org","@graph":[{"@type":"WebPage","@id":"https:\/\/www.bizzotto.com\/fr\/produits\/mobilier-de-jardin\/tables-ensembles-dexterieur\/tables-de-jardin\/table-maverick-240x100","url":"https:\/\/www.bizzotto.com\/fr\/produits\/mobilier-de-jardin\/tables-ensembles-dexterieur\/tables-de-jardin\/table-maverick-240x100","name":"TABLE MAVERICK 240X100 - Bizzotto","isPartOf":{"@id":"https:\/\/www.bizzotto.com\/fr#website"},"primaryImageOfPage":{"@id":"https:\/\/www.bizzotto.com\/fr\/produits\/mobilier-de-jardin\/tables-ensembles-dexterieur\/tables-de-jardin\/table-maverick-240x100#primaryimage"},"image":{"@id":"https:\/\/www.bizzotto.com\/fr\/produits\/mobilier-de-jardin\/tables-ensembles-dexterieur\/tables-de-jardin\/table-maverick-240x100#primaryimage"},"thumbnailUrl":"https:\/\/www.bizzotto.com\/wp-content\/uploads\/2026\/03\/0804478-AM71.jpg","datePublished":"2026-03-19T10:39:33+00:00","dateModified":"2026-03-30T07:46:43+00:00","breadcrumb":{"@id":"https:\/\/www.bizzotto.com\/fr\/produits\/mobilier-de-jardin\/tables-ensembles-dexterieur\/tables-de-jardin\/table-maverick-240x100#breadcrumb"},"inLanguage":"fr-FR","potentialAction":[{"@type":"ReadAction","target":["https:\/\/www.bizzotto.com\/fr\/produits\/mobilier-de-jardin\/tables-ensembles-dexterieur\/tables-de-jardin\/table-maverick-240x100"]}]},{"@type":"ImageObject","inLanguage":"fr-FR","@id":"https:\/\/www.bizzotto.com\/fr\/produits\/mobilier-de-jardin\/tables-ensembles-dexterieur\/tables-de-jardin\/table-maverick-240x100#primaryimage","url":"https:\/\/www.bizzotto.com\/wp-content\/uploads\/2026\/03\/0804478-AM71.jpg","contentUrl":"https:\/\/www.bizzotto.com\/wp-content\/uploads\/2026\/03\/0804478-AM71.jpg","width":1878,"height":1080},{"@type":"BreadcrumbList","@id":"https:\/\/www.bizzotto.com\/fr\/produits\/mobilier-de-jardin\/tables-ensembles-dexterieur\/tables-de-jardin\/table-maverick-240x100#breadcrumb","itemListElement":[{"@type":"ListItem","position":1,"name":"Home","item":"https:\/\/www.bizzotto.com\/fr"},{"@type":"ListItem","position":2,"name":"Boutique","item":"https:\/\/www.bizzotto.com\/fr\/boutique"},{"@type":"ListItem","position":3,"name":"Mobilier de jardin","item":"https:\/\/www.bizzotto.com\/fr\/categorie-de-produit\/mobilier-de-jardin"},{"@type":"ListItem","position":4,"name":"Tables &amp; ensembles d\u2019ext\u00e9rieur","item":"https:\/\/www.bizzotto.com\/fr\/categorie-de-produit\/mobilier-de-jardin\/tables-ensembles-dexterieur"},{"@type":"ListItem","position":5,"name":"Tables de jardin","item":"https:\/\/www.bizzotto.com\/fr\/categorie-de-produit\/mobilier-de-jardin\/tables-ensembles-dexterieur\/tables-de-jardin"},{"@type":"ListItem","position":6,"name":"TABLE MAVERICK 240X100"}]},{"@type":"WebSite","@id":"https:\/\/www.bizzotto.com\/fr#website","url":"https:\/\/www.bizzotto.com\/fr","name":"Bizzotto","description":"","potentialAction":[{"@type":"SearchAction","target":{"@type":"EntryPoint","urlTemplate":"https:\/\/www.bizzotto.com\/fr?s={search_term_string}"},"query-input":{"@type":"PropertyValueSpecification","valueRequired":true,"valueName":"search_term_string"}}],"inLanguage":"fr-FR"}]}},"_links":{"self":[{"href":"https:\/\/www.bizzotto.com\/fr\/wp-json\/wp\/v2\/product\/78604","targetHints":{"allow":["GET"]}}],"collection":[{"href":"https:\/\/www.bizzotto.com\/fr\/wp-json\/wp\/v2\/product"}],"about":[{"href":"https:\/\/www.bizzotto.com\/fr\/wp-json\/wp\/v2\/types\/product"}],"replies":[{"embeddable":true,"href":"https:\/\/www.bizzotto.com\/fr\/wp-json\/wp\/v2\/comments?post=78604"}],"wp:featuredmedia":[{"embeddable":true,"href":"https:\/\/www.bizzotto.com\/fr\/wp-json\/wp\/v2\/media\/78538"}],"wp:attachment":[{"href":"https:\/\/www.bizzotto.com\/fr\/wp-json\/wp\/v2\/media?parent=78604"}],"wp:term":[{"taxonomy":"codifica-stile","embeddable":true,"href":"https:\/\/www.bizzotto.com\/fr\/wp-json\/wp\/v2\/codifica-stile?post=78604"},{"taxonomy":"divisione","embeddable":true,"href":"https:\/\/www.bizzotto.com\/fr\/wp-json\/wp\/v2\/divisione?post=78604"},{"taxonomy":"novita","embeddable":true,"href":"https:\/\/www.bizzotto.com\/fr\/wp-json\/wp\/v2\/novita?post=78604"},{"taxonomy":"stile","embeddable":true,"href":"https:\/\/www.bizzotto.com\/fr\/wp-json\/wp\/v2\/stile?post=78604"},{"taxonomy":"product_brand","embeddable":true,"href":"https:\/\/www.bizzotto.com\/fr\/wp-json\/wp\/v2\/product_brand?post=78604"},{"taxonomy":"product_cat","embeddable":true,"href":"https:\/\/www.bizzotto.com\/fr\/wp-json\/wp\/v2\/product_cat?post=78604"},{"taxonomy":"product_tag","embeddable":true,"href":"https:\/\/www.bizzotto.com\/fr\/wp-json\/wp\/v2\/product_tag?post=78604"}],"curies":[{"name":"wp","href":"https:\/\/api.w.org\/{rel}","templated":true}]}}