{"id":78214,"date":"2026-03-19T11:37:20","date_gmt":"2026-03-19T10:37:20","guid":{"rendered":"https:\/\/www.bizzotto.com\/prodotti\/non%20class\u00e9\/table-ext-bounty-160-220-teck-recycle"},"modified":"2026-03-30T09:45:49","modified_gmt":"2026-03-30T07:45:49","slug":"table-ext-bounty-160-220-teck-recycle","status":"publish","type":"product","link":"https:\/\/www.bizzotto.com\/fr\/produits\/mobilier-de-jardin\/tables-ensembles-dexterieur\/tables-de-jardin\/table-ext-bounty-160-220-teck-recycle","title":{"rendered":"TABLE EXT. BOUNTY 160-220 TECK RECYCL\u00c9"},"content":{"rendered":"<p>TECK RECYCL\u00c9 &#8211; SVLK (BOIS CERTIFI\u00c9 PROVENANT DE F\u00d4RETS G\u00c9R\u00c9ES DURABLEMENT), FINITION RUSTIQUE, \u00c9PAISSEUR PLATEAU 4 CM, PIED 8.5X8.5 CM. QUINCAILLERIE EN ACIER INOXYDABLE. COULISSE DE RALLONGE EN ALUMINIUM. RALLONGE CENTRALE PAPILLON. PIEDS \u00c0 ASSEMBLER. LE PRODUIT EN BOIS RECYCLE SE CARACTERISE PAR LA PRESENCE DE BOUCHONS EN BOIS DE DIFFERENTES ESSENCES ET COULEURS. DES EVENTUELLES FISSURES OU IMPERFECTIONS, QUI PEUVENT EGALEMENT ETRE GENEREES AU FIL DU TEMPS, SONT DES CARACTERISTIQUES TYPIQUES DE CE MATERIAU, ET RENDENT CHAQUE PIECE UNIQUE ET ORIGINALE.<\/p>\n","protected":false},"excerpt":{"rendered":"<p>Table de Jardin Bounty 160-220&#215;95 cm<\/p>\n","protected":false},"featured_media":78148,"comment_status":"open","ping_status":"closed","template":"","meta":{"_acf_changed":false},"codifica-stile":[459],"divisione":[505],"novita":[],"stile":[766,774],"product_brand":[61],"product_cat":[705,785,2168,707,2170,716],"product_tag":[1710],"class_list":{"0":"post-78214","1":"product","2":"type-product","3":"status-publish","4":"has-post-thumbnail","6":"codifica-stile-es","7":"divisione-bizzotto-arredo-esterno-fr","8":"stile-naturale","9":"stile-organique","10":"product_brand-bizzotto","11":"product_cat-arredo-giardino","12":"product_cat-mobilier-de-jardin","13":"product_cat-tables-ensembles-dexterieur","14":"product_cat-tavoli-set-outdoor","15":"product_cat-tables-de-jardin","16":"product_cat-tavoli-da-giardino","17":"product_tag-ag-gl-ev","20":"first","21":"instock","22":"shipping-taxable","23":"purchasable","24":"product-type-simple"},"acf":[],"yoast_head":"<!-- This site is optimized with the Yoast SEO plugin v26.6 - https:\/\/yoast.com\/wordpress\/plugins\/seo\/ -->\n<title>TABLE EXT. BOUNTY 160-220 TECK RECYCL\u00c9 - Bizzotto<\/title>\n<meta name=\"robots\" content=\"index, follow, max-snippet:-1, max-image-preview:large, max-video-preview:-1\" \/>\n<link rel=\"canonical\" href=\"https:\/\/www.bizzotto.com\/fr\/produits\/mobilier-de-jardin\/tables-ensembles-dexterieur\/tables-de-jardin\/table-ext-bounty-160-220-teck-recycle\" \/>\n<meta property=\"og:locale\" content=\"fr_FR\" \/>\n<meta property=\"og:type\" content=\"article\" \/>\n<meta property=\"og:title\" content=\"TABLE EXT. BOUNTY 160-220 TECK RECYCL\u00c9 - Bizzotto\" \/>\n<meta property=\"og:description\" content=\"Table de Jardin Bounty 160-220x95 cm\" \/>\n<meta property=\"og:url\" content=\"https:\/\/www.bizzotto.com\/fr\/produits\/mobilier-de-jardin\/tables-ensembles-dexterieur\/tables-de-jardin\/table-ext-bounty-160-220-teck-recycle\" \/>\n<meta property=\"og:site_name\" content=\"Bizzotto\" \/>\n<meta property=\"article:modified_time\" content=\"2026-03-30T07:45:49+00:00\" \/>\n<meta property=\"og:image\" content=\"https:\/\/www.bizzotto.com\/wp-content\/uploads\/2026\/03\/0804356-AM61.jpg\" \/>\n\t<meta property=\"og:image:width\" content=\"784\" \/>\n\t<meta property=\"og:image:height\" content=\"1080\" \/>\n\t<meta property=\"og:image:type\" content=\"image\/jpeg\" \/>\n<meta name=\"twitter:card\" content=\"summary_large_image\" \/>\n<script type=\"application\/ld+json\" class=\"yoast-schema-graph\">{\"@context\":\"https:\/\/schema.org\",\"@graph\":[{\"@type\":\"WebPage\",\"@id\":\"https:\/\/www.bizzotto.com\/fr\/produits\/mobilier-de-jardin\/tables-ensembles-dexterieur\/tables-de-jardin\/table-ext-bounty-160-220-teck-recycle\",\"url\":\"https:\/\/www.bizzotto.com\/fr\/produits\/mobilier-de-jardin\/tables-ensembles-dexterieur\/tables-de-jardin\/table-ext-bounty-160-220-teck-recycle\",\"name\":\"TABLE EXT. BOUNTY 160-220 TECK RECYCL\u00c9 - Bizzotto\",\"isPartOf\":{\"@id\":\"https:\/\/www.bizzotto.com\/fr#website\"},\"primaryImageOfPage\":{\"@id\":\"https:\/\/www.bizzotto.com\/fr\/produits\/mobilier-de-jardin\/tables-ensembles-dexterieur\/tables-de-jardin\/table-ext-bounty-160-220-teck-recycle#primaryimage\"},\"image\":{\"@id\":\"https:\/\/www.bizzotto.com\/fr\/produits\/mobilier-de-jardin\/tables-ensembles-dexterieur\/tables-de-jardin\/table-ext-bounty-160-220-teck-recycle#primaryimage\"},\"thumbnailUrl\":\"https:\/\/www.bizzotto.com\/wp-content\/uploads\/2026\/03\/0804356-AM61.jpg\",\"datePublished\":\"2026-03-19T10:37:20+00:00\",\"dateModified\":\"2026-03-30T07:45:49+00:00\",\"breadcrumb\":{\"@id\":\"https:\/\/www.bizzotto.com\/fr\/produits\/mobilier-de-jardin\/tables-ensembles-dexterieur\/tables-de-jardin\/table-ext-bounty-160-220-teck-recycle#breadcrumb\"},\"inLanguage\":\"fr-FR\",\"potentialAction\":[{\"@type\":\"ReadAction\",\"target\":[\"https:\/\/www.bizzotto.com\/fr\/produits\/mobilier-de-jardin\/tables-ensembles-dexterieur\/tables-de-jardin\/table-ext-bounty-160-220-teck-recycle\"]}]},{\"@type\":\"ImageObject\",\"inLanguage\":\"fr-FR\",\"@id\":\"https:\/\/www.bizzotto.com\/fr\/produits\/mobilier-de-jardin\/tables-ensembles-dexterieur\/tables-de-jardin\/table-ext-bounty-160-220-teck-recycle#primaryimage\",\"url\":\"https:\/\/www.bizzotto.com\/wp-content\/uploads\/2026\/03\/0804356-AM61.jpg\",\"contentUrl\":\"https:\/\/www.bizzotto.com\/wp-content\/uploads\/2026\/03\/0804356-AM61.jpg\",\"width\":784,\"height\":1080},{\"@type\":\"BreadcrumbList\",\"@id\":\"https:\/\/www.bizzotto.com\/fr\/produits\/mobilier-de-jardin\/tables-ensembles-dexterieur\/tables-de-jardin\/table-ext-bounty-160-220-teck-recycle#breadcrumb\",\"itemListElement\":[{\"@type\":\"ListItem\",\"position\":1,\"name\":\"Home\",\"item\":\"https:\/\/www.bizzotto.com\/fr\"},{\"@type\":\"ListItem\",\"position\":2,\"name\":\"Boutique\",\"item\":\"https:\/\/www.bizzotto.com\/fr\/boutique\"},{\"@type\":\"ListItem\",\"position\":3,\"name\":\"Mobilier de jardin\",\"item\":\"https:\/\/www.bizzotto.com\/fr\/categorie-de-produit\/mobilier-de-jardin\"},{\"@type\":\"ListItem\",\"position\":4,\"name\":\"Tables &amp; ensembles d\u2019ext\u00e9rieur\",\"item\":\"https:\/\/www.bizzotto.com\/fr\/categorie-de-produit\/mobilier-de-jardin\/tables-ensembles-dexterieur\"},{\"@type\":\"ListItem\",\"position\":5,\"name\":\"Tables de jardin\",\"item\":\"https:\/\/www.bizzotto.com\/fr\/categorie-de-produit\/mobilier-de-jardin\/tables-ensembles-dexterieur\/tables-de-jardin\"},{\"@type\":\"ListItem\",\"position\":6,\"name\":\"TABLE EXT. BOUNTY 160-220 TECK RECYCL\u00c9\"}]},{\"@type\":\"WebSite\",\"@id\":\"https:\/\/www.bizzotto.com\/fr#website\",\"url\":\"https:\/\/www.bizzotto.com\/fr\",\"name\":\"Bizzotto\",\"description\":\"\",\"potentialAction\":[{\"@type\":\"SearchAction\",\"target\":{\"@type\":\"EntryPoint\",\"urlTemplate\":\"https:\/\/www.bizzotto.com\/fr?s={search_term_string}\"},\"query-input\":{\"@type\":\"PropertyValueSpecification\",\"valueRequired\":true,\"valueName\":\"search_term_string\"}}],\"inLanguage\":\"fr-FR\"}]}<\/script>\n<!-- \/ Yoast SEO plugin. -->","yoast_head_json":{"title":"TABLE EXT. BOUNTY 160-220 TECK RECYCL\u00c9 - Bizzotto","robots":{"index":"index","follow":"follow","max-snippet":"max-snippet:-1","max-image-preview":"max-image-preview:large","max-video-preview":"max-video-preview:-1"},"canonical":"https:\/\/www.bizzotto.com\/fr\/produits\/mobilier-de-jardin\/tables-ensembles-dexterieur\/tables-de-jardin\/table-ext-bounty-160-220-teck-recycle","og_locale":"fr_FR","og_type":"article","og_title":"TABLE EXT. BOUNTY 160-220 TECK RECYCL\u00c9 - Bizzotto","og_description":"Table de Jardin Bounty 160-220x95 cm","og_url":"https:\/\/www.bizzotto.com\/fr\/produits\/mobilier-de-jardin\/tables-ensembles-dexterieur\/tables-de-jardin\/table-ext-bounty-160-220-teck-recycle","og_site_name":"Bizzotto","article_modified_time":"2026-03-30T07:45:49+00:00","og_image":[{"width":784,"height":1080,"url":"https:\/\/www.bizzotto.com\/wp-content\/uploads\/2026\/03\/0804356-AM61.jpg","type":"image\/jpeg"}],"twitter_card":"summary_large_image","schema":{"@context":"https:\/\/schema.org","@graph":[{"@type":"WebPage","@id":"https:\/\/www.bizzotto.com\/fr\/produits\/mobilier-de-jardin\/tables-ensembles-dexterieur\/tables-de-jardin\/table-ext-bounty-160-220-teck-recycle","url":"https:\/\/www.bizzotto.com\/fr\/produits\/mobilier-de-jardin\/tables-ensembles-dexterieur\/tables-de-jardin\/table-ext-bounty-160-220-teck-recycle","name":"TABLE EXT. BOUNTY 160-220 TECK RECYCL\u00c9 - Bizzotto","isPartOf":{"@id":"https:\/\/www.bizzotto.com\/fr#website"},"primaryImageOfPage":{"@id":"https:\/\/www.bizzotto.com\/fr\/produits\/mobilier-de-jardin\/tables-ensembles-dexterieur\/tables-de-jardin\/table-ext-bounty-160-220-teck-recycle#primaryimage"},"image":{"@id":"https:\/\/www.bizzotto.com\/fr\/produits\/mobilier-de-jardin\/tables-ensembles-dexterieur\/tables-de-jardin\/table-ext-bounty-160-220-teck-recycle#primaryimage"},"thumbnailUrl":"https:\/\/www.bizzotto.com\/wp-content\/uploads\/2026\/03\/0804356-AM61.jpg","datePublished":"2026-03-19T10:37:20+00:00","dateModified":"2026-03-30T07:45:49+00:00","breadcrumb":{"@id":"https:\/\/www.bizzotto.com\/fr\/produits\/mobilier-de-jardin\/tables-ensembles-dexterieur\/tables-de-jardin\/table-ext-bounty-160-220-teck-recycle#breadcrumb"},"inLanguage":"fr-FR","potentialAction":[{"@type":"ReadAction","target":["https:\/\/www.bizzotto.com\/fr\/produits\/mobilier-de-jardin\/tables-ensembles-dexterieur\/tables-de-jardin\/table-ext-bounty-160-220-teck-recycle"]}]},{"@type":"ImageObject","inLanguage":"fr-FR","@id":"https:\/\/www.bizzotto.com\/fr\/produits\/mobilier-de-jardin\/tables-ensembles-dexterieur\/tables-de-jardin\/table-ext-bounty-160-220-teck-recycle#primaryimage","url":"https:\/\/www.bizzotto.com\/wp-content\/uploads\/2026\/03\/0804356-AM61.jpg","contentUrl":"https:\/\/www.bizzotto.com\/wp-content\/uploads\/2026\/03\/0804356-AM61.jpg","width":784,"height":1080},{"@type":"BreadcrumbList","@id":"https:\/\/www.bizzotto.com\/fr\/produits\/mobilier-de-jardin\/tables-ensembles-dexterieur\/tables-de-jardin\/table-ext-bounty-160-220-teck-recycle#breadcrumb","itemListElement":[{"@type":"ListItem","position":1,"name":"Home","item":"https:\/\/www.bizzotto.com\/fr"},{"@type":"ListItem","position":2,"name":"Boutique","item":"https:\/\/www.bizzotto.com\/fr\/boutique"},{"@type":"ListItem","position":3,"name":"Mobilier de jardin","item":"https:\/\/www.bizzotto.com\/fr\/categorie-de-produit\/mobilier-de-jardin"},{"@type":"ListItem","position":4,"name":"Tables &amp; ensembles d\u2019ext\u00e9rieur","item":"https:\/\/www.bizzotto.com\/fr\/categorie-de-produit\/mobilier-de-jardin\/tables-ensembles-dexterieur"},{"@type":"ListItem","position":5,"name":"Tables de jardin","item":"https:\/\/www.bizzotto.com\/fr\/categorie-de-produit\/mobilier-de-jardin\/tables-ensembles-dexterieur\/tables-de-jardin"},{"@type":"ListItem","position":6,"name":"TABLE EXT. BOUNTY 160-220 TECK RECYCL\u00c9"}]},{"@type":"WebSite","@id":"https:\/\/www.bizzotto.com\/fr#website","url":"https:\/\/www.bizzotto.com\/fr","name":"Bizzotto","description":"","potentialAction":[{"@type":"SearchAction","target":{"@type":"EntryPoint","urlTemplate":"https:\/\/www.bizzotto.com\/fr?s={search_term_string}"},"query-input":{"@type":"PropertyValueSpecification","valueRequired":true,"valueName":"search_term_string"}}],"inLanguage":"fr-FR"}]}},"_links":{"self":[{"href":"https:\/\/www.bizzotto.com\/fr\/wp-json\/wp\/v2\/product\/78214","targetHints":{"allow":["GET"]}}],"collection":[{"href":"https:\/\/www.bizzotto.com\/fr\/wp-json\/wp\/v2\/product"}],"about":[{"href":"https:\/\/www.bizzotto.com\/fr\/wp-json\/wp\/v2\/types\/product"}],"replies":[{"embeddable":true,"href":"https:\/\/www.bizzotto.com\/fr\/wp-json\/wp\/v2\/comments?post=78214"}],"wp:featuredmedia":[{"embeddable":true,"href":"https:\/\/www.bizzotto.com\/fr\/wp-json\/wp\/v2\/media\/78148"}],"wp:attachment":[{"href":"https:\/\/www.bizzotto.com\/fr\/wp-json\/wp\/v2\/media?parent=78214"}],"wp:term":[{"taxonomy":"codifica-stile","embeddable":true,"href":"https:\/\/www.bizzotto.com\/fr\/wp-json\/wp\/v2\/codifica-stile?post=78214"},{"taxonomy":"divisione","embeddable":true,"href":"https:\/\/www.bizzotto.com\/fr\/wp-json\/wp\/v2\/divisione?post=78214"},{"taxonomy":"novita","embeddable":true,"href":"https:\/\/www.bizzotto.com\/fr\/wp-json\/wp\/v2\/novita?post=78214"},{"taxonomy":"stile","embeddable":true,"href":"https:\/\/www.bizzotto.com\/fr\/wp-json\/wp\/v2\/stile?post=78214"},{"taxonomy":"product_brand","embeddable":true,"href":"https:\/\/www.bizzotto.com\/fr\/wp-json\/wp\/v2\/product_brand?post=78214"},{"taxonomy":"product_cat","embeddable":true,"href":"https:\/\/www.bizzotto.com\/fr\/wp-json\/wp\/v2\/product_cat?post=78214"},{"taxonomy":"product_tag","embeddable":true,"href":"https:\/\/www.bizzotto.com\/fr\/wp-json\/wp\/v2\/product_tag?post=78214"}],"curies":[{"name":"wp","href":"https:\/\/api.w.org\/{rel}","templated":true}]}}