{"id":77884,"date":"2026-03-19T11:35:34","date_gmt":"2026-03-19T10:35:34","guid":{"rendered":"https:\/\/www.bizzotto.com\/prodotti\/non%20class\u00e9\/tonnelle-marea-3x3-anthracite"},"modified":"2026-03-30T09:46:30","modified_gmt":"2026-03-30T07:46:30","slug":"tonnelle-marea-3x3-anthracite","status":"publish","type":"product","link":"https:\/\/www.bizzotto.com\/fr\/produits\/arredo-giardino\/ombreggianti-strutture-giardino\/pergole\/tonnelle-marea-3x3-anthracite","title":{"rendered":"TONNELLE MAREA 3X3 ANTHRACITE"},"content":{"rendered":"<p>STRUCTURE EN ALUMINIUM PEINT \u00c0 POUDRE (POLYESTER). POTEAUX PORTEURS 111X111MM, TRAVERSES 140X75MM. TOIT LAMELLAIRE EN ACIER GALVANIS\u00c9 ORIENTABLE PAR MANIVELLE. LAMES BRISE-SOLEIL 173X30MM. SYST\u00c8ME DE SORTIE D\u2019EAU INT\u00c9GR\u00c9 \u00c0 L\u2019INT\u00c9RIEUR DES POTEAUX PORTEURS. VISSERIE EN ACIER INOXYDABLE. \u00c0 ASSEMBLER<\/p>\n","protected":false},"excerpt":{"rendered":"<p>de Jardin Marea 3&#215;3 anthracite<\/p>\n","protected":false},"featured_media":77855,"comment_status":"open","ping_status":"closed","template":"","meta":{"_acf_changed":false},"codifica-stile":[457],"divisione":[505],"novita":[494],"stile":[765],"product_brand":[61],"product_cat":[705,708,722],"product_tag":[1730],"class_list":{"0":"post-77884","1":"product","2":"type-product","3":"status-publish","4":"has-post-thumbnail","6":"codifica-stile-cn","7":"divisione-bizzotto-arredo-esterno-fr","8":"novita-new","9":"stile-contemporaneo","10":"product_brand-bizzotto","11":"product_cat-arredo-giardino","12":"product_cat-ombreggianti-strutture-giardino","13":"product_cat-pergole","14":"product_tag-ag-gt-nm","17":"first","18":"instock","19":"shipping-taxable","20":"purchasable","21":"product-type-simple"},"acf":[],"yoast_head":"<!-- This site is optimized with the Yoast SEO plugin v26.6 - https:\/\/yoast.com\/wordpress\/plugins\/seo\/ -->\n<title>TONNELLE MAREA 3X3 ANTHRACITE - Bizzotto<\/title>\n<meta name=\"robots\" content=\"index, follow, max-snippet:-1, max-image-preview:large, max-video-preview:-1\" \/>\n<link rel=\"canonical\" href=\"https:\/\/www.bizzotto.com\/fr\/produits\/arredo-giardino\/ombreggianti-strutture-giardino\/pergole\/tonnelle-marea-3x3-anthracite\" \/>\n<meta property=\"og:locale\" content=\"fr_FR\" \/>\n<meta property=\"og:type\" content=\"article\" \/>\n<meta property=\"og:title\" content=\"TONNELLE MAREA 3X3 ANTHRACITE - Bizzotto\" \/>\n<meta property=\"og:description\" content=\"de Jardin Marea 3x3 anthracite\" \/>\n<meta property=\"og:url\" content=\"https:\/\/www.bizzotto.com\/fr\/produits\/arredo-giardino\/ombreggianti-strutture-giardino\/pergole\/tonnelle-marea-3x3-anthracite\" \/>\n<meta property=\"og:site_name\" content=\"Bizzotto\" \/>\n<meta property=\"article:modified_time\" content=\"2026-03-30T07:46:30+00:00\" \/>\n<meta property=\"og:image\" content=\"https:\/\/www.bizzotto.com\/wp-content\/uploads\/2026\/03\/0796052-TF1.jpg\" \/>\n\t<meta property=\"og:image:width\" content=\"1296\" \/>\n\t<meta property=\"og:image:height\" content=\"1080\" \/>\n\t<meta property=\"og:image:type\" content=\"image\/jpeg\" \/>\n<meta name=\"twitter:card\" content=\"summary_large_image\" \/>\n<script type=\"application\/ld+json\" class=\"yoast-schema-graph\">{\"@context\":\"https:\/\/schema.org\",\"@graph\":[{\"@type\":\"WebPage\",\"@id\":\"https:\/\/www.bizzotto.com\/fr\/produits\/arredo-giardino\/ombreggianti-strutture-giardino\/pergole\/tonnelle-marea-3x3-anthracite\",\"url\":\"https:\/\/www.bizzotto.com\/fr\/produits\/arredo-giardino\/ombreggianti-strutture-giardino\/pergole\/tonnelle-marea-3x3-anthracite\",\"name\":\"TONNELLE MAREA 3X3 ANTHRACITE - Bizzotto\",\"isPartOf\":{\"@id\":\"https:\/\/www.bizzotto.com\/fr#website\"},\"primaryImageOfPage\":{\"@id\":\"https:\/\/www.bizzotto.com\/fr\/produits\/arredo-giardino\/ombreggianti-strutture-giardino\/pergole\/tonnelle-marea-3x3-anthracite#primaryimage\"},\"image\":{\"@id\":\"https:\/\/www.bizzotto.com\/fr\/produits\/arredo-giardino\/ombreggianti-strutture-giardino\/pergole\/tonnelle-marea-3x3-anthracite#primaryimage\"},\"thumbnailUrl\":\"https:\/\/www.bizzotto.com\/wp-content\/uploads\/2026\/03\/0796052-TF1.jpg\",\"datePublished\":\"2026-03-19T10:35:34+00:00\",\"dateModified\":\"2026-03-30T07:46:30+00:00\",\"breadcrumb\":{\"@id\":\"https:\/\/www.bizzotto.com\/fr\/produits\/arredo-giardino\/ombreggianti-strutture-giardino\/pergole\/tonnelle-marea-3x3-anthracite#breadcrumb\"},\"inLanguage\":\"fr-FR\",\"potentialAction\":[{\"@type\":\"ReadAction\",\"target\":[\"https:\/\/www.bizzotto.com\/fr\/produits\/arredo-giardino\/ombreggianti-strutture-giardino\/pergole\/tonnelle-marea-3x3-anthracite\"]}]},{\"@type\":\"ImageObject\",\"inLanguage\":\"fr-FR\",\"@id\":\"https:\/\/www.bizzotto.com\/fr\/produits\/arredo-giardino\/ombreggianti-strutture-giardino\/pergole\/tonnelle-marea-3x3-anthracite#primaryimage\",\"url\":\"https:\/\/www.bizzotto.com\/wp-content\/uploads\/2026\/03\/0796052-TF1.jpg\",\"contentUrl\":\"https:\/\/www.bizzotto.com\/wp-content\/uploads\/2026\/03\/0796052-TF1.jpg\",\"width\":1296,\"height\":1080,\"caption\":\"Pergola marea 3x3 antracite\"},{\"@type\":\"BreadcrumbList\",\"@id\":\"https:\/\/www.bizzotto.com\/fr\/produits\/arredo-giardino\/ombreggianti-strutture-giardino\/pergole\/tonnelle-marea-3x3-anthracite#breadcrumb\",\"itemListElement\":[{\"@type\":\"ListItem\",\"position\":1,\"name\":\"Home\",\"item\":\"https:\/\/www.bizzotto.com\/fr\"},{\"@type\":\"ListItem\",\"position\":2,\"name\":\"Boutique\",\"item\":\"https:\/\/www.bizzotto.com\/fr\/boutique\"},{\"@type\":\"ListItem\",\"position\":3,\"name\":\"Mobilier de jardin\",\"item\":\"https:\/\/www.bizzotto.com\/fr\/categorie-de-produit\/mobilier-de-jardin\"},{\"@type\":\"ListItem\",\"position\":4,\"name\":\"Ombrage &amp; structures de jardin\",\"item\":\"https:\/\/www.bizzotto.com\/fr\/categorie-de-produit\/mobilier-de-jardin\/ombrage-structures-de-jardin\"},{\"@type\":\"ListItem\",\"position\":5,\"name\":\"Pergolas\",\"item\":\"https:\/\/www.bizzotto.com\/fr\/categorie-de-produit\/mobilier-de-jardin\/ombrage-structures-de-jardin\/pergolas\"},{\"@type\":\"ListItem\",\"position\":6,\"name\":\"TONNELLE MAREA 3X3 ANTHRACITE\"}]},{\"@type\":\"WebSite\",\"@id\":\"https:\/\/www.bizzotto.com\/fr#website\",\"url\":\"https:\/\/www.bizzotto.com\/fr\",\"name\":\"Bizzotto\",\"description\":\"\",\"potentialAction\":[{\"@type\":\"SearchAction\",\"target\":{\"@type\":\"EntryPoint\",\"urlTemplate\":\"https:\/\/www.bizzotto.com\/fr?s={search_term_string}\"},\"query-input\":{\"@type\":\"PropertyValueSpecification\",\"valueRequired\":true,\"valueName\":\"search_term_string\"}}],\"inLanguage\":\"fr-FR\"}]}<\/script>\n<!-- \/ Yoast SEO plugin. -->","yoast_head_json":{"title":"TONNELLE MAREA 3X3 ANTHRACITE - Bizzotto","robots":{"index":"index","follow":"follow","max-snippet":"max-snippet:-1","max-image-preview":"max-image-preview:large","max-video-preview":"max-video-preview:-1"},"canonical":"https:\/\/www.bizzotto.com\/fr\/produits\/arredo-giardino\/ombreggianti-strutture-giardino\/pergole\/tonnelle-marea-3x3-anthracite","og_locale":"fr_FR","og_type":"article","og_title":"TONNELLE MAREA 3X3 ANTHRACITE - Bizzotto","og_description":"de Jardin Marea 3x3 anthracite","og_url":"https:\/\/www.bizzotto.com\/fr\/produits\/arredo-giardino\/ombreggianti-strutture-giardino\/pergole\/tonnelle-marea-3x3-anthracite","og_site_name":"Bizzotto","article_modified_time":"2026-03-30T07:46:30+00:00","og_image":[{"width":1296,"height":1080,"url":"https:\/\/www.bizzotto.com\/wp-content\/uploads\/2026\/03\/0796052-TF1.jpg","type":"image\/jpeg"}],"twitter_card":"summary_large_image","schema":{"@context":"https:\/\/schema.org","@graph":[{"@type":"WebPage","@id":"https:\/\/www.bizzotto.com\/fr\/produits\/arredo-giardino\/ombreggianti-strutture-giardino\/pergole\/tonnelle-marea-3x3-anthracite","url":"https:\/\/www.bizzotto.com\/fr\/produits\/arredo-giardino\/ombreggianti-strutture-giardino\/pergole\/tonnelle-marea-3x3-anthracite","name":"TONNELLE MAREA 3X3 ANTHRACITE - Bizzotto","isPartOf":{"@id":"https:\/\/www.bizzotto.com\/fr#website"},"primaryImageOfPage":{"@id":"https:\/\/www.bizzotto.com\/fr\/produits\/arredo-giardino\/ombreggianti-strutture-giardino\/pergole\/tonnelle-marea-3x3-anthracite#primaryimage"},"image":{"@id":"https:\/\/www.bizzotto.com\/fr\/produits\/arredo-giardino\/ombreggianti-strutture-giardino\/pergole\/tonnelle-marea-3x3-anthracite#primaryimage"},"thumbnailUrl":"https:\/\/www.bizzotto.com\/wp-content\/uploads\/2026\/03\/0796052-TF1.jpg","datePublished":"2026-03-19T10:35:34+00:00","dateModified":"2026-03-30T07:46:30+00:00","breadcrumb":{"@id":"https:\/\/www.bizzotto.com\/fr\/produits\/arredo-giardino\/ombreggianti-strutture-giardino\/pergole\/tonnelle-marea-3x3-anthracite#breadcrumb"},"inLanguage":"fr-FR","potentialAction":[{"@type":"ReadAction","target":["https:\/\/www.bizzotto.com\/fr\/produits\/arredo-giardino\/ombreggianti-strutture-giardino\/pergole\/tonnelle-marea-3x3-anthracite"]}]},{"@type":"ImageObject","inLanguage":"fr-FR","@id":"https:\/\/www.bizzotto.com\/fr\/produits\/arredo-giardino\/ombreggianti-strutture-giardino\/pergole\/tonnelle-marea-3x3-anthracite#primaryimage","url":"https:\/\/www.bizzotto.com\/wp-content\/uploads\/2026\/03\/0796052-TF1.jpg","contentUrl":"https:\/\/www.bizzotto.com\/wp-content\/uploads\/2026\/03\/0796052-TF1.jpg","width":1296,"height":1080,"caption":"Pergola marea 3x3 antracite"},{"@type":"BreadcrumbList","@id":"https:\/\/www.bizzotto.com\/fr\/produits\/arredo-giardino\/ombreggianti-strutture-giardino\/pergole\/tonnelle-marea-3x3-anthracite#breadcrumb","itemListElement":[{"@type":"ListItem","position":1,"name":"Home","item":"https:\/\/www.bizzotto.com\/fr"},{"@type":"ListItem","position":2,"name":"Boutique","item":"https:\/\/www.bizzotto.com\/fr\/boutique"},{"@type":"ListItem","position":3,"name":"Mobilier de jardin","item":"https:\/\/www.bizzotto.com\/fr\/categorie-de-produit\/mobilier-de-jardin"},{"@type":"ListItem","position":4,"name":"Ombrage &amp; structures de jardin","item":"https:\/\/www.bizzotto.com\/fr\/categorie-de-produit\/mobilier-de-jardin\/ombrage-structures-de-jardin"},{"@type":"ListItem","position":5,"name":"Pergolas","item":"https:\/\/www.bizzotto.com\/fr\/categorie-de-produit\/mobilier-de-jardin\/ombrage-structures-de-jardin\/pergolas"},{"@type":"ListItem","position":6,"name":"TONNELLE MAREA 3X3 ANTHRACITE"}]},{"@type":"WebSite","@id":"https:\/\/www.bizzotto.com\/fr#website","url":"https:\/\/www.bizzotto.com\/fr","name":"Bizzotto","description":"","potentialAction":[{"@type":"SearchAction","target":{"@type":"EntryPoint","urlTemplate":"https:\/\/www.bizzotto.com\/fr?s={search_term_string}"},"query-input":{"@type":"PropertyValueSpecification","valueRequired":true,"valueName":"search_term_string"}}],"inLanguage":"fr-FR"}]}},"_links":{"self":[{"href":"https:\/\/www.bizzotto.com\/fr\/wp-json\/wp\/v2\/product\/77884","targetHints":{"allow":["GET"]}}],"collection":[{"href":"https:\/\/www.bizzotto.com\/fr\/wp-json\/wp\/v2\/product"}],"about":[{"href":"https:\/\/www.bizzotto.com\/fr\/wp-json\/wp\/v2\/types\/product"}],"replies":[{"embeddable":true,"href":"https:\/\/www.bizzotto.com\/fr\/wp-json\/wp\/v2\/comments?post=77884"}],"wp:featuredmedia":[{"embeddable":true,"href":"https:\/\/www.bizzotto.com\/fr\/wp-json\/wp\/v2\/media\/77855"}],"wp:attachment":[{"href":"https:\/\/www.bizzotto.com\/fr\/wp-json\/wp\/v2\/media?parent=77884"}],"wp:term":[{"taxonomy":"codifica-stile","embeddable":true,"href":"https:\/\/www.bizzotto.com\/fr\/wp-json\/wp\/v2\/codifica-stile?post=77884"},{"taxonomy":"divisione","embeddable":true,"href":"https:\/\/www.bizzotto.com\/fr\/wp-json\/wp\/v2\/divisione?post=77884"},{"taxonomy":"novita","embeddable":true,"href":"https:\/\/www.bizzotto.com\/fr\/wp-json\/wp\/v2\/novita?post=77884"},{"taxonomy":"stile","embeddable":true,"href":"https:\/\/www.bizzotto.com\/fr\/wp-json\/wp\/v2\/stile?post=77884"},{"taxonomy":"product_brand","embeddable":true,"href":"https:\/\/www.bizzotto.com\/fr\/wp-json\/wp\/v2\/product_brand?post=77884"},{"taxonomy":"product_cat","embeddable":true,"href":"https:\/\/www.bizzotto.com\/fr\/wp-json\/wp\/v2\/product_cat?post=77884"},{"taxonomy":"product_tag","embeddable":true,"href":"https:\/\/www.bizzotto.com\/fr\/wp-json\/wp\/v2\/product_tag?post=77884"}],"curies":[{"name":"wp","href":"https:\/\/api.w.org\/{rel}","templated":true}]}}