{"id":77834,"date":"2026-03-19T11:35:23","date_gmt":"2026-03-19T10:35:23","guid":{"rendered":"https:\/\/www.bizzotto.com\/prodotti\/non%20class\u00e9\/tonnelle-ocean-3-6x6-natural-soie"},"modified":"2026-03-30T09:46:34","modified_gmt":"2026-03-30T07:46:34","slug":"tonnelle-ocean-3-6x6-natural-soie","status":"publish","type":"product","link":"https:\/\/www.bizzotto.com\/fr\/produits\/mobilier-de-jardin\/ombrage-structures-de-jardin\/pergolas\/tonnelle-ocean-3-6x6-natural-soie","title":{"rendered":"TONNELLE OCEAN 3.6X6 NATURAL SOIE"},"content":{"rendered":"<p>STRUCTURE EN ALUMINIUM. POTEAUX PORTANTS 111X111MM, TRAVERSES 140X75MM. TOIT LAMELLAIRE PEINT \u00c0 POUDRE (POLYESTER), ORIENTABLE PAR MANIVELLE. LAMES BRISE-SOLEIL DOUBLE COUCHE 173X30MM. POTEAUX PORTEURS ET TRAVERSES AVEC APPLICATION DE FILM EN PVC (FEUILLE LAMIN\u00c9E HIGH-TECH) IMPRIM\u00c9 3D EFFET BOIS VEIN\u00c9. SYST\u00c8ME D\u2019\u00c9COULEMENT DE L\u2019EAU INT\u00c9GR\u00c9 \u00c0 L\u2019INT\u00c9RIEUR DES POTEAUX PORTEURS. VIS EN ACIER INOXYDABLE. \u00c0 ASSEMBLER.<\/p>\n","protected":false},"excerpt":{"rendered":"<p>de Jardin Ocean 3.6&#215;6 cm<\/p>\n","protected":false},"featured_media":77825,"comment_status":"open","ping_status":"closed","template":"","meta":{"_acf_changed":false},"codifica-stile":[457],"divisione":[505],"novita":[494],"stile":[773,765],"product_brand":[61],"product_cat":[705,785,2162,708,2164,722],"product_tag":[1730],"class_list":{"0":"post-77834","1":"product","2":"type-product","3":"status-publish","4":"has-post-thumbnail","6":"codifica-stile-cn","7":"divisione-bizzotto-arredo-esterno-fr","8":"novita-new","9":"stile-contemporain","10":"stile-contemporaneo","11":"product_brand-bizzotto","12":"product_cat-arredo-giardino","13":"product_cat-mobilier-de-jardin","14":"product_cat-ombrage-structures-de-jardin","15":"product_cat-ombreggianti-strutture-giardino","16":"product_cat-pergolas","17":"product_cat-pergole","18":"product_tag-ag-gt-nm","21":"first","22":"instock","23":"shipping-taxable","24":"purchasable","25":"product-type-simple"},"acf":[],"yoast_head":"<!-- This site is optimized with the Yoast SEO plugin v26.6 - https:\/\/yoast.com\/wordpress\/plugins\/seo\/ -->\n<title>TONNELLE OCEAN 3.6X6 NATURAL SOIE - Bizzotto<\/title>\n<meta name=\"robots\" content=\"index, follow, max-snippet:-1, max-image-preview:large, max-video-preview:-1\" \/>\n<link rel=\"canonical\" href=\"https:\/\/www.bizzotto.com\/fr\/produits\/mobilier-de-jardin\/ombrage-structures-de-jardin\/pergolas\/tonnelle-ocean-3-6x6-natural-soie\" \/>\n<meta property=\"og:locale\" content=\"fr_FR\" \/>\n<meta property=\"og:type\" content=\"article\" \/>\n<meta property=\"og:title\" content=\"TONNELLE OCEAN 3.6X6 NATURAL SOIE - Bizzotto\" \/>\n<meta property=\"og:description\" content=\"de Jardin Ocean 3.6x6 cm\" \/>\n<meta property=\"og:url\" content=\"https:\/\/www.bizzotto.com\/fr\/produits\/mobilier-de-jardin\/ombrage-structures-de-jardin\/pergolas\/tonnelle-ocean-3-6x6-natural-soie\" \/>\n<meta property=\"og:site_name\" content=\"Bizzotto\" \/>\n<meta property=\"article:modified_time\" content=\"2026-03-30T07:46:34+00:00\" \/>\n<meta property=\"og:image\" content=\"https:\/\/www.bizzotto.com\/wp-content\/uploads\/2026\/03\/0796051.jpg\" \/>\n\t<meta property=\"og:image:width\" content=\"1920\" \/>\n\t<meta property=\"og:image:height\" content=\"1037\" \/>\n\t<meta property=\"og:image:type\" content=\"image\/jpeg\" \/>\n<meta name=\"twitter:card\" content=\"summary_large_image\" \/>\n<script type=\"application\/ld+json\" class=\"yoast-schema-graph\">{\"@context\":\"https:\/\/schema.org\",\"@graph\":[{\"@type\":\"WebPage\",\"@id\":\"https:\/\/www.bizzotto.com\/fr\/produits\/mobilier-de-jardin\/ombrage-structures-de-jardin\/pergolas\/tonnelle-ocean-3-6x6-natural-soie\",\"url\":\"https:\/\/www.bizzotto.com\/fr\/produits\/mobilier-de-jardin\/ombrage-structures-de-jardin\/pergolas\/tonnelle-ocean-3-6x6-natural-soie\",\"name\":\"TONNELLE OCEAN 3.6X6 NATURAL SOIE - Bizzotto\",\"isPartOf\":{\"@id\":\"https:\/\/www.bizzotto.com\/fr#website\"},\"primaryImageOfPage\":{\"@id\":\"https:\/\/www.bizzotto.com\/fr\/produits\/mobilier-de-jardin\/ombrage-structures-de-jardin\/pergolas\/tonnelle-ocean-3-6x6-natural-soie#primaryimage\"},\"image\":{\"@id\":\"https:\/\/www.bizzotto.com\/fr\/produits\/mobilier-de-jardin\/ombrage-structures-de-jardin\/pergolas\/tonnelle-ocean-3-6x6-natural-soie#primaryimage\"},\"thumbnailUrl\":\"https:\/\/www.bizzotto.com\/wp-content\/uploads\/2026\/03\/0796051.jpg\",\"datePublished\":\"2026-03-19T10:35:23+00:00\",\"dateModified\":\"2026-03-30T07:46:34+00:00\",\"breadcrumb\":{\"@id\":\"https:\/\/www.bizzotto.com\/fr\/produits\/mobilier-de-jardin\/ombrage-structures-de-jardin\/pergolas\/tonnelle-ocean-3-6x6-natural-soie#breadcrumb\"},\"inLanguage\":\"fr-FR\",\"potentialAction\":[{\"@type\":\"ReadAction\",\"target\":[\"https:\/\/www.bizzotto.com\/fr\/produits\/mobilier-de-jardin\/ombrage-structures-de-jardin\/pergolas\/tonnelle-ocean-3-6x6-natural-soie\"]}]},{\"@type\":\"ImageObject\",\"inLanguage\":\"fr-FR\",\"@id\":\"https:\/\/www.bizzotto.com\/fr\/produits\/mobilier-de-jardin\/ombrage-structures-de-jardin\/pergolas\/tonnelle-ocean-3-6x6-natural-soie#primaryimage\",\"url\":\"https:\/\/www.bizzotto.com\/wp-content\/uploads\/2026\/03\/0796051.jpg\",\"contentUrl\":\"https:\/\/www.bizzotto.com\/wp-content\/uploads\/2026\/03\/0796051.jpg\",\"width\":1920,\"height\":1037},{\"@type\":\"BreadcrumbList\",\"@id\":\"https:\/\/www.bizzotto.com\/fr\/produits\/mobilier-de-jardin\/ombrage-structures-de-jardin\/pergolas\/tonnelle-ocean-3-6x6-natural-soie#breadcrumb\",\"itemListElement\":[{\"@type\":\"ListItem\",\"position\":1,\"name\":\"Home\",\"item\":\"https:\/\/www.bizzotto.com\/fr\"},{\"@type\":\"ListItem\",\"position\":2,\"name\":\"Boutique\",\"item\":\"https:\/\/www.bizzotto.com\/fr\/boutique\"},{\"@type\":\"ListItem\",\"position\":3,\"name\":\"Mobilier de jardin\",\"item\":\"https:\/\/www.bizzotto.com\/fr\/categorie-de-produit\/mobilier-de-jardin\"},{\"@type\":\"ListItem\",\"position\":4,\"name\":\"Ombrage &amp; structures de jardin\",\"item\":\"https:\/\/www.bizzotto.com\/fr\/categorie-de-produit\/mobilier-de-jardin\/ombrage-structures-de-jardin\"},{\"@type\":\"ListItem\",\"position\":5,\"name\":\"Pergolas\",\"item\":\"https:\/\/www.bizzotto.com\/fr\/categorie-de-produit\/mobilier-de-jardin\/ombrage-structures-de-jardin\/pergolas\"},{\"@type\":\"ListItem\",\"position\":6,\"name\":\"TONNELLE OCEAN 3.6X6 NATURAL SOIE\"}]},{\"@type\":\"WebSite\",\"@id\":\"https:\/\/www.bizzotto.com\/fr#website\",\"url\":\"https:\/\/www.bizzotto.com\/fr\",\"name\":\"Bizzotto\",\"description\":\"\",\"potentialAction\":[{\"@type\":\"SearchAction\",\"target\":{\"@type\":\"EntryPoint\",\"urlTemplate\":\"https:\/\/www.bizzotto.com\/fr?s={search_term_string}\"},\"query-input\":{\"@type\":\"PropertyValueSpecification\",\"valueRequired\":true,\"valueName\":\"search_term_string\"}}],\"inLanguage\":\"fr-FR\"}]}<\/script>\n<!-- \/ Yoast SEO plugin. -->","yoast_head_json":{"title":"TONNELLE OCEAN 3.6X6 NATURAL SOIE - Bizzotto","robots":{"index":"index","follow":"follow","max-snippet":"max-snippet:-1","max-image-preview":"max-image-preview:large","max-video-preview":"max-video-preview:-1"},"canonical":"https:\/\/www.bizzotto.com\/fr\/produits\/mobilier-de-jardin\/ombrage-structures-de-jardin\/pergolas\/tonnelle-ocean-3-6x6-natural-soie","og_locale":"fr_FR","og_type":"article","og_title":"TONNELLE OCEAN 3.6X6 NATURAL SOIE - Bizzotto","og_description":"de Jardin Ocean 3.6x6 cm","og_url":"https:\/\/www.bizzotto.com\/fr\/produits\/mobilier-de-jardin\/ombrage-structures-de-jardin\/pergolas\/tonnelle-ocean-3-6x6-natural-soie","og_site_name":"Bizzotto","article_modified_time":"2026-03-30T07:46:34+00:00","og_image":[{"width":1920,"height":1037,"url":"https:\/\/www.bizzotto.com\/wp-content\/uploads\/2026\/03\/0796051.jpg","type":"image\/jpeg"}],"twitter_card":"summary_large_image","schema":{"@context":"https:\/\/schema.org","@graph":[{"@type":"WebPage","@id":"https:\/\/www.bizzotto.com\/fr\/produits\/mobilier-de-jardin\/ombrage-structures-de-jardin\/pergolas\/tonnelle-ocean-3-6x6-natural-soie","url":"https:\/\/www.bizzotto.com\/fr\/produits\/mobilier-de-jardin\/ombrage-structures-de-jardin\/pergolas\/tonnelle-ocean-3-6x6-natural-soie","name":"TONNELLE OCEAN 3.6X6 NATURAL SOIE - Bizzotto","isPartOf":{"@id":"https:\/\/www.bizzotto.com\/fr#website"},"primaryImageOfPage":{"@id":"https:\/\/www.bizzotto.com\/fr\/produits\/mobilier-de-jardin\/ombrage-structures-de-jardin\/pergolas\/tonnelle-ocean-3-6x6-natural-soie#primaryimage"},"image":{"@id":"https:\/\/www.bizzotto.com\/fr\/produits\/mobilier-de-jardin\/ombrage-structures-de-jardin\/pergolas\/tonnelle-ocean-3-6x6-natural-soie#primaryimage"},"thumbnailUrl":"https:\/\/www.bizzotto.com\/wp-content\/uploads\/2026\/03\/0796051.jpg","datePublished":"2026-03-19T10:35:23+00:00","dateModified":"2026-03-30T07:46:34+00:00","breadcrumb":{"@id":"https:\/\/www.bizzotto.com\/fr\/produits\/mobilier-de-jardin\/ombrage-structures-de-jardin\/pergolas\/tonnelle-ocean-3-6x6-natural-soie#breadcrumb"},"inLanguage":"fr-FR","potentialAction":[{"@type":"ReadAction","target":["https:\/\/www.bizzotto.com\/fr\/produits\/mobilier-de-jardin\/ombrage-structures-de-jardin\/pergolas\/tonnelle-ocean-3-6x6-natural-soie"]}]},{"@type":"ImageObject","inLanguage":"fr-FR","@id":"https:\/\/www.bizzotto.com\/fr\/produits\/mobilier-de-jardin\/ombrage-structures-de-jardin\/pergolas\/tonnelle-ocean-3-6x6-natural-soie#primaryimage","url":"https:\/\/www.bizzotto.com\/wp-content\/uploads\/2026\/03\/0796051.jpg","contentUrl":"https:\/\/www.bizzotto.com\/wp-content\/uploads\/2026\/03\/0796051.jpg","width":1920,"height":1037},{"@type":"BreadcrumbList","@id":"https:\/\/www.bizzotto.com\/fr\/produits\/mobilier-de-jardin\/ombrage-structures-de-jardin\/pergolas\/tonnelle-ocean-3-6x6-natural-soie#breadcrumb","itemListElement":[{"@type":"ListItem","position":1,"name":"Home","item":"https:\/\/www.bizzotto.com\/fr"},{"@type":"ListItem","position":2,"name":"Boutique","item":"https:\/\/www.bizzotto.com\/fr\/boutique"},{"@type":"ListItem","position":3,"name":"Mobilier de jardin","item":"https:\/\/www.bizzotto.com\/fr\/categorie-de-produit\/mobilier-de-jardin"},{"@type":"ListItem","position":4,"name":"Ombrage &amp; structures de jardin","item":"https:\/\/www.bizzotto.com\/fr\/categorie-de-produit\/mobilier-de-jardin\/ombrage-structures-de-jardin"},{"@type":"ListItem","position":5,"name":"Pergolas","item":"https:\/\/www.bizzotto.com\/fr\/categorie-de-produit\/mobilier-de-jardin\/ombrage-structures-de-jardin\/pergolas"},{"@type":"ListItem","position":6,"name":"TONNELLE OCEAN 3.6X6 NATURAL SOIE"}]},{"@type":"WebSite","@id":"https:\/\/www.bizzotto.com\/fr#website","url":"https:\/\/www.bizzotto.com\/fr","name":"Bizzotto","description":"","potentialAction":[{"@type":"SearchAction","target":{"@type":"EntryPoint","urlTemplate":"https:\/\/www.bizzotto.com\/fr?s={search_term_string}"},"query-input":{"@type":"PropertyValueSpecification","valueRequired":true,"valueName":"search_term_string"}}],"inLanguage":"fr-FR"}]}},"_links":{"self":[{"href":"https:\/\/www.bizzotto.com\/fr\/wp-json\/wp\/v2\/product\/77834","targetHints":{"allow":["GET"]}}],"collection":[{"href":"https:\/\/www.bizzotto.com\/fr\/wp-json\/wp\/v2\/product"}],"about":[{"href":"https:\/\/www.bizzotto.com\/fr\/wp-json\/wp\/v2\/types\/product"}],"replies":[{"embeddable":true,"href":"https:\/\/www.bizzotto.com\/fr\/wp-json\/wp\/v2\/comments?post=77834"}],"wp:featuredmedia":[{"embeddable":true,"href":"https:\/\/www.bizzotto.com\/fr\/wp-json\/wp\/v2\/media\/77825"}],"wp:attachment":[{"href":"https:\/\/www.bizzotto.com\/fr\/wp-json\/wp\/v2\/media?parent=77834"}],"wp:term":[{"taxonomy":"codifica-stile","embeddable":true,"href":"https:\/\/www.bizzotto.com\/fr\/wp-json\/wp\/v2\/codifica-stile?post=77834"},{"taxonomy":"divisione","embeddable":true,"href":"https:\/\/www.bizzotto.com\/fr\/wp-json\/wp\/v2\/divisione?post=77834"},{"taxonomy":"novita","embeddable":true,"href":"https:\/\/www.bizzotto.com\/fr\/wp-json\/wp\/v2\/novita?post=77834"},{"taxonomy":"stile","embeddable":true,"href":"https:\/\/www.bizzotto.com\/fr\/wp-json\/wp\/v2\/stile?post=77834"},{"taxonomy":"product_brand","embeddable":true,"href":"https:\/\/www.bizzotto.com\/fr\/wp-json\/wp\/v2\/product_brand?post=77834"},{"taxonomy":"product_cat","embeddable":true,"href":"https:\/\/www.bizzotto.com\/fr\/wp-json\/wp\/v2\/product_cat?post=77834"},{"taxonomy":"product_tag","embeddable":true,"href":"https:\/\/www.bizzotto.com\/fr\/wp-json\/wp\/v2\/product_tag?post=77834"}],"curies":[{"name":"wp","href":"https:\/\/api.w.org\/{rel}","templated":true}]}}