{"id":75029,"date":"2026-03-19T10:59:38","date_gmt":"2026-03-19T09:59:38","guid":{"rendered":"https:\/\/www.bizzotto.com\/prodotti\/non%20class\u00e9\/p-vase-bamboos-ro-gris-h70"},"modified":"2026-03-30T09:45:02","modified_gmt":"2026-03-30T07:45:02","slug":"p-vase-bamboos-ro-gris-h70","status":"publish","type":"product","link":"https:\/\/www.bizzotto.com\/fr\/produits\/mobilier-de-jardin\/accessoires-dexterieur\/pots-dexterieur\/p-vase-bamboos-ro-gris-h70","title":{"rendered":"P.VASE BAMBOOS RO GRIS H70"},"content":{"rendered":"<p>FIBRE DE VERRE M\u00c9LANG\u00c9E \u00c0 LA POUDRE DE PIERRE NATURELLE. AVEC TROU SUR LE FOND. POUR L&#8217;EXT\u00c9RIEUR. PRODUIT FAIT \u00c0 LA MAIN. TOUTE VARIATION DE COULEUR, DE TEINTE OU D\u2019IMPERFECTIONS DOIT \u00caTRE CONSID\u00c9R\u00c9E COMME UNE CARACT\u00c9RISTIQUE D&#8217;UNICIT\u00c9.<\/p>\n","protected":false},"excerpt":{"rendered":"<p>Porte-plante Bamboos 70 cm<\/p>\n","protected":false},"featured_media":75018,"comment_status":"open","ping_status":"closed","template":"","meta":{"_acf_changed":false},"codifica-stile":[462],"divisione":[2426],"novita":[494],"stile":[768,776],"product_brand":[61],"product_cat":[705,785,2156,709,2161,724],"product_tag":[1738],"class_list":{"0":"post-75029","1":"product","2":"type-product","3":"status-publish","4":"has-post-thumbnail","6":"codifica-stile-in","7":"divisione-bizzotto-decorazione-fr","8":"novita-new","9":"stile-industriale","10":"stile-industriel","11":"product_brand-bizzotto","12":"product_cat-arredo-giardino","13":"product_cat-mobilier-de-jardin","14":"product_cat-accessoires-dexterieur","15":"product_cat-complementi-outdoor","16":"product_cat-pots-dexterieur","17":"product_cat-vasi-da-esterno","18":"product_tag-dc-ge-bg","21":"first","22":"instock","23":"shipping-taxable","24":"purchasable","25":"product-type-simple"},"acf":[],"yoast_head":"<!-- This site is optimized with the Yoast SEO plugin v26.6 - https:\/\/yoast.com\/wordpress\/plugins\/seo\/ -->\n<title>P.VASE BAMBOOS RO GRIS H70 - Bizzotto<\/title>\n<meta name=\"robots\" content=\"index, follow, max-snippet:-1, max-image-preview:large, max-video-preview:-1\" \/>\n<link rel=\"canonical\" href=\"https:\/\/www.bizzotto.com\/fr\/produits\/mobilier-de-jardin\/accessoires-dexterieur\/pots-dexterieur\/p-vase-bamboos-ro-gris-h70\" \/>\n<meta property=\"og:locale\" content=\"fr_FR\" \/>\n<meta property=\"og:type\" content=\"article\" \/>\n<meta property=\"og:title\" content=\"P.VASE BAMBOOS RO GRIS H70 - Bizzotto\" \/>\n<meta property=\"og:description\" content=\"Porte-plante Bamboos 70 cm\" \/>\n<meta property=\"og:url\" content=\"https:\/\/www.bizzotto.com\/fr\/produits\/mobilier-de-jardin\/accessoires-dexterieur\/pots-dexterieur\/p-vase-bamboos-ro-gris-h70\" \/>\n<meta property=\"og:site_name\" content=\"Bizzotto\" \/>\n<meta property=\"article:modified_time\" content=\"2026-03-30T07:45:02+00:00\" \/>\n<meta property=\"og:image\" content=\"https:\/\/www.bizzotto.com\/wp-content\/uploads\/2026\/03\/0790796.jpg\" \/>\n\t<meta property=\"og:image:width\" content=\"661\" \/>\n\t<meta property=\"og:image:height\" content=\"1080\" \/>\n\t<meta property=\"og:image:type\" content=\"image\/jpeg\" \/>\n<meta name=\"twitter:card\" content=\"summary_large_image\" \/>\n<script type=\"application\/ld+json\" class=\"yoast-schema-graph\">{\"@context\":\"https:\/\/schema.org\",\"@graph\":[{\"@type\":\"WebPage\",\"@id\":\"https:\/\/www.bizzotto.com\/fr\/produits\/mobilier-de-jardin\/accessoires-dexterieur\/pots-dexterieur\/p-vase-bamboos-ro-gris-h70\",\"url\":\"https:\/\/www.bizzotto.com\/fr\/produits\/mobilier-de-jardin\/accessoires-dexterieur\/pots-dexterieur\/p-vase-bamboos-ro-gris-h70\",\"name\":\"P.VASE BAMBOOS RO GRIS H70 - Bizzotto\",\"isPartOf\":{\"@id\":\"https:\/\/www.bizzotto.com\/fr#website\"},\"primaryImageOfPage\":{\"@id\":\"https:\/\/www.bizzotto.com\/fr\/produits\/mobilier-de-jardin\/accessoires-dexterieur\/pots-dexterieur\/p-vase-bamboos-ro-gris-h70#primaryimage\"},\"image\":{\"@id\":\"https:\/\/www.bizzotto.com\/fr\/produits\/mobilier-de-jardin\/accessoires-dexterieur\/pots-dexterieur\/p-vase-bamboos-ro-gris-h70#primaryimage\"},\"thumbnailUrl\":\"https:\/\/www.bizzotto.com\/wp-content\/uploads\/2026\/03\/0790796.jpg\",\"datePublished\":\"2026-03-19T09:59:38+00:00\",\"dateModified\":\"2026-03-30T07:45:02+00:00\",\"breadcrumb\":{\"@id\":\"https:\/\/www.bizzotto.com\/fr\/produits\/mobilier-de-jardin\/accessoires-dexterieur\/pots-dexterieur\/p-vase-bamboos-ro-gris-h70#breadcrumb\"},\"inLanguage\":\"fr-FR\",\"potentialAction\":[{\"@type\":\"ReadAction\",\"target\":[\"https:\/\/www.bizzotto.com\/fr\/produits\/mobilier-de-jardin\/accessoires-dexterieur\/pots-dexterieur\/p-vase-bamboos-ro-gris-h70\"]}]},{\"@type\":\"ImageObject\",\"inLanguage\":\"fr-FR\",\"@id\":\"https:\/\/www.bizzotto.com\/fr\/produits\/mobilier-de-jardin\/accessoires-dexterieur\/pots-dexterieur\/p-vase-bamboos-ro-gris-h70#primaryimage\",\"url\":\"https:\/\/www.bizzotto.com\/wp-content\/uploads\/2026\/03\/0790796.jpg\",\"contentUrl\":\"https:\/\/www.bizzotto.com\/wp-content\/uploads\/2026\/03\/0790796.jpg\",\"width\":661,\"height\":1080},{\"@type\":\"BreadcrumbList\",\"@id\":\"https:\/\/www.bizzotto.com\/fr\/produits\/mobilier-de-jardin\/accessoires-dexterieur\/pots-dexterieur\/p-vase-bamboos-ro-gris-h70#breadcrumb\",\"itemListElement\":[{\"@type\":\"ListItem\",\"position\":1,\"name\":\"Home\",\"item\":\"https:\/\/www.bizzotto.com\/fr\"},{\"@type\":\"ListItem\",\"position\":2,\"name\":\"Boutique\",\"item\":\"https:\/\/www.bizzotto.com\/fr\/boutique\"},{\"@type\":\"ListItem\",\"position\":3,\"name\":\"Mobilier de jardin\",\"item\":\"https:\/\/www.bizzotto.com\/fr\/categorie-de-produit\/mobilier-de-jardin\"},{\"@type\":\"ListItem\",\"position\":4,\"name\":\"Accessoires d\u2019ext\u00e9rieur\",\"item\":\"https:\/\/www.bizzotto.com\/fr\/categorie-de-produit\/mobilier-de-jardin\/accessoires-dexterieur\"},{\"@type\":\"ListItem\",\"position\":5,\"name\":\"Pots d\u2019ext\u00e9rieur\",\"item\":\"https:\/\/www.bizzotto.com\/fr\/categorie-de-produit\/mobilier-de-jardin\/accessoires-dexterieur\/pots-dexterieur\"},{\"@type\":\"ListItem\",\"position\":6,\"name\":\"P.VASE BAMBOOS RO GRIS H70\"}]},{\"@type\":\"WebSite\",\"@id\":\"https:\/\/www.bizzotto.com\/fr#website\",\"url\":\"https:\/\/www.bizzotto.com\/fr\",\"name\":\"Bizzotto\",\"description\":\"\",\"potentialAction\":[{\"@type\":\"SearchAction\",\"target\":{\"@type\":\"EntryPoint\",\"urlTemplate\":\"https:\/\/www.bizzotto.com\/fr?s={search_term_string}\"},\"query-input\":{\"@type\":\"PropertyValueSpecification\",\"valueRequired\":true,\"valueName\":\"search_term_string\"}}],\"inLanguage\":\"fr-FR\"}]}<\/script>\n<!-- \/ Yoast SEO plugin. -->","yoast_head_json":{"title":"P.VASE BAMBOOS RO GRIS H70 - Bizzotto","robots":{"index":"index","follow":"follow","max-snippet":"max-snippet:-1","max-image-preview":"max-image-preview:large","max-video-preview":"max-video-preview:-1"},"canonical":"https:\/\/www.bizzotto.com\/fr\/produits\/mobilier-de-jardin\/accessoires-dexterieur\/pots-dexterieur\/p-vase-bamboos-ro-gris-h70","og_locale":"fr_FR","og_type":"article","og_title":"P.VASE BAMBOOS RO GRIS H70 - Bizzotto","og_description":"Porte-plante Bamboos 70 cm","og_url":"https:\/\/www.bizzotto.com\/fr\/produits\/mobilier-de-jardin\/accessoires-dexterieur\/pots-dexterieur\/p-vase-bamboos-ro-gris-h70","og_site_name":"Bizzotto","article_modified_time":"2026-03-30T07:45:02+00:00","og_image":[{"width":661,"height":1080,"url":"https:\/\/www.bizzotto.com\/wp-content\/uploads\/2026\/03\/0790796.jpg","type":"image\/jpeg"}],"twitter_card":"summary_large_image","schema":{"@context":"https:\/\/schema.org","@graph":[{"@type":"WebPage","@id":"https:\/\/www.bizzotto.com\/fr\/produits\/mobilier-de-jardin\/accessoires-dexterieur\/pots-dexterieur\/p-vase-bamboos-ro-gris-h70","url":"https:\/\/www.bizzotto.com\/fr\/produits\/mobilier-de-jardin\/accessoires-dexterieur\/pots-dexterieur\/p-vase-bamboos-ro-gris-h70","name":"P.VASE BAMBOOS RO GRIS H70 - Bizzotto","isPartOf":{"@id":"https:\/\/www.bizzotto.com\/fr#website"},"primaryImageOfPage":{"@id":"https:\/\/www.bizzotto.com\/fr\/produits\/mobilier-de-jardin\/accessoires-dexterieur\/pots-dexterieur\/p-vase-bamboos-ro-gris-h70#primaryimage"},"image":{"@id":"https:\/\/www.bizzotto.com\/fr\/produits\/mobilier-de-jardin\/accessoires-dexterieur\/pots-dexterieur\/p-vase-bamboos-ro-gris-h70#primaryimage"},"thumbnailUrl":"https:\/\/www.bizzotto.com\/wp-content\/uploads\/2026\/03\/0790796.jpg","datePublished":"2026-03-19T09:59:38+00:00","dateModified":"2026-03-30T07:45:02+00:00","breadcrumb":{"@id":"https:\/\/www.bizzotto.com\/fr\/produits\/mobilier-de-jardin\/accessoires-dexterieur\/pots-dexterieur\/p-vase-bamboos-ro-gris-h70#breadcrumb"},"inLanguage":"fr-FR","potentialAction":[{"@type":"ReadAction","target":["https:\/\/www.bizzotto.com\/fr\/produits\/mobilier-de-jardin\/accessoires-dexterieur\/pots-dexterieur\/p-vase-bamboos-ro-gris-h70"]}]},{"@type":"ImageObject","inLanguage":"fr-FR","@id":"https:\/\/www.bizzotto.com\/fr\/produits\/mobilier-de-jardin\/accessoires-dexterieur\/pots-dexterieur\/p-vase-bamboos-ro-gris-h70#primaryimage","url":"https:\/\/www.bizzotto.com\/wp-content\/uploads\/2026\/03\/0790796.jpg","contentUrl":"https:\/\/www.bizzotto.com\/wp-content\/uploads\/2026\/03\/0790796.jpg","width":661,"height":1080},{"@type":"BreadcrumbList","@id":"https:\/\/www.bizzotto.com\/fr\/produits\/mobilier-de-jardin\/accessoires-dexterieur\/pots-dexterieur\/p-vase-bamboos-ro-gris-h70#breadcrumb","itemListElement":[{"@type":"ListItem","position":1,"name":"Home","item":"https:\/\/www.bizzotto.com\/fr"},{"@type":"ListItem","position":2,"name":"Boutique","item":"https:\/\/www.bizzotto.com\/fr\/boutique"},{"@type":"ListItem","position":3,"name":"Mobilier de jardin","item":"https:\/\/www.bizzotto.com\/fr\/categorie-de-produit\/mobilier-de-jardin"},{"@type":"ListItem","position":4,"name":"Accessoires d\u2019ext\u00e9rieur","item":"https:\/\/www.bizzotto.com\/fr\/categorie-de-produit\/mobilier-de-jardin\/accessoires-dexterieur"},{"@type":"ListItem","position":5,"name":"Pots d\u2019ext\u00e9rieur","item":"https:\/\/www.bizzotto.com\/fr\/categorie-de-produit\/mobilier-de-jardin\/accessoires-dexterieur\/pots-dexterieur"},{"@type":"ListItem","position":6,"name":"P.VASE BAMBOOS RO GRIS H70"}]},{"@type":"WebSite","@id":"https:\/\/www.bizzotto.com\/fr#website","url":"https:\/\/www.bizzotto.com\/fr","name":"Bizzotto","description":"","potentialAction":[{"@type":"SearchAction","target":{"@type":"EntryPoint","urlTemplate":"https:\/\/www.bizzotto.com\/fr?s={search_term_string}"},"query-input":{"@type":"PropertyValueSpecification","valueRequired":true,"valueName":"search_term_string"}}],"inLanguage":"fr-FR"}]}},"_links":{"self":[{"href":"https:\/\/www.bizzotto.com\/fr\/wp-json\/wp\/v2\/product\/75029","targetHints":{"allow":["GET"]}}],"collection":[{"href":"https:\/\/www.bizzotto.com\/fr\/wp-json\/wp\/v2\/product"}],"about":[{"href":"https:\/\/www.bizzotto.com\/fr\/wp-json\/wp\/v2\/types\/product"}],"replies":[{"embeddable":true,"href":"https:\/\/www.bizzotto.com\/fr\/wp-json\/wp\/v2\/comments?post=75029"}],"wp:featuredmedia":[{"embeddable":true,"href":"https:\/\/www.bizzotto.com\/fr\/wp-json\/wp\/v2\/media\/75018"}],"wp:attachment":[{"href":"https:\/\/www.bizzotto.com\/fr\/wp-json\/wp\/v2\/media?parent=75029"}],"wp:term":[{"taxonomy":"codifica-stile","embeddable":true,"href":"https:\/\/www.bizzotto.com\/fr\/wp-json\/wp\/v2\/codifica-stile?post=75029"},{"taxonomy":"divisione","embeddable":true,"href":"https:\/\/www.bizzotto.com\/fr\/wp-json\/wp\/v2\/divisione?post=75029"},{"taxonomy":"novita","embeddable":true,"href":"https:\/\/www.bizzotto.com\/fr\/wp-json\/wp\/v2\/novita?post=75029"},{"taxonomy":"stile","embeddable":true,"href":"https:\/\/www.bizzotto.com\/fr\/wp-json\/wp\/v2\/stile?post=75029"},{"taxonomy":"product_brand","embeddable":true,"href":"https:\/\/www.bizzotto.com\/fr\/wp-json\/wp\/v2\/product_brand?post=75029"},{"taxonomy":"product_cat","embeddable":true,"href":"https:\/\/www.bizzotto.com\/fr\/wp-json\/wp\/v2\/product_cat?post=75029"},{"taxonomy":"product_tag","embeddable":true,"href":"https:\/\/www.bizzotto.com\/fr\/wp-json\/wp\/v2\/product_tag?post=75029"}],"curies":[{"name":"wp","href":"https:\/\/api.w.org\/{rel}","templated":true}]}}