{"id":74449,"date":"2026-03-19T10:56:01","date_gmt":"2026-03-19T09:56:01","guid":{"rendered":"https:\/\/www.bizzotto.com\/prodotti\/non%20class\u00e9\/decoration-echecs-pion-blanc"},"modified":"2026-03-30T09:45:54","modified_gmt":"2026-03-30T07:45:54","slug":"decoration-echecs-pion-blanc","status":"publish","type":"product","link":"https:\/\/www.bizzotto.com\/fr\/produits\/mobilier-de-jardin\/accessoires-dexterieur\/objets-deco\/decoration-echecs-pion-blanc","title":{"rendered":"D\u00c9CORATION \u00c9CHECS PION BLANC"},"content":{"rendered":"<p>FIBRE DE VERRE ET ARGILE COLOR\u00c9E. POUR USAGE EXT\u00c9RIEUR.<\/p>\n","protected":false},"excerpt":{"rendered":"<p>D\u00e9coration Chess Pedone blanc<\/p>\n","protected":false},"featured_media":74443,"comment_status":"open","ping_status":"closed","template":"","meta":{"_acf_changed":false},"codifica-stile":[460],"divisione":[2426],"novita":[],"stile":[775,767],"product_brand":[61],"product_cat":[705,785,2156,709,2158,727],"product_tag":[1737],"class_list":{"0":"post-74449","1":"product","2":"type-product","3":"status-publish","4":"has-post-thumbnail","6":"codifica-stile-ec","7":"divisione-bizzotto-decorazione-fr","8":"stile-eclectique","9":"stile-eclettico","10":"product_brand-bizzotto","11":"product_cat-arredo-giardino","12":"product_cat-mobilier-de-jardin","13":"product_cat-accessoires-dexterieur","14":"product_cat-complementi-outdoor","15":"product_cat-objets-deco","16":"product_cat-oggettistica","17":"product_tag-dc-ge-mg","20":"first","21":"instock","22":"shipping-taxable","23":"purchasable","24":"product-type-simple"},"acf":[],"yoast_head":"<!-- This site is optimized with the Yoast SEO plugin v26.6 - https:\/\/yoast.com\/wordpress\/plugins\/seo\/ -->\n<title>D\u00c9CORATION \u00c9CHECS PION BLANC - Bizzotto<\/title>\n<meta name=\"robots\" content=\"index, follow, max-snippet:-1, max-image-preview:large, max-video-preview:-1\" \/>\n<link rel=\"canonical\" href=\"https:\/\/www.bizzotto.com\/fr\/produits\/mobilier-de-jardin\/accessoires-dexterieur\/objets-deco\/decoration-echecs-pion-blanc\" \/>\n<meta property=\"og:locale\" content=\"fr_FR\" \/>\n<meta property=\"og:type\" content=\"article\" \/>\n<meta property=\"og:title\" content=\"D\u00c9CORATION \u00c9CHECS PION BLANC - Bizzotto\" \/>\n<meta property=\"og:description\" content=\"D\u00e9coration Chess Pedone blanc\" \/>\n<meta property=\"og:url\" content=\"https:\/\/www.bizzotto.com\/fr\/produits\/mobilier-de-jardin\/accessoires-dexterieur\/objets-deco\/decoration-echecs-pion-blanc\" \/>\n<meta property=\"og:site_name\" content=\"Bizzotto\" \/>\n<meta property=\"article:modified_time\" content=\"2026-03-30T07:45:54+00:00\" \/>\n<meta property=\"og:image\" content=\"https:\/\/www.bizzotto.com\/wp-content\/uploads\/2026\/03\/0790652.jpg\" \/>\n\t<meta property=\"og:image:width\" content=\"866\" \/>\n\t<meta property=\"og:image:height\" content=\"1080\" \/>\n\t<meta property=\"og:image:type\" content=\"image\/jpeg\" \/>\n<meta name=\"twitter:card\" content=\"summary_large_image\" \/>\n<script type=\"application\/ld+json\" class=\"yoast-schema-graph\">{\"@context\":\"https:\/\/schema.org\",\"@graph\":[{\"@type\":\"WebPage\",\"@id\":\"https:\/\/www.bizzotto.com\/fr\/produits\/mobilier-de-jardin\/accessoires-dexterieur\/objets-deco\/decoration-echecs-pion-blanc\",\"url\":\"https:\/\/www.bizzotto.com\/fr\/produits\/mobilier-de-jardin\/accessoires-dexterieur\/objets-deco\/decoration-echecs-pion-blanc\",\"name\":\"D\u00c9CORATION \u00c9CHECS PION BLANC - Bizzotto\",\"isPartOf\":{\"@id\":\"https:\/\/www.bizzotto.com\/fr#website\"},\"primaryImageOfPage\":{\"@id\":\"https:\/\/www.bizzotto.com\/fr\/produits\/mobilier-de-jardin\/accessoires-dexterieur\/objets-deco\/decoration-echecs-pion-blanc#primaryimage\"},\"image\":{\"@id\":\"https:\/\/www.bizzotto.com\/fr\/produits\/mobilier-de-jardin\/accessoires-dexterieur\/objets-deco\/decoration-echecs-pion-blanc#primaryimage\"},\"thumbnailUrl\":\"https:\/\/www.bizzotto.com\/wp-content\/uploads\/2026\/03\/0790652.jpg\",\"datePublished\":\"2026-03-19T09:56:01+00:00\",\"dateModified\":\"2026-03-30T07:45:54+00:00\",\"breadcrumb\":{\"@id\":\"https:\/\/www.bizzotto.com\/fr\/produits\/mobilier-de-jardin\/accessoires-dexterieur\/objets-deco\/decoration-echecs-pion-blanc#breadcrumb\"},\"inLanguage\":\"fr-FR\",\"potentialAction\":[{\"@type\":\"ReadAction\",\"target\":[\"https:\/\/www.bizzotto.com\/fr\/produits\/mobilier-de-jardin\/accessoires-dexterieur\/objets-deco\/decoration-echecs-pion-blanc\"]}]},{\"@type\":\"ImageObject\",\"inLanguage\":\"fr-FR\",\"@id\":\"https:\/\/www.bizzotto.com\/fr\/produits\/mobilier-de-jardin\/accessoires-dexterieur\/objets-deco\/decoration-echecs-pion-blanc#primaryimage\",\"url\":\"https:\/\/www.bizzotto.com\/wp-content\/uploads\/2026\/03\/0790652.jpg\",\"contentUrl\":\"https:\/\/www.bizzotto.com\/wp-content\/uploads\/2026\/03\/0790652.jpg\",\"width\":866,\"height\":1080},{\"@type\":\"BreadcrumbList\",\"@id\":\"https:\/\/www.bizzotto.com\/fr\/produits\/mobilier-de-jardin\/accessoires-dexterieur\/objets-deco\/decoration-echecs-pion-blanc#breadcrumb\",\"itemListElement\":[{\"@type\":\"ListItem\",\"position\":1,\"name\":\"Home\",\"item\":\"https:\/\/www.bizzotto.com\/fr\"},{\"@type\":\"ListItem\",\"position\":2,\"name\":\"Boutique\",\"item\":\"https:\/\/www.bizzotto.com\/fr\/boutique\"},{\"@type\":\"ListItem\",\"position\":3,\"name\":\"Mobilier de jardin\",\"item\":\"https:\/\/www.bizzotto.com\/fr\/categorie-de-produit\/mobilier-de-jardin\"},{\"@type\":\"ListItem\",\"position\":4,\"name\":\"Accessoires d\u2019ext\u00e9rieur\",\"item\":\"https:\/\/www.bizzotto.com\/fr\/categorie-de-produit\/mobilier-de-jardin\/accessoires-dexterieur\"},{\"@type\":\"ListItem\",\"position\":5,\"name\":\"Objets d\u00e9co\",\"item\":\"https:\/\/www.bizzotto.com\/fr\/categorie-de-produit\/mobilier-de-jardin\/accessoires-dexterieur\/objets-deco\"},{\"@type\":\"ListItem\",\"position\":6,\"name\":\"D\u00c9CORATION \u00c9CHECS PION BLANC\"}]},{\"@type\":\"WebSite\",\"@id\":\"https:\/\/www.bizzotto.com\/fr#website\",\"url\":\"https:\/\/www.bizzotto.com\/fr\",\"name\":\"Bizzotto\",\"description\":\"\",\"potentialAction\":[{\"@type\":\"SearchAction\",\"target\":{\"@type\":\"EntryPoint\",\"urlTemplate\":\"https:\/\/www.bizzotto.com\/fr?s={search_term_string}\"},\"query-input\":{\"@type\":\"PropertyValueSpecification\",\"valueRequired\":true,\"valueName\":\"search_term_string\"}}],\"inLanguage\":\"fr-FR\"}]}<\/script>\n<!-- \/ Yoast SEO plugin. -->","yoast_head_json":{"title":"D\u00c9CORATION \u00c9CHECS PION BLANC - Bizzotto","robots":{"index":"index","follow":"follow","max-snippet":"max-snippet:-1","max-image-preview":"max-image-preview:large","max-video-preview":"max-video-preview:-1"},"canonical":"https:\/\/www.bizzotto.com\/fr\/produits\/mobilier-de-jardin\/accessoires-dexterieur\/objets-deco\/decoration-echecs-pion-blanc","og_locale":"fr_FR","og_type":"article","og_title":"D\u00c9CORATION \u00c9CHECS PION BLANC - Bizzotto","og_description":"D\u00e9coration Chess Pedone blanc","og_url":"https:\/\/www.bizzotto.com\/fr\/produits\/mobilier-de-jardin\/accessoires-dexterieur\/objets-deco\/decoration-echecs-pion-blanc","og_site_name":"Bizzotto","article_modified_time":"2026-03-30T07:45:54+00:00","og_image":[{"width":866,"height":1080,"url":"https:\/\/www.bizzotto.com\/wp-content\/uploads\/2026\/03\/0790652.jpg","type":"image\/jpeg"}],"twitter_card":"summary_large_image","schema":{"@context":"https:\/\/schema.org","@graph":[{"@type":"WebPage","@id":"https:\/\/www.bizzotto.com\/fr\/produits\/mobilier-de-jardin\/accessoires-dexterieur\/objets-deco\/decoration-echecs-pion-blanc","url":"https:\/\/www.bizzotto.com\/fr\/produits\/mobilier-de-jardin\/accessoires-dexterieur\/objets-deco\/decoration-echecs-pion-blanc","name":"D\u00c9CORATION \u00c9CHECS PION BLANC - Bizzotto","isPartOf":{"@id":"https:\/\/www.bizzotto.com\/fr#website"},"primaryImageOfPage":{"@id":"https:\/\/www.bizzotto.com\/fr\/produits\/mobilier-de-jardin\/accessoires-dexterieur\/objets-deco\/decoration-echecs-pion-blanc#primaryimage"},"image":{"@id":"https:\/\/www.bizzotto.com\/fr\/produits\/mobilier-de-jardin\/accessoires-dexterieur\/objets-deco\/decoration-echecs-pion-blanc#primaryimage"},"thumbnailUrl":"https:\/\/www.bizzotto.com\/wp-content\/uploads\/2026\/03\/0790652.jpg","datePublished":"2026-03-19T09:56:01+00:00","dateModified":"2026-03-30T07:45:54+00:00","breadcrumb":{"@id":"https:\/\/www.bizzotto.com\/fr\/produits\/mobilier-de-jardin\/accessoires-dexterieur\/objets-deco\/decoration-echecs-pion-blanc#breadcrumb"},"inLanguage":"fr-FR","potentialAction":[{"@type":"ReadAction","target":["https:\/\/www.bizzotto.com\/fr\/produits\/mobilier-de-jardin\/accessoires-dexterieur\/objets-deco\/decoration-echecs-pion-blanc"]}]},{"@type":"ImageObject","inLanguage":"fr-FR","@id":"https:\/\/www.bizzotto.com\/fr\/produits\/mobilier-de-jardin\/accessoires-dexterieur\/objets-deco\/decoration-echecs-pion-blanc#primaryimage","url":"https:\/\/www.bizzotto.com\/wp-content\/uploads\/2026\/03\/0790652.jpg","contentUrl":"https:\/\/www.bizzotto.com\/wp-content\/uploads\/2026\/03\/0790652.jpg","width":866,"height":1080},{"@type":"BreadcrumbList","@id":"https:\/\/www.bizzotto.com\/fr\/produits\/mobilier-de-jardin\/accessoires-dexterieur\/objets-deco\/decoration-echecs-pion-blanc#breadcrumb","itemListElement":[{"@type":"ListItem","position":1,"name":"Home","item":"https:\/\/www.bizzotto.com\/fr"},{"@type":"ListItem","position":2,"name":"Boutique","item":"https:\/\/www.bizzotto.com\/fr\/boutique"},{"@type":"ListItem","position":3,"name":"Mobilier de jardin","item":"https:\/\/www.bizzotto.com\/fr\/categorie-de-produit\/mobilier-de-jardin"},{"@type":"ListItem","position":4,"name":"Accessoires d\u2019ext\u00e9rieur","item":"https:\/\/www.bizzotto.com\/fr\/categorie-de-produit\/mobilier-de-jardin\/accessoires-dexterieur"},{"@type":"ListItem","position":5,"name":"Objets d\u00e9co","item":"https:\/\/www.bizzotto.com\/fr\/categorie-de-produit\/mobilier-de-jardin\/accessoires-dexterieur\/objets-deco"},{"@type":"ListItem","position":6,"name":"D\u00c9CORATION \u00c9CHECS PION BLANC"}]},{"@type":"WebSite","@id":"https:\/\/www.bizzotto.com\/fr#website","url":"https:\/\/www.bizzotto.com\/fr","name":"Bizzotto","description":"","potentialAction":[{"@type":"SearchAction","target":{"@type":"EntryPoint","urlTemplate":"https:\/\/www.bizzotto.com\/fr?s={search_term_string}"},"query-input":{"@type":"PropertyValueSpecification","valueRequired":true,"valueName":"search_term_string"}}],"inLanguage":"fr-FR"}]}},"_links":{"self":[{"href":"https:\/\/www.bizzotto.com\/fr\/wp-json\/wp\/v2\/product\/74449","targetHints":{"allow":["GET"]}}],"collection":[{"href":"https:\/\/www.bizzotto.com\/fr\/wp-json\/wp\/v2\/product"}],"about":[{"href":"https:\/\/www.bizzotto.com\/fr\/wp-json\/wp\/v2\/types\/product"}],"replies":[{"embeddable":true,"href":"https:\/\/www.bizzotto.com\/fr\/wp-json\/wp\/v2\/comments?post=74449"}],"wp:featuredmedia":[{"embeddable":true,"href":"https:\/\/www.bizzotto.com\/fr\/wp-json\/wp\/v2\/media\/74443"}],"wp:attachment":[{"href":"https:\/\/www.bizzotto.com\/fr\/wp-json\/wp\/v2\/media?parent=74449"}],"wp:term":[{"taxonomy":"codifica-stile","embeddable":true,"href":"https:\/\/www.bizzotto.com\/fr\/wp-json\/wp\/v2\/codifica-stile?post=74449"},{"taxonomy":"divisione","embeddable":true,"href":"https:\/\/www.bizzotto.com\/fr\/wp-json\/wp\/v2\/divisione?post=74449"},{"taxonomy":"novita","embeddable":true,"href":"https:\/\/www.bizzotto.com\/fr\/wp-json\/wp\/v2\/novita?post=74449"},{"taxonomy":"stile","embeddable":true,"href":"https:\/\/www.bizzotto.com\/fr\/wp-json\/wp\/v2\/stile?post=74449"},{"taxonomy":"product_brand","embeddable":true,"href":"https:\/\/www.bizzotto.com\/fr\/wp-json\/wp\/v2\/product_brand?post=74449"},{"taxonomy":"product_cat","embeddable":true,"href":"https:\/\/www.bizzotto.com\/fr\/wp-json\/wp\/v2\/product_cat?post=74449"},{"taxonomy":"product_tag","embeddable":true,"href":"https:\/\/www.bizzotto.com\/fr\/wp-json\/wp\/v2\/product_tag?post=74449"}],"curies":[{"name":"wp","href":"https:\/\/api.w.org\/{rel}","templated":true}]}}