{"id":71629,"date":"2026-03-19T10:39:50","date_gmt":"2026-03-19T09:39:50","guid":{"rendered":"https:\/\/www.bizzotto.com\/prodotti\/non class\u00e9\/table-sanat-200x120"},"modified":"2026-03-19T10:39:52","modified_gmt":"2026-03-19T09:39:52","slug":"table-sanat-200x120","status":"publish","type":"product","link":"https:\/\/www.bizzotto.com\/fr\/produits\/mobilier-interieur\/salle-a-manger\/tables\/table-sanat-200x120","title":{"rendered":"TABLE SANAT 200X120"},"content":{"rendered":"<p>STRUCTURE EN BOIS DE MANGUIER, MARQUET\u00c9E ET TRAVAILL\u00c9E \u00c0 LA MAIN. FINITION AVEC PEINTURE \u00c0 BASE D\u2019EAU. PIEDS \u00c0 ASSEMBLER. CODE EN COMBINAISON<\/p>\n","protected":false},"excerpt":{"rendered":"<p>Table Sanat en bois 200&#215;120<\/p>\n","protected":false},"featured_media":71593,"comment_status":"open","ping_status":"closed","template":"","meta":{"_acf_changed":false},"codifica-stile":[457],"divisione":[559],"novita":[],"stile":[773],"product_brand":[62],"product_cat":[2172,2184,2189],"product_tag":[1748],"class_list":{"0":"post-71629","1":"product","2":"type-product","3":"status-publish","4":"has-post-thumbnail","6":"codifica-stile-cn","7":"divisione-homemotion-arredo-interno-fr","8":"stile-contemporain","9":"product_brand-homemotion","10":"product_cat-mobilier-interieur","11":"product_cat-salle-a-manger","12":"product_cat-tables","13":"product_tag-ai-am-ev","16":"first","17":"instock","18":"shipping-taxable","19":"purchasable","20":"product-type-simple"},"acf":[],"yoast_head":"<!-- This site is optimized with the Yoast SEO plugin v26.6 - https:\/\/yoast.com\/wordpress\/plugins\/seo\/ -->\n<title>TABLE SANAT 200X120 - Bizzotto<\/title>\n<meta name=\"robots\" content=\"index, follow, max-snippet:-1, max-image-preview:large, max-video-preview:-1\" \/>\n<link rel=\"canonical\" href=\"https:\/\/www.bizzotto.com\/fr\/produits\/mobilier-interieur\/salle-a-manger\/tables\/table-sanat-200x120\" \/>\n<meta property=\"og:locale\" content=\"fr_FR\" \/>\n<meta property=\"og:type\" content=\"article\" \/>\n<meta property=\"og:title\" content=\"TABLE SANAT 200X120 - Bizzotto\" \/>\n<meta property=\"og:description\" content=\"Table Sanat en bois 200x120\" \/>\n<meta property=\"og:url\" content=\"https:\/\/www.bizzotto.com\/fr\/produits\/mobilier-interieur\/salle-a-manger\/tables\/table-sanat-200x120\" \/>\n<meta property=\"og:site_name\" content=\"Bizzotto\" \/>\n<meta property=\"article:modified_time\" content=\"2026-03-19T09:39:52+00:00\" \/>\n<meta property=\"og:image\" content=\"https:\/\/www.bizzotto.com\/wp-content\/uploads\/2026\/03\/0747333.jpg\" \/>\n\t<meta property=\"og:image:width\" content=\"1908\" \/>\n\t<meta property=\"og:image:height\" content=\"1080\" \/>\n\t<meta property=\"og:image:type\" content=\"image\/jpeg\" \/>\n<meta name=\"twitter:card\" content=\"summary_large_image\" \/>\n<script type=\"application\/ld+json\" class=\"yoast-schema-graph\">{\"@context\":\"https:\/\/schema.org\",\"@graph\":[{\"@type\":\"WebPage\",\"@id\":\"https:\/\/www.bizzotto.com\/fr\/produits\/mobilier-interieur\/salle-a-manger\/tables\/table-sanat-200x120\",\"url\":\"https:\/\/www.bizzotto.com\/fr\/produits\/mobilier-interieur\/salle-a-manger\/tables\/table-sanat-200x120\",\"name\":\"TABLE SANAT 200X120 - Bizzotto\",\"isPartOf\":{\"@id\":\"https:\/\/www.bizzotto.com\/fr#website\"},\"primaryImageOfPage\":{\"@id\":\"https:\/\/www.bizzotto.com\/fr\/produits\/mobilier-interieur\/salle-a-manger\/tables\/table-sanat-200x120#primaryimage\"},\"image\":{\"@id\":\"https:\/\/www.bizzotto.com\/fr\/produits\/mobilier-interieur\/salle-a-manger\/tables\/table-sanat-200x120#primaryimage\"},\"thumbnailUrl\":\"https:\/\/www.bizzotto.com\/wp-content\/uploads\/2026\/03\/0747333.jpg\",\"datePublished\":\"2026-03-19T09:39:50+00:00\",\"dateModified\":\"2026-03-19T09:39:52+00:00\",\"breadcrumb\":{\"@id\":\"https:\/\/www.bizzotto.com\/fr\/produits\/mobilier-interieur\/salle-a-manger\/tables\/table-sanat-200x120#breadcrumb\"},\"inLanguage\":\"fr-FR\",\"potentialAction\":[{\"@type\":\"ReadAction\",\"target\":[\"https:\/\/www.bizzotto.com\/fr\/produits\/mobilier-interieur\/salle-a-manger\/tables\/table-sanat-200x120\"]}]},{\"@type\":\"ImageObject\",\"inLanguage\":\"fr-FR\",\"@id\":\"https:\/\/www.bizzotto.com\/fr\/produits\/mobilier-interieur\/salle-a-manger\/tables\/table-sanat-200x120#primaryimage\",\"url\":\"https:\/\/www.bizzotto.com\/wp-content\/uploads\/2026\/03\/0747333.jpg\",\"contentUrl\":\"https:\/\/www.bizzotto.com\/wp-content\/uploads\/2026\/03\/0747333.jpg\",\"width\":1908,\"height\":1080},{\"@type\":\"BreadcrumbList\",\"@id\":\"https:\/\/www.bizzotto.com\/fr\/produits\/mobilier-interieur\/salle-a-manger\/tables\/table-sanat-200x120#breadcrumb\",\"itemListElement\":[{\"@type\":\"ListItem\",\"position\":1,\"name\":\"Home\",\"item\":\"https:\/\/www.bizzotto.com\/fr\"},{\"@type\":\"ListItem\",\"position\":2,\"name\":\"Boutique\",\"item\":\"https:\/\/www.bizzotto.com\/fr\/boutique\"},{\"@type\":\"ListItem\",\"position\":3,\"name\":\"Mobilier int\u00e9rieur\",\"item\":\"https:\/\/www.bizzotto.com\/fr\/categorie-de-produit\/mobilier-interieur\"},{\"@type\":\"ListItem\",\"position\":4,\"name\":\"Salle \u00e0 manger\",\"item\":\"https:\/\/www.bizzotto.com\/fr\/categorie-de-produit\/mobilier-interieur\/salle-a-manger\"},{\"@type\":\"ListItem\",\"position\":5,\"name\":\"Tables\",\"item\":\"https:\/\/www.bizzotto.com\/fr\/categorie-de-produit\/mobilier-interieur\/salle-a-manger\/tables\"},{\"@type\":\"ListItem\",\"position\":6,\"name\":\"TABLE SANAT 200X120\"}]},{\"@type\":\"WebSite\",\"@id\":\"https:\/\/www.bizzotto.com\/fr#website\",\"url\":\"https:\/\/www.bizzotto.com\/fr\",\"name\":\"Bizzotto\",\"description\":\"\",\"potentialAction\":[{\"@type\":\"SearchAction\",\"target\":{\"@type\":\"EntryPoint\",\"urlTemplate\":\"https:\/\/www.bizzotto.com\/fr?s={search_term_string}\"},\"query-input\":{\"@type\":\"PropertyValueSpecification\",\"valueRequired\":true,\"valueName\":\"search_term_string\"}}],\"inLanguage\":\"fr-FR\"}]}<\/script>\n<!-- \/ Yoast SEO plugin. -->","yoast_head_json":{"title":"TABLE SANAT 200X120 - Bizzotto","robots":{"index":"index","follow":"follow","max-snippet":"max-snippet:-1","max-image-preview":"max-image-preview:large","max-video-preview":"max-video-preview:-1"},"canonical":"https:\/\/www.bizzotto.com\/fr\/produits\/mobilier-interieur\/salle-a-manger\/tables\/table-sanat-200x120","og_locale":"fr_FR","og_type":"article","og_title":"TABLE SANAT 200X120 - Bizzotto","og_description":"Table Sanat en bois 200x120","og_url":"https:\/\/www.bizzotto.com\/fr\/produits\/mobilier-interieur\/salle-a-manger\/tables\/table-sanat-200x120","og_site_name":"Bizzotto","article_modified_time":"2026-03-19T09:39:52+00:00","og_image":[{"width":1908,"height":1080,"url":"https:\/\/www.bizzotto.com\/wp-content\/uploads\/2026\/03\/0747333.jpg","type":"image\/jpeg"}],"twitter_card":"summary_large_image","schema":{"@context":"https:\/\/schema.org","@graph":[{"@type":"WebPage","@id":"https:\/\/www.bizzotto.com\/fr\/produits\/mobilier-interieur\/salle-a-manger\/tables\/table-sanat-200x120","url":"https:\/\/www.bizzotto.com\/fr\/produits\/mobilier-interieur\/salle-a-manger\/tables\/table-sanat-200x120","name":"TABLE SANAT 200X120 - Bizzotto","isPartOf":{"@id":"https:\/\/www.bizzotto.com\/fr#website"},"primaryImageOfPage":{"@id":"https:\/\/www.bizzotto.com\/fr\/produits\/mobilier-interieur\/salle-a-manger\/tables\/table-sanat-200x120#primaryimage"},"image":{"@id":"https:\/\/www.bizzotto.com\/fr\/produits\/mobilier-interieur\/salle-a-manger\/tables\/table-sanat-200x120#primaryimage"},"thumbnailUrl":"https:\/\/www.bizzotto.com\/wp-content\/uploads\/2026\/03\/0747333.jpg","datePublished":"2026-03-19T09:39:50+00:00","dateModified":"2026-03-19T09:39:52+00:00","breadcrumb":{"@id":"https:\/\/www.bizzotto.com\/fr\/produits\/mobilier-interieur\/salle-a-manger\/tables\/table-sanat-200x120#breadcrumb"},"inLanguage":"fr-FR","potentialAction":[{"@type":"ReadAction","target":["https:\/\/www.bizzotto.com\/fr\/produits\/mobilier-interieur\/salle-a-manger\/tables\/table-sanat-200x120"]}]},{"@type":"ImageObject","inLanguage":"fr-FR","@id":"https:\/\/www.bizzotto.com\/fr\/produits\/mobilier-interieur\/salle-a-manger\/tables\/table-sanat-200x120#primaryimage","url":"https:\/\/www.bizzotto.com\/wp-content\/uploads\/2026\/03\/0747333.jpg","contentUrl":"https:\/\/www.bizzotto.com\/wp-content\/uploads\/2026\/03\/0747333.jpg","width":1908,"height":1080},{"@type":"BreadcrumbList","@id":"https:\/\/www.bizzotto.com\/fr\/produits\/mobilier-interieur\/salle-a-manger\/tables\/table-sanat-200x120#breadcrumb","itemListElement":[{"@type":"ListItem","position":1,"name":"Home","item":"https:\/\/www.bizzotto.com\/fr"},{"@type":"ListItem","position":2,"name":"Boutique","item":"https:\/\/www.bizzotto.com\/fr\/boutique"},{"@type":"ListItem","position":3,"name":"Mobilier int\u00e9rieur","item":"https:\/\/www.bizzotto.com\/fr\/categorie-de-produit\/mobilier-interieur"},{"@type":"ListItem","position":4,"name":"Salle \u00e0 manger","item":"https:\/\/www.bizzotto.com\/fr\/categorie-de-produit\/mobilier-interieur\/salle-a-manger"},{"@type":"ListItem","position":5,"name":"Tables","item":"https:\/\/www.bizzotto.com\/fr\/categorie-de-produit\/mobilier-interieur\/salle-a-manger\/tables"},{"@type":"ListItem","position":6,"name":"TABLE SANAT 200X120"}]},{"@type":"WebSite","@id":"https:\/\/www.bizzotto.com\/fr#website","url":"https:\/\/www.bizzotto.com\/fr","name":"Bizzotto","description":"","potentialAction":[{"@type":"SearchAction","target":{"@type":"EntryPoint","urlTemplate":"https:\/\/www.bizzotto.com\/fr?s={search_term_string}"},"query-input":{"@type":"PropertyValueSpecification","valueRequired":true,"valueName":"search_term_string"}}],"inLanguage":"fr-FR"}]}},"_links":{"self":[{"href":"https:\/\/www.bizzotto.com\/fr\/wp-json\/wp\/v2\/product\/71629","targetHints":{"allow":["GET"]}}],"collection":[{"href":"https:\/\/www.bizzotto.com\/fr\/wp-json\/wp\/v2\/product"}],"about":[{"href":"https:\/\/www.bizzotto.com\/fr\/wp-json\/wp\/v2\/types\/product"}],"replies":[{"embeddable":true,"href":"https:\/\/www.bizzotto.com\/fr\/wp-json\/wp\/v2\/comments?post=71629"}],"wp:featuredmedia":[{"embeddable":true,"href":"https:\/\/www.bizzotto.com\/fr\/wp-json\/wp\/v2\/media\/71593"}],"wp:attachment":[{"href":"https:\/\/www.bizzotto.com\/fr\/wp-json\/wp\/v2\/media?parent=71629"}],"wp:term":[{"taxonomy":"codifica-stile","embeddable":true,"href":"https:\/\/www.bizzotto.com\/fr\/wp-json\/wp\/v2\/codifica-stile?post=71629"},{"taxonomy":"divisione","embeddable":true,"href":"https:\/\/www.bizzotto.com\/fr\/wp-json\/wp\/v2\/divisione?post=71629"},{"taxonomy":"novita","embeddable":true,"href":"https:\/\/www.bizzotto.com\/fr\/wp-json\/wp\/v2\/novita?post=71629"},{"taxonomy":"stile","embeddable":true,"href":"https:\/\/www.bizzotto.com\/fr\/wp-json\/wp\/v2\/stile?post=71629"},{"taxonomy":"product_brand","embeddable":true,"href":"https:\/\/www.bizzotto.com\/fr\/wp-json\/wp\/v2\/product_brand?post=71629"},{"taxonomy":"product_cat","embeddable":true,"href":"https:\/\/www.bizzotto.com\/fr\/wp-json\/wp\/v2\/product_cat?post=71629"},{"taxonomy":"product_tag","embeddable":true,"href":"https:\/\/www.bizzotto.com\/fr\/wp-json\/wp\/v2\/product_tag?post=71629"}],"curies":[{"name":"wp","href":"https:\/\/api.w.org\/{rel}","templated":true}]}}