{"id":71499,"date":"2026-03-19T10:38:57","date_gmt":"2026-03-19T09:38:57","guid":{"rendered":"https:\/\/www.bizzotto.com\/prodotti\/non class\u00e9\/table-de-chevet-sanat-1et"},"modified":"2026-03-19T10:39:06","modified_gmt":"2026-03-19T09:39:06","slug":"table-de-chevet-sanat-1et","status":"publish","type":"product","link":"https:\/\/www.bizzotto.com\/fr\/produits\/mobilier-interieur\/chambre-a-coucher\/tables-de-chevet\/table-de-chevet-sanat-1et","title":{"rendered":"TABLE DE CHEVET SANAT 1\u00c9T."},"content":{"rendered":"<p>STRUCTURE EN BOIS DE MANGUIER, MARQUET\u00c9E ET TRAVAILL\u00c9E \u00c0 LA MAIN. FINITION AVEC PEINTURE \u00c0 BASE D\u2019EAU.<\/p>\n","protected":false},"excerpt":{"rendered":"<p>Table de Nuit Sanat<\/p>\n","protected":false},"featured_media":71473,"comment_status":"open","ping_status":"closed","template":"","meta":{"_acf_changed":false},"codifica-stile":[457],"divisione":[559],"novita":[],"stile":[773],"product_brand":[62],"product_cat":[2172,2173,2175],"product_tag":[1766],"class_list":{"0":"post-71499","1":"product","2":"type-product","3":"status-publish","4":"has-post-thumbnail","6":"codifica-stile-cn","7":"divisione-homemotion-arredo-interno-fr","8":"stile-contemporain","9":"product_brand-homemotion","10":"product_cat-mobilier-interieur","11":"product_cat-chambre-a-coucher","12":"product_cat-tables-de-chevet","13":"product_tag-ai-am-zr","16":"first","17":"instock","18":"shipping-taxable","19":"purchasable","20":"product-type-simple"},"acf":[],"yoast_head":"<!-- This site is optimized with the Yoast SEO plugin v26.6 - https:\/\/yoast.com\/wordpress\/plugins\/seo\/ -->\n<title>TABLE DE CHEVET SANAT 1\u00c9T. - Bizzotto<\/title>\n<meta name=\"robots\" content=\"index, follow, max-snippet:-1, max-image-preview:large, max-video-preview:-1\" \/>\n<link rel=\"canonical\" href=\"https:\/\/www.bizzotto.com\/fr\/produits\/mobilier-interieur\/chambre-a-coucher\/tables-de-chevet\/table-de-chevet-sanat-1et\" \/>\n<meta property=\"og:locale\" content=\"fr_FR\" \/>\n<meta property=\"og:type\" content=\"article\" \/>\n<meta property=\"og:title\" content=\"TABLE DE CHEVET SANAT 1\u00c9T. - Bizzotto\" \/>\n<meta property=\"og:description\" content=\"Table de Nuit Sanat\" \/>\n<meta property=\"og:url\" content=\"https:\/\/www.bizzotto.com\/fr\/produits\/mobilier-interieur\/chambre-a-coucher\/tables-de-chevet\/table-de-chevet-sanat-1et\" \/>\n<meta property=\"og:site_name\" content=\"Bizzotto\" \/>\n<meta property=\"article:modified_time\" content=\"2026-03-19T09:39:06+00:00\" \/>\n<meta property=\"og:image\" content=\"https:\/\/www.bizzotto.com\/wp-content\/uploads\/2026\/03\/0747330.jpg\" \/>\n\t<meta property=\"og:image:width\" content=\"1267\" \/>\n\t<meta property=\"og:image:height\" content=\"1080\" \/>\n\t<meta property=\"og:image:type\" content=\"image\/jpeg\" \/>\n<meta name=\"twitter:card\" content=\"summary_large_image\" \/>\n<script type=\"application\/ld+json\" class=\"yoast-schema-graph\">{\"@context\":\"https:\/\/schema.org\",\"@graph\":[{\"@type\":\"WebPage\",\"@id\":\"https:\/\/www.bizzotto.com\/fr\/produits\/mobilier-interieur\/chambre-a-coucher\/tables-de-chevet\/table-de-chevet-sanat-1et\",\"url\":\"https:\/\/www.bizzotto.com\/fr\/produits\/mobilier-interieur\/chambre-a-coucher\/tables-de-chevet\/table-de-chevet-sanat-1et\",\"name\":\"TABLE DE CHEVET SANAT 1\u00c9T. - Bizzotto\",\"isPartOf\":{\"@id\":\"https:\/\/www.bizzotto.com\/fr#website\"},\"primaryImageOfPage\":{\"@id\":\"https:\/\/www.bizzotto.com\/fr\/produits\/mobilier-interieur\/chambre-a-coucher\/tables-de-chevet\/table-de-chevet-sanat-1et#primaryimage\"},\"image\":{\"@id\":\"https:\/\/www.bizzotto.com\/fr\/produits\/mobilier-interieur\/chambre-a-coucher\/tables-de-chevet\/table-de-chevet-sanat-1et#primaryimage\"},\"thumbnailUrl\":\"https:\/\/www.bizzotto.com\/wp-content\/uploads\/2026\/03\/0747330.jpg\",\"datePublished\":\"2026-03-19T09:38:57+00:00\",\"dateModified\":\"2026-03-19T09:39:06+00:00\",\"breadcrumb\":{\"@id\":\"https:\/\/www.bizzotto.com\/fr\/produits\/mobilier-interieur\/chambre-a-coucher\/tables-de-chevet\/table-de-chevet-sanat-1et#breadcrumb\"},\"inLanguage\":\"fr-FR\",\"potentialAction\":[{\"@type\":\"ReadAction\",\"target\":[\"https:\/\/www.bizzotto.com\/fr\/produits\/mobilier-interieur\/chambre-a-coucher\/tables-de-chevet\/table-de-chevet-sanat-1et\"]}]},{\"@type\":\"ImageObject\",\"inLanguage\":\"fr-FR\",\"@id\":\"https:\/\/www.bizzotto.com\/fr\/produits\/mobilier-interieur\/chambre-a-coucher\/tables-de-chevet\/table-de-chevet-sanat-1et#primaryimage\",\"url\":\"https:\/\/www.bizzotto.com\/wp-content\/uploads\/2026\/03\/0747330.jpg\",\"contentUrl\":\"https:\/\/www.bizzotto.com\/wp-content\/uploads\/2026\/03\/0747330.jpg\",\"width\":1267,\"height\":1080},{\"@type\":\"BreadcrumbList\",\"@id\":\"https:\/\/www.bizzotto.com\/fr\/produits\/mobilier-interieur\/chambre-a-coucher\/tables-de-chevet\/table-de-chevet-sanat-1et#breadcrumb\",\"itemListElement\":[{\"@type\":\"ListItem\",\"position\":1,\"name\":\"Home\",\"item\":\"https:\/\/www.bizzotto.com\/fr\"},{\"@type\":\"ListItem\",\"position\":2,\"name\":\"Boutique\",\"item\":\"https:\/\/www.bizzotto.com\/fr\/boutique\"},{\"@type\":\"ListItem\",\"position\":3,\"name\":\"Mobilier int\u00e9rieur\",\"item\":\"https:\/\/www.bizzotto.com\/fr\/categorie-de-produit\/mobilier-interieur\"},{\"@type\":\"ListItem\",\"position\":4,\"name\":\"Chambre \u00e0 coucher\",\"item\":\"https:\/\/www.bizzotto.com\/fr\/categorie-de-produit\/mobilier-interieur\/chambre-a-coucher\"},{\"@type\":\"ListItem\",\"position\":5,\"name\":\"Tables de chevet\",\"item\":\"https:\/\/www.bizzotto.com\/fr\/categorie-de-produit\/mobilier-interieur\/chambre-a-coucher\/tables-de-chevet\"},{\"@type\":\"ListItem\",\"position\":6,\"name\":\"TABLE DE CHEVET SANAT 1\u00c9T.\"}]},{\"@type\":\"WebSite\",\"@id\":\"https:\/\/www.bizzotto.com\/fr#website\",\"url\":\"https:\/\/www.bizzotto.com\/fr\",\"name\":\"Bizzotto\",\"description\":\"\",\"potentialAction\":[{\"@type\":\"SearchAction\",\"target\":{\"@type\":\"EntryPoint\",\"urlTemplate\":\"https:\/\/www.bizzotto.com\/fr?s={search_term_string}\"},\"query-input\":{\"@type\":\"PropertyValueSpecification\",\"valueRequired\":true,\"valueName\":\"search_term_string\"}}],\"inLanguage\":\"fr-FR\"}]}<\/script>\n<!-- \/ Yoast SEO plugin. -->","yoast_head_json":{"title":"TABLE DE CHEVET SANAT 1\u00c9T. - Bizzotto","robots":{"index":"index","follow":"follow","max-snippet":"max-snippet:-1","max-image-preview":"max-image-preview:large","max-video-preview":"max-video-preview:-1"},"canonical":"https:\/\/www.bizzotto.com\/fr\/produits\/mobilier-interieur\/chambre-a-coucher\/tables-de-chevet\/table-de-chevet-sanat-1et","og_locale":"fr_FR","og_type":"article","og_title":"TABLE DE CHEVET SANAT 1\u00c9T. - Bizzotto","og_description":"Table de Nuit Sanat","og_url":"https:\/\/www.bizzotto.com\/fr\/produits\/mobilier-interieur\/chambre-a-coucher\/tables-de-chevet\/table-de-chevet-sanat-1et","og_site_name":"Bizzotto","article_modified_time":"2026-03-19T09:39:06+00:00","og_image":[{"width":1267,"height":1080,"url":"https:\/\/www.bizzotto.com\/wp-content\/uploads\/2026\/03\/0747330.jpg","type":"image\/jpeg"}],"twitter_card":"summary_large_image","schema":{"@context":"https:\/\/schema.org","@graph":[{"@type":"WebPage","@id":"https:\/\/www.bizzotto.com\/fr\/produits\/mobilier-interieur\/chambre-a-coucher\/tables-de-chevet\/table-de-chevet-sanat-1et","url":"https:\/\/www.bizzotto.com\/fr\/produits\/mobilier-interieur\/chambre-a-coucher\/tables-de-chevet\/table-de-chevet-sanat-1et","name":"TABLE DE CHEVET SANAT 1\u00c9T. - Bizzotto","isPartOf":{"@id":"https:\/\/www.bizzotto.com\/fr#website"},"primaryImageOfPage":{"@id":"https:\/\/www.bizzotto.com\/fr\/produits\/mobilier-interieur\/chambre-a-coucher\/tables-de-chevet\/table-de-chevet-sanat-1et#primaryimage"},"image":{"@id":"https:\/\/www.bizzotto.com\/fr\/produits\/mobilier-interieur\/chambre-a-coucher\/tables-de-chevet\/table-de-chevet-sanat-1et#primaryimage"},"thumbnailUrl":"https:\/\/www.bizzotto.com\/wp-content\/uploads\/2026\/03\/0747330.jpg","datePublished":"2026-03-19T09:38:57+00:00","dateModified":"2026-03-19T09:39:06+00:00","breadcrumb":{"@id":"https:\/\/www.bizzotto.com\/fr\/produits\/mobilier-interieur\/chambre-a-coucher\/tables-de-chevet\/table-de-chevet-sanat-1et#breadcrumb"},"inLanguage":"fr-FR","potentialAction":[{"@type":"ReadAction","target":["https:\/\/www.bizzotto.com\/fr\/produits\/mobilier-interieur\/chambre-a-coucher\/tables-de-chevet\/table-de-chevet-sanat-1et"]}]},{"@type":"ImageObject","inLanguage":"fr-FR","@id":"https:\/\/www.bizzotto.com\/fr\/produits\/mobilier-interieur\/chambre-a-coucher\/tables-de-chevet\/table-de-chevet-sanat-1et#primaryimage","url":"https:\/\/www.bizzotto.com\/wp-content\/uploads\/2026\/03\/0747330.jpg","contentUrl":"https:\/\/www.bizzotto.com\/wp-content\/uploads\/2026\/03\/0747330.jpg","width":1267,"height":1080},{"@type":"BreadcrumbList","@id":"https:\/\/www.bizzotto.com\/fr\/produits\/mobilier-interieur\/chambre-a-coucher\/tables-de-chevet\/table-de-chevet-sanat-1et#breadcrumb","itemListElement":[{"@type":"ListItem","position":1,"name":"Home","item":"https:\/\/www.bizzotto.com\/fr"},{"@type":"ListItem","position":2,"name":"Boutique","item":"https:\/\/www.bizzotto.com\/fr\/boutique"},{"@type":"ListItem","position":3,"name":"Mobilier int\u00e9rieur","item":"https:\/\/www.bizzotto.com\/fr\/categorie-de-produit\/mobilier-interieur"},{"@type":"ListItem","position":4,"name":"Chambre \u00e0 coucher","item":"https:\/\/www.bizzotto.com\/fr\/categorie-de-produit\/mobilier-interieur\/chambre-a-coucher"},{"@type":"ListItem","position":5,"name":"Tables de chevet","item":"https:\/\/www.bizzotto.com\/fr\/categorie-de-produit\/mobilier-interieur\/chambre-a-coucher\/tables-de-chevet"},{"@type":"ListItem","position":6,"name":"TABLE DE CHEVET SANAT 1\u00c9T."}]},{"@type":"WebSite","@id":"https:\/\/www.bizzotto.com\/fr#website","url":"https:\/\/www.bizzotto.com\/fr","name":"Bizzotto","description":"","potentialAction":[{"@type":"SearchAction","target":{"@type":"EntryPoint","urlTemplate":"https:\/\/www.bizzotto.com\/fr?s={search_term_string}"},"query-input":{"@type":"PropertyValueSpecification","valueRequired":true,"valueName":"search_term_string"}}],"inLanguage":"fr-FR"}]}},"_links":{"self":[{"href":"https:\/\/www.bizzotto.com\/fr\/wp-json\/wp\/v2\/product\/71499","targetHints":{"allow":["GET"]}}],"collection":[{"href":"https:\/\/www.bizzotto.com\/fr\/wp-json\/wp\/v2\/product"}],"about":[{"href":"https:\/\/www.bizzotto.com\/fr\/wp-json\/wp\/v2\/types\/product"}],"replies":[{"embeddable":true,"href":"https:\/\/www.bizzotto.com\/fr\/wp-json\/wp\/v2\/comments?post=71499"}],"wp:featuredmedia":[{"embeddable":true,"href":"https:\/\/www.bizzotto.com\/fr\/wp-json\/wp\/v2\/media\/71473"}],"wp:attachment":[{"href":"https:\/\/www.bizzotto.com\/fr\/wp-json\/wp\/v2\/media?parent=71499"}],"wp:term":[{"taxonomy":"codifica-stile","embeddable":true,"href":"https:\/\/www.bizzotto.com\/fr\/wp-json\/wp\/v2\/codifica-stile?post=71499"},{"taxonomy":"divisione","embeddable":true,"href":"https:\/\/www.bizzotto.com\/fr\/wp-json\/wp\/v2\/divisione?post=71499"},{"taxonomy":"novita","embeddable":true,"href":"https:\/\/www.bizzotto.com\/fr\/wp-json\/wp\/v2\/novita?post=71499"},{"taxonomy":"stile","embeddable":true,"href":"https:\/\/www.bizzotto.com\/fr\/wp-json\/wp\/v2\/stile?post=71499"},{"taxonomy":"product_brand","embeddable":true,"href":"https:\/\/www.bizzotto.com\/fr\/wp-json\/wp\/v2\/product_brand?post=71499"},{"taxonomy":"product_cat","embeddable":true,"href":"https:\/\/www.bizzotto.com\/fr\/wp-json\/wp\/v2\/product_cat?post=71499"},{"taxonomy":"product_tag","embeddable":true,"href":"https:\/\/www.bizzotto.com\/fr\/wp-json\/wp\/v2\/product_tag?post=71499"}],"curies":[{"name":"wp","href":"https:\/\/api.w.org\/{rel}","templated":true}]}}