{"id":67504,"date":"2026-03-19T10:16:18","date_gmt":"2026-03-19T09:16:18","guid":{"rendered":"https:\/\/www.bizzotto.com\/prodotti\/non class\u00e9\/commode-3volets-manchester"},"modified":"2026-03-19T10:16:34","modified_gmt":"2026-03-19T09:16:34","slug":"commode-3volets-manchester","status":"publish","type":"product","link":"https:\/\/www.bizzotto.com\/fr\/produits\/mobilier-interieur\/salle-a-manger\/buffets\/commode-3volets-manchester","title":{"rendered":"COMMODE 3VOLETS MANCHESTER"},"content":{"rendered":"<p>STRUCTURE EN BOIS MANGUIER ET ACIER, DOS EN CONTREPLAQU\u00c9. C\u00d4T\u00c9 DEVANT VOLETS ET TIROIRS EN BOIS R\u00c9CYCL\u00c9 OU FEUILLES D&#8217;ACIER OU FINITION EN FIBRE-CIMENT. FINITION ACRYLIQUE DE PROTECTION. LE PRODUIT EN BOIS RECYCLE SE CARACTERISE PAR LA PRESENCE DE BOUCHONS EN BOIS DE DIFFERENTES ESSENCES ET COULEURS. DES EVENTUELLES FISSURES OU IMPERFECTIONS, QUI PEUVENT EGALEMENT ETRE GENEREES AU FIL DU TEMPS, SONT DES CARACTERISTIQUES TYPIQUES DE CE MATERIAU, ET RENDENT CHAQUE PIECE UNIQUE ET ORIGINALE.<\/p>\n","protected":false},"excerpt":{"rendered":"<p>Buffet Manchester 3 portes<\/p>\n","protected":false},"featured_media":8896,"comment_status":"open","ping_status":"closed","template":"","meta":{"_acf_changed":false},"codifica-stile":[459],"divisione":[538],"novita":[],"stile":[774],"product_brand":[61],"product_cat":[2172,2184,2186],"product_tag":[1757],"class_list":{"0":"post-67504","1":"product","2":"type-product","3":"status-publish","4":"has-post-thumbnail","6":"codifica-stile-es","7":"divisione-bizzotto-arredo-interno-fr","8":"stile-organique","9":"product_brand-bizzotto","10":"product_cat-mobilier-interieur","11":"product_cat-salle-a-manger","12":"product_cat-buffets","13":"product_tag-ai-ac-bk","16":"first","17":"instock","18":"shipping-taxable","19":"purchasable","20":"product-type-simple"},"acf":[],"yoast_head":"<!-- This site is optimized with the Yoast SEO plugin v26.6 - https:\/\/yoast.com\/wordpress\/plugins\/seo\/ -->\n<title>COMMODE 3VOLETS MANCHESTER - Bizzotto<\/title>\n<meta name=\"robots\" content=\"index, follow, max-snippet:-1, max-image-preview:large, max-video-preview:-1\" \/>\n<link rel=\"canonical\" href=\"https:\/\/www.bizzotto.com\/fr\/produits\/mobilier-interieur\/salle-a-manger\/buffets\/commode-3volets-manchester\" \/>\n<meta property=\"og:locale\" content=\"fr_FR\" \/>\n<meta property=\"og:type\" content=\"article\" \/>\n<meta property=\"og:title\" content=\"COMMODE 3VOLETS MANCHESTER - Bizzotto\" \/>\n<meta property=\"og:description\" content=\"Buffet Manchester 3 portes\" \/>\n<meta property=\"og:url\" content=\"https:\/\/www.bizzotto.com\/fr\/produits\/mobilier-interieur\/salle-a-manger\/buffets\/commode-3volets-manchester\" \/>\n<meta property=\"og:site_name\" content=\"Bizzotto\" \/>\n<meta property=\"article:modified_time\" content=\"2026-03-19T09:16:34+00:00\" \/>\n<meta property=\"og:image\" content=\"https:\/\/www.bizzotto.com\/wp-content\/uploads\/2026\/02\/0746642-AM71.jpg\" \/>\n\t<meta property=\"og:image:width\" content=\"787\" \/>\n\t<meta property=\"og:image:height\" content=\"1080\" \/>\n\t<meta property=\"og:image:type\" content=\"image\/jpeg\" \/>\n<meta name=\"twitter:card\" content=\"summary_large_image\" \/>\n<script type=\"application\/ld+json\" class=\"yoast-schema-graph\">{\"@context\":\"https:\/\/schema.org\",\"@graph\":[{\"@type\":\"WebPage\",\"@id\":\"https:\/\/www.bizzotto.com\/fr\/produits\/mobilier-interieur\/salle-a-manger\/buffets\/commode-3volets-manchester\",\"url\":\"https:\/\/www.bizzotto.com\/fr\/produits\/mobilier-interieur\/salle-a-manger\/buffets\/commode-3volets-manchester\",\"name\":\"COMMODE 3VOLETS MANCHESTER - Bizzotto\",\"isPartOf\":{\"@id\":\"https:\/\/www.bizzotto.com\/fr#website\"},\"primaryImageOfPage\":{\"@id\":\"https:\/\/www.bizzotto.com\/fr\/produits\/mobilier-interieur\/salle-a-manger\/buffets\/commode-3volets-manchester#primaryimage\"},\"image\":{\"@id\":\"https:\/\/www.bizzotto.com\/fr\/produits\/mobilier-interieur\/salle-a-manger\/buffets\/commode-3volets-manchester#primaryimage\"},\"thumbnailUrl\":\"https:\/\/www.bizzotto.com\/wp-content\/uploads\/2026\/02\/0746642-AM71.jpg\",\"datePublished\":\"2026-03-19T09:16:18+00:00\",\"dateModified\":\"2026-03-19T09:16:34+00:00\",\"breadcrumb\":{\"@id\":\"https:\/\/www.bizzotto.com\/fr\/produits\/mobilier-interieur\/salle-a-manger\/buffets\/commode-3volets-manchester#breadcrumb\"},\"inLanguage\":\"fr-FR\",\"potentialAction\":[{\"@type\":\"ReadAction\",\"target\":[\"https:\/\/www.bizzotto.com\/fr\/produits\/mobilier-interieur\/salle-a-manger\/buffets\/commode-3volets-manchester\"]}]},{\"@type\":\"ImageObject\",\"inLanguage\":\"fr-FR\",\"@id\":\"https:\/\/www.bizzotto.com\/fr\/produits\/mobilier-interieur\/salle-a-manger\/buffets\/commode-3volets-manchester#primaryimage\",\"url\":\"https:\/\/www.bizzotto.com\/wp-content\/uploads\/2026\/02\/0746642-AM71.jpg\",\"contentUrl\":\"https:\/\/www.bizzotto.com\/wp-content\/uploads\/2026\/02\/0746642-AM71.jpg\",\"width\":787,\"height\":1080,\"caption\":\"CREDENZA 3A MANCHESTER\"},{\"@type\":\"BreadcrumbList\",\"@id\":\"https:\/\/www.bizzotto.com\/fr\/produits\/mobilier-interieur\/salle-a-manger\/buffets\/commode-3volets-manchester#breadcrumb\",\"itemListElement\":[{\"@type\":\"ListItem\",\"position\":1,\"name\":\"Home\",\"item\":\"https:\/\/www.bizzotto.com\/fr\"},{\"@type\":\"ListItem\",\"position\":2,\"name\":\"Boutique\",\"item\":\"https:\/\/www.bizzotto.com\/fr\/boutique\"},{\"@type\":\"ListItem\",\"position\":3,\"name\":\"Mobilier int\u00e9rieur\",\"item\":\"https:\/\/www.bizzotto.com\/fr\/categorie-de-produit\/mobilier-interieur\"},{\"@type\":\"ListItem\",\"position\":4,\"name\":\"Salle \u00e0 manger\",\"item\":\"https:\/\/www.bizzotto.com\/fr\/categorie-de-produit\/mobilier-interieur\/salle-a-manger\"},{\"@type\":\"ListItem\",\"position\":5,\"name\":\"Buffets\",\"item\":\"https:\/\/www.bizzotto.com\/fr\/categorie-de-produit\/mobilier-interieur\/salle-a-manger\/buffets\"},{\"@type\":\"ListItem\",\"position\":6,\"name\":\"COMMODE 3VOLETS MANCHESTER\"}]},{\"@type\":\"WebSite\",\"@id\":\"https:\/\/www.bizzotto.com\/fr#website\",\"url\":\"https:\/\/www.bizzotto.com\/fr\",\"name\":\"Bizzotto\",\"description\":\"\",\"potentialAction\":[{\"@type\":\"SearchAction\",\"target\":{\"@type\":\"EntryPoint\",\"urlTemplate\":\"https:\/\/www.bizzotto.com\/fr?s={search_term_string}\"},\"query-input\":{\"@type\":\"PropertyValueSpecification\",\"valueRequired\":true,\"valueName\":\"search_term_string\"}}],\"inLanguage\":\"fr-FR\"}]}<\/script>\n<!-- \/ Yoast SEO plugin. -->","yoast_head_json":{"title":"COMMODE 3VOLETS MANCHESTER - Bizzotto","robots":{"index":"index","follow":"follow","max-snippet":"max-snippet:-1","max-image-preview":"max-image-preview:large","max-video-preview":"max-video-preview:-1"},"canonical":"https:\/\/www.bizzotto.com\/fr\/produits\/mobilier-interieur\/salle-a-manger\/buffets\/commode-3volets-manchester","og_locale":"fr_FR","og_type":"article","og_title":"COMMODE 3VOLETS MANCHESTER - Bizzotto","og_description":"Buffet Manchester 3 portes","og_url":"https:\/\/www.bizzotto.com\/fr\/produits\/mobilier-interieur\/salle-a-manger\/buffets\/commode-3volets-manchester","og_site_name":"Bizzotto","article_modified_time":"2026-03-19T09:16:34+00:00","og_image":[{"width":787,"height":1080,"url":"https:\/\/www.bizzotto.com\/wp-content\/uploads\/2026\/02\/0746642-AM71.jpg","type":"image\/jpeg"}],"twitter_card":"summary_large_image","schema":{"@context":"https:\/\/schema.org","@graph":[{"@type":"WebPage","@id":"https:\/\/www.bizzotto.com\/fr\/produits\/mobilier-interieur\/salle-a-manger\/buffets\/commode-3volets-manchester","url":"https:\/\/www.bizzotto.com\/fr\/produits\/mobilier-interieur\/salle-a-manger\/buffets\/commode-3volets-manchester","name":"COMMODE 3VOLETS MANCHESTER - Bizzotto","isPartOf":{"@id":"https:\/\/www.bizzotto.com\/fr#website"},"primaryImageOfPage":{"@id":"https:\/\/www.bizzotto.com\/fr\/produits\/mobilier-interieur\/salle-a-manger\/buffets\/commode-3volets-manchester#primaryimage"},"image":{"@id":"https:\/\/www.bizzotto.com\/fr\/produits\/mobilier-interieur\/salle-a-manger\/buffets\/commode-3volets-manchester#primaryimage"},"thumbnailUrl":"https:\/\/www.bizzotto.com\/wp-content\/uploads\/2026\/02\/0746642-AM71.jpg","datePublished":"2026-03-19T09:16:18+00:00","dateModified":"2026-03-19T09:16:34+00:00","breadcrumb":{"@id":"https:\/\/www.bizzotto.com\/fr\/produits\/mobilier-interieur\/salle-a-manger\/buffets\/commode-3volets-manchester#breadcrumb"},"inLanguage":"fr-FR","potentialAction":[{"@type":"ReadAction","target":["https:\/\/www.bizzotto.com\/fr\/produits\/mobilier-interieur\/salle-a-manger\/buffets\/commode-3volets-manchester"]}]},{"@type":"ImageObject","inLanguage":"fr-FR","@id":"https:\/\/www.bizzotto.com\/fr\/produits\/mobilier-interieur\/salle-a-manger\/buffets\/commode-3volets-manchester#primaryimage","url":"https:\/\/www.bizzotto.com\/wp-content\/uploads\/2026\/02\/0746642-AM71.jpg","contentUrl":"https:\/\/www.bizzotto.com\/wp-content\/uploads\/2026\/02\/0746642-AM71.jpg","width":787,"height":1080,"caption":"CREDENZA 3A MANCHESTER"},{"@type":"BreadcrumbList","@id":"https:\/\/www.bizzotto.com\/fr\/produits\/mobilier-interieur\/salle-a-manger\/buffets\/commode-3volets-manchester#breadcrumb","itemListElement":[{"@type":"ListItem","position":1,"name":"Home","item":"https:\/\/www.bizzotto.com\/fr"},{"@type":"ListItem","position":2,"name":"Boutique","item":"https:\/\/www.bizzotto.com\/fr\/boutique"},{"@type":"ListItem","position":3,"name":"Mobilier int\u00e9rieur","item":"https:\/\/www.bizzotto.com\/fr\/categorie-de-produit\/mobilier-interieur"},{"@type":"ListItem","position":4,"name":"Salle \u00e0 manger","item":"https:\/\/www.bizzotto.com\/fr\/categorie-de-produit\/mobilier-interieur\/salle-a-manger"},{"@type":"ListItem","position":5,"name":"Buffets","item":"https:\/\/www.bizzotto.com\/fr\/categorie-de-produit\/mobilier-interieur\/salle-a-manger\/buffets"},{"@type":"ListItem","position":6,"name":"COMMODE 3VOLETS MANCHESTER"}]},{"@type":"WebSite","@id":"https:\/\/www.bizzotto.com\/fr#website","url":"https:\/\/www.bizzotto.com\/fr","name":"Bizzotto","description":"","potentialAction":[{"@type":"SearchAction","target":{"@type":"EntryPoint","urlTemplate":"https:\/\/www.bizzotto.com\/fr?s={search_term_string}"},"query-input":{"@type":"PropertyValueSpecification","valueRequired":true,"valueName":"search_term_string"}}],"inLanguage":"fr-FR"}]}},"_links":{"self":[{"href":"https:\/\/www.bizzotto.com\/fr\/wp-json\/wp\/v2\/product\/67504","targetHints":{"allow":["GET"]}}],"collection":[{"href":"https:\/\/www.bizzotto.com\/fr\/wp-json\/wp\/v2\/product"}],"about":[{"href":"https:\/\/www.bizzotto.com\/fr\/wp-json\/wp\/v2\/types\/product"}],"replies":[{"embeddable":true,"href":"https:\/\/www.bizzotto.com\/fr\/wp-json\/wp\/v2\/comments?post=67504"}],"wp:featuredmedia":[{"embeddable":true,"href":"https:\/\/www.bizzotto.com\/fr\/wp-json\/wp\/v2\/media\/8896"}],"wp:attachment":[{"href":"https:\/\/www.bizzotto.com\/fr\/wp-json\/wp\/v2\/media?parent=67504"}],"wp:term":[{"taxonomy":"codifica-stile","embeddable":true,"href":"https:\/\/www.bizzotto.com\/fr\/wp-json\/wp\/v2\/codifica-stile?post=67504"},{"taxonomy":"divisione","embeddable":true,"href":"https:\/\/www.bizzotto.com\/fr\/wp-json\/wp\/v2\/divisione?post=67504"},{"taxonomy":"novita","embeddable":true,"href":"https:\/\/www.bizzotto.com\/fr\/wp-json\/wp\/v2\/novita?post=67504"},{"taxonomy":"stile","embeddable":true,"href":"https:\/\/www.bizzotto.com\/fr\/wp-json\/wp\/v2\/stile?post=67504"},{"taxonomy":"product_brand","embeddable":true,"href":"https:\/\/www.bizzotto.com\/fr\/wp-json\/wp\/v2\/product_brand?post=67504"},{"taxonomy":"product_cat","embeddable":true,"href":"https:\/\/www.bizzotto.com\/fr\/wp-json\/wp\/v2\/product_cat?post=67504"},{"taxonomy":"product_tag","embeddable":true,"href":"https:\/\/www.bizzotto.com\/fr\/wp-json\/wp\/v2\/product_tag?post=67504"}],"curies":[{"name":"wp","href":"https:\/\/api.w.org\/{rel}","templated":true}]}}