{"id":54641,"date":"2026-03-18T18:05:55","date_gmt":"2026-03-18T17:05:55","guid":{"rendered":"https:\/\/www.bizzotto.com\/prodotti\/non class\u00e9\/chaise-cora-noir-beige"},"modified":"2026-03-18T18:05:57","modified_gmt":"2026-03-18T17:05:57","slug":"chaise-cora-noir-beige","status":"publish","type":"product","link":"https:\/\/www.bizzotto.com\/fr\/produits\/mobilier-interieur\/salle-a-manger\/chaises\/chaise-cora-noir-beige","title":{"rendered":"CHAISE CORA NOIR\/BEIGE"},"content":{"rendered":"<p>STRUCTURE EN ACIER. PIEDS EN ACIER PEINT \u00c0 POUDRE \u00c9POXY. REMBOURRAGE EN MOUSSE POLYUR\u00c9THANE. REV\u00caTEMENT EN 100% POLYESTER. PIEDS \u00c0 ASSEMBLER.<\/p>\n","protected":false},"excerpt":{"rendered":"<p>Chaise Cora en tissu noir\/beige<\/p>\n","protected":false},"featured_media":54605,"comment_status":"open","ping_status":"closed","template":"","meta":{"_acf_changed":false},"codifica-stile":[458],"divisione":[538],"novita":[],"stile":[773],"product_brand":[61],"product_cat":[2172,2184,2187],"product_tag":[1743],"class_list":{"0":"post-54641","1":"product","2":"type-product","3":"status-publish","4":"has-post-thumbnail","6":"codifica-stile-mo","7":"divisione-bizzotto-arredo-interno-fr","8":"stile-contemporain","9":"product_brand-bizzotto","10":"product_cat-mobilier-interieur","11":"product_cat-salle-a-manger","12":"product_cat-chaises","13":"product_tag-ai-am-eb","16":"first","17":"instock","18":"shipping-taxable","19":"purchasable","20":"product-type-simple"},"acf":[],"yoast_head":"<!-- This site is optimized with the Yoast SEO plugin v26.6 - https:\/\/yoast.com\/wordpress\/plugins\/seo\/ -->\n<title>CHAISE CORA NOIR\/BEIGE - Bizzotto<\/title>\n<meta name=\"robots\" content=\"index, follow, max-snippet:-1, max-image-preview:large, max-video-preview:-1\" \/>\n<link rel=\"canonical\" href=\"https:\/\/www.bizzotto.com\/fr\/produits\/mobilier-interieur\/salle-a-manger\/chaises\/chaise-cora-noir-beige\" \/>\n<meta property=\"og:locale\" content=\"fr_FR\" \/>\n<meta property=\"og:type\" content=\"article\" \/>\n<meta property=\"og:title\" content=\"CHAISE CORA NOIR\/BEIGE - Bizzotto\" \/>\n<meta property=\"og:description\" content=\"Chaise Cora en tissu noir\/beige\" \/>\n<meta property=\"og:url\" content=\"https:\/\/www.bizzotto.com\/fr\/produits\/mobilier-interieur\/salle-a-manger\/chaises\/chaise-cora-noir-beige\" \/>\n<meta property=\"og:site_name\" content=\"Bizzotto\" \/>\n<meta property=\"article:modified_time\" content=\"2026-03-18T17:05:57+00:00\" \/>\n<meta property=\"og:image\" content=\"https:\/\/www.bizzotto.com\/wp-content\/uploads\/2026\/03\/0730121.jpg\" \/>\n\t<meta property=\"og:image:width\" content=\"788\" \/>\n\t<meta property=\"og:image:height\" content=\"1080\" \/>\n\t<meta property=\"og:image:type\" content=\"image\/jpeg\" \/>\n<meta name=\"twitter:card\" content=\"summary_large_image\" \/>\n<script type=\"application\/ld+json\" class=\"yoast-schema-graph\">{\"@context\":\"https:\/\/schema.org\",\"@graph\":[{\"@type\":\"WebPage\",\"@id\":\"https:\/\/www.bizzotto.com\/fr\/produits\/mobilier-interieur\/salle-a-manger\/chaises\/chaise-cora-noir-beige\",\"url\":\"https:\/\/www.bizzotto.com\/fr\/produits\/mobilier-interieur\/salle-a-manger\/chaises\/chaise-cora-noir-beige\",\"name\":\"CHAISE CORA NOIR\/BEIGE - Bizzotto\",\"isPartOf\":{\"@id\":\"https:\/\/www.bizzotto.com\/fr#website\"},\"primaryImageOfPage\":{\"@id\":\"https:\/\/www.bizzotto.com\/fr\/produits\/mobilier-interieur\/salle-a-manger\/chaises\/chaise-cora-noir-beige#primaryimage\"},\"image\":{\"@id\":\"https:\/\/www.bizzotto.com\/fr\/produits\/mobilier-interieur\/salle-a-manger\/chaises\/chaise-cora-noir-beige#primaryimage\"},\"thumbnailUrl\":\"https:\/\/www.bizzotto.com\/wp-content\/uploads\/2026\/03\/0730121.jpg\",\"datePublished\":\"2026-03-18T17:05:55+00:00\",\"dateModified\":\"2026-03-18T17:05:57+00:00\",\"breadcrumb\":{\"@id\":\"https:\/\/www.bizzotto.com\/fr\/produits\/mobilier-interieur\/salle-a-manger\/chaises\/chaise-cora-noir-beige#breadcrumb\"},\"inLanguage\":\"fr-FR\",\"potentialAction\":[{\"@type\":\"ReadAction\",\"target\":[\"https:\/\/www.bizzotto.com\/fr\/produits\/mobilier-interieur\/salle-a-manger\/chaises\/chaise-cora-noir-beige\"]}]},{\"@type\":\"ImageObject\",\"inLanguage\":\"fr-FR\",\"@id\":\"https:\/\/www.bizzotto.com\/fr\/produits\/mobilier-interieur\/salle-a-manger\/chaises\/chaise-cora-noir-beige#primaryimage\",\"url\":\"https:\/\/www.bizzotto.com\/wp-content\/uploads\/2026\/03\/0730121.jpg\",\"contentUrl\":\"https:\/\/www.bizzotto.com\/wp-content\/uploads\/2026\/03\/0730121.jpg\",\"width\":788,\"height\":1080},{\"@type\":\"BreadcrumbList\",\"@id\":\"https:\/\/www.bizzotto.com\/fr\/produits\/mobilier-interieur\/salle-a-manger\/chaises\/chaise-cora-noir-beige#breadcrumb\",\"itemListElement\":[{\"@type\":\"ListItem\",\"position\":1,\"name\":\"Home\",\"item\":\"https:\/\/www.bizzotto.com\/fr\"},{\"@type\":\"ListItem\",\"position\":2,\"name\":\"Boutique\",\"item\":\"https:\/\/www.bizzotto.com\/fr\/boutique\"},{\"@type\":\"ListItem\",\"position\":3,\"name\":\"Mobilier int\u00e9rieur\",\"item\":\"https:\/\/www.bizzotto.com\/fr\/categorie-de-produit\/mobilier-interieur\"},{\"@type\":\"ListItem\",\"position\":4,\"name\":\"Salle \u00e0 manger\",\"item\":\"https:\/\/www.bizzotto.com\/fr\/categorie-de-produit\/mobilier-interieur\/salle-a-manger\"},{\"@type\":\"ListItem\",\"position\":5,\"name\":\"Chaises\",\"item\":\"https:\/\/www.bizzotto.com\/fr\/categorie-de-produit\/mobilier-interieur\/salle-a-manger\/chaises\"},{\"@type\":\"ListItem\",\"position\":6,\"name\":\"CHAISE CORA NOIR\/BEIGE\"}]},{\"@type\":\"WebSite\",\"@id\":\"https:\/\/www.bizzotto.com\/fr#website\",\"url\":\"https:\/\/www.bizzotto.com\/fr\",\"name\":\"Bizzotto\",\"description\":\"\",\"potentialAction\":[{\"@type\":\"SearchAction\",\"target\":{\"@type\":\"EntryPoint\",\"urlTemplate\":\"https:\/\/www.bizzotto.com\/fr?s={search_term_string}\"},\"query-input\":{\"@type\":\"PropertyValueSpecification\",\"valueRequired\":true,\"valueName\":\"search_term_string\"}}],\"inLanguage\":\"fr-FR\"}]}<\/script>\n<!-- \/ Yoast SEO plugin. -->","yoast_head_json":{"title":"CHAISE CORA NOIR\/BEIGE - Bizzotto","robots":{"index":"index","follow":"follow","max-snippet":"max-snippet:-1","max-image-preview":"max-image-preview:large","max-video-preview":"max-video-preview:-1"},"canonical":"https:\/\/www.bizzotto.com\/fr\/produits\/mobilier-interieur\/salle-a-manger\/chaises\/chaise-cora-noir-beige","og_locale":"fr_FR","og_type":"article","og_title":"CHAISE CORA NOIR\/BEIGE - Bizzotto","og_description":"Chaise Cora en tissu noir\/beige","og_url":"https:\/\/www.bizzotto.com\/fr\/produits\/mobilier-interieur\/salle-a-manger\/chaises\/chaise-cora-noir-beige","og_site_name":"Bizzotto","article_modified_time":"2026-03-18T17:05:57+00:00","og_image":[{"width":788,"height":1080,"url":"https:\/\/www.bizzotto.com\/wp-content\/uploads\/2026\/03\/0730121.jpg","type":"image\/jpeg"}],"twitter_card":"summary_large_image","schema":{"@context":"https:\/\/schema.org","@graph":[{"@type":"WebPage","@id":"https:\/\/www.bizzotto.com\/fr\/produits\/mobilier-interieur\/salle-a-manger\/chaises\/chaise-cora-noir-beige","url":"https:\/\/www.bizzotto.com\/fr\/produits\/mobilier-interieur\/salle-a-manger\/chaises\/chaise-cora-noir-beige","name":"CHAISE CORA NOIR\/BEIGE - Bizzotto","isPartOf":{"@id":"https:\/\/www.bizzotto.com\/fr#website"},"primaryImageOfPage":{"@id":"https:\/\/www.bizzotto.com\/fr\/produits\/mobilier-interieur\/salle-a-manger\/chaises\/chaise-cora-noir-beige#primaryimage"},"image":{"@id":"https:\/\/www.bizzotto.com\/fr\/produits\/mobilier-interieur\/salle-a-manger\/chaises\/chaise-cora-noir-beige#primaryimage"},"thumbnailUrl":"https:\/\/www.bizzotto.com\/wp-content\/uploads\/2026\/03\/0730121.jpg","datePublished":"2026-03-18T17:05:55+00:00","dateModified":"2026-03-18T17:05:57+00:00","breadcrumb":{"@id":"https:\/\/www.bizzotto.com\/fr\/produits\/mobilier-interieur\/salle-a-manger\/chaises\/chaise-cora-noir-beige#breadcrumb"},"inLanguage":"fr-FR","potentialAction":[{"@type":"ReadAction","target":["https:\/\/www.bizzotto.com\/fr\/produits\/mobilier-interieur\/salle-a-manger\/chaises\/chaise-cora-noir-beige"]}]},{"@type":"ImageObject","inLanguage":"fr-FR","@id":"https:\/\/www.bizzotto.com\/fr\/produits\/mobilier-interieur\/salle-a-manger\/chaises\/chaise-cora-noir-beige#primaryimage","url":"https:\/\/www.bizzotto.com\/wp-content\/uploads\/2026\/03\/0730121.jpg","contentUrl":"https:\/\/www.bizzotto.com\/wp-content\/uploads\/2026\/03\/0730121.jpg","width":788,"height":1080},{"@type":"BreadcrumbList","@id":"https:\/\/www.bizzotto.com\/fr\/produits\/mobilier-interieur\/salle-a-manger\/chaises\/chaise-cora-noir-beige#breadcrumb","itemListElement":[{"@type":"ListItem","position":1,"name":"Home","item":"https:\/\/www.bizzotto.com\/fr"},{"@type":"ListItem","position":2,"name":"Boutique","item":"https:\/\/www.bizzotto.com\/fr\/boutique"},{"@type":"ListItem","position":3,"name":"Mobilier int\u00e9rieur","item":"https:\/\/www.bizzotto.com\/fr\/categorie-de-produit\/mobilier-interieur"},{"@type":"ListItem","position":4,"name":"Salle \u00e0 manger","item":"https:\/\/www.bizzotto.com\/fr\/categorie-de-produit\/mobilier-interieur\/salle-a-manger"},{"@type":"ListItem","position":5,"name":"Chaises","item":"https:\/\/www.bizzotto.com\/fr\/categorie-de-produit\/mobilier-interieur\/salle-a-manger\/chaises"},{"@type":"ListItem","position":6,"name":"CHAISE CORA NOIR\/BEIGE"}]},{"@type":"WebSite","@id":"https:\/\/www.bizzotto.com\/fr#website","url":"https:\/\/www.bizzotto.com\/fr","name":"Bizzotto","description":"","potentialAction":[{"@type":"SearchAction","target":{"@type":"EntryPoint","urlTemplate":"https:\/\/www.bizzotto.com\/fr?s={search_term_string}"},"query-input":{"@type":"PropertyValueSpecification","valueRequired":true,"valueName":"search_term_string"}}],"inLanguage":"fr-FR"}]}},"_links":{"self":[{"href":"https:\/\/www.bizzotto.com\/fr\/wp-json\/wp\/v2\/product\/54641","targetHints":{"allow":["GET"]}}],"collection":[{"href":"https:\/\/www.bizzotto.com\/fr\/wp-json\/wp\/v2\/product"}],"about":[{"href":"https:\/\/www.bizzotto.com\/fr\/wp-json\/wp\/v2\/types\/product"}],"replies":[{"embeddable":true,"href":"https:\/\/www.bizzotto.com\/fr\/wp-json\/wp\/v2\/comments?post=54641"}],"wp:featuredmedia":[{"embeddable":true,"href":"https:\/\/www.bizzotto.com\/fr\/wp-json\/wp\/v2\/media\/54605"}],"wp:attachment":[{"href":"https:\/\/www.bizzotto.com\/fr\/wp-json\/wp\/v2\/media?parent=54641"}],"wp:term":[{"taxonomy":"codifica-stile","embeddable":true,"href":"https:\/\/www.bizzotto.com\/fr\/wp-json\/wp\/v2\/codifica-stile?post=54641"},{"taxonomy":"divisione","embeddable":true,"href":"https:\/\/www.bizzotto.com\/fr\/wp-json\/wp\/v2\/divisione?post=54641"},{"taxonomy":"novita","embeddable":true,"href":"https:\/\/www.bizzotto.com\/fr\/wp-json\/wp\/v2\/novita?post=54641"},{"taxonomy":"stile","embeddable":true,"href":"https:\/\/www.bizzotto.com\/fr\/wp-json\/wp\/v2\/stile?post=54641"},{"taxonomy":"product_brand","embeddable":true,"href":"https:\/\/www.bizzotto.com\/fr\/wp-json\/wp\/v2\/product_brand?post=54641"},{"taxonomy":"product_cat","embeddable":true,"href":"https:\/\/www.bizzotto.com\/fr\/wp-json\/wp\/v2\/product_cat?post=54641"},{"taxonomy":"product_tag","embeddable":true,"href":"https:\/\/www.bizzotto.com\/fr\/wp-json\/wp\/v2\/product_tag?post=54641"}],"curies":[{"name":"wp","href":"https:\/\/api.w.org\/{rel}","templated":true}]}}