{"id":47456,"date":"2026-03-18T17:25:26","date_gmt":"2026-03-18T16:25:26","guid":{"rendered":"https:\/\/www.bizzotto.com\/prodotti\/non class\u00e9\/ecran-babilo-120x180-anthrjx55-noir"},"modified":"2026-03-18T17:25:34","modified_gmt":"2026-03-18T16:25:34","slug":"ecran-babilo-120x180-anthrjx55-noir","status":"publish","type":"product","link":"https:\/\/www.bizzotto.com\/fr\/produits\/mobilier-de-jardin\/accessoires-dexterieur\/paravents-dexterieur\/ecran-babilo-120x180-anthrjx55-noir","title":{"rendered":"\u00c9CRAN BABILO 120X180 ANTHRJX55\/NOIR"},"content":{"rendered":"<p>STRUCTURE EN ALUMINIUM PEINT \u00c0 POUDRE (POLYESTER). TRESS\u00c9 AVEC CORDE EN OLEFIN (100% POLYPROPYL\u00c8NE). PIEDS R\u00c9GLABLES. VIS EN ACIER INOXYDABLE. PIEDS \u00c0 ASSEMBLER.<\/p>\n","protected":false},"excerpt":{"rendered":"<p>\u00c9cran Babilo noir 120&#215;180 cm<\/p>\n","protected":false},"featured_media":47442,"comment_status":"open","ping_status":"closed","template":"","meta":{"_acf_changed":false},"codifica-stile":[457],"divisione":[505],"novita":[494],"stile":[773],"product_brand":[61],"product_cat":[785,2156,2159],"product_tag":[1740],"class_list":{"0":"post-47456","1":"product","2":"type-product","3":"status-publish","4":"has-post-thumbnail","6":"codifica-stile-cn","7":"divisione-bizzotto-arredo-esterno-fr","8":"novita-new","9":"stile-contemporain","10":"product_brand-bizzotto","11":"product_cat-mobilier-de-jardin","12":"product_cat-accessoires-dexterieur","13":"product_cat-paravents-dexterieur","14":"product_tag-ag-ga-cs","17":"first","18":"instock","19":"shipping-taxable","20":"purchasable","21":"product-type-simple"},"acf":[],"yoast_head":"<!-- This site is optimized with the Yoast SEO plugin v26.6 - https:\/\/yoast.com\/wordpress\/plugins\/seo\/ -->\n<title>\u00c9CRAN BABILO 120X180 ANTHRJX55\/NOIR - Bizzotto<\/title>\n<meta name=\"robots\" content=\"index, follow, max-snippet:-1, max-image-preview:large, max-video-preview:-1\" \/>\n<link rel=\"canonical\" href=\"https:\/\/www.bizzotto.com\/fr\/produits\/mobilier-de-jardin\/accessoires-dexterieur\/paravents-dexterieur\/ecran-babilo-120x180-anthrjx55-noir\" \/>\n<meta property=\"og:locale\" content=\"fr_FR\" \/>\n<meta property=\"og:type\" content=\"article\" \/>\n<meta property=\"og:title\" content=\"\u00c9CRAN BABILO 120X180 ANTHRJX55\/NOIR - Bizzotto\" \/>\n<meta property=\"og:description\" content=\"\u00c9cran Babilo noir 120x180 cm\" \/>\n<meta property=\"og:url\" content=\"https:\/\/www.bizzotto.com\/fr\/produits\/mobilier-de-jardin\/accessoires-dexterieur\/paravents-dexterieur\/ecran-babilo-120x180-anthrjx55-noir\" \/>\n<meta property=\"og:site_name\" content=\"Bizzotto\" \/>\n<meta property=\"article:modified_time\" content=\"2026-03-18T16:25:34+00:00\" \/>\n<meta property=\"og:image\" content=\"https:\/\/www.bizzotto.com\/wp-content\/uploads\/2026\/03\/0663959-TF1.jpg\" \/>\n\t<meta property=\"og:image:width\" content=\"790\" \/>\n\t<meta property=\"og:image:height\" content=\"1080\" \/>\n\t<meta property=\"og:image:type\" content=\"image\/jpeg\" \/>\n<meta name=\"twitter:card\" content=\"summary_large_image\" \/>\n<script type=\"application\/ld+json\" class=\"yoast-schema-graph\">{\"@context\":\"https:\/\/schema.org\",\"@graph\":[{\"@type\":\"WebPage\",\"@id\":\"https:\/\/www.bizzotto.com\/fr\/produits\/mobilier-de-jardin\/accessoires-dexterieur\/paravents-dexterieur\/ecran-babilo-120x180-anthrjx55-noir\",\"url\":\"https:\/\/www.bizzotto.com\/fr\/produits\/mobilier-de-jardin\/accessoires-dexterieur\/paravents-dexterieur\/ecran-babilo-120x180-anthrjx55-noir\",\"name\":\"\u00c9CRAN BABILO 120X180 ANTHRJX55\/NOIR - Bizzotto\",\"isPartOf\":{\"@id\":\"https:\/\/www.bizzotto.com\/fr#website\"},\"primaryImageOfPage\":{\"@id\":\"https:\/\/www.bizzotto.com\/fr\/produits\/mobilier-de-jardin\/accessoires-dexterieur\/paravents-dexterieur\/ecran-babilo-120x180-anthrjx55-noir#primaryimage\"},\"image\":{\"@id\":\"https:\/\/www.bizzotto.com\/fr\/produits\/mobilier-de-jardin\/accessoires-dexterieur\/paravents-dexterieur\/ecran-babilo-120x180-anthrjx55-noir#primaryimage\"},\"thumbnailUrl\":\"https:\/\/www.bizzotto.com\/wp-content\/uploads\/2026\/03\/0663959-TF1.jpg\",\"datePublished\":\"2026-03-18T16:25:26+00:00\",\"dateModified\":\"2026-03-18T16:25:34+00:00\",\"breadcrumb\":{\"@id\":\"https:\/\/www.bizzotto.com\/fr\/produits\/mobilier-de-jardin\/accessoires-dexterieur\/paravents-dexterieur\/ecran-babilo-120x180-anthrjx55-noir#breadcrumb\"},\"inLanguage\":\"fr-FR\",\"potentialAction\":[{\"@type\":\"ReadAction\",\"target\":[\"https:\/\/www.bizzotto.com\/fr\/produits\/mobilier-de-jardin\/accessoires-dexterieur\/paravents-dexterieur\/ecran-babilo-120x180-anthrjx55-noir\"]}]},{\"@type\":\"ImageObject\",\"inLanguage\":\"fr-FR\",\"@id\":\"https:\/\/www.bizzotto.com\/fr\/produits\/mobilier-de-jardin\/accessoires-dexterieur\/paravents-dexterieur\/ecran-babilo-120x180-anthrjx55-noir#primaryimage\",\"url\":\"https:\/\/www.bizzotto.com\/wp-content\/uploads\/2026\/03\/0663959-TF1.jpg\",\"contentUrl\":\"https:\/\/www.bizzotto.com\/wp-content\/uploads\/2026\/03\/0663959-TF1.jpg\",\"width\":790,\"height\":1080,\"caption\":\"Paravento babilo nero 120x180 cm\"},{\"@type\":\"BreadcrumbList\",\"@id\":\"https:\/\/www.bizzotto.com\/fr\/produits\/mobilier-de-jardin\/accessoires-dexterieur\/paravents-dexterieur\/ecran-babilo-120x180-anthrjx55-noir#breadcrumb\",\"itemListElement\":[{\"@type\":\"ListItem\",\"position\":1,\"name\":\"Home\",\"item\":\"https:\/\/www.bizzotto.com\/fr\"},{\"@type\":\"ListItem\",\"position\":2,\"name\":\"Boutique\",\"item\":\"https:\/\/www.bizzotto.com\/fr\/boutique\"},{\"@type\":\"ListItem\",\"position\":3,\"name\":\"Mobilier de jardin\",\"item\":\"https:\/\/www.bizzotto.com\/fr\/categorie-de-produit\/mobilier-de-jardin\"},{\"@type\":\"ListItem\",\"position\":4,\"name\":\"Accessoires d\u2019ext\u00e9rieur\",\"item\":\"https:\/\/www.bizzotto.com\/fr\/categorie-de-produit\/mobilier-de-jardin\/accessoires-dexterieur\"},{\"@type\":\"ListItem\",\"position\":5,\"name\":\"Paravents d\u2019ext\u00e9rieur\",\"item\":\"https:\/\/www.bizzotto.com\/fr\/categorie-de-produit\/mobilier-de-jardin\/accessoires-dexterieur\/paravents-dexterieur\"},{\"@type\":\"ListItem\",\"position\":6,\"name\":\"\u00c9CRAN BABILO 120X180 ANTHRJX55\/NOIR\"}]},{\"@type\":\"WebSite\",\"@id\":\"https:\/\/www.bizzotto.com\/fr#website\",\"url\":\"https:\/\/www.bizzotto.com\/fr\",\"name\":\"Bizzotto\",\"description\":\"\",\"potentialAction\":[{\"@type\":\"SearchAction\",\"target\":{\"@type\":\"EntryPoint\",\"urlTemplate\":\"https:\/\/www.bizzotto.com\/fr?s={search_term_string}\"},\"query-input\":{\"@type\":\"PropertyValueSpecification\",\"valueRequired\":true,\"valueName\":\"search_term_string\"}}],\"inLanguage\":\"fr-FR\"}]}<\/script>\n<!-- \/ Yoast SEO plugin. -->","yoast_head_json":{"title":"\u00c9CRAN BABILO 120X180 ANTHRJX55\/NOIR - Bizzotto","robots":{"index":"index","follow":"follow","max-snippet":"max-snippet:-1","max-image-preview":"max-image-preview:large","max-video-preview":"max-video-preview:-1"},"canonical":"https:\/\/www.bizzotto.com\/fr\/produits\/mobilier-de-jardin\/accessoires-dexterieur\/paravents-dexterieur\/ecran-babilo-120x180-anthrjx55-noir","og_locale":"fr_FR","og_type":"article","og_title":"\u00c9CRAN BABILO 120X180 ANTHRJX55\/NOIR - Bizzotto","og_description":"\u00c9cran Babilo noir 120x180 cm","og_url":"https:\/\/www.bizzotto.com\/fr\/produits\/mobilier-de-jardin\/accessoires-dexterieur\/paravents-dexterieur\/ecran-babilo-120x180-anthrjx55-noir","og_site_name":"Bizzotto","article_modified_time":"2026-03-18T16:25:34+00:00","og_image":[{"width":790,"height":1080,"url":"https:\/\/www.bizzotto.com\/wp-content\/uploads\/2026\/03\/0663959-TF1.jpg","type":"image\/jpeg"}],"twitter_card":"summary_large_image","schema":{"@context":"https:\/\/schema.org","@graph":[{"@type":"WebPage","@id":"https:\/\/www.bizzotto.com\/fr\/produits\/mobilier-de-jardin\/accessoires-dexterieur\/paravents-dexterieur\/ecran-babilo-120x180-anthrjx55-noir","url":"https:\/\/www.bizzotto.com\/fr\/produits\/mobilier-de-jardin\/accessoires-dexterieur\/paravents-dexterieur\/ecran-babilo-120x180-anthrjx55-noir","name":"\u00c9CRAN BABILO 120X180 ANTHRJX55\/NOIR - Bizzotto","isPartOf":{"@id":"https:\/\/www.bizzotto.com\/fr#website"},"primaryImageOfPage":{"@id":"https:\/\/www.bizzotto.com\/fr\/produits\/mobilier-de-jardin\/accessoires-dexterieur\/paravents-dexterieur\/ecran-babilo-120x180-anthrjx55-noir#primaryimage"},"image":{"@id":"https:\/\/www.bizzotto.com\/fr\/produits\/mobilier-de-jardin\/accessoires-dexterieur\/paravents-dexterieur\/ecran-babilo-120x180-anthrjx55-noir#primaryimage"},"thumbnailUrl":"https:\/\/www.bizzotto.com\/wp-content\/uploads\/2026\/03\/0663959-TF1.jpg","datePublished":"2026-03-18T16:25:26+00:00","dateModified":"2026-03-18T16:25:34+00:00","breadcrumb":{"@id":"https:\/\/www.bizzotto.com\/fr\/produits\/mobilier-de-jardin\/accessoires-dexterieur\/paravents-dexterieur\/ecran-babilo-120x180-anthrjx55-noir#breadcrumb"},"inLanguage":"fr-FR","potentialAction":[{"@type":"ReadAction","target":["https:\/\/www.bizzotto.com\/fr\/produits\/mobilier-de-jardin\/accessoires-dexterieur\/paravents-dexterieur\/ecran-babilo-120x180-anthrjx55-noir"]}]},{"@type":"ImageObject","inLanguage":"fr-FR","@id":"https:\/\/www.bizzotto.com\/fr\/produits\/mobilier-de-jardin\/accessoires-dexterieur\/paravents-dexterieur\/ecran-babilo-120x180-anthrjx55-noir#primaryimage","url":"https:\/\/www.bizzotto.com\/wp-content\/uploads\/2026\/03\/0663959-TF1.jpg","contentUrl":"https:\/\/www.bizzotto.com\/wp-content\/uploads\/2026\/03\/0663959-TF1.jpg","width":790,"height":1080,"caption":"Paravento babilo nero 120x180 cm"},{"@type":"BreadcrumbList","@id":"https:\/\/www.bizzotto.com\/fr\/produits\/mobilier-de-jardin\/accessoires-dexterieur\/paravents-dexterieur\/ecran-babilo-120x180-anthrjx55-noir#breadcrumb","itemListElement":[{"@type":"ListItem","position":1,"name":"Home","item":"https:\/\/www.bizzotto.com\/fr"},{"@type":"ListItem","position":2,"name":"Boutique","item":"https:\/\/www.bizzotto.com\/fr\/boutique"},{"@type":"ListItem","position":3,"name":"Mobilier de jardin","item":"https:\/\/www.bizzotto.com\/fr\/categorie-de-produit\/mobilier-de-jardin"},{"@type":"ListItem","position":4,"name":"Accessoires d\u2019ext\u00e9rieur","item":"https:\/\/www.bizzotto.com\/fr\/categorie-de-produit\/mobilier-de-jardin\/accessoires-dexterieur"},{"@type":"ListItem","position":5,"name":"Paravents d\u2019ext\u00e9rieur","item":"https:\/\/www.bizzotto.com\/fr\/categorie-de-produit\/mobilier-de-jardin\/accessoires-dexterieur\/paravents-dexterieur"},{"@type":"ListItem","position":6,"name":"\u00c9CRAN BABILO 120X180 ANTHRJX55\/NOIR"}]},{"@type":"WebSite","@id":"https:\/\/www.bizzotto.com\/fr#website","url":"https:\/\/www.bizzotto.com\/fr","name":"Bizzotto","description":"","potentialAction":[{"@type":"SearchAction","target":{"@type":"EntryPoint","urlTemplate":"https:\/\/www.bizzotto.com\/fr?s={search_term_string}"},"query-input":{"@type":"PropertyValueSpecification","valueRequired":true,"valueName":"search_term_string"}}],"inLanguage":"fr-FR"}]}},"_links":{"self":[{"href":"https:\/\/www.bizzotto.com\/fr\/wp-json\/wp\/v2\/product\/47456","targetHints":{"allow":["GET"]}}],"collection":[{"href":"https:\/\/www.bizzotto.com\/fr\/wp-json\/wp\/v2\/product"}],"about":[{"href":"https:\/\/www.bizzotto.com\/fr\/wp-json\/wp\/v2\/types\/product"}],"replies":[{"embeddable":true,"href":"https:\/\/www.bizzotto.com\/fr\/wp-json\/wp\/v2\/comments?post=47456"}],"wp:featuredmedia":[{"embeddable":true,"href":"https:\/\/www.bizzotto.com\/fr\/wp-json\/wp\/v2\/media\/47442"}],"wp:attachment":[{"href":"https:\/\/www.bizzotto.com\/fr\/wp-json\/wp\/v2\/media?parent=47456"}],"wp:term":[{"taxonomy":"codifica-stile","embeddable":true,"href":"https:\/\/www.bizzotto.com\/fr\/wp-json\/wp\/v2\/codifica-stile?post=47456"},{"taxonomy":"divisione","embeddable":true,"href":"https:\/\/www.bizzotto.com\/fr\/wp-json\/wp\/v2\/divisione?post=47456"},{"taxonomy":"novita","embeddable":true,"href":"https:\/\/www.bizzotto.com\/fr\/wp-json\/wp\/v2\/novita?post=47456"},{"taxonomy":"stile","embeddable":true,"href":"https:\/\/www.bizzotto.com\/fr\/wp-json\/wp\/v2\/stile?post=47456"},{"taxonomy":"product_brand","embeddable":true,"href":"https:\/\/www.bizzotto.com\/fr\/wp-json\/wp\/v2\/product_brand?post=47456"},{"taxonomy":"product_cat","embeddable":true,"href":"https:\/\/www.bizzotto.com\/fr\/wp-json\/wp\/v2\/product_cat?post=47456"},{"taxonomy":"product_tag","embeddable":true,"href":"https:\/\/www.bizzotto.com\/fr\/wp-json\/wp\/v2\/product_tag?post=47456"}],"curies":[{"name":"wp","href":"https:\/\/api.w.org\/{rel}","templated":true}]}}