{"id":43051,"date":"2026-03-18T17:01:08","date_gmt":"2026-03-18T16:01:08","guid":{"rendered":"https:\/\/www.bizzotto.com\/prodotti\/non class\u00e9\/canape-cooper-smoky-ac-c"},"modified":"2026-03-18T17:01:22","modified_gmt":"2026-03-18T16:01:22","slug":"canape-cooper-smoky-ac-c","status":"publish","type":"product","link":"https:\/\/www.bizzotto.com\/fr\/produits\/mobilier-de-jardin\/assises-dexterieur\/canapes-dexterieur\/canape-cooper-smoky-ac-c","title":{"rendered":"CANAP\u00c9 COOPER SMOKY AC-C"},"content":{"rendered":"<p>CANAP\u00c9 AVEC STRUCTURE EN ALUMINIUM. DOSSIERS AMOVIBLES AVEC STRUCTURE EN ACIER, GALVANIS\u00c9 \u00c0 CHAUD ET REV\u00caTEMENT EN POUDRE (POLYESTER). DOSSIERS ET COUSSINS D\u00c9HOUSSABLES EN TISSU POUR EXT\u00c9RIEUR OLEFIN (100% POLYPROPYL\u00c8NE, 285GR\/M2), HYDROFUGE ET R\u00c9SISTANT AUX  RAYONS UV (GRADE 7), IMPERM\u00c9ABILIS\u00c9 \u00c0 L\u2019INT\u00c9RIEUR AVEC REV\u00caTEMENT EN TISSU (POLYUR\u00c9THANE). REMBOURRAGE EN MOUSSE POLYUR\u00c9THANE, DENSITA&#8217; ASSISE 38KG\/M3, DOSSIER 20KG\/M3. ARTICLE COMPOS\u00c9 DE\u00a0: N.1 CANAP\u00c9, N.2 DOSSIERS DEMI- LUNE,N.2 COUSSINS.<\/p>\n","protected":false},"excerpt":{"rendered":"<p>Canap\u00e9 de Jardin Cooper smoky<\/p>\n","protected":false},"featured_media":43002,"comment_status":"open","ping_status":"closed","template":"","meta":{"_acf_changed":false},"codifica-stile":[457],"divisione":[2430],"novita":[],"stile":[773],"product_brand":[62],"product_cat":[785,786,2165],"product_tag":[1702],"class_list":{"0":"post-43051","1":"product","2":"type-product","3":"status-publish","4":"has-post-thumbnail","6":"codifica-stile-cn","7":"divisione-homemotion-arredo-esterno-fr","8":"stile-contemporain","9":"product_brand-homemotion","10":"product_cat-mobilier-de-jardin","11":"product_cat-assises-dexterieur","12":"product_cat-canapes-dexterieur","13":"product_tag-ag-gf-bn","16":"first","17":"instock","18":"shipping-taxable","19":"purchasable","20":"product-type-simple"},"acf":[],"yoast_head":"<!-- This site is optimized with the Yoast SEO plugin v26.6 - https:\/\/yoast.com\/wordpress\/plugins\/seo\/ -->\n<title>CANAP\u00c9 COOPER SMOKY AC-C - Bizzotto<\/title>\n<meta name=\"robots\" content=\"index, follow, max-snippet:-1, max-image-preview:large, max-video-preview:-1\" \/>\n<link rel=\"canonical\" href=\"https:\/\/www.bizzotto.com\/fr\/produits\/mobilier-de-jardin\/assises-dexterieur\/canapes-dexterieur\/canape-cooper-smoky-ac-c\" \/>\n<meta property=\"og:locale\" content=\"fr_FR\" \/>\n<meta property=\"og:type\" content=\"article\" \/>\n<meta property=\"og:title\" content=\"CANAP\u00c9 COOPER SMOKY AC-C - Bizzotto\" \/>\n<meta property=\"og:description\" content=\"Canap\u00e9 de Jardin Cooper smoky\" \/>\n<meta property=\"og:url\" content=\"https:\/\/www.bizzotto.com\/fr\/produits\/mobilier-de-jardin\/assises-dexterieur\/canapes-dexterieur\/canape-cooper-smoky-ac-c\" \/>\n<meta property=\"og:site_name\" content=\"Bizzotto\" \/>\n<meta property=\"article:modified_time\" content=\"2026-03-18T16:01:22+00:00\" \/>\n<meta property=\"og:image\" content=\"https:\/\/www.bizzotto.com\/wp-content\/uploads\/2026\/03\/0663746-AM61.jpg\" \/>\n\t<meta property=\"og:image:width\" content=\"1527\" \/>\n\t<meta property=\"og:image:height\" content=\"1080\" \/>\n\t<meta property=\"og:image:type\" content=\"image\/jpeg\" \/>\n<meta name=\"twitter:card\" content=\"summary_large_image\" \/>\n<script type=\"application\/ld+json\" class=\"yoast-schema-graph\">{\"@context\":\"https:\/\/schema.org\",\"@graph\":[{\"@type\":\"WebPage\",\"@id\":\"https:\/\/www.bizzotto.com\/fr\/produits\/mobilier-de-jardin\/assises-dexterieur\/canapes-dexterieur\/canape-cooper-smoky-ac-c\",\"url\":\"https:\/\/www.bizzotto.com\/fr\/produits\/mobilier-de-jardin\/assises-dexterieur\/canapes-dexterieur\/canape-cooper-smoky-ac-c\",\"name\":\"CANAP\u00c9 COOPER SMOKY AC-C - Bizzotto\",\"isPartOf\":{\"@id\":\"https:\/\/www.bizzotto.com\/fr#website\"},\"primaryImageOfPage\":{\"@id\":\"https:\/\/www.bizzotto.com\/fr\/produits\/mobilier-de-jardin\/assises-dexterieur\/canapes-dexterieur\/canape-cooper-smoky-ac-c#primaryimage\"},\"image\":{\"@id\":\"https:\/\/www.bizzotto.com\/fr\/produits\/mobilier-de-jardin\/assises-dexterieur\/canapes-dexterieur\/canape-cooper-smoky-ac-c#primaryimage\"},\"thumbnailUrl\":\"https:\/\/www.bizzotto.com\/wp-content\/uploads\/2026\/03\/0663746-AM61.jpg\",\"datePublished\":\"2026-03-18T16:01:08+00:00\",\"dateModified\":\"2026-03-18T16:01:22+00:00\",\"breadcrumb\":{\"@id\":\"https:\/\/www.bizzotto.com\/fr\/produits\/mobilier-de-jardin\/assises-dexterieur\/canapes-dexterieur\/canape-cooper-smoky-ac-c#breadcrumb\"},\"inLanguage\":\"fr-FR\",\"potentialAction\":[{\"@type\":\"ReadAction\",\"target\":[\"https:\/\/www.bizzotto.com\/fr\/produits\/mobilier-de-jardin\/assises-dexterieur\/canapes-dexterieur\/canape-cooper-smoky-ac-c\"]}]},{\"@type\":\"ImageObject\",\"inLanguage\":\"fr-FR\",\"@id\":\"https:\/\/www.bizzotto.com\/fr\/produits\/mobilier-de-jardin\/assises-dexterieur\/canapes-dexterieur\/canape-cooper-smoky-ac-c#primaryimage\",\"url\":\"https:\/\/www.bizzotto.com\/wp-content\/uploads\/2026\/03\/0663746-AM61.jpg\",\"contentUrl\":\"https:\/\/www.bizzotto.com\/wp-content\/uploads\/2026\/03\/0663746-AM61.jpg\",\"width\":1527,\"height\":1080},{\"@type\":\"BreadcrumbList\",\"@id\":\"https:\/\/www.bizzotto.com\/fr\/produits\/mobilier-de-jardin\/assises-dexterieur\/canapes-dexterieur\/canape-cooper-smoky-ac-c#breadcrumb\",\"itemListElement\":[{\"@type\":\"ListItem\",\"position\":1,\"name\":\"Home\",\"item\":\"https:\/\/www.bizzotto.com\/fr\"},{\"@type\":\"ListItem\",\"position\":2,\"name\":\"Boutique\",\"item\":\"https:\/\/www.bizzotto.com\/fr\/boutique\"},{\"@type\":\"ListItem\",\"position\":3,\"name\":\"Mobilier de jardin\",\"item\":\"https:\/\/www.bizzotto.com\/fr\/categorie-de-produit\/mobilier-de-jardin\"},{\"@type\":\"ListItem\",\"position\":4,\"name\":\"Assises d\u2019ext\u00e9rieur\",\"item\":\"https:\/\/www.bizzotto.com\/fr\/categorie-de-produit\/mobilier-de-jardin\/assises-dexterieur\"},{\"@type\":\"ListItem\",\"position\":5,\"name\":\"Canap\u00e9s d\u2019ext\u00e9rieur\",\"item\":\"https:\/\/www.bizzotto.com\/fr\/categorie-de-produit\/mobilier-de-jardin\/assises-dexterieur\/canapes-dexterieur\"},{\"@type\":\"ListItem\",\"position\":6,\"name\":\"CANAP\u00c9 COOPER SMOKY AC-C\"}]},{\"@type\":\"WebSite\",\"@id\":\"https:\/\/www.bizzotto.com\/fr#website\",\"url\":\"https:\/\/www.bizzotto.com\/fr\",\"name\":\"Bizzotto\",\"description\":\"\",\"potentialAction\":[{\"@type\":\"SearchAction\",\"target\":{\"@type\":\"EntryPoint\",\"urlTemplate\":\"https:\/\/www.bizzotto.com\/fr?s={search_term_string}\"},\"query-input\":{\"@type\":\"PropertyValueSpecification\",\"valueRequired\":true,\"valueName\":\"search_term_string\"}}],\"inLanguage\":\"fr-FR\"}]}<\/script>\n<!-- \/ Yoast SEO plugin. -->","yoast_head_json":{"title":"CANAP\u00c9 COOPER SMOKY AC-C - Bizzotto","robots":{"index":"index","follow":"follow","max-snippet":"max-snippet:-1","max-image-preview":"max-image-preview:large","max-video-preview":"max-video-preview:-1"},"canonical":"https:\/\/www.bizzotto.com\/fr\/produits\/mobilier-de-jardin\/assises-dexterieur\/canapes-dexterieur\/canape-cooper-smoky-ac-c","og_locale":"fr_FR","og_type":"article","og_title":"CANAP\u00c9 COOPER SMOKY AC-C - Bizzotto","og_description":"Canap\u00e9 de Jardin Cooper smoky","og_url":"https:\/\/www.bizzotto.com\/fr\/produits\/mobilier-de-jardin\/assises-dexterieur\/canapes-dexterieur\/canape-cooper-smoky-ac-c","og_site_name":"Bizzotto","article_modified_time":"2026-03-18T16:01:22+00:00","og_image":[{"width":1527,"height":1080,"url":"https:\/\/www.bizzotto.com\/wp-content\/uploads\/2026\/03\/0663746-AM61.jpg","type":"image\/jpeg"}],"twitter_card":"summary_large_image","schema":{"@context":"https:\/\/schema.org","@graph":[{"@type":"WebPage","@id":"https:\/\/www.bizzotto.com\/fr\/produits\/mobilier-de-jardin\/assises-dexterieur\/canapes-dexterieur\/canape-cooper-smoky-ac-c","url":"https:\/\/www.bizzotto.com\/fr\/produits\/mobilier-de-jardin\/assises-dexterieur\/canapes-dexterieur\/canape-cooper-smoky-ac-c","name":"CANAP\u00c9 COOPER SMOKY AC-C - Bizzotto","isPartOf":{"@id":"https:\/\/www.bizzotto.com\/fr#website"},"primaryImageOfPage":{"@id":"https:\/\/www.bizzotto.com\/fr\/produits\/mobilier-de-jardin\/assises-dexterieur\/canapes-dexterieur\/canape-cooper-smoky-ac-c#primaryimage"},"image":{"@id":"https:\/\/www.bizzotto.com\/fr\/produits\/mobilier-de-jardin\/assises-dexterieur\/canapes-dexterieur\/canape-cooper-smoky-ac-c#primaryimage"},"thumbnailUrl":"https:\/\/www.bizzotto.com\/wp-content\/uploads\/2026\/03\/0663746-AM61.jpg","datePublished":"2026-03-18T16:01:08+00:00","dateModified":"2026-03-18T16:01:22+00:00","breadcrumb":{"@id":"https:\/\/www.bizzotto.com\/fr\/produits\/mobilier-de-jardin\/assises-dexterieur\/canapes-dexterieur\/canape-cooper-smoky-ac-c#breadcrumb"},"inLanguage":"fr-FR","potentialAction":[{"@type":"ReadAction","target":["https:\/\/www.bizzotto.com\/fr\/produits\/mobilier-de-jardin\/assises-dexterieur\/canapes-dexterieur\/canape-cooper-smoky-ac-c"]}]},{"@type":"ImageObject","inLanguage":"fr-FR","@id":"https:\/\/www.bizzotto.com\/fr\/produits\/mobilier-de-jardin\/assises-dexterieur\/canapes-dexterieur\/canape-cooper-smoky-ac-c#primaryimage","url":"https:\/\/www.bizzotto.com\/wp-content\/uploads\/2026\/03\/0663746-AM61.jpg","contentUrl":"https:\/\/www.bizzotto.com\/wp-content\/uploads\/2026\/03\/0663746-AM61.jpg","width":1527,"height":1080},{"@type":"BreadcrumbList","@id":"https:\/\/www.bizzotto.com\/fr\/produits\/mobilier-de-jardin\/assises-dexterieur\/canapes-dexterieur\/canape-cooper-smoky-ac-c#breadcrumb","itemListElement":[{"@type":"ListItem","position":1,"name":"Home","item":"https:\/\/www.bizzotto.com\/fr"},{"@type":"ListItem","position":2,"name":"Boutique","item":"https:\/\/www.bizzotto.com\/fr\/boutique"},{"@type":"ListItem","position":3,"name":"Mobilier de jardin","item":"https:\/\/www.bizzotto.com\/fr\/categorie-de-produit\/mobilier-de-jardin"},{"@type":"ListItem","position":4,"name":"Assises d\u2019ext\u00e9rieur","item":"https:\/\/www.bizzotto.com\/fr\/categorie-de-produit\/mobilier-de-jardin\/assises-dexterieur"},{"@type":"ListItem","position":5,"name":"Canap\u00e9s d\u2019ext\u00e9rieur","item":"https:\/\/www.bizzotto.com\/fr\/categorie-de-produit\/mobilier-de-jardin\/assises-dexterieur\/canapes-dexterieur"},{"@type":"ListItem","position":6,"name":"CANAP\u00c9 COOPER SMOKY AC-C"}]},{"@type":"WebSite","@id":"https:\/\/www.bizzotto.com\/fr#website","url":"https:\/\/www.bizzotto.com\/fr","name":"Bizzotto","description":"","potentialAction":[{"@type":"SearchAction","target":{"@type":"EntryPoint","urlTemplate":"https:\/\/www.bizzotto.com\/fr?s={search_term_string}"},"query-input":{"@type":"PropertyValueSpecification","valueRequired":true,"valueName":"search_term_string"}}],"inLanguage":"fr-FR"}]}},"_links":{"self":[{"href":"https:\/\/www.bizzotto.com\/fr\/wp-json\/wp\/v2\/product\/43051","targetHints":{"allow":["GET"]}}],"collection":[{"href":"https:\/\/www.bizzotto.com\/fr\/wp-json\/wp\/v2\/product"}],"about":[{"href":"https:\/\/www.bizzotto.com\/fr\/wp-json\/wp\/v2\/types\/product"}],"replies":[{"embeddable":true,"href":"https:\/\/www.bizzotto.com\/fr\/wp-json\/wp\/v2\/comments?post=43051"}],"wp:featuredmedia":[{"embeddable":true,"href":"https:\/\/www.bizzotto.com\/fr\/wp-json\/wp\/v2\/media\/43002"}],"wp:attachment":[{"href":"https:\/\/www.bizzotto.com\/fr\/wp-json\/wp\/v2\/media?parent=43051"}],"wp:term":[{"taxonomy":"codifica-stile","embeddable":true,"href":"https:\/\/www.bizzotto.com\/fr\/wp-json\/wp\/v2\/codifica-stile?post=43051"},{"taxonomy":"divisione","embeddable":true,"href":"https:\/\/www.bizzotto.com\/fr\/wp-json\/wp\/v2\/divisione?post=43051"},{"taxonomy":"novita","embeddable":true,"href":"https:\/\/www.bizzotto.com\/fr\/wp-json\/wp\/v2\/novita?post=43051"},{"taxonomy":"stile","embeddable":true,"href":"https:\/\/www.bizzotto.com\/fr\/wp-json\/wp\/v2\/stile?post=43051"},{"taxonomy":"product_brand","embeddable":true,"href":"https:\/\/www.bizzotto.com\/fr\/wp-json\/wp\/v2\/product_brand?post=43051"},{"taxonomy":"product_cat","embeddable":true,"href":"https:\/\/www.bizzotto.com\/fr\/wp-json\/wp\/v2\/product_cat?post=43051"},{"taxonomy":"product_tag","embeddable":true,"href":"https:\/\/www.bizzotto.com\/fr\/wp-json\/wp\/v2\/product_tag?post=43051"}],"curies":[{"name":"wp","href":"https:\/\/api.w.org\/{rel}","templated":true}]}}