{"id":27931,"date":"2026-03-18T11:38:53","date_gmt":"2026-03-18T10:38:53","guid":{"rendered":"https:\/\/www.bizzotto.com\/prodotti\/non class\u00e9\/vase-sketchy-ro-blanc-h41"},"modified":"2026-03-18T11:38:56","modified_gmt":"2026-03-18T10:38:56","slug":"vase-sketchy-ro-blanc-h41","status":"publish","type":"product","link":"https:\/\/www.bizzotto.com\/fr\/produits\/decoration-textiles-eclairage\/decoration-de-la-maison\/vases\/vase-sketchy-ro-blanc-h41","title":{"rendered":"VASE SKETCHY RO BLANC H41"},"content":{"rendered":"<p>C\u00c9RAMIQUE \u00c9MAILL\u00c9E, IMPERM\u00c9ABLE. PRODUIT ET PEINT \u00c0 LA MAIN. TOUTE VARIATION DE COULEUR, DE TEINTE OU LES IMPERFECTIONS DOIVENT \u00caTRE CONSID\u00c9R\u00c9ES COMME UNE CARACT\u00c9RISTIQUE D&#8217;UNICIT\u00c9<\/p>\n","protected":false},"excerpt":{"rendered":"<p>Vase Sketchy 41 cm<\/p>\n","protected":false},"featured_media":27925,"comment_status":"open","ping_status":"closed","template":"","meta":{"_acf_changed":false},"codifica-stile":[459],"divisione":[2426],"novita":[494],"stile":[774],"product_brand":[61],"product_cat":[2190,2191,2196],"product_tag":[1775],"class_list":{"0":"post-27931","1":"product","2":"type-product","3":"status-publish","4":"has-post-thumbnail","6":"codifica-stile-es","7":"divisione-bizzotto-decorazione-fr","8":"novita-new","9":"stile-organique","10":"product_brand-bizzotto","11":"product_cat-decoration-textiles-eclairage","12":"product_cat-decoration-de-la-maison","13":"product_cat-vases","14":"product_tag-dc-dv-fg","17":"first","18":"instock","19":"shipping-taxable","20":"purchasable","21":"product-type-simple"},"acf":[],"yoast_head":"<!-- This site is optimized with the Yoast SEO plugin v26.6 - https:\/\/yoast.com\/wordpress\/plugins\/seo\/ -->\n<title>VASE SKETCHY RO BLANC H41 - Bizzotto<\/title>\n<meta name=\"robots\" content=\"index, follow, max-snippet:-1, max-image-preview:large, max-video-preview:-1\" \/>\n<link rel=\"canonical\" href=\"https:\/\/www.bizzotto.com\/fr\/produits\/decoration-textiles-eclairage\/decoration-de-la-maison\/vases\/vase-sketchy-ro-blanc-h41\" \/>\n<meta property=\"og:locale\" content=\"fr_FR\" \/>\n<meta property=\"og:type\" content=\"article\" \/>\n<meta property=\"og:title\" content=\"VASE SKETCHY RO BLANC H41 - Bizzotto\" \/>\n<meta property=\"og:description\" content=\"Vase Sketchy 41 cm\" \/>\n<meta property=\"og:url\" content=\"https:\/\/www.bizzotto.com\/fr\/produits\/decoration-textiles-eclairage\/decoration-de-la-maison\/vases\/vase-sketchy-ro-blanc-h41\" \/>\n<meta property=\"og:site_name\" content=\"Bizzotto\" \/>\n<meta property=\"article:modified_time\" content=\"2026-03-18T10:38:56+00:00\" \/>\n<meta property=\"og:image\" content=\"https:\/\/www.bizzotto.com\/wp-content\/uploads\/2026\/03\/0502571.jpg\" \/>\n\t<meta property=\"og:image:width\" content=\"957\" \/>\n\t<meta property=\"og:image:height\" content=\"1080\" \/>\n\t<meta property=\"og:image:type\" content=\"image\/jpeg\" \/>\n<meta name=\"twitter:card\" content=\"summary_large_image\" \/>\n<script type=\"application\/ld+json\" class=\"yoast-schema-graph\">{\"@context\":\"https:\/\/schema.org\",\"@graph\":[{\"@type\":\"WebPage\",\"@id\":\"https:\/\/www.bizzotto.com\/fr\/produits\/decoration-textiles-eclairage\/decoration-de-la-maison\/vases\/vase-sketchy-ro-blanc-h41\",\"url\":\"https:\/\/www.bizzotto.com\/fr\/produits\/decoration-textiles-eclairage\/decoration-de-la-maison\/vases\/vase-sketchy-ro-blanc-h41\",\"name\":\"VASE SKETCHY RO BLANC H41 - Bizzotto\",\"isPartOf\":{\"@id\":\"https:\/\/www.bizzotto.com\/fr#website\"},\"primaryImageOfPage\":{\"@id\":\"https:\/\/www.bizzotto.com\/fr\/produits\/decoration-textiles-eclairage\/decoration-de-la-maison\/vases\/vase-sketchy-ro-blanc-h41#primaryimage\"},\"image\":{\"@id\":\"https:\/\/www.bizzotto.com\/fr\/produits\/decoration-textiles-eclairage\/decoration-de-la-maison\/vases\/vase-sketchy-ro-blanc-h41#primaryimage\"},\"thumbnailUrl\":\"https:\/\/www.bizzotto.com\/wp-content\/uploads\/2026\/03\/0502571.jpg\",\"datePublished\":\"2026-03-18T10:38:53+00:00\",\"dateModified\":\"2026-03-18T10:38:56+00:00\",\"breadcrumb\":{\"@id\":\"https:\/\/www.bizzotto.com\/fr\/produits\/decoration-textiles-eclairage\/decoration-de-la-maison\/vases\/vase-sketchy-ro-blanc-h41#breadcrumb\"},\"inLanguage\":\"fr-FR\",\"potentialAction\":[{\"@type\":\"ReadAction\",\"target\":[\"https:\/\/www.bizzotto.com\/fr\/produits\/decoration-textiles-eclairage\/decoration-de-la-maison\/vases\/vase-sketchy-ro-blanc-h41\"]}]},{\"@type\":\"ImageObject\",\"inLanguage\":\"fr-FR\",\"@id\":\"https:\/\/www.bizzotto.com\/fr\/produits\/decoration-textiles-eclairage\/decoration-de-la-maison\/vases\/vase-sketchy-ro-blanc-h41#primaryimage\",\"url\":\"https:\/\/www.bizzotto.com\/wp-content\/uploads\/2026\/03\/0502571.jpg\",\"contentUrl\":\"https:\/\/www.bizzotto.com\/wp-content\/uploads\/2026\/03\/0502571.jpg\",\"width\":957,\"height\":1080},{\"@type\":\"BreadcrumbList\",\"@id\":\"https:\/\/www.bizzotto.com\/fr\/produits\/decoration-textiles-eclairage\/decoration-de-la-maison\/vases\/vase-sketchy-ro-blanc-h41#breadcrumb\",\"itemListElement\":[{\"@type\":\"ListItem\",\"position\":1,\"name\":\"Home\",\"item\":\"https:\/\/www.bizzotto.com\/fr\"},{\"@type\":\"ListItem\",\"position\":2,\"name\":\"Boutique\",\"item\":\"https:\/\/www.bizzotto.com\/fr\/boutique\"},{\"@type\":\"ListItem\",\"position\":3,\"name\":\"D\u00e9coration, textiles &amp; \u00e9clairage\",\"item\":\"https:\/\/www.bizzotto.com\/fr\/categorie-de-produit\/decoration-textiles-eclairage\"},{\"@type\":\"ListItem\",\"position\":4,\"name\":\"D\u00e9coration de la maison\",\"item\":\"https:\/\/www.bizzotto.com\/fr\/categorie-de-produit\/decoration-textiles-eclairage\/decoration-de-la-maison\"},{\"@type\":\"ListItem\",\"position\":5,\"name\":\"Vases\",\"item\":\"https:\/\/www.bizzotto.com\/fr\/categorie-de-produit\/decoration-textiles-eclairage\/decoration-de-la-maison\/vases\"},{\"@type\":\"ListItem\",\"position\":6,\"name\":\"VASE SKETCHY RO BLANC H41\"}]},{\"@type\":\"WebSite\",\"@id\":\"https:\/\/www.bizzotto.com\/fr#website\",\"url\":\"https:\/\/www.bizzotto.com\/fr\",\"name\":\"Bizzotto\",\"description\":\"\",\"potentialAction\":[{\"@type\":\"SearchAction\",\"target\":{\"@type\":\"EntryPoint\",\"urlTemplate\":\"https:\/\/www.bizzotto.com\/fr?s={search_term_string}\"},\"query-input\":{\"@type\":\"PropertyValueSpecification\",\"valueRequired\":true,\"valueName\":\"search_term_string\"}}],\"inLanguage\":\"fr-FR\"}]}<\/script>\n<!-- \/ Yoast SEO plugin. -->","yoast_head_json":{"title":"VASE SKETCHY RO BLANC H41 - Bizzotto","robots":{"index":"index","follow":"follow","max-snippet":"max-snippet:-1","max-image-preview":"max-image-preview:large","max-video-preview":"max-video-preview:-1"},"canonical":"https:\/\/www.bizzotto.com\/fr\/produits\/decoration-textiles-eclairage\/decoration-de-la-maison\/vases\/vase-sketchy-ro-blanc-h41","og_locale":"fr_FR","og_type":"article","og_title":"VASE SKETCHY RO BLANC H41 - Bizzotto","og_description":"Vase Sketchy 41 cm","og_url":"https:\/\/www.bizzotto.com\/fr\/produits\/decoration-textiles-eclairage\/decoration-de-la-maison\/vases\/vase-sketchy-ro-blanc-h41","og_site_name":"Bizzotto","article_modified_time":"2026-03-18T10:38:56+00:00","og_image":[{"width":957,"height":1080,"url":"https:\/\/www.bizzotto.com\/wp-content\/uploads\/2026\/03\/0502571.jpg","type":"image\/jpeg"}],"twitter_card":"summary_large_image","schema":{"@context":"https:\/\/schema.org","@graph":[{"@type":"WebPage","@id":"https:\/\/www.bizzotto.com\/fr\/produits\/decoration-textiles-eclairage\/decoration-de-la-maison\/vases\/vase-sketchy-ro-blanc-h41","url":"https:\/\/www.bizzotto.com\/fr\/produits\/decoration-textiles-eclairage\/decoration-de-la-maison\/vases\/vase-sketchy-ro-blanc-h41","name":"VASE SKETCHY RO BLANC H41 - Bizzotto","isPartOf":{"@id":"https:\/\/www.bizzotto.com\/fr#website"},"primaryImageOfPage":{"@id":"https:\/\/www.bizzotto.com\/fr\/produits\/decoration-textiles-eclairage\/decoration-de-la-maison\/vases\/vase-sketchy-ro-blanc-h41#primaryimage"},"image":{"@id":"https:\/\/www.bizzotto.com\/fr\/produits\/decoration-textiles-eclairage\/decoration-de-la-maison\/vases\/vase-sketchy-ro-blanc-h41#primaryimage"},"thumbnailUrl":"https:\/\/www.bizzotto.com\/wp-content\/uploads\/2026\/03\/0502571.jpg","datePublished":"2026-03-18T10:38:53+00:00","dateModified":"2026-03-18T10:38:56+00:00","breadcrumb":{"@id":"https:\/\/www.bizzotto.com\/fr\/produits\/decoration-textiles-eclairage\/decoration-de-la-maison\/vases\/vase-sketchy-ro-blanc-h41#breadcrumb"},"inLanguage":"fr-FR","potentialAction":[{"@type":"ReadAction","target":["https:\/\/www.bizzotto.com\/fr\/produits\/decoration-textiles-eclairage\/decoration-de-la-maison\/vases\/vase-sketchy-ro-blanc-h41"]}]},{"@type":"ImageObject","inLanguage":"fr-FR","@id":"https:\/\/www.bizzotto.com\/fr\/produits\/decoration-textiles-eclairage\/decoration-de-la-maison\/vases\/vase-sketchy-ro-blanc-h41#primaryimage","url":"https:\/\/www.bizzotto.com\/wp-content\/uploads\/2026\/03\/0502571.jpg","contentUrl":"https:\/\/www.bizzotto.com\/wp-content\/uploads\/2026\/03\/0502571.jpg","width":957,"height":1080},{"@type":"BreadcrumbList","@id":"https:\/\/www.bizzotto.com\/fr\/produits\/decoration-textiles-eclairage\/decoration-de-la-maison\/vases\/vase-sketchy-ro-blanc-h41#breadcrumb","itemListElement":[{"@type":"ListItem","position":1,"name":"Home","item":"https:\/\/www.bizzotto.com\/fr"},{"@type":"ListItem","position":2,"name":"Boutique","item":"https:\/\/www.bizzotto.com\/fr\/boutique"},{"@type":"ListItem","position":3,"name":"D\u00e9coration, textiles &amp; \u00e9clairage","item":"https:\/\/www.bizzotto.com\/fr\/categorie-de-produit\/decoration-textiles-eclairage"},{"@type":"ListItem","position":4,"name":"D\u00e9coration de la maison","item":"https:\/\/www.bizzotto.com\/fr\/categorie-de-produit\/decoration-textiles-eclairage\/decoration-de-la-maison"},{"@type":"ListItem","position":5,"name":"Vases","item":"https:\/\/www.bizzotto.com\/fr\/categorie-de-produit\/decoration-textiles-eclairage\/decoration-de-la-maison\/vases"},{"@type":"ListItem","position":6,"name":"VASE SKETCHY RO BLANC H41"}]},{"@type":"WebSite","@id":"https:\/\/www.bizzotto.com\/fr#website","url":"https:\/\/www.bizzotto.com\/fr","name":"Bizzotto","description":"","potentialAction":[{"@type":"SearchAction","target":{"@type":"EntryPoint","urlTemplate":"https:\/\/www.bizzotto.com\/fr?s={search_term_string}"},"query-input":{"@type":"PropertyValueSpecification","valueRequired":true,"valueName":"search_term_string"}}],"inLanguage":"fr-FR"}]}},"_links":{"self":[{"href":"https:\/\/www.bizzotto.com\/fr\/wp-json\/wp\/v2\/product\/27931","targetHints":{"allow":["GET"]}}],"collection":[{"href":"https:\/\/www.bizzotto.com\/fr\/wp-json\/wp\/v2\/product"}],"about":[{"href":"https:\/\/www.bizzotto.com\/fr\/wp-json\/wp\/v2\/types\/product"}],"replies":[{"embeddable":true,"href":"https:\/\/www.bizzotto.com\/fr\/wp-json\/wp\/v2\/comments?post=27931"}],"wp:featuredmedia":[{"embeddable":true,"href":"https:\/\/www.bizzotto.com\/fr\/wp-json\/wp\/v2\/media\/27925"}],"wp:attachment":[{"href":"https:\/\/www.bizzotto.com\/fr\/wp-json\/wp\/v2\/media?parent=27931"}],"wp:term":[{"taxonomy":"codifica-stile","embeddable":true,"href":"https:\/\/www.bizzotto.com\/fr\/wp-json\/wp\/v2\/codifica-stile?post=27931"},{"taxonomy":"divisione","embeddable":true,"href":"https:\/\/www.bizzotto.com\/fr\/wp-json\/wp\/v2\/divisione?post=27931"},{"taxonomy":"novita","embeddable":true,"href":"https:\/\/www.bizzotto.com\/fr\/wp-json\/wp\/v2\/novita?post=27931"},{"taxonomy":"stile","embeddable":true,"href":"https:\/\/www.bizzotto.com\/fr\/wp-json\/wp\/v2\/stile?post=27931"},{"taxonomy":"product_brand","embeddable":true,"href":"https:\/\/www.bizzotto.com\/fr\/wp-json\/wp\/v2\/product_brand?post=27931"},{"taxonomy":"product_cat","embeddable":true,"href":"https:\/\/www.bizzotto.com\/fr\/wp-json\/wp\/v2\/product_cat?post=27931"},{"taxonomy":"product_tag","embeddable":true,"href":"https:\/\/www.bizzotto.com\/fr\/wp-json\/wp\/v2\/product_tag?post=27931"}],"curies":[{"name":"wp","href":"https:\/\/api.w.org\/{rel}","templated":true}]}}