{"id":25771,"date":"2026-03-18T11:26:27","date_gmt":"2026-03-18T10:26:27","guid":{"rendered":"https:\/\/www.bizzotto.com\/prodotti\/non class\u00e9\/miroir-ac-c-universe-noir-80x170"},"modified":"2026-03-18T11:26:31","modified_gmt":"2026-03-18T10:26:31","slug":"miroir-ac-c-universe-noir-80x170","status":"publish","type":"product","link":"https:\/\/www.bizzotto.com\/fr\/produits\/decoration-textiles-eclairage\/decoration-murale\/miroirs\/miroir-ac-c-universe-noir-80x170","title":{"rendered":"MIROIR AC-C UNIVERSE NOIR 80X170"},"content":{"rendered":"<p>ACIER, MDF ET VERRE, AVEC 4 CROCHETS POUR ACCROCHER LE MIROIR AU MUR VERTICALEMENT OU HORIZONTALEMENT. MESURE MIROIR: 79X169. ACIER TRAVAILL\u00c9 \u00c0 LA MAIN. PRODUIT FAIT \u00c0 LA MAIN. TOUTE VARIATION DE COULEUR, DE TEINTE OU D\u2019IMPERFECTIONS DOIT \u00caTRE CONSID\u00c9R\u00c9E COMME UNE CARACT\u00c9RISTIQUE D&#8217;UNICIT\u00c9.<\/p>\n","protected":false},"excerpt":{"rendered":"<p>Miroir Universe in acciaio noir<\/p>\n","protected":false},"featured_media":25760,"comment_status":"open","ping_status":"closed","template":"","meta":{"_acf_changed":false},"codifica-stile":[457],"divisione":[2426],"novita":[],"stile":[773],"product_brand":[61],"product_cat":[2190,2197,2200],"product_tag":[1756],"class_list":{"0":"post-25771","1":"product","2":"type-product","3":"status-publish","4":"has-post-thumbnail","6":"codifica-stile-cn","7":"divisione-bizzotto-decorazione-fr","8":"stile-contemporain","9":"product_brand-bizzotto","10":"product_cat-decoration-textiles-eclairage","11":"product_cat-decoration-murale","12":"product_cat-miroirs","13":"product_tag-ai-dc-eg","16":"first","17":"instock","18":"shipping-taxable","19":"purchasable","20":"product-type-simple"},"acf":[],"yoast_head":"<!-- This site is optimized with the Yoast SEO plugin v26.6 - https:\/\/yoast.com\/wordpress\/plugins\/seo\/ -->\n<title>MIROIR AC-C UNIVERSE NOIR 80X170 - Bizzotto<\/title>\n<meta name=\"robots\" content=\"index, follow, max-snippet:-1, max-image-preview:large, max-video-preview:-1\" \/>\n<link rel=\"canonical\" href=\"https:\/\/www.bizzotto.com\/fr\/produits\/decoration-textiles-eclairage\/decoration-murale\/miroirs\/miroir-ac-c-universe-noir-80x170\" \/>\n<meta property=\"og:locale\" content=\"fr_FR\" \/>\n<meta property=\"og:type\" content=\"article\" \/>\n<meta property=\"og:title\" content=\"MIROIR AC-C UNIVERSE NOIR 80X170 - Bizzotto\" \/>\n<meta property=\"og:description\" content=\"Miroir Universe in acciaio noir\" \/>\n<meta property=\"og:url\" content=\"https:\/\/www.bizzotto.com\/fr\/produits\/decoration-textiles-eclairage\/decoration-murale\/miroirs\/miroir-ac-c-universe-noir-80x170\" \/>\n<meta property=\"og:site_name\" content=\"Bizzotto\" \/>\n<meta property=\"article:modified_time\" content=\"2026-03-18T10:26:31+00:00\" \/>\n<meta property=\"og:image\" content=\"https:\/\/www.bizzotto.com\/wp-content\/uploads\/2026\/03\/0242731.jpg\" \/>\n\t<meta property=\"og:image:width\" content=\"613\" \/>\n\t<meta property=\"og:image:height\" content=\"1080\" \/>\n\t<meta property=\"og:image:type\" content=\"image\/jpeg\" \/>\n<meta name=\"twitter:card\" content=\"summary_large_image\" \/>\n<script type=\"application\/ld+json\" class=\"yoast-schema-graph\">{\"@context\":\"https:\/\/schema.org\",\"@graph\":[{\"@type\":\"WebPage\",\"@id\":\"https:\/\/www.bizzotto.com\/fr\/produits\/decoration-textiles-eclairage\/decoration-murale\/miroirs\/miroir-ac-c-universe-noir-80x170\",\"url\":\"https:\/\/www.bizzotto.com\/fr\/produits\/decoration-textiles-eclairage\/decoration-murale\/miroirs\/miroir-ac-c-universe-noir-80x170\",\"name\":\"MIROIR AC-C UNIVERSE NOIR 80X170 - Bizzotto\",\"isPartOf\":{\"@id\":\"https:\/\/www.bizzotto.com\/fr#website\"},\"primaryImageOfPage\":{\"@id\":\"https:\/\/www.bizzotto.com\/fr\/produits\/decoration-textiles-eclairage\/decoration-murale\/miroirs\/miroir-ac-c-universe-noir-80x170#primaryimage\"},\"image\":{\"@id\":\"https:\/\/www.bizzotto.com\/fr\/produits\/decoration-textiles-eclairage\/decoration-murale\/miroirs\/miroir-ac-c-universe-noir-80x170#primaryimage\"},\"thumbnailUrl\":\"https:\/\/www.bizzotto.com\/wp-content\/uploads\/2026\/03\/0242731.jpg\",\"datePublished\":\"2026-03-18T10:26:27+00:00\",\"dateModified\":\"2026-03-18T10:26:31+00:00\",\"breadcrumb\":{\"@id\":\"https:\/\/www.bizzotto.com\/fr\/produits\/decoration-textiles-eclairage\/decoration-murale\/miroirs\/miroir-ac-c-universe-noir-80x170#breadcrumb\"},\"inLanguage\":\"fr-FR\",\"potentialAction\":[{\"@type\":\"ReadAction\",\"target\":[\"https:\/\/www.bizzotto.com\/fr\/produits\/decoration-textiles-eclairage\/decoration-murale\/miroirs\/miroir-ac-c-universe-noir-80x170\"]}]},{\"@type\":\"ImageObject\",\"inLanguage\":\"fr-FR\",\"@id\":\"https:\/\/www.bizzotto.com\/fr\/produits\/decoration-textiles-eclairage\/decoration-murale\/miroirs\/miroir-ac-c-universe-noir-80x170#primaryimage\",\"url\":\"https:\/\/www.bizzotto.com\/wp-content\/uploads\/2026\/03\/0242731.jpg\",\"contentUrl\":\"https:\/\/www.bizzotto.com\/wp-content\/uploads\/2026\/03\/0242731.jpg\",\"width\":613,\"height\":1080},{\"@type\":\"BreadcrumbList\",\"@id\":\"https:\/\/www.bizzotto.com\/fr\/produits\/decoration-textiles-eclairage\/decoration-murale\/miroirs\/miroir-ac-c-universe-noir-80x170#breadcrumb\",\"itemListElement\":[{\"@type\":\"ListItem\",\"position\":1,\"name\":\"Home\",\"item\":\"https:\/\/www.bizzotto.com\/fr\"},{\"@type\":\"ListItem\",\"position\":2,\"name\":\"Boutique\",\"item\":\"https:\/\/www.bizzotto.com\/fr\/boutique\"},{\"@type\":\"ListItem\",\"position\":3,\"name\":\"D\u00e9coration, textiles &amp; \u00e9clairage\",\"item\":\"https:\/\/www.bizzotto.com\/fr\/categorie-de-produit\/decoration-textiles-eclairage\"},{\"@type\":\"ListItem\",\"position\":4,\"name\":\"D\u00e9coration murale\",\"item\":\"https:\/\/www.bizzotto.com\/fr\/categorie-de-produit\/decoration-textiles-eclairage\/decoration-murale\"},{\"@type\":\"ListItem\",\"position\":5,\"name\":\"Miroirs\",\"item\":\"https:\/\/www.bizzotto.com\/fr\/categorie-de-produit\/decoration-textiles-eclairage\/decoration-murale\/miroirs\"},{\"@type\":\"ListItem\",\"position\":6,\"name\":\"MIROIR AC-C UNIVERSE NOIR 80X170\"}]},{\"@type\":\"WebSite\",\"@id\":\"https:\/\/www.bizzotto.com\/fr#website\",\"url\":\"https:\/\/www.bizzotto.com\/fr\",\"name\":\"Bizzotto\",\"description\":\"\",\"potentialAction\":[{\"@type\":\"SearchAction\",\"target\":{\"@type\":\"EntryPoint\",\"urlTemplate\":\"https:\/\/www.bizzotto.com\/fr?s={search_term_string}\"},\"query-input\":{\"@type\":\"PropertyValueSpecification\",\"valueRequired\":true,\"valueName\":\"search_term_string\"}}],\"inLanguage\":\"fr-FR\"}]}<\/script>\n<!-- \/ Yoast SEO plugin. -->","yoast_head_json":{"title":"MIROIR AC-C UNIVERSE NOIR 80X170 - Bizzotto","robots":{"index":"index","follow":"follow","max-snippet":"max-snippet:-1","max-image-preview":"max-image-preview:large","max-video-preview":"max-video-preview:-1"},"canonical":"https:\/\/www.bizzotto.com\/fr\/produits\/decoration-textiles-eclairage\/decoration-murale\/miroirs\/miroir-ac-c-universe-noir-80x170","og_locale":"fr_FR","og_type":"article","og_title":"MIROIR AC-C UNIVERSE NOIR 80X170 - Bizzotto","og_description":"Miroir Universe in acciaio noir","og_url":"https:\/\/www.bizzotto.com\/fr\/produits\/decoration-textiles-eclairage\/decoration-murale\/miroirs\/miroir-ac-c-universe-noir-80x170","og_site_name":"Bizzotto","article_modified_time":"2026-03-18T10:26:31+00:00","og_image":[{"width":613,"height":1080,"url":"https:\/\/www.bizzotto.com\/wp-content\/uploads\/2026\/03\/0242731.jpg","type":"image\/jpeg"}],"twitter_card":"summary_large_image","schema":{"@context":"https:\/\/schema.org","@graph":[{"@type":"WebPage","@id":"https:\/\/www.bizzotto.com\/fr\/produits\/decoration-textiles-eclairage\/decoration-murale\/miroirs\/miroir-ac-c-universe-noir-80x170","url":"https:\/\/www.bizzotto.com\/fr\/produits\/decoration-textiles-eclairage\/decoration-murale\/miroirs\/miroir-ac-c-universe-noir-80x170","name":"MIROIR AC-C UNIVERSE NOIR 80X170 - Bizzotto","isPartOf":{"@id":"https:\/\/www.bizzotto.com\/fr#website"},"primaryImageOfPage":{"@id":"https:\/\/www.bizzotto.com\/fr\/produits\/decoration-textiles-eclairage\/decoration-murale\/miroirs\/miroir-ac-c-universe-noir-80x170#primaryimage"},"image":{"@id":"https:\/\/www.bizzotto.com\/fr\/produits\/decoration-textiles-eclairage\/decoration-murale\/miroirs\/miroir-ac-c-universe-noir-80x170#primaryimage"},"thumbnailUrl":"https:\/\/www.bizzotto.com\/wp-content\/uploads\/2026\/03\/0242731.jpg","datePublished":"2026-03-18T10:26:27+00:00","dateModified":"2026-03-18T10:26:31+00:00","breadcrumb":{"@id":"https:\/\/www.bizzotto.com\/fr\/produits\/decoration-textiles-eclairage\/decoration-murale\/miroirs\/miroir-ac-c-universe-noir-80x170#breadcrumb"},"inLanguage":"fr-FR","potentialAction":[{"@type":"ReadAction","target":["https:\/\/www.bizzotto.com\/fr\/produits\/decoration-textiles-eclairage\/decoration-murale\/miroirs\/miroir-ac-c-universe-noir-80x170"]}]},{"@type":"ImageObject","inLanguage":"fr-FR","@id":"https:\/\/www.bizzotto.com\/fr\/produits\/decoration-textiles-eclairage\/decoration-murale\/miroirs\/miroir-ac-c-universe-noir-80x170#primaryimage","url":"https:\/\/www.bizzotto.com\/wp-content\/uploads\/2026\/03\/0242731.jpg","contentUrl":"https:\/\/www.bizzotto.com\/wp-content\/uploads\/2026\/03\/0242731.jpg","width":613,"height":1080},{"@type":"BreadcrumbList","@id":"https:\/\/www.bizzotto.com\/fr\/produits\/decoration-textiles-eclairage\/decoration-murale\/miroirs\/miroir-ac-c-universe-noir-80x170#breadcrumb","itemListElement":[{"@type":"ListItem","position":1,"name":"Home","item":"https:\/\/www.bizzotto.com\/fr"},{"@type":"ListItem","position":2,"name":"Boutique","item":"https:\/\/www.bizzotto.com\/fr\/boutique"},{"@type":"ListItem","position":3,"name":"D\u00e9coration, textiles &amp; \u00e9clairage","item":"https:\/\/www.bizzotto.com\/fr\/categorie-de-produit\/decoration-textiles-eclairage"},{"@type":"ListItem","position":4,"name":"D\u00e9coration murale","item":"https:\/\/www.bizzotto.com\/fr\/categorie-de-produit\/decoration-textiles-eclairage\/decoration-murale"},{"@type":"ListItem","position":5,"name":"Miroirs","item":"https:\/\/www.bizzotto.com\/fr\/categorie-de-produit\/decoration-textiles-eclairage\/decoration-murale\/miroirs"},{"@type":"ListItem","position":6,"name":"MIROIR AC-C UNIVERSE NOIR 80X170"}]},{"@type":"WebSite","@id":"https:\/\/www.bizzotto.com\/fr#website","url":"https:\/\/www.bizzotto.com\/fr","name":"Bizzotto","description":"","potentialAction":[{"@type":"SearchAction","target":{"@type":"EntryPoint","urlTemplate":"https:\/\/www.bizzotto.com\/fr?s={search_term_string}"},"query-input":{"@type":"PropertyValueSpecification","valueRequired":true,"valueName":"search_term_string"}}],"inLanguage":"fr-FR"}]}},"_links":{"self":[{"href":"https:\/\/www.bizzotto.com\/fr\/wp-json\/wp\/v2\/product\/25771","targetHints":{"allow":["GET"]}}],"collection":[{"href":"https:\/\/www.bizzotto.com\/fr\/wp-json\/wp\/v2\/product"}],"about":[{"href":"https:\/\/www.bizzotto.com\/fr\/wp-json\/wp\/v2\/types\/product"}],"replies":[{"embeddable":true,"href":"https:\/\/www.bizzotto.com\/fr\/wp-json\/wp\/v2\/comments?post=25771"}],"wp:featuredmedia":[{"embeddable":true,"href":"https:\/\/www.bizzotto.com\/fr\/wp-json\/wp\/v2\/media\/25760"}],"wp:attachment":[{"href":"https:\/\/www.bizzotto.com\/fr\/wp-json\/wp\/v2\/media?parent=25771"}],"wp:term":[{"taxonomy":"codifica-stile","embeddable":true,"href":"https:\/\/www.bizzotto.com\/fr\/wp-json\/wp\/v2\/codifica-stile?post=25771"},{"taxonomy":"divisione","embeddable":true,"href":"https:\/\/www.bizzotto.com\/fr\/wp-json\/wp\/v2\/divisione?post=25771"},{"taxonomy":"novita","embeddable":true,"href":"https:\/\/www.bizzotto.com\/fr\/wp-json\/wp\/v2\/novita?post=25771"},{"taxonomy":"stile","embeddable":true,"href":"https:\/\/www.bizzotto.com\/fr\/wp-json\/wp\/v2\/stile?post=25771"},{"taxonomy":"product_brand","embeddable":true,"href":"https:\/\/www.bizzotto.com\/fr\/wp-json\/wp\/v2\/product_brand?post=25771"},{"taxonomy":"product_cat","embeddable":true,"href":"https:\/\/www.bizzotto.com\/fr\/wp-json\/wp\/v2\/product_cat?post=25771"},{"taxonomy":"product_tag","embeddable":true,"href":"https:\/\/www.bizzotto.com\/fr\/wp-json\/wp\/v2\/product_tag?post=25771"}],"curies":[{"name":"wp","href":"https:\/\/api.w.org\/{rel}","templated":true}]}}