{"id":21636,"date":"2026-03-18T11:04:12","date_gmt":"2026-03-18T10:04:12","guid":{"rendered":"https:\/\/www.bizzotto.com\/prodotti\/non class\u00e9\/diffuseur-de-fragr-citron-et-gingem-100m"},"modified":"2026-03-18T11:04:16","modified_gmt":"2026-03-18T10:04:16","slug":"diffuseur-de-fragr-citron-et-gingem-100m","status":"publish","type":"product","link":"https:\/\/www.bizzotto.com\/fr\/produits\/decoration-textiles-eclairage\/decoration-de-la-maison\/diffuseurs-de-parfum\/diffuseur-de-fragr-citron-et-gingem-100m","title":{"rendered":"DIFFUSEUR DE FRAGR CITRON ET GINGEM 100M"},"content":{"rendered":"<p>CITRON ET GINGEMBRE PARFUM D\u2019AMBIANCE AVEC 6 B\u00c2TONNETS BLANCS (H 30 CM). PARFUM APPARTENANT \u00c0 LA FAMILLE DES BOIS LIGNEUX. BOUTEILLE EN VERRE, TAILLE 100 ML. CONTRE-BOUCHON EN PLASTIQUE ET BOUCHON D\u00c9CORATIF EN BOIS NATUREL. ZONE DE COUVERTURE 20 M2. NOTES P\u00c9TILLANTES DE GINGEMBRE ASSOCI\u00c9ES \u00c0 LA FRA\u00ceCHEUR DU CITRON QUI CR\u00c9ENT UN PARFUM AGR\u00c9ABLE, CHAUD ET ENVELOPPANT. PARFUM RECOMMAND\u00c9 POUR LA CUISINE. LIQUIDE ET VAPEURS FACILEMENT INFLAMMABLES.<\/p>\n","protected":false},"excerpt":{"rendered":"<p>Diffuseur Limone\/Zenzero 100 ml<\/p>\n","protected":false},"featured_media":21627,"comment_status":"open","ping_status":"closed","template":"","meta":{"_acf_changed":false},"codifica-stile":[457],"divisione":[2426],"novita":[],"stile":[773],"product_brand":[61],"product_cat":[2190,2191,2195],"product_tag":[1778],"class_list":{"0":"post-21636","1":"product","2":"type-product","3":"status-publish","4":"has-post-thumbnail","6":"codifica-stile-cn","7":"divisione-bizzotto-decorazione-fr","8":"stile-contemporain","9":"product_brand-bizzotto","10":"product_cat-decoration-textiles-eclairage","11":"product_cat-decoration-de-la-maison","12":"product_cat-diffuseurs-de-parfum","13":"product_tag-dc-di-kn","16":"first","17":"instock","18":"shipping-taxable","19":"purchasable","20":"product-type-simple"},"acf":[],"yoast_head":"<!-- This site is optimized with the Yoast SEO plugin v26.6 - https:\/\/yoast.com\/wordpress\/plugins\/seo\/ -->\n<title>DIFFUSEUR DE FRAGR CITRON ET GINGEM 100M - Bizzotto<\/title>\n<meta name=\"robots\" content=\"index, follow, max-snippet:-1, max-image-preview:large, max-video-preview:-1\" \/>\n<link rel=\"canonical\" href=\"https:\/\/www.bizzotto.com\/fr\/produits\/decoration-textiles-eclairage\/decoration-de-la-maison\/diffuseurs-de-parfum\/diffuseur-de-fragr-citron-et-gingem-100m\" \/>\n<meta property=\"og:locale\" content=\"fr_FR\" \/>\n<meta property=\"og:type\" content=\"article\" \/>\n<meta property=\"og:title\" content=\"DIFFUSEUR DE FRAGR CITRON ET GINGEM 100M - Bizzotto\" \/>\n<meta property=\"og:description\" content=\"Diffuseur Limone\/Zenzero 100 ml\" \/>\n<meta property=\"og:url\" content=\"https:\/\/www.bizzotto.com\/fr\/produits\/decoration-textiles-eclairage\/decoration-de-la-maison\/diffuseurs-de-parfum\/diffuseur-de-fragr-citron-et-gingem-100m\" \/>\n<meta property=\"og:site_name\" content=\"Bizzotto\" \/>\n<meta property=\"article:modified_time\" content=\"2026-03-18T10:04:16+00:00\" \/>\n<meta property=\"og:image\" content=\"https:\/\/www.bizzotto.com\/wp-content\/uploads\/2026\/03\/0164250.jpg\" \/>\n\t<meta property=\"og:image:width\" content=\"672\" \/>\n\t<meta property=\"og:image:height\" content=\"1080\" \/>\n\t<meta property=\"og:image:type\" content=\"image\/jpeg\" \/>\n<meta name=\"twitter:card\" content=\"summary_large_image\" \/>\n<script type=\"application\/ld+json\" class=\"yoast-schema-graph\">{\"@context\":\"https:\/\/schema.org\",\"@graph\":[{\"@type\":\"WebPage\",\"@id\":\"https:\/\/www.bizzotto.com\/fr\/produits\/decoration-textiles-eclairage\/decoration-de-la-maison\/diffuseurs-de-parfum\/diffuseur-de-fragr-citron-et-gingem-100m\",\"url\":\"https:\/\/www.bizzotto.com\/fr\/produits\/decoration-textiles-eclairage\/decoration-de-la-maison\/diffuseurs-de-parfum\/diffuseur-de-fragr-citron-et-gingem-100m\",\"name\":\"DIFFUSEUR DE FRAGR CITRON ET GINGEM 100M - Bizzotto\",\"isPartOf\":{\"@id\":\"https:\/\/www.bizzotto.com\/fr#website\"},\"primaryImageOfPage\":{\"@id\":\"https:\/\/www.bizzotto.com\/fr\/produits\/decoration-textiles-eclairage\/decoration-de-la-maison\/diffuseurs-de-parfum\/diffuseur-de-fragr-citron-et-gingem-100m#primaryimage\"},\"image\":{\"@id\":\"https:\/\/www.bizzotto.com\/fr\/produits\/decoration-textiles-eclairage\/decoration-de-la-maison\/diffuseurs-de-parfum\/diffuseur-de-fragr-citron-et-gingem-100m#primaryimage\"},\"thumbnailUrl\":\"https:\/\/www.bizzotto.com\/wp-content\/uploads\/2026\/03\/0164250.jpg\",\"datePublished\":\"2026-03-18T10:04:12+00:00\",\"dateModified\":\"2026-03-18T10:04:16+00:00\",\"breadcrumb\":{\"@id\":\"https:\/\/www.bizzotto.com\/fr\/produits\/decoration-textiles-eclairage\/decoration-de-la-maison\/diffuseurs-de-parfum\/diffuseur-de-fragr-citron-et-gingem-100m#breadcrumb\"},\"inLanguage\":\"fr-FR\",\"potentialAction\":[{\"@type\":\"ReadAction\",\"target\":[\"https:\/\/www.bizzotto.com\/fr\/produits\/decoration-textiles-eclairage\/decoration-de-la-maison\/diffuseurs-de-parfum\/diffuseur-de-fragr-citron-et-gingem-100m\"]}]},{\"@type\":\"ImageObject\",\"inLanguage\":\"fr-FR\",\"@id\":\"https:\/\/www.bizzotto.com\/fr\/produits\/decoration-textiles-eclairage\/decoration-de-la-maison\/diffuseurs-de-parfum\/diffuseur-de-fragr-citron-et-gingem-100m#primaryimage\",\"url\":\"https:\/\/www.bizzotto.com\/wp-content\/uploads\/2026\/03\/0164250.jpg\",\"contentUrl\":\"https:\/\/www.bizzotto.com\/wp-content\/uploads\/2026\/03\/0164250.jpg\",\"width\":672,\"height\":1080},{\"@type\":\"BreadcrumbList\",\"@id\":\"https:\/\/www.bizzotto.com\/fr\/produits\/decoration-textiles-eclairage\/decoration-de-la-maison\/diffuseurs-de-parfum\/diffuseur-de-fragr-citron-et-gingem-100m#breadcrumb\",\"itemListElement\":[{\"@type\":\"ListItem\",\"position\":1,\"name\":\"Home\",\"item\":\"https:\/\/www.bizzotto.com\/fr\"},{\"@type\":\"ListItem\",\"position\":2,\"name\":\"Boutique\",\"item\":\"https:\/\/www.bizzotto.com\/fr\/boutique\"},{\"@type\":\"ListItem\",\"position\":3,\"name\":\"D\u00e9coration, textiles &amp; \u00e9clairage\",\"item\":\"https:\/\/www.bizzotto.com\/fr\/categorie-de-produit\/decoration-textiles-eclairage\"},{\"@type\":\"ListItem\",\"position\":4,\"name\":\"D\u00e9coration de la maison\",\"item\":\"https:\/\/www.bizzotto.com\/fr\/categorie-de-produit\/decoration-textiles-eclairage\/decoration-de-la-maison\"},{\"@type\":\"ListItem\",\"position\":5,\"name\":\"Diffuseurs de parfum\",\"item\":\"https:\/\/www.bizzotto.com\/fr\/categorie-de-produit\/decoration-textiles-eclairage\/decoration-de-la-maison\/diffuseurs-de-parfum\"},{\"@type\":\"ListItem\",\"position\":6,\"name\":\"DIFFUSEUR DE FRAGR CITRON ET GINGEM 100M\"}]},{\"@type\":\"WebSite\",\"@id\":\"https:\/\/www.bizzotto.com\/fr#website\",\"url\":\"https:\/\/www.bizzotto.com\/fr\",\"name\":\"Bizzotto\",\"description\":\"\",\"potentialAction\":[{\"@type\":\"SearchAction\",\"target\":{\"@type\":\"EntryPoint\",\"urlTemplate\":\"https:\/\/www.bizzotto.com\/fr?s={search_term_string}\"},\"query-input\":{\"@type\":\"PropertyValueSpecification\",\"valueRequired\":true,\"valueName\":\"search_term_string\"}}],\"inLanguage\":\"fr-FR\"}]}<\/script>\n<!-- \/ Yoast SEO plugin. -->","yoast_head_json":{"title":"DIFFUSEUR DE FRAGR CITRON ET GINGEM 100M - Bizzotto","robots":{"index":"index","follow":"follow","max-snippet":"max-snippet:-1","max-image-preview":"max-image-preview:large","max-video-preview":"max-video-preview:-1"},"canonical":"https:\/\/www.bizzotto.com\/fr\/produits\/decoration-textiles-eclairage\/decoration-de-la-maison\/diffuseurs-de-parfum\/diffuseur-de-fragr-citron-et-gingem-100m","og_locale":"fr_FR","og_type":"article","og_title":"DIFFUSEUR DE FRAGR CITRON ET GINGEM 100M - Bizzotto","og_description":"Diffuseur Limone\/Zenzero 100 ml","og_url":"https:\/\/www.bizzotto.com\/fr\/produits\/decoration-textiles-eclairage\/decoration-de-la-maison\/diffuseurs-de-parfum\/diffuseur-de-fragr-citron-et-gingem-100m","og_site_name":"Bizzotto","article_modified_time":"2026-03-18T10:04:16+00:00","og_image":[{"width":672,"height":1080,"url":"https:\/\/www.bizzotto.com\/wp-content\/uploads\/2026\/03\/0164250.jpg","type":"image\/jpeg"}],"twitter_card":"summary_large_image","schema":{"@context":"https:\/\/schema.org","@graph":[{"@type":"WebPage","@id":"https:\/\/www.bizzotto.com\/fr\/produits\/decoration-textiles-eclairage\/decoration-de-la-maison\/diffuseurs-de-parfum\/diffuseur-de-fragr-citron-et-gingem-100m","url":"https:\/\/www.bizzotto.com\/fr\/produits\/decoration-textiles-eclairage\/decoration-de-la-maison\/diffuseurs-de-parfum\/diffuseur-de-fragr-citron-et-gingem-100m","name":"DIFFUSEUR DE FRAGR CITRON ET GINGEM 100M - Bizzotto","isPartOf":{"@id":"https:\/\/www.bizzotto.com\/fr#website"},"primaryImageOfPage":{"@id":"https:\/\/www.bizzotto.com\/fr\/produits\/decoration-textiles-eclairage\/decoration-de-la-maison\/diffuseurs-de-parfum\/diffuseur-de-fragr-citron-et-gingem-100m#primaryimage"},"image":{"@id":"https:\/\/www.bizzotto.com\/fr\/produits\/decoration-textiles-eclairage\/decoration-de-la-maison\/diffuseurs-de-parfum\/diffuseur-de-fragr-citron-et-gingem-100m#primaryimage"},"thumbnailUrl":"https:\/\/www.bizzotto.com\/wp-content\/uploads\/2026\/03\/0164250.jpg","datePublished":"2026-03-18T10:04:12+00:00","dateModified":"2026-03-18T10:04:16+00:00","breadcrumb":{"@id":"https:\/\/www.bizzotto.com\/fr\/produits\/decoration-textiles-eclairage\/decoration-de-la-maison\/diffuseurs-de-parfum\/diffuseur-de-fragr-citron-et-gingem-100m#breadcrumb"},"inLanguage":"fr-FR","potentialAction":[{"@type":"ReadAction","target":["https:\/\/www.bizzotto.com\/fr\/produits\/decoration-textiles-eclairage\/decoration-de-la-maison\/diffuseurs-de-parfum\/diffuseur-de-fragr-citron-et-gingem-100m"]}]},{"@type":"ImageObject","inLanguage":"fr-FR","@id":"https:\/\/www.bizzotto.com\/fr\/produits\/decoration-textiles-eclairage\/decoration-de-la-maison\/diffuseurs-de-parfum\/diffuseur-de-fragr-citron-et-gingem-100m#primaryimage","url":"https:\/\/www.bizzotto.com\/wp-content\/uploads\/2026\/03\/0164250.jpg","contentUrl":"https:\/\/www.bizzotto.com\/wp-content\/uploads\/2026\/03\/0164250.jpg","width":672,"height":1080},{"@type":"BreadcrumbList","@id":"https:\/\/www.bizzotto.com\/fr\/produits\/decoration-textiles-eclairage\/decoration-de-la-maison\/diffuseurs-de-parfum\/diffuseur-de-fragr-citron-et-gingem-100m#breadcrumb","itemListElement":[{"@type":"ListItem","position":1,"name":"Home","item":"https:\/\/www.bizzotto.com\/fr"},{"@type":"ListItem","position":2,"name":"Boutique","item":"https:\/\/www.bizzotto.com\/fr\/boutique"},{"@type":"ListItem","position":3,"name":"D\u00e9coration, textiles &amp; \u00e9clairage","item":"https:\/\/www.bizzotto.com\/fr\/categorie-de-produit\/decoration-textiles-eclairage"},{"@type":"ListItem","position":4,"name":"D\u00e9coration de la maison","item":"https:\/\/www.bizzotto.com\/fr\/categorie-de-produit\/decoration-textiles-eclairage\/decoration-de-la-maison"},{"@type":"ListItem","position":5,"name":"Diffuseurs de parfum","item":"https:\/\/www.bizzotto.com\/fr\/categorie-de-produit\/decoration-textiles-eclairage\/decoration-de-la-maison\/diffuseurs-de-parfum"},{"@type":"ListItem","position":6,"name":"DIFFUSEUR DE FRAGR CITRON ET GINGEM 100M"}]},{"@type":"WebSite","@id":"https:\/\/www.bizzotto.com\/fr#website","url":"https:\/\/www.bizzotto.com\/fr","name":"Bizzotto","description":"","potentialAction":[{"@type":"SearchAction","target":{"@type":"EntryPoint","urlTemplate":"https:\/\/www.bizzotto.com\/fr?s={search_term_string}"},"query-input":{"@type":"PropertyValueSpecification","valueRequired":true,"valueName":"search_term_string"}}],"inLanguage":"fr-FR"}]}},"_links":{"self":[{"href":"https:\/\/www.bizzotto.com\/fr\/wp-json\/wp\/v2\/product\/21636","targetHints":{"allow":["GET"]}}],"collection":[{"href":"https:\/\/www.bizzotto.com\/fr\/wp-json\/wp\/v2\/product"}],"about":[{"href":"https:\/\/www.bizzotto.com\/fr\/wp-json\/wp\/v2\/types\/product"}],"replies":[{"embeddable":true,"href":"https:\/\/www.bizzotto.com\/fr\/wp-json\/wp\/v2\/comments?post=21636"}],"wp:featuredmedia":[{"embeddable":true,"href":"https:\/\/www.bizzotto.com\/fr\/wp-json\/wp\/v2\/media\/21627"}],"wp:attachment":[{"href":"https:\/\/www.bizzotto.com\/fr\/wp-json\/wp\/v2\/media?parent=21636"}],"wp:term":[{"taxonomy":"codifica-stile","embeddable":true,"href":"https:\/\/www.bizzotto.com\/fr\/wp-json\/wp\/v2\/codifica-stile?post=21636"},{"taxonomy":"divisione","embeddable":true,"href":"https:\/\/www.bizzotto.com\/fr\/wp-json\/wp\/v2\/divisione?post=21636"},{"taxonomy":"novita","embeddable":true,"href":"https:\/\/www.bizzotto.com\/fr\/wp-json\/wp\/v2\/novita?post=21636"},{"taxonomy":"stile","embeddable":true,"href":"https:\/\/www.bizzotto.com\/fr\/wp-json\/wp\/v2\/stile?post=21636"},{"taxonomy":"product_brand","embeddable":true,"href":"https:\/\/www.bizzotto.com\/fr\/wp-json\/wp\/v2\/product_brand?post=21636"},{"taxonomy":"product_cat","embeddable":true,"href":"https:\/\/www.bizzotto.com\/fr\/wp-json\/wp\/v2\/product_cat?post=21636"},{"taxonomy":"product_tag","embeddable":true,"href":"https:\/\/www.bizzotto.com\/fr\/wp-json\/wp\/v2\/product_tag?post=21636"}],"curies":[{"name":"wp","href":"https:\/\/api.w.org\/{rel}","templated":true}]}}