{"id":78856,"date":"2026-03-19T11:41:10","date_gmt":"2026-03-19T10:41:10","guid":{"rendered":"https:\/\/www.bizzotto.com\/prodotti\/sin%20categor\u00eda\/sillon-c-coj-maynard"},"modified":"2026-03-30T09:46:20","modified_gmt":"2026-03-30T07:46:20","slug":"sillon-c-coj-maynard","status":"publish","type":"product","link":"https:\/\/www.bizzotto.com\/es\/productos\/muebles-de-jardin\/asientos-de-exterior\/sillones-de-jardin\/sillon-c-coj-maynard","title":{"rendered":"SILL\u00d3N C-COJ MAYNARD"},"content":{"rendered":"<p>MADERA DE TECA RECICLADA &#8211; SVLK (MADERA CERTIFICADA PROCEDENTE DE BOSQUES SOSTENIBLES). ACABADO R\u00daSTICO ARENADO Y LIGERAMENTE DECAPADO. COJINES DESENFUNDABLES CON TEJEDO REPELENTE AL AGUA DE POLIESTER. EL PRODUCTO DE MADERA RECICLADA SE CARACTERIZA POR LA PRESENCIA DE TACOS DE MADERA DE DIFERENTES FORMAS Y COLORES. LAS GRIETAS, FISURAS O IMPERFECCIONES, QUE TAMBI\u00c9N PUEDEN GENERARSE CON EL TIEMPO, SON CARACTER\u00cdSTICAS DE ESTE MATERIAL Y HACEN QUE CADA PIEZA SEA \u00daNICA Y ORIGINAL.<\/p>\n","protected":false},"excerpt":{"rendered":"<p>Sill\u00f3n de Jard\u00edn Maynard<\/p>\n","protected":false},"featured_media":78807,"comment_status":"open","ping_status":"closed","template":"","meta":{"_acf_changed":false},"codifica-stile":[485],"divisione":[2432],"novita":[494],"stile":[782],"product_brand":[62],"product_cat":[2083,2276,2279],"product_tag":[1907],"class_list":{"0":"post-78856","1":"product","2":"type-product","3":"status-publish","4":"has-post-thumbnail","6":"codifica-stile-es","7":"divisione-homemotion-arredo-esterno-es","8":"novita-new","9":"stile-organico","10":"product_brand-homemotion","11":"product_cat-muebles-de-jardin","12":"product_cat-asientos-de-exterior","13":"product_cat-sillones-de-jardin","14":"product_tag-ag-gl-vs","17":"first","18":"instock","19":"shipping-taxable","20":"purchasable","21":"product-type-simple"},"acf":[],"yoast_head":"<!-- This site is optimized with the Yoast SEO plugin v26.6 - https:\/\/yoast.com\/wordpress\/plugins\/seo\/ -->\n<title>SILL\u00d3N C-COJ MAYNARD - Bizzotto<\/title>\n<meta name=\"robots\" content=\"index, follow, max-snippet:-1, max-image-preview:large, max-video-preview:-1\" \/>\n<link rel=\"canonical\" href=\"https:\/\/www.bizzotto.com\/es\/productos\/muebles-de-jardin\/asientos-de-exterior\/sillones-de-jardin\/sillon-c-coj-maynard\" \/>\n<meta property=\"og:locale\" content=\"es_ES\" \/>\n<meta property=\"og:type\" content=\"article\" \/>\n<meta property=\"og:title\" content=\"SILL\u00d3N C-COJ MAYNARD - Bizzotto\" \/>\n<meta property=\"og:description\" content=\"Sill\u00f3n de Jard\u00edn Maynard\" \/>\n<meta property=\"og:url\" content=\"https:\/\/www.bizzotto.com\/es\/productos\/muebles-de-jardin\/asientos-de-exterior\/sillones-de-jardin\/sillon-c-coj-maynard\" \/>\n<meta property=\"og:site_name\" content=\"Bizzotto\" \/>\n<meta property=\"article:modified_time\" content=\"2026-03-30T07:46:20+00:00\" \/>\n<meta property=\"og:image\" content=\"https:\/\/www.bizzotto.com\/wp-content\/uploads\/2026\/03\/0804544-AM51.jpg\" \/>\n\t<meta property=\"og:image:width\" content=\"1527\" \/>\n\t<meta property=\"og:image:height\" content=\"1080\" \/>\n\t<meta property=\"og:image:type\" content=\"image\/jpeg\" \/>\n<meta name=\"twitter:card\" content=\"summary_large_image\" \/>\n<script type=\"application\/ld+json\" class=\"yoast-schema-graph\">{\"@context\":\"https:\/\/schema.org\",\"@graph\":[{\"@type\":\"WebPage\",\"@id\":\"https:\/\/www.bizzotto.com\/es\/productos\/muebles-de-jardin\/asientos-de-exterior\/sillones-de-jardin\/sillon-c-coj-maynard\",\"url\":\"https:\/\/www.bizzotto.com\/es\/productos\/muebles-de-jardin\/asientos-de-exterior\/sillones-de-jardin\/sillon-c-coj-maynard\",\"name\":\"SILL\u00d3N C-COJ MAYNARD - Bizzotto\",\"isPartOf\":{\"@id\":\"https:\/\/www.bizzotto.com\/es#website\"},\"primaryImageOfPage\":{\"@id\":\"https:\/\/www.bizzotto.com\/es\/productos\/muebles-de-jardin\/asientos-de-exterior\/sillones-de-jardin\/sillon-c-coj-maynard#primaryimage\"},\"image\":{\"@id\":\"https:\/\/www.bizzotto.com\/es\/productos\/muebles-de-jardin\/asientos-de-exterior\/sillones-de-jardin\/sillon-c-coj-maynard#primaryimage\"},\"thumbnailUrl\":\"https:\/\/www.bizzotto.com\/wp-content\/uploads\/2026\/03\/0804544-AM51.jpg\",\"datePublished\":\"2026-03-19T10:41:10+00:00\",\"dateModified\":\"2026-03-30T07:46:20+00:00\",\"breadcrumb\":{\"@id\":\"https:\/\/www.bizzotto.com\/es\/productos\/muebles-de-jardin\/asientos-de-exterior\/sillones-de-jardin\/sillon-c-coj-maynard#breadcrumb\"},\"inLanguage\":\"es\",\"potentialAction\":[{\"@type\":\"ReadAction\",\"target\":[\"https:\/\/www.bizzotto.com\/es\/productos\/muebles-de-jardin\/asientos-de-exterior\/sillones-de-jardin\/sillon-c-coj-maynard\"]}]},{\"@type\":\"ImageObject\",\"inLanguage\":\"es\",\"@id\":\"https:\/\/www.bizzotto.com\/es\/productos\/muebles-de-jardin\/asientos-de-exterior\/sillones-de-jardin\/sillon-c-coj-maynard#primaryimage\",\"url\":\"https:\/\/www.bizzotto.com\/wp-content\/uploads\/2026\/03\/0804544-AM51.jpg\",\"contentUrl\":\"https:\/\/www.bizzotto.com\/wp-content\/uploads\/2026\/03\/0804544-AM51.jpg\",\"width\":1527,\"height\":1080},{\"@type\":\"BreadcrumbList\",\"@id\":\"https:\/\/www.bizzotto.com\/es\/productos\/muebles-de-jardin\/asientos-de-exterior\/sillones-de-jardin\/sillon-c-coj-maynard#breadcrumb\",\"itemListElement\":[{\"@type\":\"ListItem\",\"position\":1,\"name\":\"Home\",\"item\":\"https:\/\/www.bizzotto.com\/es\"},{\"@type\":\"ListItem\",\"position\":2,\"name\":\"Productos\",\"item\":\"https:\/\/www.bizzotto.com\/es\/productos\"},{\"@type\":\"ListItem\",\"position\":3,\"name\":\"Muebles de jard\u00edn\",\"item\":\"https:\/\/www.bizzotto.com\/es\/categoria-de-producto\/muebles-de-jardin\"},{\"@type\":\"ListItem\",\"position\":4,\"name\":\"Asientos de exterior\",\"item\":\"https:\/\/www.bizzotto.com\/es\/categoria-de-producto\/muebles-de-jardin\/asientos-de-exterior\"},{\"@type\":\"ListItem\",\"position\":5,\"name\":\"Sillones de jard\u00edn\",\"item\":\"https:\/\/www.bizzotto.com\/es\/categoria-de-producto\/muebles-de-jardin\/asientos-de-exterior\/sillones-de-jardin\"},{\"@type\":\"ListItem\",\"position\":6,\"name\":\"SILL\u00d3N C-COJ MAYNARD\"}]},{\"@type\":\"WebSite\",\"@id\":\"https:\/\/www.bizzotto.com\/es#website\",\"url\":\"https:\/\/www.bizzotto.com\/es\",\"name\":\"Bizzotto\",\"description\":\"\",\"potentialAction\":[{\"@type\":\"SearchAction\",\"target\":{\"@type\":\"EntryPoint\",\"urlTemplate\":\"https:\/\/www.bizzotto.com\/es?s={search_term_string}\"},\"query-input\":{\"@type\":\"PropertyValueSpecification\",\"valueRequired\":true,\"valueName\":\"search_term_string\"}}],\"inLanguage\":\"es\"}]}<\/script>\n<!-- \/ Yoast SEO plugin. -->","yoast_head_json":{"title":"SILL\u00d3N C-COJ MAYNARD - Bizzotto","robots":{"index":"index","follow":"follow","max-snippet":"max-snippet:-1","max-image-preview":"max-image-preview:large","max-video-preview":"max-video-preview:-1"},"canonical":"https:\/\/www.bizzotto.com\/es\/productos\/muebles-de-jardin\/asientos-de-exterior\/sillones-de-jardin\/sillon-c-coj-maynard","og_locale":"es_ES","og_type":"article","og_title":"SILL\u00d3N C-COJ MAYNARD - Bizzotto","og_description":"Sill\u00f3n de Jard\u00edn Maynard","og_url":"https:\/\/www.bizzotto.com\/es\/productos\/muebles-de-jardin\/asientos-de-exterior\/sillones-de-jardin\/sillon-c-coj-maynard","og_site_name":"Bizzotto","article_modified_time":"2026-03-30T07:46:20+00:00","og_image":[{"width":1527,"height":1080,"url":"https:\/\/www.bizzotto.com\/wp-content\/uploads\/2026\/03\/0804544-AM51.jpg","type":"image\/jpeg"}],"twitter_card":"summary_large_image","schema":{"@context":"https:\/\/schema.org","@graph":[{"@type":"WebPage","@id":"https:\/\/www.bizzotto.com\/es\/productos\/muebles-de-jardin\/asientos-de-exterior\/sillones-de-jardin\/sillon-c-coj-maynard","url":"https:\/\/www.bizzotto.com\/es\/productos\/muebles-de-jardin\/asientos-de-exterior\/sillones-de-jardin\/sillon-c-coj-maynard","name":"SILL\u00d3N C-COJ MAYNARD - Bizzotto","isPartOf":{"@id":"https:\/\/www.bizzotto.com\/es#website"},"primaryImageOfPage":{"@id":"https:\/\/www.bizzotto.com\/es\/productos\/muebles-de-jardin\/asientos-de-exterior\/sillones-de-jardin\/sillon-c-coj-maynard#primaryimage"},"image":{"@id":"https:\/\/www.bizzotto.com\/es\/productos\/muebles-de-jardin\/asientos-de-exterior\/sillones-de-jardin\/sillon-c-coj-maynard#primaryimage"},"thumbnailUrl":"https:\/\/www.bizzotto.com\/wp-content\/uploads\/2026\/03\/0804544-AM51.jpg","datePublished":"2026-03-19T10:41:10+00:00","dateModified":"2026-03-30T07:46:20+00:00","breadcrumb":{"@id":"https:\/\/www.bizzotto.com\/es\/productos\/muebles-de-jardin\/asientos-de-exterior\/sillones-de-jardin\/sillon-c-coj-maynard#breadcrumb"},"inLanguage":"es","potentialAction":[{"@type":"ReadAction","target":["https:\/\/www.bizzotto.com\/es\/productos\/muebles-de-jardin\/asientos-de-exterior\/sillones-de-jardin\/sillon-c-coj-maynard"]}]},{"@type":"ImageObject","inLanguage":"es","@id":"https:\/\/www.bizzotto.com\/es\/productos\/muebles-de-jardin\/asientos-de-exterior\/sillones-de-jardin\/sillon-c-coj-maynard#primaryimage","url":"https:\/\/www.bizzotto.com\/wp-content\/uploads\/2026\/03\/0804544-AM51.jpg","contentUrl":"https:\/\/www.bizzotto.com\/wp-content\/uploads\/2026\/03\/0804544-AM51.jpg","width":1527,"height":1080},{"@type":"BreadcrumbList","@id":"https:\/\/www.bizzotto.com\/es\/productos\/muebles-de-jardin\/asientos-de-exterior\/sillones-de-jardin\/sillon-c-coj-maynard#breadcrumb","itemListElement":[{"@type":"ListItem","position":1,"name":"Home","item":"https:\/\/www.bizzotto.com\/es"},{"@type":"ListItem","position":2,"name":"Productos","item":"https:\/\/www.bizzotto.com\/es\/productos"},{"@type":"ListItem","position":3,"name":"Muebles de jard\u00edn","item":"https:\/\/www.bizzotto.com\/es\/categoria-de-producto\/muebles-de-jardin"},{"@type":"ListItem","position":4,"name":"Asientos de exterior","item":"https:\/\/www.bizzotto.com\/es\/categoria-de-producto\/muebles-de-jardin\/asientos-de-exterior"},{"@type":"ListItem","position":5,"name":"Sillones de jard\u00edn","item":"https:\/\/www.bizzotto.com\/es\/categoria-de-producto\/muebles-de-jardin\/asientos-de-exterior\/sillones-de-jardin"},{"@type":"ListItem","position":6,"name":"SILL\u00d3N C-COJ MAYNARD"}]},{"@type":"WebSite","@id":"https:\/\/www.bizzotto.com\/es#website","url":"https:\/\/www.bizzotto.com\/es","name":"Bizzotto","description":"","potentialAction":[{"@type":"SearchAction","target":{"@type":"EntryPoint","urlTemplate":"https:\/\/www.bizzotto.com\/es?s={search_term_string}"},"query-input":{"@type":"PropertyValueSpecification","valueRequired":true,"valueName":"search_term_string"}}],"inLanguage":"es"}]}},"_links":{"self":[{"href":"https:\/\/www.bizzotto.com\/es\/wp-json\/wp\/v2\/product\/78856","targetHints":{"allow":["GET"]}}],"collection":[{"href":"https:\/\/www.bizzotto.com\/es\/wp-json\/wp\/v2\/product"}],"about":[{"href":"https:\/\/www.bizzotto.com\/es\/wp-json\/wp\/v2\/types\/product"}],"replies":[{"embeddable":true,"href":"https:\/\/www.bizzotto.com\/es\/wp-json\/wp\/v2\/comments?post=78856"}],"wp:featuredmedia":[{"embeddable":true,"href":"https:\/\/www.bizzotto.com\/es\/wp-json\/wp\/v2\/media\/78807"}],"wp:attachment":[{"href":"https:\/\/www.bizzotto.com\/es\/wp-json\/wp\/v2\/media?parent=78856"}],"wp:term":[{"taxonomy":"codifica-stile","embeddable":true,"href":"https:\/\/www.bizzotto.com\/es\/wp-json\/wp\/v2\/codifica-stile?post=78856"},{"taxonomy":"divisione","embeddable":true,"href":"https:\/\/www.bizzotto.com\/es\/wp-json\/wp\/v2\/divisione?post=78856"},{"taxonomy":"novita","embeddable":true,"href":"https:\/\/www.bizzotto.com\/es\/wp-json\/wp\/v2\/novita?post=78856"},{"taxonomy":"stile","embeddable":true,"href":"https:\/\/www.bizzotto.com\/es\/wp-json\/wp\/v2\/stile?post=78856"},{"taxonomy":"product_brand","embeddable":true,"href":"https:\/\/www.bizzotto.com\/es\/wp-json\/wp\/v2\/product_brand?post=78856"},{"taxonomy":"product_cat","embeddable":true,"href":"https:\/\/www.bizzotto.com\/es\/wp-json\/wp\/v2\/product_cat?post=78856"},{"taxonomy":"product_tag","embeddable":true,"href":"https:\/\/www.bizzotto.com\/es\/wp-json\/wp\/v2\/product_tag?post=78856"}],"curies":[{"name":"wp","href":"https:\/\/api.w.org\/{rel}","templated":true}]}}