{"id":78766,"date":"2026-03-19T11:40:40","date_gmt":"2026-03-19T10:40:40","guid":{"rendered":"https:\/\/www.bizzotto.com\/prodotti\/sin%20categor\u00eda\/mesa-legend-240x100-silk"},"modified":"2026-03-30T09:46:30","modified_gmt":"2026-03-30T07:46:30","slug":"mesa-legend-240x100-silk","status":"publish","type":"product","link":"https:\/\/www.bizzotto.com\/es\/productos\/muebles-de-jardin\/mesas-y-sets-de-exterior\/mesas-de-jardin\/mesa-legend-240x100-silk","title":{"rendered":"MESA LEGEND 240X100 SILK"},"content":{"rendered":"<p>TABLERO DE TECA (SECCION ORIGINAL DEL TRONCO) &#8211; SVLK (MADERA CERTIFICADA PROCEDENTE DE BOSQUES SOSTENIBLES). ACABADO NATURAL. PATAS DE ALUMINIO BARNIZADO A POLVO (POLIESTER). TORNILLERIA DE ACERO INOXIDABLE. PIES REGULABLES. ESTE PRODUCTO SE CARACTERIZA POR LA PRESENCIA DE TACOS DE MADERA DE LA MISMA NATURALEZA. LAS GRIETAS, FISURAS O IMPERFECCIONES, QUE TAMBI\u00c9N PUEDEN GENERARSE CON EL TIEMPO, SON CARACTER\u00cdSTICAS DE ESTE MATERIAL Y HACEN QUE CADA PIEZA SEA \u00daNICA Y ORIGINAL. PATAS PARA MONTAR. ATENCI\u00d3N C\u00d3DIGO COMBINADO.<\/p>\n","protected":false},"excerpt":{"rendered":"<p>Mesa de Jard\u00edn Legend 240&#215;100 cm<\/p>\n","protected":false},"featured_media":78728,"comment_status":"open","ping_status":"closed","template":"","meta":{"_acf_changed":false},"codifica-stile":[483],"divisione":[2432],"novita":[],"stile":[765,781],"product_brand":[62],"product_cat":[705,2083,2283,707,2285,716],"product_tag":[1901],"class_list":{"0":"post-78766","1":"product","2":"type-product","3":"status-publish","4":"has-post-thumbnail","6":"codifica-stile-cn","7":"divisione-homemotion-arredo-esterno-es","8":"stile-contemporaneo","10":"product_brand-homemotion","11":"product_cat-arredo-giardino","12":"product_cat-muebles-de-jardin","13":"product_cat-mesas-y-sets-de-exterior","14":"product_cat-tavoli-set-outdoor","15":"product_cat-mesas-de-jardin","16":"product_cat-tavoli-da-giardino","17":"product_tag-ag-gl-ev","20":"first","21":"instock","22":"shipping-taxable","23":"purchasable","24":"product-type-simple"},"acf":[],"yoast_head":"<!-- This site is optimized with the Yoast SEO plugin v26.6 - https:\/\/yoast.com\/wordpress\/plugins\/seo\/ -->\n<title>MESA LEGEND 240X100 SILK - Bizzotto<\/title>\n<meta name=\"robots\" content=\"index, follow, max-snippet:-1, max-image-preview:large, max-video-preview:-1\" \/>\n<link rel=\"canonical\" href=\"https:\/\/www.bizzotto.com\/es\/productos\/muebles-de-jardin\/mesas-y-sets-de-exterior\/mesas-de-jardin\/mesa-legend-240x100-silk\" \/>\n<meta property=\"og:locale\" content=\"es_ES\" \/>\n<meta property=\"og:type\" content=\"article\" \/>\n<meta property=\"og:title\" content=\"MESA LEGEND 240X100 SILK - Bizzotto\" \/>\n<meta property=\"og:description\" content=\"Mesa de Jard\u00edn Legend 240x100 cm\" \/>\n<meta property=\"og:url\" content=\"https:\/\/www.bizzotto.com\/es\/productos\/muebles-de-jardin\/mesas-y-sets-de-exterior\/mesas-de-jardin\/mesa-legend-240x100-silk\" \/>\n<meta property=\"og:site_name\" content=\"Bizzotto\" \/>\n<meta property=\"article:modified_time\" content=\"2026-03-30T07:46:30+00:00\" \/>\n<meta property=\"og:image\" content=\"https:\/\/www.bizzotto.com\/wp-content\/uploads\/2026\/03\/0804536-AM61.jpg\" \/>\n\t<meta property=\"og:image:width\" content=\"1527\" \/>\n\t<meta property=\"og:image:height\" content=\"1080\" \/>\n\t<meta property=\"og:image:type\" content=\"image\/jpeg\" \/>\n<meta name=\"twitter:card\" content=\"summary_large_image\" \/>\n<script type=\"application\/ld+json\" class=\"yoast-schema-graph\">{\"@context\":\"https:\/\/schema.org\",\"@graph\":[{\"@type\":\"WebPage\",\"@id\":\"https:\/\/www.bizzotto.com\/es\/productos\/muebles-de-jardin\/mesas-y-sets-de-exterior\/mesas-de-jardin\/mesa-legend-240x100-silk\",\"url\":\"https:\/\/www.bizzotto.com\/es\/productos\/muebles-de-jardin\/mesas-y-sets-de-exterior\/mesas-de-jardin\/mesa-legend-240x100-silk\",\"name\":\"MESA LEGEND 240X100 SILK - Bizzotto\",\"isPartOf\":{\"@id\":\"https:\/\/www.bizzotto.com\/es#website\"},\"primaryImageOfPage\":{\"@id\":\"https:\/\/www.bizzotto.com\/es\/productos\/muebles-de-jardin\/mesas-y-sets-de-exterior\/mesas-de-jardin\/mesa-legend-240x100-silk#primaryimage\"},\"image\":{\"@id\":\"https:\/\/www.bizzotto.com\/es\/productos\/muebles-de-jardin\/mesas-y-sets-de-exterior\/mesas-de-jardin\/mesa-legend-240x100-silk#primaryimage\"},\"thumbnailUrl\":\"https:\/\/www.bizzotto.com\/wp-content\/uploads\/2026\/03\/0804536-AM61.jpg\",\"datePublished\":\"2026-03-19T10:40:40+00:00\",\"dateModified\":\"2026-03-30T07:46:30+00:00\",\"breadcrumb\":{\"@id\":\"https:\/\/www.bizzotto.com\/es\/productos\/muebles-de-jardin\/mesas-y-sets-de-exterior\/mesas-de-jardin\/mesa-legend-240x100-silk#breadcrumb\"},\"inLanguage\":\"es\",\"potentialAction\":[{\"@type\":\"ReadAction\",\"target\":[\"https:\/\/www.bizzotto.com\/es\/productos\/muebles-de-jardin\/mesas-y-sets-de-exterior\/mesas-de-jardin\/mesa-legend-240x100-silk\"]}]},{\"@type\":\"ImageObject\",\"inLanguage\":\"es\",\"@id\":\"https:\/\/www.bizzotto.com\/es\/productos\/muebles-de-jardin\/mesas-y-sets-de-exterior\/mesas-de-jardin\/mesa-legend-240x100-silk#primaryimage\",\"url\":\"https:\/\/www.bizzotto.com\/wp-content\/uploads\/2026\/03\/0804536-AM61.jpg\",\"contentUrl\":\"https:\/\/www.bizzotto.com\/wp-content\/uploads\/2026\/03\/0804536-AM61.jpg\",\"width\":1527,\"height\":1080},{\"@type\":\"BreadcrumbList\",\"@id\":\"https:\/\/www.bizzotto.com\/es\/productos\/muebles-de-jardin\/mesas-y-sets-de-exterior\/mesas-de-jardin\/mesa-legend-240x100-silk#breadcrumb\",\"itemListElement\":[{\"@type\":\"ListItem\",\"position\":1,\"name\":\"Home\",\"item\":\"https:\/\/www.bizzotto.com\/es\"},{\"@type\":\"ListItem\",\"position\":2,\"name\":\"Productos\",\"item\":\"https:\/\/www.bizzotto.com\/es\/productos\"},{\"@type\":\"ListItem\",\"position\":3,\"name\":\"Muebles de jard\u00edn\",\"item\":\"https:\/\/www.bizzotto.com\/es\/categoria-de-producto\/muebles-de-jardin\"},{\"@type\":\"ListItem\",\"position\":4,\"name\":\"Mesas y sets de exterior\",\"item\":\"https:\/\/www.bizzotto.com\/es\/categoria-de-producto\/muebles-de-jardin\/mesas-y-sets-de-exterior\"},{\"@type\":\"ListItem\",\"position\":5,\"name\":\"Mesas de jard\u00edn\",\"item\":\"https:\/\/www.bizzotto.com\/es\/categoria-de-producto\/muebles-de-jardin\/mesas-y-sets-de-exterior\/mesas-de-jardin\"},{\"@type\":\"ListItem\",\"position\":6,\"name\":\"MESA LEGEND 240X100 SILK\"}]},{\"@type\":\"WebSite\",\"@id\":\"https:\/\/www.bizzotto.com\/es#website\",\"url\":\"https:\/\/www.bizzotto.com\/es\",\"name\":\"Bizzotto\",\"description\":\"\",\"potentialAction\":[{\"@type\":\"SearchAction\",\"target\":{\"@type\":\"EntryPoint\",\"urlTemplate\":\"https:\/\/www.bizzotto.com\/es?s={search_term_string}\"},\"query-input\":{\"@type\":\"PropertyValueSpecification\",\"valueRequired\":true,\"valueName\":\"search_term_string\"}}],\"inLanguage\":\"es\"}]}<\/script>\n<!-- \/ Yoast SEO plugin. -->","yoast_head_json":{"title":"MESA LEGEND 240X100 SILK - Bizzotto","robots":{"index":"index","follow":"follow","max-snippet":"max-snippet:-1","max-image-preview":"max-image-preview:large","max-video-preview":"max-video-preview:-1"},"canonical":"https:\/\/www.bizzotto.com\/es\/productos\/muebles-de-jardin\/mesas-y-sets-de-exterior\/mesas-de-jardin\/mesa-legend-240x100-silk","og_locale":"es_ES","og_type":"article","og_title":"MESA LEGEND 240X100 SILK - Bizzotto","og_description":"Mesa de Jard\u00edn Legend 240x100 cm","og_url":"https:\/\/www.bizzotto.com\/es\/productos\/muebles-de-jardin\/mesas-y-sets-de-exterior\/mesas-de-jardin\/mesa-legend-240x100-silk","og_site_name":"Bizzotto","article_modified_time":"2026-03-30T07:46:30+00:00","og_image":[{"width":1527,"height":1080,"url":"https:\/\/www.bizzotto.com\/wp-content\/uploads\/2026\/03\/0804536-AM61.jpg","type":"image\/jpeg"}],"twitter_card":"summary_large_image","schema":{"@context":"https:\/\/schema.org","@graph":[{"@type":"WebPage","@id":"https:\/\/www.bizzotto.com\/es\/productos\/muebles-de-jardin\/mesas-y-sets-de-exterior\/mesas-de-jardin\/mesa-legend-240x100-silk","url":"https:\/\/www.bizzotto.com\/es\/productos\/muebles-de-jardin\/mesas-y-sets-de-exterior\/mesas-de-jardin\/mesa-legend-240x100-silk","name":"MESA LEGEND 240X100 SILK - Bizzotto","isPartOf":{"@id":"https:\/\/www.bizzotto.com\/es#website"},"primaryImageOfPage":{"@id":"https:\/\/www.bizzotto.com\/es\/productos\/muebles-de-jardin\/mesas-y-sets-de-exterior\/mesas-de-jardin\/mesa-legend-240x100-silk#primaryimage"},"image":{"@id":"https:\/\/www.bizzotto.com\/es\/productos\/muebles-de-jardin\/mesas-y-sets-de-exterior\/mesas-de-jardin\/mesa-legend-240x100-silk#primaryimage"},"thumbnailUrl":"https:\/\/www.bizzotto.com\/wp-content\/uploads\/2026\/03\/0804536-AM61.jpg","datePublished":"2026-03-19T10:40:40+00:00","dateModified":"2026-03-30T07:46:30+00:00","breadcrumb":{"@id":"https:\/\/www.bizzotto.com\/es\/productos\/muebles-de-jardin\/mesas-y-sets-de-exterior\/mesas-de-jardin\/mesa-legend-240x100-silk#breadcrumb"},"inLanguage":"es","potentialAction":[{"@type":"ReadAction","target":["https:\/\/www.bizzotto.com\/es\/productos\/muebles-de-jardin\/mesas-y-sets-de-exterior\/mesas-de-jardin\/mesa-legend-240x100-silk"]}]},{"@type":"ImageObject","inLanguage":"es","@id":"https:\/\/www.bizzotto.com\/es\/productos\/muebles-de-jardin\/mesas-y-sets-de-exterior\/mesas-de-jardin\/mesa-legend-240x100-silk#primaryimage","url":"https:\/\/www.bizzotto.com\/wp-content\/uploads\/2026\/03\/0804536-AM61.jpg","contentUrl":"https:\/\/www.bizzotto.com\/wp-content\/uploads\/2026\/03\/0804536-AM61.jpg","width":1527,"height":1080},{"@type":"BreadcrumbList","@id":"https:\/\/www.bizzotto.com\/es\/productos\/muebles-de-jardin\/mesas-y-sets-de-exterior\/mesas-de-jardin\/mesa-legend-240x100-silk#breadcrumb","itemListElement":[{"@type":"ListItem","position":1,"name":"Home","item":"https:\/\/www.bizzotto.com\/es"},{"@type":"ListItem","position":2,"name":"Productos","item":"https:\/\/www.bizzotto.com\/es\/productos"},{"@type":"ListItem","position":3,"name":"Muebles de jard\u00edn","item":"https:\/\/www.bizzotto.com\/es\/categoria-de-producto\/muebles-de-jardin"},{"@type":"ListItem","position":4,"name":"Mesas y sets de exterior","item":"https:\/\/www.bizzotto.com\/es\/categoria-de-producto\/muebles-de-jardin\/mesas-y-sets-de-exterior"},{"@type":"ListItem","position":5,"name":"Mesas de jard\u00edn","item":"https:\/\/www.bizzotto.com\/es\/categoria-de-producto\/muebles-de-jardin\/mesas-y-sets-de-exterior\/mesas-de-jardin"},{"@type":"ListItem","position":6,"name":"MESA LEGEND 240X100 SILK"}]},{"@type":"WebSite","@id":"https:\/\/www.bizzotto.com\/es#website","url":"https:\/\/www.bizzotto.com\/es","name":"Bizzotto","description":"","potentialAction":[{"@type":"SearchAction","target":{"@type":"EntryPoint","urlTemplate":"https:\/\/www.bizzotto.com\/es?s={search_term_string}"},"query-input":{"@type":"PropertyValueSpecification","valueRequired":true,"valueName":"search_term_string"}}],"inLanguage":"es"}]}},"_links":{"self":[{"href":"https:\/\/www.bizzotto.com\/es\/wp-json\/wp\/v2\/product\/78766","targetHints":{"allow":["GET"]}}],"collection":[{"href":"https:\/\/www.bizzotto.com\/es\/wp-json\/wp\/v2\/product"}],"about":[{"href":"https:\/\/www.bizzotto.com\/es\/wp-json\/wp\/v2\/types\/product"}],"replies":[{"embeddable":true,"href":"https:\/\/www.bizzotto.com\/es\/wp-json\/wp\/v2\/comments?post=78766"}],"wp:featuredmedia":[{"embeddable":true,"href":"https:\/\/www.bizzotto.com\/es\/wp-json\/wp\/v2\/media\/78728"}],"wp:attachment":[{"href":"https:\/\/www.bizzotto.com\/es\/wp-json\/wp\/v2\/media?parent=78766"}],"wp:term":[{"taxonomy":"codifica-stile","embeddable":true,"href":"https:\/\/www.bizzotto.com\/es\/wp-json\/wp\/v2\/codifica-stile?post=78766"},{"taxonomy":"divisione","embeddable":true,"href":"https:\/\/www.bizzotto.com\/es\/wp-json\/wp\/v2\/divisione?post=78766"},{"taxonomy":"novita","embeddable":true,"href":"https:\/\/www.bizzotto.com\/es\/wp-json\/wp\/v2\/novita?post=78766"},{"taxonomy":"stile","embeddable":true,"href":"https:\/\/www.bizzotto.com\/es\/wp-json\/wp\/v2\/stile?post=78766"},{"taxonomy":"product_brand","embeddable":true,"href":"https:\/\/www.bizzotto.com\/es\/wp-json\/wp\/v2\/product_brand?post=78766"},{"taxonomy":"product_cat","embeddable":true,"href":"https:\/\/www.bizzotto.com\/es\/wp-json\/wp\/v2\/product_cat?post=78766"},{"taxonomy":"product_tag","embeddable":true,"href":"https:\/\/www.bizzotto.com\/es\/wp-json\/wp\/v2\/product_tag?post=78766"}],"curies":[{"name":"wp","href":"https:\/\/api.w.org\/{rel}","templated":true}]}}