{"id":77836,"date":"2026-03-19T11:35:23","date_gmt":"2026-03-19T10:35:23","guid":{"rendered":"https:\/\/www.bizzotto.com\/prodotti\/sin%20categor\u00eda\/pergola-ocean-3-6x6-natural-seda"},"modified":"2026-03-30T09:46:35","modified_gmt":"2026-03-30T07:46:35","slug":"pergola-ocean-3-6x6-natural-seda","status":"publish","type":"product","link":"https:\/\/www.bizzotto.com\/es\/productos\/muebles-de-jardin\/sombrillas-y-estructuras-de-jardin\/pergolas\/pergola-ocean-3-6x6-natural-seda","title":{"rendered":"P\u00c9RGOLA OCEAN 3.6X6 NATURAL-SEDA"},"content":{"rendered":"<p>ESTRUCTURA DE ALUMINIO. PALOS MAESTROS 111X111MM, TRANSVERSALES 140X75MM. TECHO LAMINADO BARNIZADO CON POLVO (POLI\u00c9STER) AJUSTABLE A TRAV\u00c9S DE DOS MANIVELAS. CADA MANIVELA PERMITE EL MOVIMIENTO INDEPENDIENTE DEL \u00daNICO SECTOR. LAMAS PARASOL DE DOBLE CAPA DE 173X30MM. PALOS MAESTROS Y TRANSVERSALES CON APLICACI\u00d3N DE PEL\u00cdCULA DE PVC (L\u00c1MINA LAMINADA DE ALTA TECNOLOG\u00cdA) IMPRESA EN 3D EFECTO MADERA VETEADA. SISTEMA INTEGRADO DE FLUJO DE AGUA DENTRO DE LOS PALOS MAESTROS. TORNILLER\u00cdA DE ACERO INOXIDABLE. PARA MONTAR.<\/p>\n","protected":false},"excerpt":{"rendered":"<p>P\u00e9rgola de Jard\u00edn Ocean 3.6&#215;6 cm<\/p>\n","protected":false},"featured_media":77827,"comment_status":"open","ping_status":"closed","template":"","meta":{"_acf_changed":false},"codifica-stile":[483],"divisione":[513],"novita":[494],"stile":[781,765],"product_brand":[61],"product_cat":[705,2083,708,2273,2275,722],"product_tag":[1921],"class_list":{"0":"post-77836","1":"product","2":"type-product","3":"status-publish","4":"has-post-thumbnail","6":"codifica-stile-cn","7":"divisione-bizzotto-arredo-esterno-es","8":"novita-new","9":"stile-contemporaneo","11":"product_brand-bizzotto","12":"product_cat-arredo-giardino","13":"product_cat-muebles-de-jardin","14":"product_cat-ombreggianti-strutture-giardino","15":"product_cat-sombrillas-y-estructuras-de-jardin","16":"product_cat-pergolas","17":"product_cat-pergole","18":"product_tag-ag-gt-nm","21":"first","22":"instock","23":"shipping-taxable","24":"purchasable","25":"product-type-simple"},"acf":[],"yoast_head":"<!-- This site is optimized with the Yoast SEO plugin v26.6 - https:\/\/yoast.com\/wordpress\/plugins\/seo\/ -->\n<title>P\u00c9RGOLA OCEAN 3.6X6 NATURAL-SEDA - Bizzotto<\/title>\n<meta name=\"robots\" content=\"index, follow, max-snippet:-1, max-image-preview:large, max-video-preview:-1\" \/>\n<link rel=\"canonical\" href=\"https:\/\/www.bizzotto.com\/es\/productos\/muebles-de-jardin\/sombrillas-y-estructuras-de-jardin\/pergolas\/pergola-ocean-3-6x6-natural-seda\" \/>\n<meta property=\"og:locale\" content=\"es_ES\" \/>\n<meta property=\"og:type\" content=\"article\" \/>\n<meta property=\"og:title\" content=\"P\u00c9RGOLA OCEAN 3.6X6 NATURAL-SEDA - Bizzotto\" \/>\n<meta property=\"og:description\" content=\"P\u00e9rgola de Jard\u00edn Ocean 3.6x6 cm\" \/>\n<meta property=\"og:url\" content=\"https:\/\/www.bizzotto.com\/es\/productos\/muebles-de-jardin\/sombrillas-y-estructuras-de-jardin\/pergolas\/pergola-ocean-3-6x6-natural-seda\" \/>\n<meta property=\"og:site_name\" content=\"Bizzotto\" \/>\n<meta property=\"article:modified_time\" content=\"2026-03-30T07:46:35+00:00\" \/>\n<meta property=\"og:image\" content=\"https:\/\/www.bizzotto.com\/wp-content\/uploads\/2026\/03\/0796051.jpg\" \/>\n\t<meta property=\"og:image:width\" content=\"1920\" \/>\n\t<meta property=\"og:image:height\" content=\"1037\" \/>\n\t<meta property=\"og:image:type\" content=\"image\/jpeg\" \/>\n<meta name=\"twitter:card\" content=\"summary_large_image\" \/>\n<script type=\"application\/ld+json\" class=\"yoast-schema-graph\">{\"@context\":\"https:\/\/schema.org\",\"@graph\":[{\"@type\":\"WebPage\",\"@id\":\"https:\/\/www.bizzotto.com\/es\/productos\/muebles-de-jardin\/sombrillas-y-estructuras-de-jardin\/pergolas\/pergola-ocean-3-6x6-natural-seda\",\"url\":\"https:\/\/www.bizzotto.com\/es\/productos\/muebles-de-jardin\/sombrillas-y-estructuras-de-jardin\/pergolas\/pergola-ocean-3-6x6-natural-seda\",\"name\":\"P\u00c9RGOLA OCEAN 3.6X6 NATURAL-SEDA - Bizzotto\",\"isPartOf\":{\"@id\":\"https:\/\/www.bizzotto.com\/es#website\"},\"primaryImageOfPage\":{\"@id\":\"https:\/\/www.bizzotto.com\/es\/productos\/muebles-de-jardin\/sombrillas-y-estructuras-de-jardin\/pergolas\/pergola-ocean-3-6x6-natural-seda#primaryimage\"},\"image\":{\"@id\":\"https:\/\/www.bizzotto.com\/es\/productos\/muebles-de-jardin\/sombrillas-y-estructuras-de-jardin\/pergolas\/pergola-ocean-3-6x6-natural-seda#primaryimage\"},\"thumbnailUrl\":\"https:\/\/www.bizzotto.com\/wp-content\/uploads\/2026\/03\/0796051.jpg\",\"datePublished\":\"2026-03-19T10:35:23+00:00\",\"dateModified\":\"2026-03-30T07:46:35+00:00\",\"breadcrumb\":{\"@id\":\"https:\/\/www.bizzotto.com\/es\/productos\/muebles-de-jardin\/sombrillas-y-estructuras-de-jardin\/pergolas\/pergola-ocean-3-6x6-natural-seda#breadcrumb\"},\"inLanguage\":\"es\",\"potentialAction\":[{\"@type\":\"ReadAction\",\"target\":[\"https:\/\/www.bizzotto.com\/es\/productos\/muebles-de-jardin\/sombrillas-y-estructuras-de-jardin\/pergolas\/pergola-ocean-3-6x6-natural-seda\"]}]},{\"@type\":\"ImageObject\",\"inLanguage\":\"es\",\"@id\":\"https:\/\/www.bizzotto.com\/es\/productos\/muebles-de-jardin\/sombrillas-y-estructuras-de-jardin\/pergolas\/pergola-ocean-3-6x6-natural-seda#primaryimage\",\"url\":\"https:\/\/www.bizzotto.com\/wp-content\/uploads\/2026\/03\/0796051.jpg\",\"contentUrl\":\"https:\/\/www.bizzotto.com\/wp-content\/uploads\/2026\/03\/0796051.jpg\",\"width\":1920,\"height\":1037},{\"@type\":\"BreadcrumbList\",\"@id\":\"https:\/\/www.bizzotto.com\/es\/productos\/muebles-de-jardin\/sombrillas-y-estructuras-de-jardin\/pergolas\/pergola-ocean-3-6x6-natural-seda#breadcrumb\",\"itemListElement\":[{\"@type\":\"ListItem\",\"position\":1,\"name\":\"Home\",\"item\":\"https:\/\/www.bizzotto.com\/es\"},{\"@type\":\"ListItem\",\"position\":2,\"name\":\"Productos\",\"item\":\"https:\/\/www.bizzotto.com\/es\/productos\"},{\"@type\":\"ListItem\",\"position\":3,\"name\":\"Muebles de jard\u00edn\",\"item\":\"https:\/\/www.bizzotto.com\/es\/categoria-de-producto\/muebles-de-jardin\"},{\"@type\":\"ListItem\",\"position\":4,\"name\":\"Sombrillas y estructuras de jard\u00edn\",\"item\":\"https:\/\/www.bizzotto.com\/es\/categoria-de-producto\/muebles-de-jardin\/sombrillas-y-estructuras-de-jardin\"},{\"@type\":\"ListItem\",\"position\":5,\"name\":\"P\u00e9rgolas\",\"item\":\"https:\/\/www.bizzotto.com\/es\/categoria-de-producto\/muebles-de-jardin\/sombrillas-y-estructuras-de-jardin\/pergolas\"},{\"@type\":\"ListItem\",\"position\":6,\"name\":\"P\u00c9RGOLA OCEAN 3.6X6 NATURAL-SEDA\"}]},{\"@type\":\"WebSite\",\"@id\":\"https:\/\/www.bizzotto.com\/es#website\",\"url\":\"https:\/\/www.bizzotto.com\/es\",\"name\":\"Bizzotto\",\"description\":\"\",\"potentialAction\":[{\"@type\":\"SearchAction\",\"target\":{\"@type\":\"EntryPoint\",\"urlTemplate\":\"https:\/\/www.bizzotto.com\/es?s={search_term_string}\"},\"query-input\":{\"@type\":\"PropertyValueSpecification\",\"valueRequired\":true,\"valueName\":\"search_term_string\"}}],\"inLanguage\":\"es\"}]}<\/script>\n<!-- \/ Yoast SEO plugin. -->","yoast_head_json":{"title":"P\u00c9RGOLA OCEAN 3.6X6 NATURAL-SEDA - Bizzotto","robots":{"index":"index","follow":"follow","max-snippet":"max-snippet:-1","max-image-preview":"max-image-preview:large","max-video-preview":"max-video-preview:-1"},"canonical":"https:\/\/www.bizzotto.com\/es\/productos\/muebles-de-jardin\/sombrillas-y-estructuras-de-jardin\/pergolas\/pergola-ocean-3-6x6-natural-seda","og_locale":"es_ES","og_type":"article","og_title":"P\u00c9RGOLA OCEAN 3.6X6 NATURAL-SEDA - Bizzotto","og_description":"P\u00e9rgola de Jard\u00edn Ocean 3.6x6 cm","og_url":"https:\/\/www.bizzotto.com\/es\/productos\/muebles-de-jardin\/sombrillas-y-estructuras-de-jardin\/pergolas\/pergola-ocean-3-6x6-natural-seda","og_site_name":"Bizzotto","article_modified_time":"2026-03-30T07:46:35+00:00","og_image":[{"width":1920,"height":1037,"url":"https:\/\/www.bizzotto.com\/wp-content\/uploads\/2026\/03\/0796051.jpg","type":"image\/jpeg"}],"twitter_card":"summary_large_image","schema":{"@context":"https:\/\/schema.org","@graph":[{"@type":"WebPage","@id":"https:\/\/www.bizzotto.com\/es\/productos\/muebles-de-jardin\/sombrillas-y-estructuras-de-jardin\/pergolas\/pergola-ocean-3-6x6-natural-seda","url":"https:\/\/www.bizzotto.com\/es\/productos\/muebles-de-jardin\/sombrillas-y-estructuras-de-jardin\/pergolas\/pergola-ocean-3-6x6-natural-seda","name":"P\u00c9RGOLA OCEAN 3.6X6 NATURAL-SEDA - Bizzotto","isPartOf":{"@id":"https:\/\/www.bizzotto.com\/es#website"},"primaryImageOfPage":{"@id":"https:\/\/www.bizzotto.com\/es\/productos\/muebles-de-jardin\/sombrillas-y-estructuras-de-jardin\/pergolas\/pergola-ocean-3-6x6-natural-seda#primaryimage"},"image":{"@id":"https:\/\/www.bizzotto.com\/es\/productos\/muebles-de-jardin\/sombrillas-y-estructuras-de-jardin\/pergolas\/pergola-ocean-3-6x6-natural-seda#primaryimage"},"thumbnailUrl":"https:\/\/www.bizzotto.com\/wp-content\/uploads\/2026\/03\/0796051.jpg","datePublished":"2026-03-19T10:35:23+00:00","dateModified":"2026-03-30T07:46:35+00:00","breadcrumb":{"@id":"https:\/\/www.bizzotto.com\/es\/productos\/muebles-de-jardin\/sombrillas-y-estructuras-de-jardin\/pergolas\/pergola-ocean-3-6x6-natural-seda#breadcrumb"},"inLanguage":"es","potentialAction":[{"@type":"ReadAction","target":["https:\/\/www.bizzotto.com\/es\/productos\/muebles-de-jardin\/sombrillas-y-estructuras-de-jardin\/pergolas\/pergola-ocean-3-6x6-natural-seda"]}]},{"@type":"ImageObject","inLanguage":"es","@id":"https:\/\/www.bizzotto.com\/es\/productos\/muebles-de-jardin\/sombrillas-y-estructuras-de-jardin\/pergolas\/pergola-ocean-3-6x6-natural-seda#primaryimage","url":"https:\/\/www.bizzotto.com\/wp-content\/uploads\/2026\/03\/0796051.jpg","contentUrl":"https:\/\/www.bizzotto.com\/wp-content\/uploads\/2026\/03\/0796051.jpg","width":1920,"height":1037},{"@type":"BreadcrumbList","@id":"https:\/\/www.bizzotto.com\/es\/productos\/muebles-de-jardin\/sombrillas-y-estructuras-de-jardin\/pergolas\/pergola-ocean-3-6x6-natural-seda#breadcrumb","itemListElement":[{"@type":"ListItem","position":1,"name":"Home","item":"https:\/\/www.bizzotto.com\/es"},{"@type":"ListItem","position":2,"name":"Productos","item":"https:\/\/www.bizzotto.com\/es\/productos"},{"@type":"ListItem","position":3,"name":"Muebles de jard\u00edn","item":"https:\/\/www.bizzotto.com\/es\/categoria-de-producto\/muebles-de-jardin"},{"@type":"ListItem","position":4,"name":"Sombrillas y estructuras de jard\u00edn","item":"https:\/\/www.bizzotto.com\/es\/categoria-de-producto\/muebles-de-jardin\/sombrillas-y-estructuras-de-jardin"},{"@type":"ListItem","position":5,"name":"P\u00e9rgolas","item":"https:\/\/www.bizzotto.com\/es\/categoria-de-producto\/muebles-de-jardin\/sombrillas-y-estructuras-de-jardin\/pergolas"},{"@type":"ListItem","position":6,"name":"P\u00c9RGOLA OCEAN 3.6X6 NATURAL-SEDA"}]},{"@type":"WebSite","@id":"https:\/\/www.bizzotto.com\/es#website","url":"https:\/\/www.bizzotto.com\/es","name":"Bizzotto","description":"","potentialAction":[{"@type":"SearchAction","target":{"@type":"EntryPoint","urlTemplate":"https:\/\/www.bizzotto.com\/es?s={search_term_string}"},"query-input":{"@type":"PropertyValueSpecification","valueRequired":true,"valueName":"search_term_string"}}],"inLanguage":"es"}]}},"_links":{"self":[{"href":"https:\/\/www.bizzotto.com\/es\/wp-json\/wp\/v2\/product\/77836","targetHints":{"allow":["GET"]}}],"collection":[{"href":"https:\/\/www.bizzotto.com\/es\/wp-json\/wp\/v2\/product"}],"about":[{"href":"https:\/\/www.bizzotto.com\/es\/wp-json\/wp\/v2\/types\/product"}],"replies":[{"embeddable":true,"href":"https:\/\/www.bizzotto.com\/es\/wp-json\/wp\/v2\/comments?post=77836"}],"wp:featuredmedia":[{"embeddable":true,"href":"https:\/\/www.bizzotto.com\/es\/wp-json\/wp\/v2\/media\/77827"}],"wp:attachment":[{"href":"https:\/\/www.bizzotto.com\/es\/wp-json\/wp\/v2\/media?parent=77836"}],"wp:term":[{"taxonomy":"codifica-stile","embeddable":true,"href":"https:\/\/www.bizzotto.com\/es\/wp-json\/wp\/v2\/codifica-stile?post=77836"},{"taxonomy":"divisione","embeddable":true,"href":"https:\/\/www.bizzotto.com\/es\/wp-json\/wp\/v2\/divisione?post=77836"},{"taxonomy":"novita","embeddable":true,"href":"https:\/\/www.bizzotto.com\/es\/wp-json\/wp\/v2\/novita?post=77836"},{"taxonomy":"stile","embeddable":true,"href":"https:\/\/www.bizzotto.com\/es\/wp-json\/wp\/v2\/stile?post=77836"},{"taxonomy":"product_brand","embeddable":true,"href":"https:\/\/www.bizzotto.com\/es\/wp-json\/wp\/v2\/product_brand?post=77836"},{"taxonomy":"product_cat","embeddable":true,"href":"https:\/\/www.bizzotto.com\/es\/wp-json\/wp\/v2\/product_cat?post=77836"},{"taxonomy":"product_tag","embeddable":true,"href":"https:\/\/www.bizzotto.com\/es\/wp-json\/wp\/v2\/product_tag?post=77836"}],"curies":[{"name":"wp","href":"https:\/\/api.w.org\/{rel}","templated":true}]}}