{"id":77741,"date":"2026-03-19T11:34:45","date_gmt":"2026-03-19T10:34:45","guid":{"rendered":"https:\/\/www.bizzotto.com\/prodotti\/sin%20categor\u00eda\/sombrilla-excentr-saragozza-3x3-neutro"},"modified":"2026-03-30T09:46:49","modified_gmt":"2026-03-30T07:46:49","slug":"sombrilla-excentr-saragozza-3x3-neutro","status":"publish","type":"product","link":"https:\/\/www.bizzotto.com\/es\/productos\/arredo-giardino\/ombreggianti-strutture-giardino\/ombrelloni\/sombrilla-excentr-saragozza-3x3-neutro","title":{"rendered":"SOMBRILLA EXC\u00c9NTR. SARAGOZZA 3X3 NEUTRO"},"content":{"rendered":"<p>ESTRUCTURA DE ALUMINIO BARNIZADO CON POLVO (POLI\u00c9STER). MASTIL 50x78x1.6MM. 8 VARILLAS 23x12x1.0MM. TELA COLOR GRIS DE POLI\u00c9STER 250GR\/M2 CON REVESTIMIENTO DE PA (POLIAMIDIA) CON CHIMENEA CORTAVIENTO. BASE LATERAL DE ACERO. MASTIL GIRATORIO 360\u00b0 CON PEDAL. EQUIPADO CON MANIVELAS PARA INCLINACI\u00d3N VERTICAL (5 POSICIONES) E INCLINACI\u00d3N IZQUIERDA-DERECHA. BALDOSAS NO INCLUIDAS. PREDISPOSICI\u00d3N PARA L\u00c1MPARA LED COD.0795364 Y SPEAKER COD.0795365. SE RECOMIENDA UTILIZAR COMO M\u00cdNIMO 4 BALDOSAS (100 KG).<\/p>\n","protected":false},"excerpt":{"rendered":"<p>Sombrilla de Jard\u00edn Saragozza 3&#215;3<\/p>\n","protected":false},"featured_media":77692,"comment_status":"open","ping_status":"closed","template":"","meta":{"_acf_changed":false},"codifica-stile":[483],"divisione":[513],"novita":[494],"stile":[765],"product_brand":[61],"product_cat":[705,708,721],"product_tag":[1920],"class_list":{"0":"post-77741","1":"product","2":"type-product","3":"status-publish","4":"has-post-thumbnail","6":"codifica-stile-cn","7":"divisione-bizzotto-arredo-esterno-es","8":"novita-new","9":"stile-contemporaneo","10":"product_brand-bizzotto","11":"product_cat-arredo-giardino","12":"product_cat-ombreggianti-strutture-giardino","13":"product_cat-ombrelloni","14":"product_tag-ag-go-ch","17":"first","18":"instock","19":"shipping-taxable","20":"purchasable","21":"product-type-simple"},"acf":[],"yoast_head":"<!-- This site is optimized with the Yoast SEO plugin v26.6 - https:\/\/yoast.com\/wordpress\/plugins\/seo\/ -->\n<title>SOMBRILLA EXC\u00c9NTR. SARAGOZZA 3X3 NEUTRO - Bizzotto<\/title>\n<meta name=\"robots\" content=\"index, follow, max-snippet:-1, max-image-preview:large, max-video-preview:-1\" \/>\n<link rel=\"canonical\" href=\"https:\/\/www.bizzotto.com\/es\/productos\/arredo-giardino\/ombreggianti-strutture-giardino\/ombrelloni\/sombrilla-excentr-saragozza-3x3-neutro\" \/>\n<meta property=\"og:locale\" content=\"es_ES\" \/>\n<meta property=\"og:type\" content=\"article\" \/>\n<meta property=\"og:title\" content=\"SOMBRILLA EXC\u00c9NTR. SARAGOZZA 3X3 NEUTRO - Bizzotto\" \/>\n<meta property=\"og:description\" content=\"Sombrilla de Jard\u00edn Saragozza 3x3\" \/>\n<meta property=\"og:url\" content=\"https:\/\/www.bizzotto.com\/es\/productos\/arredo-giardino\/ombreggianti-strutture-giardino\/ombrelloni\/sombrilla-excentr-saragozza-3x3-neutro\" \/>\n<meta property=\"og:site_name\" content=\"Bizzotto\" \/>\n<meta property=\"article:modified_time\" content=\"2026-03-30T07:46:49+00:00\" \/>\n<meta property=\"og:image\" content=\"https:\/\/www.bizzotto.com\/wp-content\/uploads\/2026\/03\/0795895.jpg\" \/>\n\t<meta property=\"og:image:width\" content=\"1854\" \/>\n\t<meta property=\"og:image:height\" content=\"1080\" \/>\n\t<meta property=\"og:image:type\" content=\"image\/jpeg\" \/>\n<meta name=\"twitter:card\" content=\"summary_large_image\" \/>\n<script type=\"application\/ld+json\" class=\"yoast-schema-graph\">{\"@context\":\"https:\/\/schema.org\",\"@graph\":[{\"@type\":\"WebPage\",\"@id\":\"https:\/\/www.bizzotto.com\/es\/productos\/arredo-giardino\/ombreggianti-strutture-giardino\/ombrelloni\/sombrilla-excentr-saragozza-3x3-neutro\",\"url\":\"https:\/\/www.bizzotto.com\/es\/productos\/arredo-giardino\/ombreggianti-strutture-giardino\/ombrelloni\/sombrilla-excentr-saragozza-3x3-neutro\",\"name\":\"SOMBRILLA EXC\u00c9NTR. SARAGOZZA 3X3 NEUTRO - Bizzotto\",\"isPartOf\":{\"@id\":\"https:\/\/www.bizzotto.com\/es#website\"},\"primaryImageOfPage\":{\"@id\":\"https:\/\/www.bizzotto.com\/es\/productos\/arredo-giardino\/ombreggianti-strutture-giardino\/ombrelloni\/sombrilla-excentr-saragozza-3x3-neutro#primaryimage\"},\"image\":{\"@id\":\"https:\/\/www.bizzotto.com\/es\/productos\/arredo-giardino\/ombreggianti-strutture-giardino\/ombrelloni\/sombrilla-excentr-saragozza-3x3-neutro#primaryimage\"},\"thumbnailUrl\":\"https:\/\/www.bizzotto.com\/wp-content\/uploads\/2026\/03\/0795895.jpg\",\"datePublished\":\"2026-03-19T10:34:45+00:00\",\"dateModified\":\"2026-03-30T07:46:49+00:00\",\"breadcrumb\":{\"@id\":\"https:\/\/www.bizzotto.com\/es\/productos\/arredo-giardino\/ombreggianti-strutture-giardino\/ombrelloni\/sombrilla-excentr-saragozza-3x3-neutro#breadcrumb\"},\"inLanguage\":\"es\",\"potentialAction\":[{\"@type\":\"ReadAction\",\"target\":[\"https:\/\/www.bizzotto.com\/es\/productos\/arredo-giardino\/ombreggianti-strutture-giardino\/ombrelloni\/sombrilla-excentr-saragozza-3x3-neutro\"]}]},{\"@type\":\"ImageObject\",\"inLanguage\":\"es\",\"@id\":\"https:\/\/www.bizzotto.com\/es\/productos\/arredo-giardino\/ombreggianti-strutture-giardino\/ombrelloni\/sombrilla-excentr-saragozza-3x3-neutro#primaryimage\",\"url\":\"https:\/\/www.bizzotto.com\/wp-content\/uploads\/2026\/03\/0795895.jpg\",\"contentUrl\":\"https:\/\/www.bizzotto.com\/wp-content\/uploads\/2026\/03\/0795895.jpg\",\"width\":1854,\"height\":1080},{\"@type\":\"BreadcrumbList\",\"@id\":\"https:\/\/www.bizzotto.com\/es\/productos\/arredo-giardino\/ombreggianti-strutture-giardino\/ombrelloni\/sombrilla-excentr-saragozza-3x3-neutro#breadcrumb\",\"itemListElement\":[{\"@type\":\"ListItem\",\"position\":1,\"name\":\"Home\",\"item\":\"https:\/\/www.bizzotto.com\/es\"},{\"@type\":\"ListItem\",\"position\":2,\"name\":\"Productos\",\"item\":\"https:\/\/www.bizzotto.com\/es\/productos\"},{\"@type\":\"ListItem\",\"position\":3,\"name\":\"Muebles de jard\u00edn\",\"item\":\"https:\/\/www.bizzotto.com\/es\/categoria-de-producto\/muebles-de-jardin\"},{\"@type\":\"ListItem\",\"position\":4,\"name\":\"Sombrillas y estructuras de jard\u00edn\",\"item\":\"https:\/\/www.bizzotto.com\/es\/categoria-de-producto\/muebles-de-jardin\/sombrillas-y-estructuras-de-jardin\"},{\"@type\":\"ListItem\",\"position\":5,\"name\":\"Sombrillas\",\"item\":\"https:\/\/www.bizzotto.com\/es\/categoria-de-producto\/muebles-de-jardin\/sombrillas-y-estructuras-de-jardin\/sombrillas\"},{\"@type\":\"ListItem\",\"position\":6,\"name\":\"SOMBRILLA EXC\u00c9NTR. SARAGOZZA 3X3 NEUTRO\"}]},{\"@type\":\"WebSite\",\"@id\":\"https:\/\/www.bizzotto.com\/es#website\",\"url\":\"https:\/\/www.bizzotto.com\/es\",\"name\":\"Bizzotto\",\"description\":\"\",\"potentialAction\":[{\"@type\":\"SearchAction\",\"target\":{\"@type\":\"EntryPoint\",\"urlTemplate\":\"https:\/\/www.bizzotto.com\/es?s={search_term_string}\"},\"query-input\":{\"@type\":\"PropertyValueSpecification\",\"valueRequired\":true,\"valueName\":\"search_term_string\"}}],\"inLanguage\":\"es\"}]}<\/script>\n<!-- \/ Yoast SEO plugin. -->","yoast_head_json":{"title":"SOMBRILLA EXC\u00c9NTR. SARAGOZZA 3X3 NEUTRO - Bizzotto","robots":{"index":"index","follow":"follow","max-snippet":"max-snippet:-1","max-image-preview":"max-image-preview:large","max-video-preview":"max-video-preview:-1"},"canonical":"https:\/\/www.bizzotto.com\/es\/productos\/arredo-giardino\/ombreggianti-strutture-giardino\/ombrelloni\/sombrilla-excentr-saragozza-3x3-neutro","og_locale":"es_ES","og_type":"article","og_title":"SOMBRILLA EXC\u00c9NTR. SARAGOZZA 3X3 NEUTRO - Bizzotto","og_description":"Sombrilla de Jard\u00edn Saragozza 3x3","og_url":"https:\/\/www.bizzotto.com\/es\/productos\/arredo-giardino\/ombreggianti-strutture-giardino\/ombrelloni\/sombrilla-excentr-saragozza-3x3-neutro","og_site_name":"Bizzotto","article_modified_time":"2026-03-30T07:46:49+00:00","og_image":[{"width":1854,"height":1080,"url":"https:\/\/www.bizzotto.com\/wp-content\/uploads\/2026\/03\/0795895.jpg","type":"image\/jpeg"}],"twitter_card":"summary_large_image","schema":{"@context":"https:\/\/schema.org","@graph":[{"@type":"WebPage","@id":"https:\/\/www.bizzotto.com\/es\/productos\/arredo-giardino\/ombreggianti-strutture-giardino\/ombrelloni\/sombrilla-excentr-saragozza-3x3-neutro","url":"https:\/\/www.bizzotto.com\/es\/productos\/arredo-giardino\/ombreggianti-strutture-giardino\/ombrelloni\/sombrilla-excentr-saragozza-3x3-neutro","name":"SOMBRILLA EXC\u00c9NTR. SARAGOZZA 3X3 NEUTRO - Bizzotto","isPartOf":{"@id":"https:\/\/www.bizzotto.com\/es#website"},"primaryImageOfPage":{"@id":"https:\/\/www.bizzotto.com\/es\/productos\/arredo-giardino\/ombreggianti-strutture-giardino\/ombrelloni\/sombrilla-excentr-saragozza-3x3-neutro#primaryimage"},"image":{"@id":"https:\/\/www.bizzotto.com\/es\/productos\/arredo-giardino\/ombreggianti-strutture-giardino\/ombrelloni\/sombrilla-excentr-saragozza-3x3-neutro#primaryimage"},"thumbnailUrl":"https:\/\/www.bizzotto.com\/wp-content\/uploads\/2026\/03\/0795895.jpg","datePublished":"2026-03-19T10:34:45+00:00","dateModified":"2026-03-30T07:46:49+00:00","breadcrumb":{"@id":"https:\/\/www.bizzotto.com\/es\/productos\/arredo-giardino\/ombreggianti-strutture-giardino\/ombrelloni\/sombrilla-excentr-saragozza-3x3-neutro#breadcrumb"},"inLanguage":"es","potentialAction":[{"@type":"ReadAction","target":["https:\/\/www.bizzotto.com\/es\/productos\/arredo-giardino\/ombreggianti-strutture-giardino\/ombrelloni\/sombrilla-excentr-saragozza-3x3-neutro"]}]},{"@type":"ImageObject","inLanguage":"es","@id":"https:\/\/www.bizzotto.com\/es\/productos\/arredo-giardino\/ombreggianti-strutture-giardino\/ombrelloni\/sombrilla-excentr-saragozza-3x3-neutro#primaryimage","url":"https:\/\/www.bizzotto.com\/wp-content\/uploads\/2026\/03\/0795895.jpg","contentUrl":"https:\/\/www.bizzotto.com\/wp-content\/uploads\/2026\/03\/0795895.jpg","width":1854,"height":1080},{"@type":"BreadcrumbList","@id":"https:\/\/www.bizzotto.com\/es\/productos\/arredo-giardino\/ombreggianti-strutture-giardino\/ombrelloni\/sombrilla-excentr-saragozza-3x3-neutro#breadcrumb","itemListElement":[{"@type":"ListItem","position":1,"name":"Home","item":"https:\/\/www.bizzotto.com\/es"},{"@type":"ListItem","position":2,"name":"Productos","item":"https:\/\/www.bizzotto.com\/es\/productos"},{"@type":"ListItem","position":3,"name":"Muebles de jard\u00edn","item":"https:\/\/www.bizzotto.com\/es\/categoria-de-producto\/muebles-de-jardin"},{"@type":"ListItem","position":4,"name":"Sombrillas y estructuras de jard\u00edn","item":"https:\/\/www.bizzotto.com\/es\/categoria-de-producto\/muebles-de-jardin\/sombrillas-y-estructuras-de-jardin"},{"@type":"ListItem","position":5,"name":"Sombrillas","item":"https:\/\/www.bizzotto.com\/es\/categoria-de-producto\/muebles-de-jardin\/sombrillas-y-estructuras-de-jardin\/sombrillas"},{"@type":"ListItem","position":6,"name":"SOMBRILLA EXC\u00c9NTR. SARAGOZZA 3X3 NEUTRO"}]},{"@type":"WebSite","@id":"https:\/\/www.bizzotto.com\/es#website","url":"https:\/\/www.bizzotto.com\/es","name":"Bizzotto","description":"","potentialAction":[{"@type":"SearchAction","target":{"@type":"EntryPoint","urlTemplate":"https:\/\/www.bizzotto.com\/es?s={search_term_string}"},"query-input":{"@type":"PropertyValueSpecification","valueRequired":true,"valueName":"search_term_string"}}],"inLanguage":"es"}]}},"_links":{"self":[{"href":"https:\/\/www.bizzotto.com\/es\/wp-json\/wp\/v2\/product\/77741","targetHints":{"allow":["GET"]}}],"collection":[{"href":"https:\/\/www.bizzotto.com\/es\/wp-json\/wp\/v2\/product"}],"about":[{"href":"https:\/\/www.bizzotto.com\/es\/wp-json\/wp\/v2\/types\/product"}],"replies":[{"embeddable":true,"href":"https:\/\/www.bizzotto.com\/es\/wp-json\/wp\/v2\/comments?post=77741"}],"wp:featuredmedia":[{"embeddable":true,"href":"https:\/\/www.bizzotto.com\/es\/wp-json\/wp\/v2\/media\/77692"}],"wp:attachment":[{"href":"https:\/\/www.bizzotto.com\/es\/wp-json\/wp\/v2\/media?parent=77741"}],"wp:term":[{"taxonomy":"codifica-stile","embeddable":true,"href":"https:\/\/www.bizzotto.com\/es\/wp-json\/wp\/v2\/codifica-stile?post=77741"},{"taxonomy":"divisione","embeddable":true,"href":"https:\/\/www.bizzotto.com\/es\/wp-json\/wp\/v2\/divisione?post=77741"},{"taxonomy":"novita","embeddable":true,"href":"https:\/\/www.bizzotto.com\/es\/wp-json\/wp\/v2\/novita?post=77741"},{"taxonomy":"stile","embeddable":true,"href":"https:\/\/www.bizzotto.com\/es\/wp-json\/wp\/v2\/stile?post=77741"},{"taxonomy":"product_brand","embeddable":true,"href":"https:\/\/www.bizzotto.com\/es\/wp-json\/wp\/v2\/product_brand?post=77741"},{"taxonomy":"product_cat","embeddable":true,"href":"https:\/\/www.bizzotto.com\/es\/wp-json\/wp\/v2\/product_cat?post=77741"},{"taxonomy":"product_tag","embeddable":true,"href":"https:\/\/www.bizzotto.com\/es\/wp-json\/wp\/v2\/product_tag?post=77741"}],"curies":[{"name":"wp","href":"https:\/\/api.w.org\/{rel}","templated":true}]}}