{"id":77531,"date":"2026-03-19T11:33:41","date_gmt":"2026-03-19T10:33:41","guid":{"rendered":"https:\/\/www.bizzotto.com\/prodotti\/sin%20categor\u00eda\/sombrilla-excentrica-vega-3x4-blanco"},"modified":"2026-03-30T09:41:49","modified_gmt":"2026-03-30T07:41:49","slug":"sombrilla-excentrica-vega-3x4-blanco","status":"publish","type":"product","link":"https:\/\/www.bizzotto.com\/es\/productos\/muebles-de-jardin\/sombrillas-y-estructuras-de-jardin\/sombrillas\/sombrilla-excentrica-vega-3x4-blanco","title":{"rendered":"SOMBRILLA EXC\u00c9NTRICA VEGA 3X4 BLANCO"},"content":{"rendered":"<p>ESTRUCTURA DE ALUMINIO BARNIZADO A POLVO (POLI\u00c9STER). PALO 55X82MM. 8 VARILLAS 14.5X24MM. LONA BLANCO DE POLI\u00c9STER 250GR\/M2 CON REVESTIMIENTO EN PA (POLIAMIDA) CON CHIMENEA CORTAVIENTO. BASE CRUZADA DE ACERO. PALO GIRATORIO 360\u00b0 CON PEDAL. INCLINACI\u00d3N VERTICAL CON EMPU\u00d1ADURA EN 5 POSICIONES. CONTIENE LA FUNDA. BALDOSAS NO INCLUIDAS.<\/p>\n","protected":false},"excerpt":{"rendered":"<p>Sombrilla de Jard\u00edn Vega 3&#215;4 blanco<\/p>\n","protected":false},"featured_media":77487,"comment_status":"open","ping_status":"closed","template":"","meta":{"_acf_changed":false},"codifica-stile":[483],"divisione":[513],"novita":[],"stile":[765,781],"product_brand":[61],"product_cat":[705,2083,708,2273,721,2274],"product_tag":[1920],"class_list":{"0":"post-77531","1":"product","2":"type-product","3":"status-publish","4":"has-post-thumbnail","6":"codifica-stile-cn","7":"divisione-bizzotto-arredo-esterno-es","8":"stile-contemporaneo","10":"product_brand-bizzotto","11":"product_cat-arredo-giardino","12":"product_cat-muebles-de-jardin","13":"product_cat-ombreggianti-strutture-giardino","14":"product_cat-sombrillas-y-estructuras-de-jardin","15":"product_cat-ombrelloni","16":"product_cat-sombrillas","17":"product_tag-ag-go-ch","20":"first","21":"instock","22":"shipping-taxable","23":"purchasable","24":"product-type-simple"},"acf":[],"yoast_head":"<!-- This site is optimized with the Yoast SEO plugin v26.6 - https:\/\/yoast.com\/wordpress\/plugins\/seo\/ -->\n<title>SOMBRILLA EXC\u00c9NTRICA VEGA 3X4 BLANCO - Bizzotto<\/title>\n<meta name=\"robots\" content=\"index, follow, max-snippet:-1, max-image-preview:large, max-video-preview:-1\" \/>\n<link rel=\"canonical\" href=\"https:\/\/www.bizzotto.com\/es\/productos\/muebles-de-jardin\/sombrillas-y-estructuras-de-jardin\/sombrillas\/sombrilla-excentrica-vega-3x4-blanco\" \/>\n<meta property=\"og:locale\" content=\"es_ES\" \/>\n<meta property=\"og:type\" content=\"article\" \/>\n<meta property=\"og:title\" content=\"SOMBRILLA EXC\u00c9NTRICA VEGA 3X4 BLANCO - Bizzotto\" \/>\n<meta property=\"og:description\" content=\"Sombrilla de Jard\u00edn Vega 3x4 blanco\" \/>\n<meta property=\"og:url\" content=\"https:\/\/www.bizzotto.com\/es\/productos\/muebles-de-jardin\/sombrillas-y-estructuras-de-jardin\/sombrillas\/sombrilla-excentrica-vega-3x4-blanco\" \/>\n<meta property=\"og:site_name\" content=\"Bizzotto\" \/>\n<meta property=\"article:modified_time\" content=\"2026-03-30T07:41:49+00:00\" \/>\n<meta property=\"og:image\" content=\"https:\/\/www.bizzotto.com\/wp-content\/uploads\/2026\/03\/0795866-TF1.jpg\" \/>\n\t<meta property=\"og:image:width\" content=\"1908\" \/>\n\t<meta property=\"og:image:height\" content=\"1080\" \/>\n\t<meta property=\"og:image:type\" content=\"image\/jpeg\" \/>\n<meta name=\"twitter:card\" content=\"summary_large_image\" \/>\n<script type=\"application\/ld+json\" class=\"yoast-schema-graph\">{\"@context\":\"https:\/\/schema.org\",\"@graph\":[{\"@type\":\"WebPage\",\"@id\":\"https:\/\/www.bizzotto.com\/es\/productos\/muebles-de-jardin\/sombrillas-y-estructuras-de-jardin\/sombrillas\/sombrilla-excentrica-vega-3x4-blanco\",\"url\":\"https:\/\/www.bizzotto.com\/es\/productos\/muebles-de-jardin\/sombrillas-y-estructuras-de-jardin\/sombrillas\/sombrilla-excentrica-vega-3x4-blanco\",\"name\":\"SOMBRILLA EXC\u00c9NTRICA VEGA 3X4 BLANCO - Bizzotto\",\"isPartOf\":{\"@id\":\"https:\/\/www.bizzotto.com\/es#website\"},\"primaryImageOfPage\":{\"@id\":\"https:\/\/www.bizzotto.com\/es\/productos\/muebles-de-jardin\/sombrillas-y-estructuras-de-jardin\/sombrillas\/sombrilla-excentrica-vega-3x4-blanco#primaryimage\"},\"image\":{\"@id\":\"https:\/\/www.bizzotto.com\/es\/productos\/muebles-de-jardin\/sombrillas-y-estructuras-de-jardin\/sombrillas\/sombrilla-excentrica-vega-3x4-blanco#primaryimage\"},\"thumbnailUrl\":\"https:\/\/www.bizzotto.com\/wp-content\/uploads\/2026\/03\/0795866-TF1.jpg\",\"datePublished\":\"2026-03-19T10:33:41+00:00\",\"dateModified\":\"2026-03-30T07:41:49+00:00\",\"breadcrumb\":{\"@id\":\"https:\/\/www.bizzotto.com\/es\/productos\/muebles-de-jardin\/sombrillas-y-estructuras-de-jardin\/sombrillas\/sombrilla-excentrica-vega-3x4-blanco#breadcrumb\"},\"inLanguage\":\"es\",\"potentialAction\":[{\"@type\":\"ReadAction\",\"target\":[\"https:\/\/www.bizzotto.com\/es\/productos\/muebles-de-jardin\/sombrillas-y-estructuras-de-jardin\/sombrillas\/sombrilla-excentrica-vega-3x4-blanco\"]}]},{\"@type\":\"ImageObject\",\"inLanguage\":\"es\",\"@id\":\"https:\/\/www.bizzotto.com\/es\/productos\/muebles-de-jardin\/sombrillas-y-estructuras-de-jardin\/sombrillas\/sombrilla-excentrica-vega-3x4-blanco#primaryimage\",\"url\":\"https:\/\/www.bizzotto.com\/wp-content\/uploads\/2026\/03\/0795866-TF1.jpg\",\"contentUrl\":\"https:\/\/www.bizzotto.com\/wp-content\/uploads\/2026\/03\/0795866-TF1.jpg\",\"width\":1908,\"height\":1080,\"caption\":\"Ombrellone vega 3x4 bianco\"},{\"@type\":\"BreadcrumbList\",\"@id\":\"https:\/\/www.bizzotto.com\/es\/productos\/muebles-de-jardin\/sombrillas-y-estructuras-de-jardin\/sombrillas\/sombrilla-excentrica-vega-3x4-blanco#breadcrumb\",\"itemListElement\":[{\"@type\":\"ListItem\",\"position\":1,\"name\":\"Home\",\"item\":\"https:\/\/www.bizzotto.com\/es\"},{\"@type\":\"ListItem\",\"position\":2,\"name\":\"Productos\",\"item\":\"https:\/\/www.bizzotto.com\/es\/productos\"},{\"@type\":\"ListItem\",\"position\":3,\"name\":\"Muebles de jard\u00edn\",\"item\":\"https:\/\/www.bizzotto.com\/es\/categoria-de-producto\/muebles-de-jardin\"},{\"@type\":\"ListItem\",\"position\":4,\"name\":\"Sombrillas y estructuras de jard\u00edn\",\"item\":\"https:\/\/www.bizzotto.com\/es\/categoria-de-producto\/muebles-de-jardin\/sombrillas-y-estructuras-de-jardin\"},{\"@type\":\"ListItem\",\"position\":5,\"name\":\"Sombrillas\",\"item\":\"https:\/\/www.bizzotto.com\/es\/categoria-de-producto\/muebles-de-jardin\/sombrillas-y-estructuras-de-jardin\/sombrillas\"},{\"@type\":\"ListItem\",\"position\":6,\"name\":\"SOMBRILLA EXC\u00c9NTRICA VEGA 3X4 BLANCO\"}]},{\"@type\":\"WebSite\",\"@id\":\"https:\/\/www.bizzotto.com\/es#website\",\"url\":\"https:\/\/www.bizzotto.com\/es\",\"name\":\"Bizzotto\",\"description\":\"\",\"potentialAction\":[{\"@type\":\"SearchAction\",\"target\":{\"@type\":\"EntryPoint\",\"urlTemplate\":\"https:\/\/www.bizzotto.com\/es?s={search_term_string}\"},\"query-input\":{\"@type\":\"PropertyValueSpecification\",\"valueRequired\":true,\"valueName\":\"search_term_string\"}}],\"inLanguage\":\"es\"}]}<\/script>\n<!-- \/ Yoast SEO plugin. -->","yoast_head_json":{"title":"SOMBRILLA EXC\u00c9NTRICA VEGA 3X4 BLANCO - Bizzotto","robots":{"index":"index","follow":"follow","max-snippet":"max-snippet:-1","max-image-preview":"max-image-preview:large","max-video-preview":"max-video-preview:-1"},"canonical":"https:\/\/www.bizzotto.com\/es\/productos\/muebles-de-jardin\/sombrillas-y-estructuras-de-jardin\/sombrillas\/sombrilla-excentrica-vega-3x4-blanco","og_locale":"es_ES","og_type":"article","og_title":"SOMBRILLA EXC\u00c9NTRICA VEGA 3X4 BLANCO - Bizzotto","og_description":"Sombrilla de Jard\u00edn Vega 3x4 blanco","og_url":"https:\/\/www.bizzotto.com\/es\/productos\/muebles-de-jardin\/sombrillas-y-estructuras-de-jardin\/sombrillas\/sombrilla-excentrica-vega-3x4-blanco","og_site_name":"Bizzotto","article_modified_time":"2026-03-30T07:41:49+00:00","og_image":[{"width":1908,"height":1080,"url":"https:\/\/www.bizzotto.com\/wp-content\/uploads\/2026\/03\/0795866-TF1.jpg","type":"image\/jpeg"}],"twitter_card":"summary_large_image","schema":{"@context":"https:\/\/schema.org","@graph":[{"@type":"WebPage","@id":"https:\/\/www.bizzotto.com\/es\/productos\/muebles-de-jardin\/sombrillas-y-estructuras-de-jardin\/sombrillas\/sombrilla-excentrica-vega-3x4-blanco","url":"https:\/\/www.bizzotto.com\/es\/productos\/muebles-de-jardin\/sombrillas-y-estructuras-de-jardin\/sombrillas\/sombrilla-excentrica-vega-3x4-blanco","name":"SOMBRILLA EXC\u00c9NTRICA VEGA 3X4 BLANCO - Bizzotto","isPartOf":{"@id":"https:\/\/www.bizzotto.com\/es#website"},"primaryImageOfPage":{"@id":"https:\/\/www.bizzotto.com\/es\/productos\/muebles-de-jardin\/sombrillas-y-estructuras-de-jardin\/sombrillas\/sombrilla-excentrica-vega-3x4-blanco#primaryimage"},"image":{"@id":"https:\/\/www.bizzotto.com\/es\/productos\/muebles-de-jardin\/sombrillas-y-estructuras-de-jardin\/sombrillas\/sombrilla-excentrica-vega-3x4-blanco#primaryimage"},"thumbnailUrl":"https:\/\/www.bizzotto.com\/wp-content\/uploads\/2026\/03\/0795866-TF1.jpg","datePublished":"2026-03-19T10:33:41+00:00","dateModified":"2026-03-30T07:41:49+00:00","breadcrumb":{"@id":"https:\/\/www.bizzotto.com\/es\/productos\/muebles-de-jardin\/sombrillas-y-estructuras-de-jardin\/sombrillas\/sombrilla-excentrica-vega-3x4-blanco#breadcrumb"},"inLanguage":"es","potentialAction":[{"@type":"ReadAction","target":["https:\/\/www.bizzotto.com\/es\/productos\/muebles-de-jardin\/sombrillas-y-estructuras-de-jardin\/sombrillas\/sombrilla-excentrica-vega-3x4-blanco"]}]},{"@type":"ImageObject","inLanguage":"es","@id":"https:\/\/www.bizzotto.com\/es\/productos\/muebles-de-jardin\/sombrillas-y-estructuras-de-jardin\/sombrillas\/sombrilla-excentrica-vega-3x4-blanco#primaryimage","url":"https:\/\/www.bizzotto.com\/wp-content\/uploads\/2026\/03\/0795866-TF1.jpg","contentUrl":"https:\/\/www.bizzotto.com\/wp-content\/uploads\/2026\/03\/0795866-TF1.jpg","width":1908,"height":1080,"caption":"Ombrellone vega 3x4 bianco"},{"@type":"BreadcrumbList","@id":"https:\/\/www.bizzotto.com\/es\/productos\/muebles-de-jardin\/sombrillas-y-estructuras-de-jardin\/sombrillas\/sombrilla-excentrica-vega-3x4-blanco#breadcrumb","itemListElement":[{"@type":"ListItem","position":1,"name":"Home","item":"https:\/\/www.bizzotto.com\/es"},{"@type":"ListItem","position":2,"name":"Productos","item":"https:\/\/www.bizzotto.com\/es\/productos"},{"@type":"ListItem","position":3,"name":"Muebles de jard\u00edn","item":"https:\/\/www.bizzotto.com\/es\/categoria-de-producto\/muebles-de-jardin"},{"@type":"ListItem","position":4,"name":"Sombrillas y estructuras de jard\u00edn","item":"https:\/\/www.bizzotto.com\/es\/categoria-de-producto\/muebles-de-jardin\/sombrillas-y-estructuras-de-jardin"},{"@type":"ListItem","position":5,"name":"Sombrillas","item":"https:\/\/www.bizzotto.com\/es\/categoria-de-producto\/muebles-de-jardin\/sombrillas-y-estructuras-de-jardin\/sombrillas"},{"@type":"ListItem","position":6,"name":"SOMBRILLA EXC\u00c9NTRICA VEGA 3X4 BLANCO"}]},{"@type":"WebSite","@id":"https:\/\/www.bizzotto.com\/es#website","url":"https:\/\/www.bizzotto.com\/es","name":"Bizzotto","description":"","potentialAction":[{"@type":"SearchAction","target":{"@type":"EntryPoint","urlTemplate":"https:\/\/www.bizzotto.com\/es?s={search_term_string}"},"query-input":{"@type":"PropertyValueSpecification","valueRequired":true,"valueName":"search_term_string"}}],"inLanguage":"es"}]}},"_links":{"self":[{"href":"https:\/\/www.bizzotto.com\/es\/wp-json\/wp\/v2\/product\/77531","targetHints":{"allow":["GET"]}}],"collection":[{"href":"https:\/\/www.bizzotto.com\/es\/wp-json\/wp\/v2\/product"}],"about":[{"href":"https:\/\/www.bizzotto.com\/es\/wp-json\/wp\/v2\/types\/product"}],"replies":[{"embeddable":true,"href":"https:\/\/www.bizzotto.com\/es\/wp-json\/wp\/v2\/comments?post=77531"}],"wp:featuredmedia":[{"embeddable":true,"href":"https:\/\/www.bizzotto.com\/es\/wp-json\/wp\/v2\/media\/77487"}],"wp:attachment":[{"href":"https:\/\/www.bizzotto.com\/es\/wp-json\/wp\/v2\/media?parent=77531"}],"wp:term":[{"taxonomy":"codifica-stile","embeddable":true,"href":"https:\/\/www.bizzotto.com\/es\/wp-json\/wp\/v2\/codifica-stile?post=77531"},{"taxonomy":"divisione","embeddable":true,"href":"https:\/\/www.bizzotto.com\/es\/wp-json\/wp\/v2\/divisione?post=77531"},{"taxonomy":"novita","embeddable":true,"href":"https:\/\/www.bizzotto.com\/es\/wp-json\/wp\/v2\/novita?post=77531"},{"taxonomy":"stile","embeddable":true,"href":"https:\/\/www.bizzotto.com\/es\/wp-json\/wp\/v2\/stile?post=77531"},{"taxonomy":"product_brand","embeddable":true,"href":"https:\/\/www.bizzotto.com\/es\/wp-json\/wp\/v2\/product_brand?post=77531"},{"taxonomy":"product_cat","embeddable":true,"href":"https:\/\/www.bizzotto.com\/es\/wp-json\/wp\/v2\/product_cat?post=77531"},{"taxonomy":"product_tag","embeddable":true,"href":"https:\/\/www.bizzotto.com\/es\/wp-json\/wp\/v2\/product_tag?post=77531"}],"curies":[{"name":"wp","href":"https:\/\/api.w.org\/{rel}","templated":true}]}}