{"id":48788,"date":"2026-03-18T17:32:31","date_gmt":"2026-03-18T16:32:31","guid":{"rendered":"https:\/\/www.bizzotto.com\/prodotti\/sin categor\u00eda\/set-mesa-bar4taburetes-kalimera-timber"},"modified":"2026-03-18T17:32:33","modified_gmt":"2026-03-18T16:32:33","slug":"set-mesa-bar4taburetes-kalimera-timber","status":"publish","type":"product","link":"https:\/\/www.bizzotto.com\/es\/productos\/muebles-de-jardin\/mesas-y-sets-de-exterior\/conjuntos-relax-de-exterior\/set-mesa-bar4taburetes-kalimera-timber","title":{"rendered":"SET MESA BAR+4TABURETES KALIMERA TIMBER"},"content":{"rendered":"<p>ALUMINIO BARNIZADO CON POLVO (POLI\u00c9STER) EFECTO MADERA. TABLERO MESA BAR CON AZULEJOS DE PORCELANA ESMALTADA (ORIGEN ESPA\u00d1A). RESPALDO Y REPOSABRAZOS CON TRENZADO DE CUERDA DE POLI\u00c9STER (REDONDA 5MM). COJINES ASIENTO Y RESPALDO DESENFUNDABLES CON TEJIDO REPELENTE AL AGUA OLEFIN (100% POLIPROPILENO) . MESA BAR CON PIES AJUSTABLES. PATAS MESA BAR Y SOPORTE DE PATAS DE TABURETE (TORNILLER\u00cdA DE ACERO INOXIDABLE) PARA MONTAR.<\/p>\n","protected":false},"excerpt":{"rendered":"<p>Set Mesa de Jard\u00edn bar\/Sgabelli Kalimera<\/p>\n","protected":false},"featured_media":48740,"comment_status":"open","ping_status":"closed","template":"","meta":{"_acf_changed":false},"codifica-stile":[485],"divisione":[513],"novita":[494],"stile":[782],"product_brand":[61],"product_cat":[2083,2283,2284],"product_tag":[1941],"class_list":{"0":"post-48788","1":"product","2":"type-product","3":"status-publish","4":"has-post-thumbnail","6":"codifica-stile-es","7":"divisione-bizzotto-arredo-esterno-es","8":"novita-new","9":"stile-organico","10":"product_brand-bizzotto","11":"product_cat-muebles-de-jardin","12":"product_cat-mesas-y-sets-de-exterior","13":"product_cat-conjuntos-relax-de-exterior","14":"product_tag-ag-gf-gc","17":"first","18":"instock","19":"shipping-taxable","20":"purchasable","21":"product-type-simple"},"acf":[],"yoast_head":"<!-- This site is optimized with the Yoast SEO plugin v26.6 - https:\/\/yoast.com\/wordpress\/plugins\/seo\/ -->\n<title>SET MESA BAR+4TABURETES KALIMERA TIMBER - Bizzotto<\/title>\n<meta name=\"robots\" content=\"index, follow, max-snippet:-1, max-image-preview:large, max-video-preview:-1\" \/>\n<link rel=\"canonical\" href=\"https:\/\/www.bizzotto.com\/es\/productos\/muebles-de-jardin\/mesas-y-sets-de-exterior\/conjuntos-relax-de-exterior\/set-mesa-bar4taburetes-kalimera-timber\" \/>\n<meta property=\"og:locale\" content=\"es_ES\" \/>\n<meta property=\"og:type\" content=\"article\" \/>\n<meta property=\"og:title\" content=\"SET MESA BAR+4TABURETES KALIMERA TIMBER - Bizzotto\" \/>\n<meta property=\"og:description\" content=\"Set Mesa de Jard\u00edn bar\/Sgabelli Kalimera\" \/>\n<meta property=\"og:url\" content=\"https:\/\/www.bizzotto.com\/es\/productos\/muebles-de-jardin\/mesas-y-sets-de-exterior\/conjuntos-relax-de-exterior\/set-mesa-bar4taburetes-kalimera-timber\" \/>\n<meta property=\"og:site_name\" content=\"Bizzotto\" \/>\n<meta property=\"article:modified_time\" content=\"2026-03-18T16:32:33+00:00\" \/>\n<meta property=\"og:image\" content=\"https:\/\/www.bizzotto.com\/wp-content\/uploads\/2026\/03\/0664130.jpg\" \/>\n\t<meta property=\"og:image:width\" content=\"1920\" \/>\n\t<meta property=\"og:image:height\" content=\"1064\" \/>\n\t<meta property=\"og:image:type\" content=\"image\/jpeg\" \/>\n<meta name=\"twitter:card\" content=\"summary_large_image\" \/>\n<script type=\"application\/ld+json\" class=\"yoast-schema-graph\">{\"@context\":\"https:\/\/schema.org\",\"@graph\":[{\"@type\":\"WebPage\",\"@id\":\"https:\/\/www.bizzotto.com\/es\/productos\/muebles-de-jardin\/mesas-y-sets-de-exterior\/conjuntos-relax-de-exterior\/set-mesa-bar4taburetes-kalimera-timber\",\"url\":\"https:\/\/www.bizzotto.com\/es\/productos\/muebles-de-jardin\/mesas-y-sets-de-exterior\/conjuntos-relax-de-exterior\/set-mesa-bar4taburetes-kalimera-timber\",\"name\":\"SET MESA BAR+4TABURETES KALIMERA TIMBER - Bizzotto\",\"isPartOf\":{\"@id\":\"https:\/\/www.bizzotto.com\/es#website\"},\"primaryImageOfPage\":{\"@id\":\"https:\/\/www.bizzotto.com\/es\/productos\/muebles-de-jardin\/mesas-y-sets-de-exterior\/conjuntos-relax-de-exterior\/set-mesa-bar4taburetes-kalimera-timber#primaryimage\"},\"image\":{\"@id\":\"https:\/\/www.bizzotto.com\/es\/productos\/muebles-de-jardin\/mesas-y-sets-de-exterior\/conjuntos-relax-de-exterior\/set-mesa-bar4taburetes-kalimera-timber#primaryimage\"},\"thumbnailUrl\":\"https:\/\/www.bizzotto.com\/wp-content\/uploads\/2026\/03\/0664130.jpg\",\"datePublished\":\"2026-03-18T16:32:31+00:00\",\"dateModified\":\"2026-03-18T16:32:33+00:00\",\"breadcrumb\":{\"@id\":\"https:\/\/www.bizzotto.com\/es\/productos\/muebles-de-jardin\/mesas-y-sets-de-exterior\/conjuntos-relax-de-exterior\/set-mesa-bar4taburetes-kalimera-timber#breadcrumb\"},\"inLanguage\":\"es\",\"potentialAction\":[{\"@type\":\"ReadAction\",\"target\":[\"https:\/\/www.bizzotto.com\/es\/productos\/muebles-de-jardin\/mesas-y-sets-de-exterior\/conjuntos-relax-de-exterior\/set-mesa-bar4taburetes-kalimera-timber\"]}]},{\"@type\":\"ImageObject\",\"inLanguage\":\"es\",\"@id\":\"https:\/\/www.bizzotto.com\/es\/productos\/muebles-de-jardin\/mesas-y-sets-de-exterior\/conjuntos-relax-de-exterior\/set-mesa-bar4taburetes-kalimera-timber#primaryimage\",\"url\":\"https:\/\/www.bizzotto.com\/wp-content\/uploads\/2026\/03\/0664130.jpg\",\"contentUrl\":\"https:\/\/www.bizzotto.com\/wp-content\/uploads\/2026\/03\/0664130.jpg\",\"width\":1920,\"height\":1064},{\"@type\":\"BreadcrumbList\",\"@id\":\"https:\/\/www.bizzotto.com\/es\/productos\/muebles-de-jardin\/mesas-y-sets-de-exterior\/conjuntos-relax-de-exterior\/set-mesa-bar4taburetes-kalimera-timber#breadcrumb\",\"itemListElement\":[{\"@type\":\"ListItem\",\"position\":1,\"name\":\"Home\",\"item\":\"https:\/\/www.bizzotto.com\/es\"},{\"@type\":\"ListItem\",\"position\":2,\"name\":\"Productos\",\"item\":\"https:\/\/www.bizzotto.com\/es\/productos\"},{\"@type\":\"ListItem\",\"position\":3,\"name\":\"Muebles de jard\u00edn\",\"item\":\"https:\/\/www.bizzotto.com\/es\/categoria-de-producto\/muebles-de-jardin\"},{\"@type\":\"ListItem\",\"position\":4,\"name\":\"Mesas y sets de exterior\",\"item\":\"https:\/\/www.bizzotto.com\/es\/categoria-de-producto\/muebles-de-jardin\/mesas-y-sets-de-exterior\"},{\"@type\":\"ListItem\",\"position\":5,\"name\":\"Conjuntos relax de exterior\",\"item\":\"https:\/\/www.bizzotto.com\/es\/categoria-de-producto\/muebles-de-jardin\/mesas-y-sets-de-exterior\/conjuntos-relax-de-exterior\"},{\"@type\":\"ListItem\",\"position\":6,\"name\":\"SET MESA BAR+4TABURETES KALIMERA TIMBER\"}]},{\"@type\":\"WebSite\",\"@id\":\"https:\/\/www.bizzotto.com\/es#website\",\"url\":\"https:\/\/www.bizzotto.com\/es\",\"name\":\"Bizzotto\",\"description\":\"\",\"potentialAction\":[{\"@type\":\"SearchAction\",\"target\":{\"@type\":\"EntryPoint\",\"urlTemplate\":\"https:\/\/www.bizzotto.com\/es?s={search_term_string}\"},\"query-input\":{\"@type\":\"PropertyValueSpecification\",\"valueRequired\":true,\"valueName\":\"search_term_string\"}}],\"inLanguage\":\"es\"}]}<\/script>\n<!-- \/ Yoast SEO plugin. -->","yoast_head_json":{"title":"SET MESA BAR+4TABURETES KALIMERA TIMBER - Bizzotto","robots":{"index":"index","follow":"follow","max-snippet":"max-snippet:-1","max-image-preview":"max-image-preview:large","max-video-preview":"max-video-preview:-1"},"canonical":"https:\/\/www.bizzotto.com\/es\/productos\/muebles-de-jardin\/mesas-y-sets-de-exterior\/conjuntos-relax-de-exterior\/set-mesa-bar4taburetes-kalimera-timber","og_locale":"es_ES","og_type":"article","og_title":"SET MESA BAR+4TABURETES KALIMERA TIMBER - Bizzotto","og_description":"Set Mesa de Jard\u00edn bar\/Sgabelli Kalimera","og_url":"https:\/\/www.bizzotto.com\/es\/productos\/muebles-de-jardin\/mesas-y-sets-de-exterior\/conjuntos-relax-de-exterior\/set-mesa-bar4taburetes-kalimera-timber","og_site_name":"Bizzotto","article_modified_time":"2026-03-18T16:32:33+00:00","og_image":[{"width":1920,"height":1064,"url":"https:\/\/www.bizzotto.com\/wp-content\/uploads\/2026\/03\/0664130.jpg","type":"image\/jpeg"}],"twitter_card":"summary_large_image","schema":{"@context":"https:\/\/schema.org","@graph":[{"@type":"WebPage","@id":"https:\/\/www.bizzotto.com\/es\/productos\/muebles-de-jardin\/mesas-y-sets-de-exterior\/conjuntos-relax-de-exterior\/set-mesa-bar4taburetes-kalimera-timber","url":"https:\/\/www.bizzotto.com\/es\/productos\/muebles-de-jardin\/mesas-y-sets-de-exterior\/conjuntos-relax-de-exterior\/set-mesa-bar4taburetes-kalimera-timber","name":"SET MESA BAR+4TABURETES KALIMERA TIMBER - Bizzotto","isPartOf":{"@id":"https:\/\/www.bizzotto.com\/es#website"},"primaryImageOfPage":{"@id":"https:\/\/www.bizzotto.com\/es\/productos\/muebles-de-jardin\/mesas-y-sets-de-exterior\/conjuntos-relax-de-exterior\/set-mesa-bar4taburetes-kalimera-timber#primaryimage"},"image":{"@id":"https:\/\/www.bizzotto.com\/es\/productos\/muebles-de-jardin\/mesas-y-sets-de-exterior\/conjuntos-relax-de-exterior\/set-mesa-bar4taburetes-kalimera-timber#primaryimage"},"thumbnailUrl":"https:\/\/www.bizzotto.com\/wp-content\/uploads\/2026\/03\/0664130.jpg","datePublished":"2026-03-18T16:32:31+00:00","dateModified":"2026-03-18T16:32:33+00:00","breadcrumb":{"@id":"https:\/\/www.bizzotto.com\/es\/productos\/muebles-de-jardin\/mesas-y-sets-de-exterior\/conjuntos-relax-de-exterior\/set-mesa-bar4taburetes-kalimera-timber#breadcrumb"},"inLanguage":"es","potentialAction":[{"@type":"ReadAction","target":["https:\/\/www.bizzotto.com\/es\/productos\/muebles-de-jardin\/mesas-y-sets-de-exterior\/conjuntos-relax-de-exterior\/set-mesa-bar4taburetes-kalimera-timber"]}]},{"@type":"ImageObject","inLanguage":"es","@id":"https:\/\/www.bizzotto.com\/es\/productos\/muebles-de-jardin\/mesas-y-sets-de-exterior\/conjuntos-relax-de-exterior\/set-mesa-bar4taburetes-kalimera-timber#primaryimage","url":"https:\/\/www.bizzotto.com\/wp-content\/uploads\/2026\/03\/0664130.jpg","contentUrl":"https:\/\/www.bizzotto.com\/wp-content\/uploads\/2026\/03\/0664130.jpg","width":1920,"height":1064},{"@type":"BreadcrumbList","@id":"https:\/\/www.bizzotto.com\/es\/productos\/muebles-de-jardin\/mesas-y-sets-de-exterior\/conjuntos-relax-de-exterior\/set-mesa-bar4taburetes-kalimera-timber#breadcrumb","itemListElement":[{"@type":"ListItem","position":1,"name":"Home","item":"https:\/\/www.bizzotto.com\/es"},{"@type":"ListItem","position":2,"name":"Productos","item":"https:\/\/www.bizzotto.com\/es\/productos"},{"@type":"ListItem","position":3,"name":"Muebles de jard\u00edn","item":"https:\/\/www.bizzotto.com\/es\/categoria-de-producto\/muebles-de-jardin"},{"@type":"ListItem","position":4,"name":"Mesas y sets de exterior","item":"https:\/\/www.bizzotto.com\/es\/categoria-de-producto\/muebles-de-jardin\/mesas-y-sets-de-exterior"},{"@type":"ListItem","position":5,"name":"Conjuntos relax de exterior","item":"https:\/\/www.bizzotto.com\/es\/categoria-de-producto\/muebles-de-jardin\/mesas-y-sets-de-exterior\/conjuntos-relax-de-exterior"},{"@type":"ListItem","position":6,"name":"SET MESA BAR+4TABURETES KALIMERA TIMBER"}]},{"@type":"WebSite","@id":"https:\/\/www.bizzotto.com\/es#website","url":"https:\/\/www.bizzotto.com\/es","name":"Bizzotto","description":"","potentialAction":[{"@type":"SearchAction","target":{"@type":"EntryPoint","urlTemplate":"https:\/\/www.bizzotto.com\/es?s={search_term_string}"},"query-input":{"@type":"PropertyValueSpecification","valueRequired":true,"valueName":"search_term_string"}}],"inLanguage":"es"}]}},"_links":{"self":[{"href":"https:\/\/www.bizzotto.com\/es\/wp-json\/wp\/v2\/product\/48788","targetHints":{"allow":["GET"]}}],"collection":[{"href":"https:\/\/www.bizzotto.com\/es\/wp-json\/wp\/v2\/product"}],"about":[{"href":"https:\/\/www.bizzotto.com\/es\/wp-json\/wp\/v2\/types\/product"}],"replies":[{"embeddable":true,"href":"https:\/\/www.bizzotto.com\/es\/wp-json\/wp\/v2\/comments?post=48788"}],"wp:featuredmedia":[{"embeddable":true,"href":"https:\/\/www.bizzotto.com\/es\/wp-json\/wp\/v2\/media\/48740"}],"wp:attachment":[{"href":"https:\/\/www.bizzotto.com\/es\/wp-json\/wp\/v2\/media?parent=48788"}],"wp:term":[{"taxonomy":"codifica-stile","embeddable":true,"href":"https:\/\/www.bizzotto.com\/es\/wp-json\/wp\/v2\/codifica-stile?post=48788"},{"taxonomy":"divisione","embeddable":true,"href":"https:\/\/www.bizzotto.com\/es\/wp-json\/wp\/v2\/divisione?post=48788"},{"taxonomy":"novita","embeddable":true,"href":"https:\/\/www.bizzotto.com\/es\/wp-json\/wp\/v2\/novita?post=48788"},{"taxonomy":"stile","embeddable":true,"href":"https:\/\/www.bizzotto.com\/es\/wp-json\/wp\/v2\/stile?post=48788"},{"taxonomy":"product_brand","embeddable":true,"href":"https:\/\/www.bizzotto.com\/es\/wp-json\/wp\/v2\/product_brand?post=48788"},{"taxonomy":"product_cat","embeddable":true,"href":"https:\/\/www.bizzotto.com\/es\/wp-json\/wp\/v2\/product_cat?post=48788"},{"taxonomy":"product_tag","embeddable":true,"href":"https:\/\/www.bizzotto.com\/es\/wp-json\/wp\/v2\/product_tag?post=48788"}],"curies":[{"name":"wp","href":"https:\/\/api.w.org\/{rel}","templated":true}]}}