{"id":47038,"date":"2026-03-18T17:22:59","date_gmt":"2026-03-18T16:22:59","guid":{"rendered":"https:\/\/www.bizzotto.com\/prodotti\/sin categor\u00eda\/sofa-3pl-c-coj-eulero-pelican"},"modified":"2026-03-18T17:23:12","modified_gmt":"2026-03-18T16:23:12","slug":"sofa-3pl-c-coj-eulero-pelican","status":"publish","type":"product","link":"https:\/\/www.bizzotto.com\/es\/productos\/muebles-de-jardin\/asientos-de-exterior\/sofas-de-exterior\/sofa-3pl-c-coj-eulero-pelican","title":{"rendered":"SOF\u00c1 3PL C-COJ EULERO PELICAN"},"content":{"rendered":"<p>ESTRUCTURA DE ALUMINIO BARNIZADO CON POLVO (POLI\u00c9STER). REPOSABRAZOS CON INSERCIONES DE TECA. ASIENTO CON TRENZADO DE CUERDA OLEFIN. COJINES DESENFUNDABLES CON TEJIDO REPELENTE AL AGUA OLEFIN (100 % POLIPROPILENO). TORNILLERIA DE ACERO INOXIDABLE. PATAS PARA MONTAR.<\/p>\n","protected":false},"excerpt":{"rendered":"<p>Sof\u00e1 de Jard\u00edn Eulero pelican<\/p>\n","protected":false},"featured_media":85398,"comment_status":"open","ping_status":"closed","template":"","meta":{"_acf_changed":false},"codifica-stile":[483],"divisione":[513],"novita":[494],"stile":[781],"product_brand":[61],"product_cat":[2083,2276,2277],"product_tag":[1905],"class_list":{"0":"post-47038","1":"product","2":"type-product","3":"status-publish","4":"has-post-thumbnail","6":"codifica-stile-cn","7":"divisione-bizzotto-arredo-esterno-es","8":"novita-new","9":"stile-contemporaneo","10":"product_brand-bizzotto","11":"product_cat-muebles-de-jardin","12":"product_cat-asientos-de-exterior","13":"product_cat-sofas-de-exterior","14":"product_tag-ag-gu-bn","17":"first","18":"instock","19":"shipping-taxable","20":"purchasable","21":"product-type-simple"},"acf":[],"yoast_head":"<!-- This site is optimized with the Yoast SEO plugin v26.6 - https:\/\/yoast.com\/wordpress\/plugins\/seo\/ -->\n<title>SOF\u00c1 3PL C-COJ EULERO PELICAN - Bizzotto<\/title>\n<meta name=\"robots\" content=\"index, follow, max-snippet:-1, max-image-preview:large, max-video-preview:-1\" \/>\n<link rel=\"canonical\" href=\"https:\/\/www.bizzotto.com\/es\/productos\/muebles-de-jardin\/asientos-de-exterior\/sofas-de-exterior\/sofa-3pl-c-coj-eulero-pelican\" \/>\n<meta property=\"og:locale\" content=\"es_ES\" \/>\n<meta property=\"og:type\" content=\"article\" \/>\n<meta property=\"og:title\" content=\"SOF\u00c1 3PL C-COJ EULERO PELICAN - Bizzotto\" \/>\n<meta property=\"og:description\" content=\"Sof\u00e1 de Jard\u00edn Eulero pelican\" \/>\n<meta property=\"og:url\" content=\"https:\/\/www.bizzotto.com\/es\/productos\/muebles-de-jardin\/asientos-de-exterior\/sofas-de-exterior\/sofa-3pl-c-coj-eulero-pelican\" \/>\n<meta property=\"og:site_name\" content=\"Bizzotto\" \/>\n<meta property=\"article:modified_time\" content=\"2026-03-18T16:23:12+00:00\" \/>\n<meta property=\"og:image\" content=\"https:\/\/www.bizzotto.com\/wp-content\/uploads\/2026\/03\/0663946-AM51.jpg\" \/>\n\t<meta property=\"og:image:width\" content=\"1609\" \/>\n\t<meta property=\"og:image:height\" content=\"1080\" \/>\n\t<meta property=\"og:image:type\" content=\"image\/jpeg\" \/>\n<meta name=\"twitter:card\" content=\"summary_large_image\" \/>\n<script type=\"application\/ld+json\" class=\"yoast-schema-graph\">{\"@context\":\"https:\/\/schema.org\",\"@graph\":[{\"@type\":\"WebPage\",\"@id\":\"https:\/\/www.bizzotto.com\/es\/productos\/muebles-de-jardin\/asientos-de-exterior\/sofas-de-exterior\/sofa-3pl-c-coj-eulero-pelican\",\"url\":\"https:\/\/www.bizzotto.com\/es\/productos\/muebles-de-jardin\/asientos-de-exterior\/sofas-de-exterior\/sofa-3pl-c-coj-eulero-pelican\",\"name\":\"SOF\u00c1 3PL C-COJ EULERO PELICAN - Bizzotto\",\"isPartOf\":{\"@id\":\"https:\/\/www.bizzotto.com\/es#website\"},\"primaryImageOfPage\":{\"@id\":\"https:\/\/www.bizzotto.com\/es\/productos\/muebles-de-jardin\/asientos-de-exterior\/sofas-de-exterior\/sofa-3pl-c-coj-eulero-pelican#primaryimage\"},\"image\":{\"@id\":\"https:\/\/www.bizzotto.com\/es\/productos\/muebles-de-jardin\/asientos-de-exterior\/sofas-de-exterior\/sofa-3pl-c-coj-eulero-pelican#primaryimage\"},\"thumbnailUrl\":\"https:\/\/www.bizzotto.com\/wp-content\/uploads\/2026\/03\/0663946-AM51.jpg\",\"datePublished\":\"2026-03-18T16:22:59+00:00\",\"dateModified\":\"2026-03-18T16:23:12+00:00\",\"breadcrumb\":{\"@id\":\"https:\/\/www.bizzotto.com\/es\/productos\/muebles-de-jardin\/asientos-de-exterior\/sofas-de-exterior\/sofa-3pl-c-coj-eulero-pelican#breadcrumb\"},\"inLanguage\":\"es\",\"potentialAction\":[{\"@type\":\"ReadAction\",\"target\":[\"https:\/\/www.bizzotto.com\/es\/productos\/muebles-de-jardin\/asientos-de-exterior\/sofas-de-exterior\/sofa-3pl-c-coj-eulero-pelican\"]}]},{\"@type\":\"ImageObject\",\"inLanguage\":\"es\",\"@id\":\"https:\/\/www.bizzotto.com\/es\/productos\/muebles-de-jardin\/asientos-de-exterior\/sofas-de-exterior\/sofa-3pl-c-coj-eulero-pelican#primaryimage\",\"url\":\"https:\/\/www.bizzotto.com\/wp-content\/uploads\/2026\/03\/0663946-AM51.jpg\",\"contentUrl\":\"https:\/\/www.bizzotto.com\/wp-content\/uploads\/2026\/03\/0663946-AM51.jpg\",\"width\":1609,\"height\":1080,\"caption\":\"Luxury beach house with sea view swimming pool and terrace in modern design. 3d illustration of contemporary holiday villa exterior.; Shutterstock ID 2536512003; purchase_order: -; job: -; client: -; other: -\"},{\"@type\":\"BreadcrumbList\",\"@id\":\"https:\/\/www.bizzotto.com\/es\/productos\/muebles-de-jardin\/asientos-de-exterior\/sofas-de-exterior\/sofa-3pl-c-coj-eulero-pelican#breadcrumb\",\"itemListElement\":[{\"@type\":\"ListItem\",\"position\":1,\"name\":\"Home\",\"item\":\"https:\/\/www.bizzotto.com\/es\"},{\"@type\":\"ListItem\",\"position\":2,\"name\":\"Productos\",\"item\":\"https:\/\/www.bizzotto.com\/es\/productos\"},{\"@type\":\"ListItem\",\"position\":3,\"name\":\"Muebles de jard\u00edn\",\"item\":\"https:\/\/www.bizzotto.com\/es\/categoria-de-producto\/muebles-de-jardin\"},{\"@type\":\"ListItem\",\"position\":4,\"name\":\"Asientos de exterior\",\"item\":\"https:\/\/www.bizzotto.com\/es\/categoria-de-producto\/muebles-de-jardin\/asientos-de-exterior\"},{\"@type\":\"ListItem\",\"position\":5,\"name\":\"Sof\u00e1s de exterior\",\"item\":\"https:\/\/www.bizzotto.com\/es\/categoria-de-producto\/muebles-de-jardin\/asientos-de-exterior\/sofas-de-exterior\"},{\"@type\":\"ListItem\",\"position\":6,\"name\":\"SOF\u00c1 3PL C-COJ EULERO PELICAN\"}]},{\"@type\":\"WebSite\",\"@id\":\"https:\/\/www.bizzotto.com\/es#website\",\"url\":\"https:\/\/www.bizzotto.com\/es\",\"name\":\"Bizzotto\",\"description\":\"\",\"potentialAction\":[{\"@type\":\"SearchAction\",\"target\":{\"@type\":\"EntryPoint\",\"urlTemplate\":\"https:\/\/www.bizzotto.com\/es?s={search_term_string}\"},\"query-input\":{\"@type\":\"PropertyValueSpecification\",\"valueRequired\":true,\"valueName\":\"search_term_string\"}}],\"inLanguage\":\"es\"}]}<\/script>\n<!-- \/ Yoast SEO plugin. -->","yoast_head_json":{"title":"SOF\u00c1 3PL C-COJ EULERO PELICAN - Bizzotto","robots":{"index":"index","follow":"follow","max-snippet":"max-snippet:-1","max-image-preview":"max-image-preview:large","max-video-preview":"max-video-preview:-1"},"canonical":"https:\/\/www.bizzotto.com\/es\/productos\/muebles-de-jardin\/asientos-de-exterior\/sofas-de-exterior\/sofa-3pl-c-coj-eulero-pelican","og_locale":"es_ES","og_type":"article","og_title":"SOF\u00c1 3PL C-COJ EULERO PELICAN - Bizzotto","og_description":"Sof\u00e1 de Jard\u00edn Eulero pelican","og_url":"https:\/\/www.bizzotto.com\/es\/productos\/muebles-de-jardin\/asientos-de-exterior\/sofas-de-exterior\/sofa-3pl-c-coj-eulero-pelican","og_site_name":"Bizzotto","article_modified_time":"2026-03-18T16:23:12+00:00","og_image":[{"width":1609,"height":1080,"url":"https:\/\/www.bizzotto.com\/wp-content\/uploads\/2026\/03\/0663946-AM51.jpg","type":"image\/jpeg"}],"twitter_card":"summary_large_image","schema":{"@context":"https:\/\/schema.org","@graph":[{"@type":"WebPage","@id":"https:\/\/www.bizzotto.com\/es\/productos\/muebles-de-jardin\/asientos-de-exterior\/sofas-de-exterior\/sofa-3pl-c-coj-eulero-pelican","url":"https:\/\/www.bizzotto.com\/es\/productos\/muebles-de-jardin\/asientos-de-exterior\/sofas-de-exterior\/sofa-3pl-c-coj-eulero-pelican","name":"SOF\u00c1 3PL C-COJ EULERO PELICAN - Bizzotto","isPartOf":{"@id":"https:\/\/www.bizzotto.com\/es#website"},"primaryImageOfPage":{"@id":"https:\/\/www.bizzotto.com\/es\/productos\/muebles-de-jardin\/asientos-de-exterior\/sofas-de-exterior\/sofa-3pl-c-coj-eulero-pelican#primaryimage"},"image":{"@id":"https:\/\/www.bizzotto.com\/es\/productos\/muebles-de-jardin\/asientos-de-exterior\/sofas-de-exterior\/sofa-3pl-c-coj-eulero-pelican#primaryimage"},"thumbnailUrl":"https:\/\/www.bizzotto.com\/wp-content\/uploads\/2026\/03\/0663946-AM51.jpg","datePublished":"2026-03-18T16:22:59+00:00","dateModified":"2026-03-18T16:23:12+00:00","breadcrumb":{"@id":"https:\/\/www.bizzotto.com\/es\/productos\/muebles-de-jardin\/asientos-de-exterior\/sofas-de-exterior\/sofa-3pl-c-coj-eulero-pelican#breadcrumb"},"inLanguage":"es","potentialAction":[{"@type":"ReadAction","target":["https:\/\/www.bizzotto.com\/es\/productos\/muebles-de-jardin\/asientos-de-exterior\/sofas-de-exterior\/sofa-3pl-c-coj-eulero-pelican"]}]},{"@type":"ImageObject","inLanguage":"es","@id":"https:\/\/www.bizzotto.com\/es\/productos\/muebles-de-jardin\/asientos-de-exterior\/sofas-de-exterior\/sofa-3pl-c-coj-eulero-pelican#primaryimage","url":"https:\/\/www.bizzotto.com\/wp-content\/uploads\/2026\/03\/0663946-AM51.jpg","contentUrl":"https:\/\/www.bizzotto.com\/wp-content\/uploads\/2026\/03\/0663946-AM51.jpg","width":1609,"height":1080,"caption":"Luxury beach house with sea view swimming pool and terrace in modern design. 3d illustration of contemporary holiday villa exterior.; Shutterstock ID 2536512003; purchase_order: -; job: -; client: -; other: -"},{"@type":"BreadcrumbList","@id":"https:\/\/www.bizzotto.com\/es\/productos\/muebles-de-jardin\/asientos-de-exterior\/sofas-de-exterior\/sofa-3pl-c-coj-eulero-pelican#breadcrumb","itemListElement":[{"@type":"ListItem","position":1,"name":"Home","item":"https:\/\/www.bizzotto.com\/es"},{"@type":"ListItem","position":2,"name":"Productos","item":"https:\/\/www.bizzotto.com\/es\/productos"},{"@type":"ListItem","position":3,"name":"Muebles de jard\u00edn","item":"https:\/\/www.bizzotto.com\/es\/categoria-de-producto\/muebles-de-jardin"},{"@type":"ListItem","position":4,"name":"Asientos de exterior","item":"https:\/\/www.bizzotto.com\/es\/categoria-de-producto\/muebles-de-jardin\/asientos-de-exterior"},{"@type":"ListItem","position":5,"name":"Sof\u00e1s de exterior","item":"https:\/\/www.bizzotto.com\/es\/categoria-de-producto\/muebles-de-jardin\/asientos-de-exterior\/sofas-de-exterior"},{"@type":"ListItem","position":6,"name":"SOF\u00c1 3PL C-COJ EULERO PELICAN"}]},{"@type":"WebSite","@id":"https:\/\/www.bizzotto.com\/es#website","url":"https:\/\/www.bizzotto.com\/es","name":"Bizzotto","description":"","potentialAction":[{"@type":"SearchAction","target":{"@type":"EntryPoint","urlTemplate":"https:\/\/www.bizzotto.com\/es?s={search_term_string}"},"query-input":{"@type":"PropertyValueSpecification","valueRequired":true,"valueName":"search_term_string"}}],"inLanguage":"es"}]}},"_links":{"self":[{"href":"https:\/\/www.bizzotto.com\/es\/wp-json\/wp\/v2\/product\/47038","targetHints":{"allow":["GET"]}}],"collection":[{"href":"https:\/\/www.bizzotto.com\/es\/wp-json\/wp\/v2\/product"}],"about":[{"href":"https:\/\/www.bizzotto.com\/es\/wp-json\/wp\/v2\/types\/product"}],"replies":[{"embeddable":true,"href":"https:\/\/www.bizzotto.com\/es\/wp-json\/wp\/v2\/comments?post=47038"}],"wp:featuredmedia":[{"embeddable":true,"href":"https:\/\/www.bizzotto.com\/es\/wp-json\/wp\/v2\/media\/85398"}],"wp:attachment":[{"href":"https:\/\/www.bizzotto.com\/es\/wp-json\/wp\/v2\/media?parent=47038"}],"wp:term":[{"taxonomy":"codifica-stile","embeddable":true,"href":"https:\/\/www.bizzotto.com\/es\/wp-json\/wp\/v2\/codifica-stile?post=47038"},{"taxonomy":"divisione","embeddable":true,"href":"https:\/\/www.bizzotto.com\/es\/wp-json\/wp\/v2\/divisione?post=47038"},{"taxonomy":"novita","embeddable":true,"href":"https:\/\/www.bizzotto.com\/es\/wp-json\/wp\/v2\/novita?post=47038"},{"taxonomy":"stile","embeddable":true,"href":"https:\/\/www.bizzotto.com\/es\/wp-json\/wp\/v2\/stile?post=47038"},{"taxonomy":"product_brand","embeddable":true,"href":"https:\/\/www.bizzotto.com\/es\/wp-json\/wp\/v2\/product_brand?post=47038"},{"taxonomy":"product_cat","embeddable":true,"href":"https:\/\/www.bizzotto.com\/es\/wp-json\/wp\/v2\/product_cat?post=47038"},{"taxonomy":"product_tag","embeddable":true,"href":"https:\/\/www.bizzotto.com\/es\/wp-json\/wp\/v2\/product_tag?post=47038"}],"curies":[{"name":"wp","href":"https:\/\/api.w.org\/{rel}","templated":true}]}}