{"id":38018,"date":"2026-03-18T16:32:27","date_gmt":"2026-03-18T15:32:27","guid":{"rendered":"https:\/\/www.bizzotto.com\/prodotti\/sin categor\u00eda\/set2-sofa-esq-c-coj-infinity-blanco-wg2"},"modified":"2026-03-18T16:32:28","modified_gmt":"2026-03-18T15:32:28","slug":"set2-sofa-esq-c-coj-infinity-blanco-wg2","status":"publish","type":"product","link":"https:\/\/www.bizzotto.com\/es\/productos\/muebles-de-jardin\/mesas-y-sets-de-exterior\/conjuntos-relax-de-exterior\/set2-sofa-esq-c-coj-infinity-blanco-wg2","title":{"rendered":"SET2 SOF\u00c1 ESQ. C-COJ INFINITY BLANCO WG2"},"content":{"rendered":"<p>ESTRUCTURA DE ALUMINIO BARNIZADO CON POLVO (POLIEST\u00c9R). COJINES ASIENTO Y RESPALDO DESENFUNDABLES CON TEJIDO REPELENTE AL AGUA OLEFIN (100% POLIPROPILENO). SOF\u00c1S MODULABLES.<\/p>\n","protected":false},"excerpt":{"rendered":"<p>Conjunto de Jard\u00edn angolar Infinity blanco<\/p>\n","protected":false},"featured_media":37885,"comment_status":"open","ping_status":"closed","template":"","meta":{"_acf_changed":false},"codifica-stile":[483],"divisione":[2432],"novita":[],"stile":[781],"product_brand":[62],"product_cat":[2083,2283,2284],"product_tag":[1914],"class_list":{"0":"post-38018","1":"product","2":"type-product","3":"status-publish","4":"has-post-thumbnail","6":"codifica-stile-cn","7":"divisione-homemotion-arredo-esterno-es","8":"stile-contemporaneo","9":"product_brand-homemotion","10":"product_cat-muebles-de-jardin","11":"product_cat-mesas-y-sets-de-exterior","12":"product_cat-conjuntos-relax-de-exterior","13":"product_tag-ag-gu-zg","16":"first","17":"instock","18":"shipping-taxable","19":"purchasable","20":"product-type-simple"},"acf":[],"yoast_head":"<!-- This site is optimized with the Yoast SEO plugin v26.6 - https:\/\/yoast.com\/wordpress\/plugins\/seo\/ -->\n<title>SET2 SOF\u00c1 ESQ. C-COJ INFINITY BLANCO WG2 - Bizzotto<\/title>\n<meta name=\"robots\" content=\"index, follow, max-snippet:-1, max-image-preview:large, max-video-preview:-1\" \/>\n<link rel=\"canonical\" href=\"https:\/\/www.bizzotto.com\/es\/productos\/muebles-de-jardin\/mesas-y-sets-de-exterior\/conjuntos-relax-de-exterior\/set2-sofa-esq-c-coj-infinity-blanco-wg2\" \/>\n<meta property=\"og:locale\" content=\"es_ES\" \/>\n<meta property=\"og:type\" content=\"article\" \/>\n<meta property=\"og:title\" content=\"SET2 SOF\u00c1 ESQ. C-COJ INFINITY BLANCO WG2 - Bizzotto\" \/>\n<meta property=\"og:description\" content=\"Conjunto de Jard\u00edn angolar Infinity blanco\" \/>\n<meta property=\"og:url\" content=\"https:\/\/www.bizzotto.com\/es\/productos\/muebles-de-jardin\/mesas-y-sets-de-exterior\/conjuntos-relax-de-exterior\/set2-sofa-esq-c-coj-infinity-blanco-wg2\" \/>\n<meta property=\"og:site_name\" content=\"Bizzotto\" \/>\n<meta property=\"article:modified_time\" content=\"2026-03-18T15:32:28+00:00\" \/>\n<meta property=\"og:image\" content=\"https:\/\/www.bizzotto.com\/wp-content\/uploads\/2026\/03\/0663424.jpg\" \/>\n\t<meta property=\"og:image:width\" content=\"1920\" \/>\n\t<meta property=\"og:image:height\" content=\"844\" \/>\n\t<meta property=\"og:image:type\" content=\"image\/jpeg\" \/>\n<meta name=\"twitter:card\" content=\"summary_large_image\" \/>\n<script type=\"application\/ld+json\" class=\"yoast-schema-graph\">{\"@context\":\"https:\/\/schema.org\",\"@graph\":[{\"@type\":\"WebPage\",\"@id\":\"https:\/\/www.bizzotto.com\/es\/productos\/muebles-de-jardin\/mesas-y-sets-de-exterior\/conjuntos-relax-de-exterior\/set2-sofa-esq-c-coj-infinity-blanco-wg2\",\"url\":\"https:\/\/www.bizzotto.com\/es\/productos\/muebles-de-jardin\/mesas-y-sets-de-exterior\/conjuntos-relax-de-exterior\/set2-sofa-esq-c-coj-infinity-blanco-wg2\",\"name\":\"SET2 SOF\u00c1 ESQ. C-COJ INFINITY BLANCO WG2 - Bizzotto\",\"isPartOf\":{\"@id\":\"https:\/\/www.bizzotto.com\/es#website\"},\"primaryImageOfPage\":{\"@id\":\"https:\/\/www.bizzotto.com\/es\/productos\/muebles-de-jardin\/mesas-y-sets-de-exterior\/conjuntos-relax-de-exterior\/set2-sofa-esq-c-coj-infinity-blanco-wg2#primaryimage\"},\"image\":{\"@id\":\"https:\/\/www.bizzotto.com\/es\/productos\/muebles-de-jardin\/mesas-y-sets-de-exterior\/conjuntos-relax-de-exterior\/set2-sofa-esq-c-coj-infinity-blanco-wg2#primaryimage\"},\"thumbnailUrl\":\"https:\/\/www.bizzotto.com\/wp-content\/uploads\/2026\/03\/0663424.jpg\",\"datePublished\":\"2026-03-18T15:32:27+00:00\",\"dateModified\":\"2026-03-18T15:32:28+00:00\",\"breadcrumb\":{\"@id\":\"https:\/\/www.bizzotto.com\/es\/productos\/muebles-de-jardin\/mesas-y-sets-de-exterior\/conjuntos-relax-de-exterior\/set2-sofa-esq-c-coj-infinity-blanco-wg2#breadcrumb\"},\"inLanguage\":\"es\",\"potentialAction\":[{\"@type\":\"ReadAction\",\"target\":[\"https:\/\/www.bizzotto.com\/es\/productos\/muebles-de-jardin\/mesas-y-sets-de-exterior\/conjuntos-relax-de-exterior\/set2-sofa-esq-c-coj-infinity-blanco-wg2\"]}]},{\"@type\":\"ImageObject\",\"inLanguage\":\"es\",\"@id\":\"https:\/\/www.bizzotto.com\/es\/productos\/muebles-de-jardin\/mesas-y-sets-de-exterior\/conjuntos-relax-de-exterior\/set2-sofa-esq-c-coj-infinity-blanco-wg2#primaryimage\",\"url\":\"https:\/\/www.bizzotto.com\/wp-content\/uploads\/2026\/03\/0663424.jpg\",\"contentUrl\":\"https:\/\/www.bizzotto.com\/wp-content\/uploads\/2026\/03\/0663424.jpg\",\"width\":1920,\"height\":844},{\"@type\":\"BreadcrumbList\",\"@id\":\"https:\/\/www.bizzotto.com\/es\/productos\/muebles-de-jardin\/mesas-y-sets-de-exterior\/conjuntos-relax-de-exterior\/set2-sofa-esq-c-coj-infinity-blanco-wg2#breadcrumb\",\"itemListElement\":[{\"@type\":\"ListItem\",\"position\":1,\"name\":\"Home\",\"item\":\"https:\/\/www.bizzotto.com\/es\"},{\"@type\":\"ListItem\",\"position\":2,\"name\":\"Productos\",\"item\":\"https:\/\/www.bizzotto.com\/es\/productos\"},{\"@type\":\"ListItem\",\"position\":3,\"name\":\"Muebles de jard\u00edn\",\"item\":\"https:\/\/www.bizzotto.com\/es\/categoria-de-producto\/muebles-de-jardin\"},{\"@type\":\"ListItem\",\"position\":4,\"name\":\"Mesas y sets de exterior\",\"item\":\"https:\/\/www.bizzotto.com\/es\/categoria-de-producto\/muebles-de-jardin\/mesas-y-sets-de-exterior\"},{\"@type\":\"ListItem\",\"position\":5,\"name\":\"Conjuntos relax de exterior\",\"item\":\"https:\/\/www.bizzotto.com\/es\/categoria-de-producto\/muebles-de-jardin\/mesas-y-sets-de-exterior\/conjuntos-relax-de-exterior\"},{\"@type\":\"ListItem\",\"position\":6,\"name\":\"SET2 SOF\u00c1 ESQ. C-COJ INFINITY BLANCO WG2\"}]},{\"@type\":\"WebSite\",\"@id\":\"https:\/\/www.bizzotto.com\/es#website\",\"url\":\"https:\/\/www.bizzotto.com\/es\",\"name\":\"Bizzotto\",\"description\":\"\",\"potentialAction\":[{\"@type\":\"SearchAction\",\"target\":{\"@type\":\"EntryPoint\",\"urlTemplate\":\"https:\/\/www.bizzotto.com\/es?s={search_term_string}\"},\"query-input\":{\"@type\":\"PropertyValueSpecification\",\"valueRequired\":true,\"valueName\":\"search_term_string\"}}],\"inLanguage\":\"es\"}]}<\/script>\n<!-- \/ Yoast SEO plugin. -->","yoast_head_json":{"title":"SET2 SOF\u00c1 ESQ. C-COJ INFINITY BLANCO WG2 - Bizzotto","robots":{"index":"index","follow":"follow","max-snippet":"max-snippet:-1","max-image-preview":"max-image-preview:large","max-video-preview":"max-video-preview:-1"},"canonical":"https:\/\/www.bizzotto.com\/es\/productos\/muebles-de-jardin\/mesas-y-sets-de-exterior\/conjuntos-relax-de-exterior\/set2-sofa-esq-c-coj-infinity-blanco-wg2","og_locale":"es_ES","og_type":"article","og_title":"SET2 SOF\u00c1 ESQ. C-COJ INFINITY BLANCO WG2 - Bizzotto","og_description":"Conjunto de Jard\u00edn angolar Infinity blanco","og_url":"https:\/\/www.bizzotto.com\/es\/productos\/muebles-de-jardin\/mesas-y-sets-de-exterior\/conjuntos-relax-de-exterior\/set2-sofa-esq-c-coj-infinity-blanco-wg2","og_site_name":"Bizzotto","article_modified_time":"2026-03-18T15:32:28+00:00","og_image":[{"width":1920,"height":844,"url":"https:\/\/www.bizzotto.com\/wp-content\/uploads\/2026\/03\/0663424.jpg","type":"image\/jpeg"}],"twitter_card":"summary_large_image","schema":{"@context":"https:\/\/schema.org","@graph":[{"@type":"WebPage","@id":"https:\/\/www.bizzotto.com\/es\/productos\/muebles-de-jardin\/mesas-y-sets-de-exterior\/conjuntos-relax-de-exterior\/set2-sofa-esq-c-coj-infinity-blanco-wg2","url":"https:\/\/www.bizzotto.com\/es\/productos\/muebles-de-jardin\/mesas-y-sets-de-exterior\/conjuntos-relax-de-exterior\/set2-sofa-esq-c-coj-infinity-blanco-wg2","name":"SET2 SOF\u00c1 ESQ. C-COJ INFINITY BLANCO WG2 - Bizzotto","isPartOf":{"@id":"https:\/\/www.bizzotto.com\/es#website"},"primaryImageOfPage":{"@id":"https:\/\/www.bizzotto.com\/es\/productos\/muebles-de-jardin\/mesas-y-sets-de-exterior\/conjuntos-relax-de-exterior\/set2-sofa-esq-c-coj-infinity-blanco-wg2#primaryimage"},"image":{"@id":"https:\/\/www.bizzotto.com\/es\/productos\/muebles-de-jardin\/mesas-y-sets-de-exterior\/conjuntos-relax-de-exterior\/set2-sofa-esq-c-coj-infinity-blanco-wg2#primaryimage"},"thumbnailUrl":"https:\/\/www.bizzotto.com\/wp-content\/uploads\/2026\/03\/0663424.jpg","datePublished":"2026-03-18T15:32:27+00:00","dateModified":"2026-03-18T15:32:28+00:00","breadcrumb":{"@id":"https:\/\/www.bizzotto.com\/es\/productos\/muebles-de-jardin\/mesas-y-sets-de-exterior\/conjuntos-relax-de-exterior\/set2-sofa-esq-c-coj-infinity-blanco-wg2#breadcrumb"},"inLanguage":"es","potentialAction":[{"@type":"ReadAction","target":["https:\/\/www.bizzotto.com\/es\/productos\/muebles-de-jardin\/mesas-y-sets-de-exterior\/conjuntos-relax-de-exterior\/set2-sofa-esq-c-coj-infinity-blanco-wg2"]}]},{"@type":"ImageObject","inLanguage":"es","@id":"https:\/\/www.bizzotto.com\/es\/productos\/muebles-de-jardin\/mesas-y-sets-de-exterior\/conjuntos-relax-de-exterior\/set2-sofa-esq-c-coj-infinity-blanco-wg2#primaryimage","url":"https:\/\/www.bizzotto.com\/wp-content\/uploads\/2026\/03\/0663424.jpg","contentUrl":"https:\/\/www.bizzotto.com\/wp-content\/uploads\/2026\/03\/0663424.jpg","width":1920,"height":844},{"@type":"BreadcrumbList","@id":"https:\/\/www.bizzotto.com\/es\/productos\/muebles-de-jardin\/mesas-y-sets-de-exterior\/conjuntos-relax-de-exterior\/set2-sofa-esq-c-coj-infinity-blanco-wg2#breadcrumb","itemListElement":[{"@type":"ListItem","position":1,"name":"Home","item":"https:\/\/www.bizzotto.com\/es"},{"@type":"ListItem","position":2,"name":"Productos","item":"https:\/\/www.bizzotto.com\/es\/productos"},{"@type":"ListItem","position":3,"name":"Muebles de jard\u00edn","item":"https:\/\/www.bizzotto.com\/es\/categoria-de-producto\/muebles-de-jardin"},{"@type":"ListItem","position":4,"name":"Mesas y sets de exterior","item":"https:\/\/www.bizzotto.com\/es\/categoria-de-producto\/muebles-de-jardin\/mesas-y-sets-de-exterior"},{"@type":"ListItem","position":5,"name":"Conjuntos relax de exterior","item":"https:\/\/www.bizzotto.com\/es\/categoria-de-producto\/muebles-de-jardin\/mesas-y-sets-de-exterior\/conjuntos-relax-de-exterior"},{"@type":"ListItem","position":6,"name":"SET2 SOF\u00c1 ESQ. C-COJ INFINITY BLANCO WG2"}]},{"@type":"WebSite","@id":"https:\/\/www.bizzotto.com\/es#website","url":"https:\/\/www.bizzotto.com\/es","name":"Bizzotto","description":"","potentialAction":[{"@type":"SearchAction","target":{"@type":"EntryPoint","urlTemplate":"https:\/\/www.bizzotto.com\/es?s={search_term_string}"},"query-input":{"@type":"PropertyValueSpecification","valueRequired":true,"valueName":"search_term_string"}}],"inLanguage":"es"}]}},"_links":{"self":[{"href":"https:\/\/www.bizzotto.com\/es\/wp-json\/wp\/v2\/product\/38018","targetHints":{"allow":["GET"]}}],"collection":[{"href":"https:\/\/www.bizzotto.com\/es\/wp-json\/wp\/v2\/product"}],"about":[{"href":"https:\/\/www.bizzotto.com\/es\/wp-json\/wp\/v2\/types\/product"}],"replies":[{"embeddable":true,"href":"https:\/\/www.bizzotto.com\/es\/wp-json\/wp\/v2\/comments?post=38018"}],"wp:featuredmedia":[{"embeddable":true,"href":"https:\/\/www.bizzotto.com\/es\/wp-json\/wp\/v2\/media\/37885"}],"wp:attachment":[{"href":"https:\/\/www.bizzotto.com\/es\/wp-json\/wp\/v2\/media?parent=38018"}],"wp:term":[{"taxonomy":"codifica-stile","embeddable":true,"href":"https:\/\/www.bizzotto.com\/es\/wp-json\/wp\/v2\/codifica-stile?post=38018"},{"taxonomy":"divisione","embeddable":true,"href":"https:\/\/www.bizzotto.com\/es\/wp-json\/wp\/v2\/divisione?post=38018"},{"taxonomy":"novita","embeddable":true,"href":"https:\/\/www.bizzotto.com\/es\/wp-json\/wp\/v2\/novita?post=38018"},{"taxonomy":"stile","embeddable":true,"href":"https:\/\/www.bizzotto.com\/es\/wp-json\/wp\/v2\/stile?post=38018"},{"taxonomy":"product_brand","embeddable":true,"href":"https:\/\/www.bizzotto.com\/es\/wp-json\/wp\/v2\/product_brand?post=38018"},{"taxonomy":"product_cat","embeddable":true,"href":"https:\/\/www.bizzotto.com\/es\/wp-json\/wp\/v2\/product_cat?post=38018"},{"taxonomy":"product_tag","embeddable":true,"href":"https:\/\/www.bizzotto.com\/es\/wp-json\/wp\/v2\/product_tag?post=38018"}],"curies":[{"name":"wp","href":"https:\/\/api.w.org\/{rel}","templated":true}]}}