{"id":34093,"date":"2026-03-18T16:12:41","date_gmt":"2026-03-18T15:12:41","guid":{"rendered":"https:\/\/www.bizzotto.com\/prodotti\/sin categor\u00eda\/mesa-ext-konnor-160-240x100-rastin"},"modified":"2026-03-18T16:12:42","modified_gmt":"2026-03-18T15:12:42","slug":"mesa-ext-konnor-160-240x100-rastin","status":"publish","type":"product","link":"https:\/\/www.bizzotto.com\/es\/productos\/muebles-de-jardin\/mesas-y-sets-de-exterior\/mesas-de-jardin\/mesa-ext-konnor-160-240x100-rastin","title":{"rendered":"MESA EXT KONNOR 160-240X100 RASTIN"},"content":{"rendered":"<p>ALUMINIO BARNIZADO CON POLVO (POLI\u00c9STER). EXTENSIBLE CON APERTURA TEL\u00c9SCOPICA. TORNILLER\u00cdA DE ACERO INOXIDABLE. PATAS (2 CON RUEDAS) PARA MONTAR.<\/p>\n","protected":false},"excerpt":{"rendered":"<p>Mesa de Jard\u00edn Konnor 160-240&#215;100 rastin<\/p>\n","protected":false},"featured_media":34055,"comment_status":"open","ping_status":"closed","template":"","meta":{"_acf_changed":false},"codifica-stile":[483],"divisione":[513],"novita":[],"stile":[781],"product_brand":[61],"product_cat":[2083,2283,2285],"product_tag":[1902],"class_list":{"0":"post-34093","1":"product","2":"type-product","3":"status-publish","4":"has-post-thumbnail","6":"codifica-stile-cn","7":"divisione-bizzotto-arredo-esterno-es","8":"stile-contemporaneo","9":"product_brand-bizzotto","10":"product_cat-muebles-de-jardin","11":"product_cat-mesas-y-sets-de-exterior","12":"product_cat-mesas-de-jardin","13":"product_tag-ag-gu-ev","16":"first","17":"instock","18":"shipping-taxable","19":"purchasable","20":"product-type-simple"},"acf":[],"yoast_head":"<!-- This site is optimized with the Yoast SEO plugin v26.6 - https:\/\/yoast.com\/wordpress\/plugins\/seo\/ -->\n<title>MESA EXT KONNOR 160-240X100 RASTIN - Bizzotto<\/title>\n<meta name=\"robots\" content=\"index, follow, max-snippet:-1, max-image-preview:large, max-video-preview:-1\" \/>\n<link rel=\"canonical\" href=\"https:\/\/www.bizzotto.com\/es\/productos\/muebles-de-jardin\/mesas-y-sets-de-exterior\/mesas-de-jardin\/mesa-ext-konnor-160-240x100-rastin\" \/>\n<meta property=\"og:locale\" content=\"es_ES\" \/>\n<meta property=\"og:type\" content=\"article\" \/>\n<meta property=\"og:title\" content=\"MESA EXT KONNOR 160-240X100 RASTIN - Bizzotto\" \/>\n<meta property=\"og:description\" content=\"Mesa de Jard\u00edn Konnor 160-240x100 rastin\" \/>\n<meta property=\"og:url\" content=\"https:\/\/www.bizzotto.com\/es\/productos\/muebles-de-jardin\/mesas-y-sets-de-exterior\/mesas-de-jardin\/mesa-ext-konnor-160-240x100-rastin\" \/>\n<meta property=\"og:site_name\" content=\"Bizzotto\" \/>\n<meta property=\"article:modified_time\" content=\"2026-03-18T15:12:42+00:00\" \/>\n<meta property=\"og:image\" content=\"https:\/\/www.bizzotto.com\/wp-content\/uploads\/2026\/03\/0662720.jpg\" \/>\n\t<meta property=\"og:image:width\" content=\"1747\" \/>\n\t<meta property=\"og:image:height\" content=\"1080\" \/>\n\t<meta property=\"og:image:type\" content=\"image\/jpeg\" \/>\n<meta name=\"twitter:card\" content=\"summary_large_image\" \/>\n<script type=\"application\/ld+json\" class=\"yoast-schema-graph\">{\"@context\":\"https:\/\/schema.org\",\"@graph\":[{\"@type\":\"WebPage\",\"@id\":\"https:\/\/www.bizzotto.com\/es\/productos\/muebles-de-jardin\/mesas-y-sets-de-exterior\/mesas-de-jardin\/mesa-ext-konnor-160-240x100-rastin\",\"url\":\"https:\/\/www.bizzotto.com\/es\/productos\/muebles-de-jardin\/mesas-y-sets-de-exterior\/mesas-de-jardin\/mesa-ext-konnor-160-240x100-rastin\",\"name\":\"MESA EXT KONNOR 160-240X100 RASTIN - Bizzotto\",\"isPartOf\":{\"@id\":\"https:\/\/www.bizzotto.com\/es#website\"},\"primaryImageOfPage\":{\"@id\":\"https:\/\/www.bizzotto.com\/es\/productos\/muebles-de-jardin\/mesas-y-sets-de-exterior\/mesas-de-jardin\/mesa-ext-konnor-160-240x100-rastin#primaryimage\"},\"image\":{\"@id\":\"https:\/\/www.bizzotto.com\/es\/productos\/muebles-de-jardin\/mesas-y-sets-de-exterior\/mesas-de-jardin\/mesa-ext-konnor-160-240x100-rastin#primaryimage\"},\"thumbnailUrl\":\"https:\/\/www.bizzotto.com\/wp-content\/uploads\/2026\/03\/0662720.jpg\",\"datePublished\":\"2026-03-18T15:12:41+00:00\",\"dateModified\":\"2026-03-18T15:12:42+00:00\",\"breadcrumb\":{\"@id\":\"https:\/\/www.bizzotto.com\/es\/productos\/muebles-de-jardin\/mesas-y-sets-de-exterior\/mesas-de-jardin\/mesa-ext-konnor-160-240x100-rastin#breadcrumb\"},\"inLanguage\":\"es\",\"potentialAction\":[{\"@type\":\"ReadAction\",\"target\":[\"https:\/\/www.bizzotto.com\/es\/productos\/muebles-de-jardin\/mesas-y-sets-de-exterior\/mesas-de-jardin\/mesa-ext-konnor-160-240x100-rastin\"]}]},{\"@type\":\"ImageObject\",\"inLanguage\":\"es\",\"@id\":\"https:\/\/www.bizzotto.com\/es\/productos\/muebles-de-jardin\/mesas-y-sets-de-exterior\/mesas-de-jardin\/mesa-ext-konnor-160-240x100-rastin#primaryimage\",\"url\":\"https:\/\/www.bizzotto.com\/wp-content\/uploads\/2026\/03\/0662720.jpg\",\"contentUrl\":\"https:\/\/www.bizzotto.com\/wp-content\/uploads\/2026\/03\/0662720.jpg\",\"width\":1747,\"height\":1080},{\"@type\":\"BreadcrumbList\",\"@id\":\"https:\/\/www.bizzotto.com\/es\/productos\/muebles-de-jardin\/mesas-y-sets-de-exterior\/mesas-de-jardin\/mesa-ext-konnor-160-240x100-rastin#breadcrumb\",\"itemListElement\":[{\"@type\":\"ListItem\",\"position\":1,\"name\":\"Home\",\"item\":\"https:\/\/www.bizzotto.com\/es\"},{\"@type\":\"ListItem\",\"position\":2,\"name\":\"Productos\",\"item\":\"https:\/\/www.bizzotto.com\/es\/productos\"},{\"@type\":\"ListItem\",\"position\":3,\"name\":\"Muebles de jard\u00edn\",\"item\":\"https:\/\/www.bizzotto.com\/es\/categoria-de-producto\/muebles-de-jardin\"},{\"@type\":\"ListItem\",\"position\":4,\"name\":\"Mesas y sets de exterior\",\"item\":\"https:\/\/www.bizzotto.com\/es\/categoria-de-producto\/muebles-de-jardin\/mesas-y-sets-de-exterior\"},{\"@type\":\"ListItem\",\"position\":5,\"name\":\"Mesas de jard\u00edn\",\"item\":\"https:\/\/www.bizzotto.com\/es\/categoria-de-producto\/muebles-de-jardin\/mesas-y-sets-de-exterior\/mesas-de-jardin\"},{\"@type\":\"ListItem\",\"position\":6,\"name\":\"MESA EXT KONNOR 160-240X100 RASTIN\"}]},{\"@type\":\"WebSite\",\"@id\":\"https:\/\/www.bizzotto.com\/es#website\",\"url\":\"https:\/\/www.bizzotto.com\/es\",\"name\":\"Bizzotto\",\"description\":\"\",\"potentialAction\":[{\"@type\":\"SearchAction\",\"target\":{\"@type\":\"EntryPoint\",\"urlTemplate\":\"https:\/\/www.bizzotto.com\/es?s={search_term_string}\"},\"query-input\":{\"@type\":\"PropertyValueSpecification\",\"valueRequired\":true,\"valueName\":\"search_term_string\"}}],\"inLanguage\":\"es\"}]}<\/script>\n<!-- \/ Yoast SEO plugin. -->","yoast_head_json":{"title":"MESA EXT KONNOR 160-240X100 RASTIN - Bizzotto","robots":{"index":"index","follow":"follow","max-snippet":"max-snippet:-1","max-image-preview":"max-image-preview:large","max-video-preview":"max-video-preview:-1"},"canonical":"https:\/\/www.bizzotto.com\/es\/productos\/muebles-de-jardin\/mesas-y-sets-de-exterior\/mesas-de-jardin\/mesa-ext-konnor-160-240x100-rastin","og_locale":"es_ES","og_type":"article","og_title":"MESA EXT KONNOR 160-240X100 RASTIN - Bizzotto","og_description":"Mesa de Jard\u00edn Konnor 160-240x100 rastin","og_url":"https:\/\/www.bizzotto.com\/es\/productos\/muebles-de-jardin\/mesas-y-sets-de-exterior\/mesas-de-jardin\/mesa-ext-konnor-160-240x100-rastin","og_site_name":"Bizzotto","article_modified_time":"2026-03-18T15:12:42+00:00","og_image":[{"width":1747,"height":1080,"url":"https:\/\/www.bizzotto.com\/wp-content\/uploads\/2026\/03\/0662720.jpg","type":"image\/jpeg"}],"twitter_card":"summary_large_image","schema":{"@context":"https:\/\/schema.org","@graph":[{"@type":"WebPage","@id":"https:\/\/www.bizzotto.com\/es\/productos\/muebles-de-jardin\/mesas-y-sets-de-exterior\/mesas-de-jardin\/mesa-ext-konnor-160-240x100-rastin","url":"https:\/\/www.bizzotto.com\/es\/productos\/muebles-de-jardin\/mesas-y-sets-de-exterior\/mesas-de-jardin\/mesa-ext-konnor-160-240x100-rastin","name":"MESA EXT KONNOR 160-240X100 RASTIN - Bizzotto","isPartOf":{"@id":"https:\/\/www.bizzotto.com\/es#website"},"primaryImageOfPage":{"@id":"https:\/\/www.bizzotto.com\/es\/productos\/muebles-de-jardin\/mesas-y-sets-de-exterior\/mesas-de-jardin\/mesa-ext-konnor-160-240x100-rastin#primaryimage"},"image":{"@id":"https:\/\/www.bizzotto.com\/es\/productos\/muebles-de-jardin\/mesas-y-sets-de-exterior\/mesas-de-jardin\/mesa-ext-konnor-160-240x100-rastin#primaryimage"},"thumbnailUrl":"https:\/\/www.bizzotto.com\/wp-content\/uploads\/2026\/03\/0662720.jpg","datePublished":"2026-03-18T15:12:41+00:00","dateModified":"2026-03-18T15:12:42+00:00","breadcrumb":{"@id":"https:\/\/www.bizzotto.com\/es\/productos\/muebles-de-jardin\/mesas-y-sets-de-exterior\/mesas-de-jardin\/mesa-ext-konnor-160-240x100-rastin#breadcrumb"},"inLanguage":"es","potentialAction":[{"@type":"ReadAction","target":["https:\/\/www.bizzotto.com\/es\/productos\/muebles-de-jardin\/mesas-y-sets-de-exterior\/mesas-de-jardin\/mesa-ext-konnor-160-240x100-rastin"]}]},{"@type":"ImageObject","inLanguage":"es","@id":"https:\/\/www.bizzotto.com\/es\/productos\/muebles-de-jardin\/mesas-y-sets-de-exterior\/mesas-de-jardin\/mesa-ext-konnor-160-240x100-rastin#primaryimage","url":"https:\/\/www.bizzotto.com\/wp-content\/uploads\/2026\/03\/0662720.jpg","contentUrl":"https:\/\/www.bizzotto.com\/wp-content\/uploads\/2026\/03\/0662720.jpg","width":1747,"height":1080},{"@type":"BreadcrumbList","@id":"https:\/\/www.bizzotto.com\/es\/productos\/muebles-de-jardin\/mesas-y-sets-de-exterior\/mesas-de-jardin\/mesa-ext-konnor-160-240x100-rastin#breadcrumb","itemListElement":[{"@type":"ListItem","position":1,"name":"Home","item":"https:\/\/www.bizzotto.com\/es"},{"@type":"ListItem","position":2,"name":"Productos","item":"https:\/\/www.bizzotto.com\/es\/productos"},{"@type":"ListItem","position":3,"name":"Muebles de jard\u00edn","item":"https:\/\/www.bizzotto.com\/es\/categoria-de-producto\/muebles-de-jardin"},{"@type":"ListItem","position":4,"name":"Mesas y sets de exterior","item":"https:\/\/www.bizzotto.com\/es\/categoria-de-producto\/muebles-de-jardin\/mesas-y-sets-de-exterior"},{"@type":"ListItem","position":5,"name":"Mesas de jard\u00edn","item":"https:\/\/www.bizzotto.com\/es\/categoria-de-producto\/muebles-de-jardin\/mesas-y-sets-de-exterior\/mesas-de-jardin"},{"@type":"ListItem","position":6,"name":"MESA EXT KONNOR 160-240X100 RASTIN"}]},{"@type":"WebSite","@id":"https:\/\/www.bizzotto.com\/es#website","url":"https:\/\/www.bizzotto.com\/es","name":"Bizzotto","description":"","potentialAction":[{"@type":"SearchAction","target":{"@type":"EntryPoint","urlTemplate":"https:\/\/www.bizzotto.com\/es?s={search_term_string}"},"query-input":{"@type":"PropertyValueSpecification","valueRequired":true,"valueName":"search_term_string"}}],"inLanguage":"es"}]}},"_links":{"self":[{"href":"https:\/\/www.bizzotto.com\/es\/wp-json\/wp\/v2\/product\/34093","targetHints":{"allow":["GET"]}}],"collection":[{"href":"https:\/\/www.bizzotto.com\/es\/wp-json\/wp\/v2\/product"}],"about":[{"href":"https:\/\/www.bizzotto.com\/es\/wp-json\/wp\/v2\/types\/product"}],"replies":[{"embeddable":true,"href":"https:\/\/www.bizzotto.com\/es\/wp-json\/wp\/v2\/comments?post=34093"}],"wp:featuredmedia":[{"embeddable":true,"href":"https:\/\/www.bizzotto.com\/es\/wp-json\/wp\/v2\/media\/34055"}],"wp:attachment":[{"href":"https:\/\/www.bizzotto.com\/es\/wp-json\/wp\/v2\/media?parent=34093"}],"wp:term":[{"taxonomy":"codifica-stile","embeddable":true,"href":"https:\/\/www.bizzotto.com\/es\/wp-json\/wp\/v2\/codifica-stile?post=34093"},{"taxonomy":"divisione","embeddable":true,"href":"https:\/\/www.bizzotto.com\/es\/wp-json\/wp\/v2\/divisione?post=34093"},{"taxonomy":"novita","embeddable":true,"href":"https:\/\/www.bizzotto.com\/es\/wp-json\/wp\/v2\/novita?post=34093"},{"taxonomy":"stile","embeddable":true,"href":"https:\/\/www.bizzotto.com\/es\/wp-json\/wp\/v2\/stile?post=34093"},{"taxonomy":"product_brand","embeddable":true,"href":"https:\/\/www.bizzotto.com\/es\/wp-json\/wp\/v2\/product_brand?post=34093"},{"taxonomy":"product_cat","embeddable":true,"href":"https:\/\/www.bizzotto.com\/es\/wp-json\/wp\/v2\/product_cat?post=34093"},{"taxonomy":"product_tag","embeddable":true,"href":"https:\/\/www.bizzotto.com\/es\/wp-json\/wp\/v2\/product_tag?post=34093"}],"curies":[{"name":"wp","href":"https:\/\/api.w.org\/{rel}","templated":true}]}}