{"id":33608,"date":"2026-03-18T16:10:19","date_gmt":"2026-03-18T15:10:19","guid":{"rendered":"https:\/\/www.bizzotto.com\/prodotti\/sin categor\u00eda\/sillon-giratorio-c-coj-palawan-light"},"modified":"2026-03-18T16:10:20","modified_gmt":"2026-03-18T15:10:20","slug":"sillon-giratorio-c-coj-palawan-light","status":"publish","type":"product","link":"https:\/\/www.bizzotto.com\/es\/productos\/muebles-de-jardin\/asientos-de-exterior\/sillones-de-jardin\/sillon-giratorio-c-coj-palawan-light","title":{"rendered":"SILL\u00d3N GIRATORIO C-COJ PALAWAN LIGHT"},"content":{"rendered":"<p>ESTRUCTURA DE ACERO TRATADA PARA EXTERIOR MEDIANTE FOSFATADO Y BARNIZADO CON POLVO (POLI\u00c9STER). TRENZADO DE FIBRA SINTETICA (REDONDA 5MM). COJIN NO DESENFUNDABLE CON TEJIDO REPELENTE AL AGUA DE POLI\u00c9STER. CAPACIDAD M\u00c1XIMA: 130KG. BASE GIRATORIA. PARA MONTAR.<\/p>\n","protected":false},"excerpt":{"rendered":"<p>Sill\u00f3n de Jard\u00edn Palawan light<\/p>\n","protected":false},"featured_media":33575,"comment_status":"open","ping_status":"closed","template":"","meta":{"_acf_changed":false},"codifica-stile":[485],"divisione":[513],"novita":[494],"stile":[782],"product_brand":[61],"product_cat":[2083,2276,2279],"product_tag":[1909],"class_list":{"0":"post-33608","1":"product","2":"type-product","3":"status-publish","4":"has-post-thumbnail","6":"codifica-stile-es","7":"divisione-bizzotto-arredo-esterno-es","8":"novita-new","9":"stile-organico","10":"product_brand-bizzotto","11":"product_cat-muebles-de-jardin","12":"product_cat-asientos-de-exterior","13":"product_cat-sillones-de-jardin","14":"product_tag-ag-gp-vs","17":"first","18":"instock","19":"shipping-taxable","20":"purchasable","21":"product-type-simple"},"acf":[],"yoast_head":"<!-- This site is optimized with the Yoast SEO plugin v26.6 - https:\/\/yoast.com\/wordpress\/plugins\/seo\/ -->\n<title>SILL\u00d3N GIRATORIO C-COJ PALAWAN LIGHT - Bizzotto<\/title>\n<meta name=\"robots\" content=\"index, follow, max-snippet:-1, max-image-preview:large, max-video-preview:-1\" \/>\n<link rel=\"canonical\" href=\"https:\/\/www.bizzotto.com\/es\/productos\/muebles-de-jardin\/asientos-de-exterior\/sillones-de-jardin\/sillon-giratorio-c-coj-palawan-light\" \/>\n<meta property=\"og:locale\" content=\"es_ES\" \/>\n<meta property=\"og:type\" content=\"article\" \/>\n<meta property=\"og:title\" content=\"SILL\u00d3N GIRATORIO C-COJ PALAWAN LIGHT - Bizzotto\" \/>\n<meta property=\"og:description\" content=\"Sill\u00f3n de Jard\u00edn Palawan light\" \/>\n<meta property=\"og:url\" content=\"https:\/\/www.bizzotto.com\/es\/productos\/muebles-de-jardin\/asientos-de-exterior\/sillones-de-jardin\/sillon-giratorio-c-coj-palawan-light\" \/>\n<meta property=\"og:site_name\" content=\"Bizzotto\" \/>\n<meta property=\"article:modified_time\" content=\"2026-03-18T15:10:20+00:00\" \/>\n<meta property=\"og:image\" content=\"https:\/\/www.bizzotto.com\/wp-content\/uploads\/2026\/03\/0661798.jpg\" \/>\n\t<meta property=\"og:image:width\" content=\"720\" \/>\n\t<meta property=\"og:image:height\" content=\"1080\" \/>\n\t<meta property=\"og:image:type\" content=\"image\/jpeg\" \/>\n<meta name=\"twitter:card\" content=\"summary_large_image\" \/>\n<script type=\"application\/ld+json\" class=\"yoast-schema-graph\">{\"@context\":\"https:\/\/schema.org\",\"@graph\":[{\"@type\":\"WebPage\",\"@id\":\"https:\/\/www.bizzotto.com\/es\/productos\/muebles-de-jardin\/asientos-de-exterior\/sillones-de-jardin\/sillon-giratorio-c-coj-palawan-light\",\"url\":\"https:\/\/www.bizzotto.com\/es\/productos\/muebles-de-jardin\/asientos-de-exterior\/sillones-de-jardin\/sillon-giratorio-c-coj-palawan-light\",\"name\":\"SILL\u00d3N GIRATORIO C-COJ PALAWAN LIGHT - Bizzotto\",\"isPartOf\":{\"@id\":\"https:\/\/www.bizzotto.com\/es#website\"},\"primaryImageOfPage\":{\"@id\":\"https:\/\/www.bizzotto.com\/es\/productos\/muebles-de-jardin\/asientos-de-exterior\/sillones-de-jardin\/sillon-giratorio-c-coj-palawan-light#primaryimage\"},\"image\":{\"@id\":\"https:\/\/www.bizzotto.com\/es\/productos\/muebles-de-jardin\/asientos-de-exterior\/sillones-de-jardin\/sillon-giratorio-c-coj-palawan-light#primaryimage\"},\"thumbnailUrl\":\"https:\/\/www.bizzotto.com\/wp-content\/uploads\/2026\/03\/0661798.jpg\",\"datePublished\":\"2026-03-18T15:10:19+00:00\",\"dateModified\":\"2026-03-18T15:10:20+00:00\",\"breadcrumb\":{\"@id\":\"https:\/\/www.bizzotto.com\/es\/productos\/muebles-de-jardin\/asientos-de-exterior\/sillones-de-jardin\/sillon-giratorio-c-coj-palawan-light#breadcrumb\"},\"inLanguage\":\"es\",\"potentialAction\":[{\"@type\":\"ReadAction\",\"target\":[\"https:\/\/www.bizzotto.com\/es\/productos\/muebles-de-jardin\/asientos-de-exterior\/sillones-de-jardin\/sillon-giratorio-c-coj-palawan-light\"]}]},{\"@type\":\"ImageObject\",\"inLanguage\":\"es\",\"@id\":\"https:\/\/www.bizzotto.com\/es\/productos\/muebles-de-jardin\/asientos-de-exterior\/sillones-de-jardin\/sillon-giratorio-c-coj-palawan-light#primaryimage\",\"url\":\"https:\/\/www.bizzotto.com\/wp-content\/uploads\/2026\/03\/0661798.jpg\",\"contentUrl\":\"https:\/\/www.bizzotto.com\/wp-content\/uploads\/2026\/03\/0661798.jpg\",\"width\":720,\"height\":1080},{\"@type\":\"BreadcrumbList\",\"@id\":\"https:\/\/www.bizzotto.com\/es\/productos\/muebles-de-jardin\/asientos-de-exterior\/sillones-de-jardin\/sillon-giratorio-c-coj-palawan-light#breadcrumb\",\"itemListElement\":[{\"@type\":\"ListItem\",\"position\":1,\"name\":\"Home\",\"item\":\"https:\/\/www.bizzotto.com\/es\"},{\"@type\":\"ListItem\",\"position\":2,\"name\":\"Productos\",\"item\":\"https:\/\/www.bizzotto.com\/es\/productos\"},{\"@type\":\"ListItem\",\"position\":3,\"name\":\"Muebles de jard\u00edn\",\"item\":\"https:\/\/www.bizzotto.com\/es\/categoria-de-producto\/muebles-de-jardin\"},{\"@type\":\"ListItem\",\"position\":4,\"name\":\"Asientos de exterior\",\"item\":\"https:\/\/www.bizzotto.com\/es\/categoria-de-producto\/muebles-de-jardin\/asientos-de-exterior\"},{\"@type\":\"ListItem\",\"position\":5,\"name\":\"Sillones de jard\u00edn\",\"item\":\"https:\/\/www.bizzotto.com\/es\/categoria-de-producto\/muebles-de-jardin\/asientos-de-exterior\/sillones-de-jardin\"},{\"@type\":\"ListItem\",\"position\":6,\"name\":\"SILL\u00d3N GIRATORIO C-COJ PALAWAN LIGHT\"}]},{\"@type\":\"WebSite\",\"@id\":\"https:\/\/www.bizzotto.com\/es#website\",\"url\":\"https:\/\/www.bizzotto.com\/es\",\"name\":\"Bizzotto\",\"description\":\"\",\"potentialAction\":[{\"@type\":\"SearchAction\",\"target\":{\"@type\":\"EntryPoint\",\"urlTemplate\":\"https:\/\/www.bizzotto.com\/es?s={search_term_string}\"},\"query-input\":{\"@type\":\"PropertyValueSpecification\",\"valueRequired\":true,\"valueName\":\"search_term_string\"}}],\"inLanguage\":\"es\"}]}<\/script>\n<!-- \/ Yoast SEO plugin. -->","yoast_head_json":{"title":"SILL\u00d3N GIRATORIO C-COJ PALAWAN LIGHT - Bizzotto","robots":{"index":"index","follow":"follow","max-snippet":"max-snippet:-1","max-image-preview":"max-image-preview:large","max-video-preview":"max-video-preview:-1"},"canonical":"https:\/\/www.bizzotto.com\/es\/productos\/muebles-de-jardin\/asientos-de-exterior\/sillones-de-jardin\/sillon-giratorio-c-coj-palawan-light","og_locale":"es_ES","og_type":"article","og_title":"SILL\u00d3N GIRATORIO C-COJ PALAWAN LIGHT - Bizzotto","og_description":"Sill\u00f3n de Jard\u00edn Palawan light","og_url":"https:\/\/www.bizzotto.com\/es\/productos\/muebles-de-jardin\/asientos-de-exterior\/sillones-de-jardin\/sillon-giratorio-c-coj-palawan-light","og_site_name":"Bizzotto","article_modified_time":"2026-03-18T15:10:20+00:00","og_image":[{"width":720,"height":1080,"url":"https:\/\/www.bizzotto.com\/wp-content\/uploads\/2026\/03\/0661798.jpg","type":"image\/jpeg"}],"twitter_card":"summary_large_image","schema":{"@context":"https:\/\/schema.org","@graph":[{"@type":"WebPage","@id":"https:\/\/www.bizzotto.com\/es\/productos\/muebles-de-jardin\/asientos-de-exterior\/sillones-de-jardin\/sillon-giratorio-c-coj-palawan-light","url":"https:\/\/www.bizzotto.com\/es\/productos\/muebles-de-jardin\/asientos-de-exterior\/sillones-de-jardin\/sillon-giratorio-c-coj-palawan-light","name":"SILL\u00d3N GIRATORIO C-COJ PALAWAN LIGHT - Bizzotto","isPartOf":{"@id":"https:\/\/www.bizzotto.com\/es#website"},"primaryImageOfPage":{"@id":"https:\/\/www.bizzotto.com\/es\/productos\/muebles-de-jardin\/asientos-de-exterior\/sillones-de-jardin\/sillon-giratorio-c-coj-palawan-light#primaryimage"},"image":{"@id":"https:\/\/www.bizzotto.com\/es\/productos\/muebles-de-jardin\/asientos-de-exterior\/sillones-de-jardin\/sillon-giratorio-c-coj-palawan-light#primaryimage"},"thumbnailUrl":"https:\/\/www.bizzotto.com\/wp-content\/uploads\/2026\/03\/0661798.jpg","datePublished":"2026-03-18T15:10:19+00:00","dateModified":"2026-03-18T15:10:20+00:00","breadcrumb":{"@id":"https:\/\/www.bizzotto.com\/es\/productos\/muebles-de-jardin\/asientos-de-exterior\/sillones-de-jardin\/sillon-giratorio-c-coj-palawan-light#breadcrumb"},"inLanguage":"es","potentialAction":[{"@type":"ReadAction","target":["https:\/\/www.bizzotto.com\/es\/productos\/muebles-de-jardin\/asientos-de-exterior\/sillones-de-jardin\/sillon-giratorio-c-coj-palawan-light"]}]},{"@type":"ImageObject","inLanguage":"es","@id":"https:\/\/www.bizzotto.com\/es\/productos\/muebles-de-jardin\/asientos-de-exterior\/sillones-de-jardin\/sillon-giratorio-c-coj-palawan-light#primaryimage","url":"https:\/\/www.bizzotto.com\/wp-content\/uploads\/2026\/03\/0661798.jpg","contentUrl":"https:\/\/www.bizzotto.com\/wp-content\/uploads\/2026\/03\/0661798.jpg","width":720,"height":1080},{"@type":"BreadcrumbList","@id":"https:\/\/www.bizzotto.com\/es\/productos\/muebles-de-jardin\/asientos-de-exterior\/sillones-de-jardin\/sillon-giratorio-c-coj-palawan-light#breadcrumb","itemListElement":[{"@type":"ListItem","position":1,"name":"Home","item":"https:\/\/www.bizzotto.com\/es"},{"@type":"ListItem","position":2,"name":"Productos","item":"https:\/\/www.bizzotto.com\/es\/productos"},{"@type":"ListItem","position":3,"name":"Muebles de jard\u00edn","item":"https:\/\/www.bizzotto.com\/es\/categoria-de-producto\/muebles-de-jardin"},{"@type":"ListItem","position":4,"name":"Asientos de exterior","item":"https:\/\/www.bizzotto.com\/es\/categoria-de-producto\/muebles-de-jardin\/asientos-de-exterior"},{"@type":"ListItem","position":5,"name":"Sillones de jard\u00edn","item":"https:\/\/www.bizzotto.com\/es\/categoria-de-producto\/muebles-de-jardin\/asientos-de-exterior\/sillones-de-jardin"},{"@type":"ListItem","position":6,"name":"SILL\u00d3N GIRATORIO C-COJ PALAWAN LIGHT"}]},{"@type":"WebSite","@id":"https:\/\/www.bizzotto.com\/es#website","url":"https:\/\/www.bizzotto.com\/es","name":"Bizzotto","description":"","potentialAction":[{"@type":"SearchAction","target":{"@type":"EntryPoint","urlTemplate":"https:\/\/www.bizzotto.com\/es?s={search_term_string}"},"query-input":{"@type":"PropertyValueSpecification","valueRequired":true,"valueName":"search_term_string"}}],"inLanguage":"es"}]}},"_links":{"self":[{"href":"https:\/\/www.bizzotto.com\/es\/wp-json\/wp\/v2\/product\/33608","targetHints":{"allow":["GET"]}}],"collection":[{"href":"https:\/\/www.bizzotto.com\/es\/wp-json\/wp\/v2\/product"}],"about":[{"href":"https:\/\/www.bizzotto.com\/es\/wp-json\/wp\/v2\/types\/product"}],"replies":[{"embeddable":true,"href":"https:\/\/www.bizzotto.com\/es\/wp-json\/wp\/v2\/comments?post=33608"}],"wp:featuredmedia":[{"embeddable":true,"href":"https:\/\/www.bizzotto.com\/es\/wp-json\/wp\/v2\/media\/33575"}],"wp:attachment":[{"href":"https:\/\/www.bizzotto.com\/es\/wp-json\/wp\/v2\/media?parent=33608"}],"wp:term":[{"taxonomy":"codifica-stile","embeddable":true,"href":"https:\/\/www.bizzotto.com\/es\/wp-json\/wp\/v2\/codifica-stile?post=33608"},{"taxonomy":"divisione","embeddable":true,"href":"https:\/\/www.bizzotto.com\/es\/wp-json\/wp\/v2\/divisione?post=33608"},{"taxonomy":"novita","embeddable":true,"href":"https:\/\/www.bizzotto.com\/es\/wp-json\/wp\/v2\/novita?post=33608"},{"taxonomy":"stile","embeddable":true,"href":"https:\/\/www.bizzotto.com\/es\/wp-json\/wp\/v2\/stile?post=33608"},{"taxonomy":"product_brand","embeddable":true,"href":"https:\/\/www.bizzotto.com\/es\/wp-json\/wp\/v2\/product_brand?post=33608"},{"taxonomy":"product_cat","embeddable":true,"href":"https:\/\/www.bizzotto.com\/es\/wp-json\/wp\/v2\/product_cat?post=33608"},{"taxonomy":"product_tag","embeddable":true,"href":"https:\/\/www.bizzotto.com\/es\/wp-json\/wp\/v2\/product_tag?post=33608"}],"curies":[{"name":"wp","href":"https:\/\/api.w.org\/{rel}","templated":true}]}}