{"id":21568,"date":"2026-03-18T11:03:46","date_gmt":"2026-03-18T10:03:46","guid":{"rendered":"https:\/\/www.bizzotto.com\/prodotti\/sin categor\u00eda\/difusor-fragan-granada-y-melocoton-100ml"},"modified":"2026-03-18T11:03:52","modified_gmt":"2026-03-18T10:03:52","slug":"difusor-fragan-granada-y-melocoton-100ml","status":"publish","type":"product","link":"https:\/\/www.bizzotto.com\/es\/productos\/decoracion-textil-e-iluminacion\/decoracion-del-hogar\/ambientadores\/difusor-fragan-granada-y-melocoton-100ml","title":{"rendered":"DIFUSOR FRAGAN GRANADA Y MELOCOT\u00d3N 100ML"},"content":{"rendered":"<p>GRANADA Y MELOCOT\u00d3N FRAGANCIA PARA AMBIENTE CON 6 PALITOS NEGROS (H 30 CM). PERFUME PERTENECIENTE A LA FAMILIA DE LAS AFRUTADAS. BOTELLA DE CRISTAL, FORMATO 100 ML. TAPA EN PL\u00c1STICO Y TAPA DECORATIVA EN MADERA NEGRA. \u00c1REA DE COBERTURA 20 MQ. MEZCLA ENERGICA DE FRUTAS MEDITERR\u00c1NEAS Y EX\u00d3TICAS. FRAGANCIA RECOMENDADA PARA LA COCINA Y EL SAL\u00d3N. L\u00cdQUIDO Y VAPORES F\u00c1CILMENTE INFLAMABLES.<\/p>\n","protected":false},"excerpt":{"rendered":"<p>Difusor granada\/Pesca 100 ml<\/p>\n","protected":false},"featured_media":21559,"comment_status":"open","ping_status":"closed","template":"","meta":{"_acf_changed":false},"codifica-stile":[488],"divisione":[2428],"novita":[],"stile":[784],"product_brand":[61],"product_cat":[2305,2306,2310],"product_tag":[1982],"class_list":{"0":"post-21568","1":"product","2":"type-product","3":"status-publish","4":"has-post-thumbnail","6":"codifica-stile-in","7":"divisione-bizzotto-decorazione-es","8":"stile-industrial","9":"product_brand-bizzotto","10":"product_cat-decoracion-textil-e-iluminacion","11":"product_cat-decoracion-del-hogar","12":"product_cat-ambientadores","13":"product_tag-dc-di-kn","16":"first","17":"instock","18":"shipping-taxable","19":"purchasable","20":"product-type-simple"},"acf":[],"yoast_head":"<!-- This site is optimized with the Yoast SEO plugin v26.6 - https:\/\/yoast.com\/wordpress\/plugins\/seo\/ -->\n<title>DIFUSOR FRAGAN GRANADA Y MELOCOT\u00d3N 100ML - Bizzotto<\/title>\n<meta name=\"robots\" content=\"index, follow, max-snippet:-1, max-image-preview:large, max-video-preview:-1\" \/>\n<link rel=\"canonical\" href=\"https:\/\/www.bizzotto.com\/es\/productos\/decoracion-textil-e-iluminacion\/decoracion-del-hogar\/ambientadores\/difusor-fragan-granada-y-melocoton-100ml\" \/>\n<meta property=\"og:locale\" content=\"es_ES\" \/>\n<meta property=\"og:type\" content=\"article\" \/>\n<meta property=\"og:title\" content=\"DIFUSOR FRAGAN GRANADA Y MELOCOT\u00d3N 100ML - Bizzotto\" \/>\n<meta property=\"og:description\" content=\"Difusor granada\/Pesca 100 ml\" \/>\n<meta property=\"og:url\" content=\"https:\/\/www.bizzotto.com\/es\/productos\/decoracion-textil-e-iluminacion\/decoracion-del-hogar\/ambientadores\/difusor-fragan-granada-y-melocoton-100ml\" \/>\n<meta property=\"og:site_name\" content=\"Bizzotto\" \/>\n<meta property=\"article:modified_time\" content=\"2026-03-18T10:03:52+00:00\" \/>\n<meta property=\"og:image\" content=\"https:\/\/www.bizzotto.com\/wp-content\/uploads\/2026\/03\/0164246.jpg\" \/>\n\t<meta property=\"og:image:width\" content=\"606\" \/>\n\t<meta property=\"og:image:height\" content=\"1080\" \/>\n\t<meta property=\"og:image:type\" content=\"image\/jpeg\" \/>\n<meta name=\"twitter:card\" content=\"summary_large_image\" \/>\n<script type=\"application\/ld+json\" class=\"yoast-schema-graph\">{\"@context\":\"https:\/\/schema.org\",\"@graph\":[{\"@type\":\"WebPage\",\"@id\":\"https:\/\/www.bizzotto.com\/es\/productos\/decoracion-textil-e-iluminacion\/decoracion-del-hogar\/ambientadores\/difusor-fragan-granada-y-melocoton-100ml\",\"url\":\"https:\/\/www.bizzotto.com\/es\/productos\/decoracion-textil-e-iluminacion\/decoracion-del-hogar\/ambientadores\/difusor-fragan-granada-y-melocoton-100ml\",\"name\":\"DIFUSOR FRAGAN GRANADA Y MELOCOT\u00d3N 100ML - Bizzotto\",\"isPartOf\":{\"@id\":\"https:\/\/www.bizzotto.com\/es#website\"},\"primaryImageOfPage\":{\"@id\":\"https:\/\/www.bizzotto.com\/es\/productos\/decoracion-textil-e-iluminacion\/decoracion-del-hogar\/ambientadores\/difusor-fragan-granada-y-melocoton-100ml#primaryimage\"},\"image\":{\"@id\":\"https:\/\/www.bizzotto.com\/es\/productos\/decoracion-textil-e-iluminacion\/decoracion-del-hogar\/ambientadores\/difusor-fragan-granada-y-melocoton-100ml#primaryimage\"},\"thumbnailUrl\":\"https:\/\/www.bizzotto.com\/wp-content\/uploads\/2026\/03\/0164246.jpg\",\"datePublished\":\"2026-03-18T10:03:46+00:00\",\"dateModified\":\"2026-03-18T10:03:52+00:00\",\"breadcrumb\":{\"@id\":\"https:\/\/www.bizzotto.com\/es\/productos\/decoracion-textil-e-iluminacion\/decoracion-del-hogar\/ambientadores\/difusor-fragan-granada-y-melocoton-100ml#breadcrumb\"},\"inLanguage\":\"es\",\"potentialAction\":[{\"@type\":\"ReadAction\",\"target\":[\"https:\/\/www.bizzotto.com\/es\/productos\/decoracion-textil-e-iluminacion\/decoracion-del-hogar\/ambientadores\/difusor-fragan-granada-y-melocoton-100ml\"]}]},{\"@type\":\"ImageObject\",\"inLanguage\":\"es\",\"@id\":\"https:\/\/www.bizzotto.com\/es\/productos\/decoracion-textil-e-iluminacion\/decoracion-del-hogar\/ambientadores\/difusor-fragan-granada-y-melocoton-100ml#primaryimage\",\"url\":\"https:\/\/www.bizzotto.com\/wp-content\/uploads\/2026\/03\/0164246.jpg\",\"contentUrl\":\"https:\/\/www.bizzotto.com\/wp-content\/uploads\/2026\/03\/0164246.jpg\",\"width\":606,\"height\":1080},{\"@type\":\"BreadcrumbList\",\"@id\":\"https:\/\/www.bizzotto.com\/es\/productos\/decoracion-textil-e-iluminacion\/decoracion-del-hogar\/ambientadores\/difusor-fragan-granada-y-melocoton-100ml#breadcrumb\",\"itemListElement\":[{\"@type\":\"ListItem\",\"position\":1,\"name\":\"Home\",\"item\":\"https:\/\/www.bizzotto.com\/es\"},{\"@type\":\"ListItem\",\"position\":2,\"name\":\"Productos\",\"item\":\"https:\/\/www.bizzotto.com\/es\/productos\"},{\"@type\":\"ListItem\",\"position\":3,\"name\":\"Decoraci\u00f3n, textil e iluminaci\u00f3n\",\"item\":\"https:\/\/www.bizzotto.com\/es\/categoria-de-producto\/decoracion-textil-e-iluminacion\"},{\"@type\":\"ListItem\",\"position\":4,\"name\":\"Decoraci\u00f3n del hogar\",\"item\":\"https:\/\/www.bizzotto.com\/es\/categoria-de-producto\/decoracion-textil-e-iluminacion\/decoracion-del-hogar\"},{\"@type\":\"ListItem\",\"position\":5,\"name\":\"Ambientadores\",\"item\":\"https:\/\/www.bizzotto.com\/es\/categoria-de-producto\/decoracion-textil-e-iluminacion\/decoracion-del-hogar\/ambientadores\"},{\"@type\":\"ListItem\",\"position\":6,\"name\":\"DIFUSOR FRAGAN GRANADA Y MELOCOT\u00d3N 100ML\"}]},{\"@type\":\"WebSite\",\"@id\":\"https:\/\/www.bizzotto.com\/es#website\",\"url\":\"https:\/\/www.bizzotto.com\/es\",\"name\":\"Bizzotto\",\"description\":\"\",\"potentialAction\":[{\"@type\":\"SearchAction\",\"target\":{\"@type\":\"EntryPoint\",\"urlTemplate\":\"https:\/\/www.bizzotto.com\/es?s={search_term_string}\"},\"query-input\":{\"@type\":\"PropertyValueSpecification\",\"valueRequired\":true,\"valueName\":\"search_term_string\"}}],\"inLanguage\":\"es\"}]}<\/script>\n<!-- \/ Yoast SEO plugin. -->","yoast_head_json":{"title":"DIFUSOR FRAGAN GRANADA Y MELOCOT\u00d3N 100ML - Bizzotto","robots":{"index":"index","follow":"follow","max-snippet":"max-snippet:-1","max-image-preview":"max-image-preview:large","max-video-preview":"max-video-preview:-1"},"canonical":"https:\/\/www.bizzotto.com\/es\/productos\/decoracion-textil-e-iluminacion\/decoracion-del-hogar\/ambientadores\/difusor-fragan-granada-y-melocoton-100ml","og_locale":"es_ES","og_type":"article","og_title":"DIFUSOR FRAGAN GRANADA Y MELOCOT\u00d3N 100ML - Bizzotto","og_description":"Difusor granada\/Pesca 100 ml","og_url":"https:\/\/www.bizzotto.com\/es\/productos\/decoracion-textil-e-iluminacion\/decoracion-del-hogar\/ambientadores\/difusor-fragan-granada-y-melocoton-100ml","og_site_name":"Bizzotto","article_modified_time":"2026-03-18T10:03:52+00:00","og_image":[{"width":606,"height":1080,"url":"https:\/\/www.bizzotto.com\/wp-content\/uploads\/2026\/03\/0164246.jpg","type":"image\/jpeg"}],"twitter_card":"summary_large_image","schema":{"@context":"https:\/\/schema.org","@graph":[{"@type":"WebPage","@id":"https:\/\/www.bizzotto.com\/es\/productos\/decoracion-textil-e-iluminacion\/decoracion-del-hogar\/ambientadores\/difusor-fragan-granada-y-melocoton-100ml","url":"https:\/\/www.bizzotto.com\/es\/productos\/decoracion-textil-e-iluminacion\/decoracion-del-hogar\/ambientadores\/difusor-fragan-granada-y-melocoton-100ml","name":"DIFUSOR FRAGAN GRANADA Y MELOCOT\u00d3N 100ML - Bizzotto","isPartOf":{"@id":"https:\/\/www.bizzotto.com\/es#website"},"primaryImageOfPage":{"@id":"https:\/\/www.bizzotto.com\/es\/productos\/decoracion-textil-e-iluminacion\/decoracion-del-hogar\/ambientadores\/difusor-fragan-granada-y-melocoton-100ml#primaryimage"},"image":{"@id":"https:\/\/www.bizzotto.com\/es\/productos\/decoracion-textil-e-iluminacion\/decoracion-del-hogar\/ambientadores\/difusor-fragan-granada-y-melocoton-100ml#primaryimage"},"thumbnailUrl":"https:\/\/www.bizzotto.com\/wp-content\/uploads\/2026\/03\/0164246.jpg","datePublished":"2026-03-18T10:03:46+00:00","dateModified":"2026-03-18T10:03:52+00:00","breadcrumb":{"@id":"https:\/\/www.bizzotto.com\/es\/productos\/decoracion-textil-e-iluminacion\/decoracion-del-hogar\/ambientadores\/difusor-fragan-granada-y-melocoton-100ml#breadcrumb"},"inLanguage":"es","potentialAction":[{"@type":"ReadAction","target":["https:\/\/www.bizzotto.com\/es\/productos\/decoracion-textil-e-iluminacion\/decoracion-del-hogar\/ambientadores\/difusor-fragan-granada-y-melocoton-100ml"]}]},{"@type":"ImageObject","inLanguage":"es","@id":"https:\/\/www.bizzotto.com\/es\/productos\/decoracion-textil-e-iluminacion\/decoracion-del-hogar\/ambientadores\/difusor-fragan-granada-y-melocoton-100ml#primaryimage","url":"https:\/\/www.bizzotto.com\/wp-content\/uploads\/2026\/03\/0164246.jpg","contentUrl":"https:\/\/www.bizzotto.com\/wp-content\/uploads\/2026\/03\/0164246.jpg","width":606,"height":1080},{"@type":"BreadcrumbList","@id":"https:\/\/www.bizzotto.com\/es\/productos\/decoracion-textil-e-iluminacion\/decoracion-del-hogar\/ambientadores\/difusor-fragan-granada-y-melocoton-100ml#breadcrumb","itemListElement":[{"@type":"ListItem","position":1,"name":"Home","item":"https:\/\/www.bizzotto.com\/es"},{"@type":"ListItem","position":2,"name":"Productos","item":"https:\/\/www.bizzotto.com\/es\/productos"},{"@type":"ListItem","position":3,"name":"Decoraci\u00f3n, textil e iluminaci\u00f3n","item":"https:\/\/www.bizzotto.com\/es\/categoria-de-producto\/decoracion-textil-e-iluminacion"},{"@type":"ListItem","position":4,"name":"Decoraci\u00f3n del hogar","item":"https:\/\/www.bizzotto.com\/es\/categoria-de-producto\/decoracion-textil-e-iluminacion\/decoracion-del-hogar"},{"@type":"ListItem","position":5,"name":"Ambientadores","item":"https:\/\/www.bizzotto.com\/es\/categoria-de-producto\/decoracion-textil-e-iluminacion\/decoracion-del-hogar\/ambientadores"},{"@type":"ListItem","position":6,"name":"DIFUSOR FRAGAN GRANADA Y MELOCOT\u00d3N 100ML"}]},{"@type":"WebSite","@id":"https:\/\/www.bizzotto.com\/es#website","url":"https:\/\/www.bizzotto.com\/es","name":"Bizzotto","description":"","potentialAction":[{"@type":"SearchAction","target":{"@type":"EntryPoint","urlTemplate":"https:\/\/www.bizzotto.com\/es?s={search_term_string}"},"query-input":{"@type":"PropertyValueSpecification","valueRequired":true,"valueName":"search_term_string"}}],"inLanguage":"es"}]}},"_links":{"self":[{"href":"https:\/\/www.bizzotto.com\/es\/wp-json\/wp\/v2\/product\/21568","targetHints":{"allow":["GET"]}}],"collection":[{"href":"https:\/\/www.bizzotto.com\/es\/wp-json\/wp\/v2\/product"}],"about":[{"href":"https:\/\/www.bizzotto.com\/es\/wp-json\/wp\/v2\/types\/product"}],"replies":[{"embeddable":true,"href":"https:\/\/www.bizzotto.com\/es\/wp-json\/wp\/v2\/comments?post=21568"}],"wp:featuredmedia":[{"embeddable":true,"href":"https:\/\/www.bizzotto.com\/es\/wp-json\/wp\/v2\/media\/21559"}],"wp:attachment":[{"href":"https:\/\/www.bizzotto.com\/es\/wp-json\/wp\/v2\/media?parent=21568"}],"wp:term":[{"taxonomy":"codifica-stile","embeddable":true,"href":"https:\/\/www.bizzotto.com\/es\/wp-json\/wp\/v2\/codifica-stile?post=21568"},{"taxonomy":"divisione","embeddable":true,"href":"https:\/\/www.bizzotto.com\/es\/wp-json\/wp\/v2\/divisione?post=21568"},{"taxonomy":"novita","embeddable":true,"href":"https:\/\/www.bizzotto.com\/es\/wp-json\/wp\/v2\/novita?post=21568"},{"taxonomy":"stile","embeddable":true,"href":"https:\/\/www.bizzotto.com\/es\/wp-json\/wp\/v2\/stile?post=21568"},{"taxonomy":"product_brand","embeddable":true,"href":"https:\/\/www.bizzotto.com\/es\/wp-json\/wp\/v2\/product_brand?post=21568"},{"taxonomy":"product_cat","embeddable":true,"href":"https:\/\/www.bizzotto.com\/es\/wp-json\/wp\/v2\/product_cat?post=21568"},{"taxonomy":"product_tag","embeddable":true,"href":"https:\/\/www.bizzotto.com\/es\/wp-json\/wp\/v2\/product_tag?post=21568"}],"curies":[{"name":"wp","href":"https:\/\/api.w.org\/{rel}","templated":true}]}}