{"id":81425,"date":"2026-03-19T11:55:24","date_gmt":"2026-03-19T10:55:24","guid":{"rendered":"https:\/\/www.bizzotto.com\/prodotti\/unkategorisiert\/tischlampe-velma-beige-h45"},"modified":"2026-03-30T09:42:31","modified_gmt":"2026-03-30T07:42:31","slug":"tischlampe-velma-beige-h45","status":"publish","type":"product","link":"https:\/\/www.bizzotto.com\/de\/produkte\/dekoration-textilien-beleuchtung\/beleuchtung\/tischlampen\/tischlampe-velma-beige-h45","title":{"rendered":"TISCHLAMPE VELMA BEIGE H45"},"content":{"rendered":"<p>GESTELL AUS METALL. GL\u00dcHBIRNE E27 MAX 25W. GL\u00dcHBIRNE NICHT INBEGRIFFEN. GESAMTL\u00c4NGE DES KABELS 2MT. ABSTAND ZWISCHEN LAMPE UND SCHALTER: 68 CM. HANDGEFERTIGTES PRODUKT. JEDE VARIATION VON FARBE, FARBTON ODER UNVOLLKOMMENHEIT IST EIN MERKMAL DER EINZIGARTIGKEIT. ZU MONTIEREN.<\/p>\n","protected":false},"excerpt":{"rendered":"<p>Lampe Velma 45 cm<\/p>\n","protected":false},"featured_media":81408,"comment_status":"open","ping_status":"closed","template":"","meta":{"_acf_changed":false},"codifica-stile":[454],"divisione":[2427],"novita":[],"stile":[767,779],"product_brand":[61],"product_cat":[746,2248,2259,749,764,2261],"product_tag":[1883],"class_list":{"0":"post-81425","1":"product","2":"type-product","3":"status-publish","4":"has-post-thumbnail","6":"codifica-stile-gl","7":"divisione-bizzotto-decorazione-de","8":"stile-eclettico","9":"stile-eklektisch","10":"product_brand-bizzotto","11":"product_cat-decorazione-tessili-illuminazione","12":"product_cat-dekoration-textilien-beleuchtung","13":"product_cat-beleuchtung","14":"product_cat-illuminazione","15":"product_cat-lampade-da-tavolo","16":"product_cat-tischlampen","17":"product_tag-lu-li-kg","20":"first","21":"instock","22":"shipping-taxable","23":"purchasable","24":"product-type-simple"},"acf":[],"yoast_head":"<!-- This site is optimized with the Yoast SEO plugin v26.6 - https:\/\/yoast.com\/wordpress\/plugins\/seo\/ -->\n<title>TISCHLAMPE VELMA BEIGE H45 - Bizzotto<\/title>\n<meta name=\"robots\" content=\"index, follow, max-snippet:-1, max-image-preview:large, max-video-preview:-1\" \/>\n<link rel=\"canonical\" href=\"https:\/\/www.bizzotto.com\/de\/produkte\/dekoration-textilien-beleuchtung\/beleuchtung\/tischlampen\/tischlampe-velma-beige-h45\" \/>\n<meta property=\"og:locale\" content=\"de_DE\" \/>\n<meta property=\"og:type\" content=\"article\" \/>\n<meta property=\"og:title\" content=\"TISCHLAMPE VELMA BEIGE H45 - Bizzotto\" \/>\n<meta property=\"og:description\" content=\"Lampe Velma 45 cm\" \/>\n<meta property=\"og:url\" content=\"https:\/\/www.bizzotto.com\/de\/produkte\/dekoration-textilien-beleuchtung\/beleuchtung\/tischlampen\/tischlampe-velma-beige-h45\" \/>\n<meta property=\"og:site_name\" content=\"Bizzotto\" \/>\n<meta property=\"article:modified_time\" content=\"2026-03-30T07:42:31+00:00\" \/>\n<meta property=\"og:image\" content=\"https:\/\/www.bizzotto.com\/wp-content\/uploads\/2026\/03\/0826580.jpg\" \/>\n\t<meta property=\"og:image:width\" content=\"731\" \/>\n\t<meta property=\"og:image:height\" content=\"1080\" \/>\n\t<meta property=\"og:image:type\" content=\"image\/jpeg\" \/>\n<meta name=\"twitter:card\" content=\"summary_large_image\" \/>\n<script type=\"application\/ld+json\" class=\"yoast-schema-graph\">{\"@context\":\"https:\/\/schema.org\",\"@graph\":[{\"@type\":\"WebPage\",\"@id\":\"https:\/\/www.bizzotto.com\/de\/produkte\/dekoration-textilien-beleuchtung\/beleuchtung\/tischlampen\/tischlampe-velma-beige-h45\",\"url\":\"https:\/\/www.bizzotto.com\/de\/produkte\/dekoration-textilien-beleuchtung\/beleuchtung\/tischlampen\/tischlampe-velma-beige-h45\",\"name\":\"TISCHLAMPE VELMA BEIGE H45 - Bizzotto\",\"isPartOf\":{\"@id\":\"https:\/\/www.bizzotto.com\/de#website\"},\"primaryImageOfPage\":{\"@id\":\"https:\/\/www.bizzotto.com\/de\/produkte\/dekoration-textilien-beleuchtung\/beleuchtung\/tischlampen\/tischlampe-velma-beige-h45#primaryimage\"},\"image\":{\"@id\":\"https:\/\/www.bizzotto.com\/de\/produkte\/dekoration-textilien-beleuchtung\/beleuchtung\/tischlampen\/tischlampe-velma-beige-h45#primaryimage\"},\"thumbnailUrl\":\"https:\/\/www.bizzotto.com\/wp-content\/uploads\/2026\/03\/0826580.jpg\",\"datePublished\":\"2026-03-19T10:55:24+00:00\",\"dateModified\":\"2026-03-30T07:42:31+00:00\",\"breadcrumb\":{\"@id\":\"https:\/\/www.bizzotto.com\/de\/produkte\/dekoration-textilien-beleuchtung\/beleuchtung\/tischlampen\/tischlampe-velma-beige-h45#breadcrumb\"},\"inLanguage\":\"de\",\"potentialAction\":[{\"@type\":\"ReadAction\",\"target\":[\"https:\/\/www.bizzotto.com\/de\/produkte\/dekoration-textilien-beleuchtung\/beleuchtung\/tischlampen\/tischlampe-velma-beige-h45\"]}]},{\"@type\":\"ImageObject\",\"inLanguage\":\"de\",\"@id\":\"https:\/\/www.bizzotto.com\/de\/produkte\/dekoration-textilien-beleuchtung\/beleuchtung\/tischlampen\/tischlampe-velma-beige-h45#primaryimage\",\"url\":\"https:\/\/www.bizzotto.com\/wp-content\/uploads\/2026\/03\/0826580.jpg\",\"contentUrl\":\"https:\/\/www.bizzotto.com\/wp-content\/uploads\/2026\/03\/0826580.jpg\",\"width\":731,\"height\":1080},{\"@type\":\"BreadcrumbList\",\"@id\":\"https:\/\/www.bizzotto.com\/de\/produkte\/dekoration-textilien-beleuchtung\/beleuchtung\/tischlampen\/tischlampe-velma-beige-h45#breadcrumb\",\"itemListElement\":[{\"@type\":\"ListItem\",\"position\":1,\"name\":\"Home\",\"item\":\"https:\/\/www.bizzotto.com\/de\"},{\"@type\":\"ListItem\",\"position\":2,\"name\":\"Produkte\",\"item\":\"https:\/\/www.bizzotto.com\/de\/produkte\"},{\"@type\":\"ListItem\",\"position\":3,\"name\":\"Dekoration, Textilien &amp; Beleuchtung\",\"item\":\"https:\/\/www.bizzotto.com\/de\/produktkategorie\/dekoration-textilien-beleuchtung\"},{\"@type\":\"ListItem\",\"position\":4,\"name\":\"Beleuchtung\",\"item\":\"https:\/\/www.bizzotto.com\/de\/produktkategorie\/dekoration-textilien-beleuchtung\/beleuchtung\"},{\"@type\":\"ListItem\",\"position\":5,\"name\":\"Tischlampen\",\"item\":\"https:\/\/www.bizzotto.com\/de\/produktkategorie\/dekoration-textilien-beleuchtung\/beleuchtung\/tischlampen\"},{\"@type\":\"ListItem\",\"position\":6,\"name\":\"TISCHLAMPE VELMA BEIGE H45\"}]},{\"@type\":\"WebSite\",\"@id\":\"https:\/\/www.bizzotto.com\/de#website\",\"url\":\"https:\/\/www.bizzotto.com\/de\",\"name\":\"Bizzotto\",\"description\":\"\",\"potentialAction\":[{\"@type\":\"SearchAction\",\"target\":{\"@type\":\"EntryPoint\",\"urlTemplate\":\"https:\/\/www.bizzotto.com\/de?s={search_term_string}\"},\"query-input\":{\"@type\":\"PropertyValueSpecification\",\"valueRequired\":true,\"valueName\":\"search_term_string\"}}],\"inLanguage\":\"de\"}]}<\/script>\n<!-- \/ Yoast SEO plugin. -->","yoast_head_json":{"title":"TISCHLAMPE VELMA BEIGE H45 - Bizzotto","robots":{"index":"index","follow":"follow","max-snippet":"max-snippet:-1","max-image-preview":"max-image-preview:large","max-video-preview":"max-video-preview:-1"},"canonical":"https:\/\/www.bizzotto.com\/de\/produkte\/dekoration-textilien-beleuchtung\/beleuchtung\/tischlampen\/tischlampe-velma-beige-h45","og_locale":"de_DE","og_type":"article","og_title":"TISCHLAMPE VELMA BEIGE H45 - Bizzotto","og_description":"Lampe Velma 45 cm","og_url":"https:\/\/www.bizzotto.com\/de\/produkte\/dekoration-textilien-beleuchtung\/beleuchtung\/tischlampen\/tischlampe-velma-beige-h45","og_site_name":"Bizzotto","article_modified_time":"2026-03-30T07:42:31+00:00","og_image":[{"width":731,"height":1080,"url":"https:\/\/www.bizzotto.com\/wp-content\/uploads\/2026\/03\/0826580.jpg","type":"image\/jpeg"}],"twitter_card":"summary_large_image","schema":{"@context":"https:\/\/schema.org","@graph":[{"@type":"WebPage","@id":"https:\/\/www.bizzotto.com\/de\/produkte\/dekoration-textilien-beleuchtung\/beleuchtung\/tischlampen\/tischlampe-velma-beige-h45","url":"https:\/\/www.bizzotto.com\/de\/produkte\/dekoration-textilien-beleuchtung\/beleuchtung\/tischlampen\/tischlampe-velma-beige-h45","name":"TISCHLAMPE VELMA BEIGE H45 - Bizzotto","isPartOf":{"@id":"https:\/\/www.bizzotto.com\/de#website"},"primaryImageOfPage":{"@id":"https:\/\/www.bizzotto.com\/de\/produkte\/dekoration-textilien-beleuchtung\/beleuchtung\/tischlampen\/tischlampe-velma-beige-h45#primaryimage"},"image":{"@id":"https:\/\/www.bizzotto.com\/de\/produkte\/dekoration-textilien-beleuchtung\/beleuchtung\/tischlampen\/tischlampe-velma-beige-h45#primaryimage"},"thumbnailUrl":"https:\/\/www.bizzotto.com\/wp-content\/uploads\/2026\/03\/0826580.jpg","datePublished":"2026-03-19T10:55:24+00:00","dateModified":"2026-03-30T07:42:31+00:00","breadcrumb":{"@id":"https:\/\/www.bizzotto.com\/de\/produkte\/dekoration-textilien-beleuchtung\/beleuchtung\/tischlampen\/tischlampe-velma-beige-h45#breadcrumb"},"inLanguage":"de","potentialAction":[{"@type":"ReadAction","target":["https:\/\/www.bizzotto.com\/de\/produkte\/dekoration-textilien-beleuchtung\/beleuchtung\/tischlampen\/tischlampe-velma-beige-h45"]}]},{"@type":"ImageObject","inLanguage":"de","@id":"https:\/\/www.bizzotto.com\/de\/produkte\/dekoration-textilien-beleuchtung\/beleuchtung\/tischlampen\/tischlampe-velma-beige-h45#primaryimage","url":"https:\/\/www.bizzotto.com\/wp-content\/uploads\/2026\/03\/0826580.jpg","contentUrl":"https:\/\/www.bizzotto.com\/wp-content\/uploads\/2026\/03\/0826580.jpg","width":731,"height":1080},{"@type":"BreadcrumbList","@id":"https:\/\/www.bizzotto.com\/de\/produkte\/dekoration-textilien-beleuchtung\/beleuchtung\/tischlampen\/tischlampe-velma-beige-h45#breadcrumb","itemListElement":[{"@type":"ListItem","position":1,"name":"Home","item":"https:\/\/www.bizzotto.com\/de"},{"@type":"ListItem","position":2,"name":"Produkte","item":"https:\/\/www.bizzotto.com\/de\/produkte"},{"@type":"ListItem","position":3,"name":"Dekoration, Textilien &amp; Beleuchtung","item":"https:\/\/www.bizzotto.com\/de\/produktkategorie\/dekoration-textilien-beleuchtung"},{"@type":"ListItem","position":4,"name":"Beleuchtung","item":"https:\/\/www.bizzotto.com\/de\/produktkategorie\/dekoration-textilien-beleuchtung\/beleuchtung"},{"@type":"ListItem","position":5,"name":"Tischlampen","item":"https:\/\/www.bizzotto.com\/de\/produktkategorie\/dekoration-textilien-beleuchtung\/beleuchtung\/tischlampen"},{"@type":"ListItem","position":6,"name":"TISCHLAMPE VELMA BEIGE H45"}]},{"@type":"WebSite","@id":"https:\/\/www.bizzotto.com\/de#website","url":"https:\/\/www.bizzotto.com\/de","name":"Bizzotto","description":"","potentialAction":[{"@type":"SearchAction","target":{"@type":"EntryPoint","urlTemplate":"https:\/\/www.bizzotto.com\/de?s={search_term_string}"},"query-input":{"@type":"PropertyValueSpecification","valueRequired":true,"valueName":"search_term_string"}}],"inLanguage":"de"}]}},"_links":{"self":[{"href":"https:\/\/www.bizzotto.com\/de\/wp-json\/wp\/v2\/product\/81425","targetHints":{"allow":["GET"]}}],"collection":[{"href":"https:\/\/www.bizzotto.com\/de\/wp-json\/wp\/v2\/product"}],"about":[{"href":"https:\/\/www.bizzotto.com\/de\/wp-json\/wp\/v2\/types\/product"}],"replies":[{"embeddable":true,"href":"https:\/\/www.bizzotto.com\/de\/wp-json\/wp\/v2\/comments?post=81425"}],"wp:featuredmedia":[{"embeddable":true,"href":"https:\/\/www.bizzotto.com\/de\/wp-json\/wp\/v2\/media\/81408"}],"wp:attachment":[{"href":"https:\/\/www.bizzotto.com\/de\/wp-json\/wp\/v2\/media?parent=81425"}],"wp:term":[{"taxonomy":"codifica-stile","embeddable":true,"href":"https:\/\/www.bizzotto.com\/de\/wp-json\/wp\/v2\/codifica-stile?post=81425"},{"taxonomy":"divisione","embeddable":true,"href":"https:\/\/www.bizzotto.com\/de\/wp-json\/wp\/v2\/divisione?post=81425"},{"taxonomy":"novita","embeddable":true,"href":"https:\/\/www.bizzotto.com\/de\/wp-json\/wp\/v2\/novita?post=81425"},{"taxonomy":"stile","embeddable":true,"href":"https:\/\/www.bizzotto.com\/de\/wp-json\/wp\/v2\/stile?post=81425"},{"taxonomy":"product_brand","embeddable":true,"href":"https:\/\/www.bizzotto.com\/de\/wp-json\/wp\/v2\/product_brand?post=81425"},{"taxonomy":"product_cat","embeddable":true,"href":"https:\/\/www.bizzotto.com\/de\/wp-json\/wp\/v2\/product_cat?post=81425"},{"taxonomy":"product_tag","embeddable":true,"href":"https:\/\/www.bizzotto.com\/de\/wp-json\/wp\/v2\/product_tag?post=81425"}],"curies":[{"name":"wp","href":"https:\/\/api.w.org\/{rel}","templated":true}]}}